{"id":52701,"date":"2026-03-27T16:08:19","date_gmt":"2026-03-27T20:08:19","guid":{"rendered":"https:\/\/biospringer.com\/?page_id=52701"},"modified":"2026-04-02T00:52:04","modified_gmt":"2026-04-02T04:52:04","slug":"springer-signature","status":"publish","type":"page","link":"https:\/\/biospringer.com\/pt-br\/springer-signature\/","title":{"rendered":"Springer\u00ae Signature"},"content":{"rendered":"<div class=\"wpb-content-wrapper\"><p>[vc_row row_type=&#8221;parallax&#8221; parallax_content_width=&#8221;full_width&#8221; text_align=&#8221;center&#8221; full_screen_section_height=&#8221;no&#8221;][vc_column offset=&#8221;vc_col-lg-12 vc_col-md-12&#8243;]\n\t\t\t\t<p class=\"rs-p-wp-fix\"><\/p>\n\t\t\t\t<sr7-module data-alias=\"slider-1\" data-id=\"20\" id=\"SR7_20_1\" data-version=\"7.0.6\">\n\t\t\t\t\t<sr7-adjuster><\/sr7-adjuster>\n\t\t\t\t\t<sr7-content>\n\t\t\t\t\t\t<sr7-slide id=\"SR7_20_1-39\" data-key=\"39\">\n\t\t\t\t\t\t\t<h1 id=\"SR7_20_1-39-2\" class=\"sr7-layer\">Fermentation-based solutions offering specific notes that will bring identity and character to food and beverage. <\/h1>\n\t\t\t\t\t\t\t<sr7-txt id=\"SR7_20_1-39-3\" class=\"sr7-layer\"><\/sr7-txt>\n\t\t\t\t\t\t<\/sr7-slide>\n\t\t\t\t\t\t<sr7-slide id=\"SR7_20_1-73\" data-key=\"73\">\n\t\t\t\t\t\t<\/sr7-slide>\n\t\t\t\t\t<\/sr7-content>\n\t\t\t\t\t<image_lists style=\"display:none\">\n\t\t\t\t\t\t<img data-src=\"\/\/biospringer.com\/wp-content\/uploads\/2021\/02\/banniere.jpg\" data-libid=\"34220\" data-lib=\"medialibrary\" title=\"banniere\" width=\"0\" height=\"0\" data-dbsrc=\"Ly9iaW9zcHJpbmdlci5jb20vd3AtY29udGVudC91cGxvYWRzLzIwMjEvMDIvYmFubmllcmUuanBn\"\/>\n\t\t\t\t\t\t<img data-src=\"\/\/biospringer.com\/wp-content\/uploads\/2021\/02\/Baseline-Signature.png\" data-libid=\"34160\" data-lib=\"medialibrary\" title=\"Baseline &#8211; Signature\" width=\"0\" height=\"0\" data-dbsrc=\"Ly9iaW9zcHJpbmdlci5jb20vd3AtY29udGVudC91cGxvYWRzLzIwMjEvMDIvQmFzZWxpbmUtU2lnbmF0dXJlLnBuZw==\"\/>\n\t\t\t\t\t<\/image_lists>\n\t\t\t\t<\/sr7-module>\n\t\t\t\t<script data-wcc=\"necessary\">\n\t\t\t\t\twindow.SR7??={}; SR7.PMH ??={}; SR7.PMH[\"SR7_20_1\"] = {cn:100,state:false,fn: function() { if (window._tpt!==undefined && window._tpt.prepareModuleHeight !== undefined) {  _tpt.prepareModuleHeight({id:\"SR7_20_1\",el:[400,400,768,960,720],type:'standard',gh:[400,400,768,960,720],gw:[1240,1240,1024,778,480],vpt:['-200px&#039;,&#039;-200px&#039;,&#039;-200px&#039;,&#039;-200px&#039;,&#039;-200px'],size:{fullWidth:false, fullHeight:false},mh:',,,,',onh:0,onw:0,bg:{color:'{\"orig\":\"transparent\",\"type\":\"solid\",\"string\":\"transparent\"}'}});   SR7.PMH[\"SR7_20_1\"].state=true;} else if(SR7.PMH[\"SR7_20_1\"].cn-->0)\tsetTimeout( SR7.PMH[\"SR7_20_1\"].fn,19);}};SR7.PMH[\"SR7_20_1\" ].fn();\n\t\t\t\t<\/script>\n[\/vc_column][\/vc_row][vc_row css_animation=&#8221;&#8221; row_type=&#8221;row&#8221; use_row_as_full_screen_section=&#8221;no&#8221; type=&#8221;grid&#8221; angled_section=&#8221;no&#8221; text_align=&#8221;center&#8221; background_image_as_pattern=&#8221;without_pattern&#8221; css=&#8221;.vc_custom_1764523558729{margin-top: 0px !important;border-top-width: 0px !important;padding-top: 0px !important;}&#8221; z_index=&#8221;&#8221;][vc_column width=&#8221;2\/3&#8243; css=&#8221;.vc_custom_1614160764373{padding-top: 50px !important;}&#8221;][vc_separator type=&#8221;transparent&#8221; up=&#8221;5&#8243; down=&#8221;5&#8243;][vc_single_image image=&#8221;34245&#8243; img_size=&#8221;medium&#8221; alignment=&#8221;center&#8221; qode_css_animation=&#8221;&#8221;][vc_separator type=&#8221;transparent&#8221;][vc_row_inner row_type=&#8221;row&#8221; type=&#8221;full_width&#8221; text_align=&#8221;left&#8221; css_animation=&#8221;&#8221; el_class=&#8221;noPadding&#8221;][vc_column_inner css=&#8221;.vc_custom_1614160964533{padding-top: 10px !important;}&#8221;][vc_column_text]Os especialistas em sabor frequentemente representam o sabor como uma pir\u00e2mide composta por 3 blocos principais. Primeiro, a <a href=\"https:\/\/biospringer.com\/pt-br\/natural-products\/springer-reveal\/\">base de sabor<\/a> funciona como a funda\u00e7\u00e3o do sabor e traz profundidade \u00e0 receita. Em seguida, notas de sabor espec\u00edficas, constru\u00eddas sobre as notas de base, definem a identidade de sabor de um perfil.[\/vc_column_text][vc_separator type=&#8221;transparent&#8221; up=&#8221;10&#8243; down=&#8221;10&#8243;][vc_single_image image=&#8221;34610&#8243; img_size=&#8221;medium&#8221; alignment=&#8221;center&#8221; qode_css_animation=&#8221;&#8221;][vc_separator type=&#8221;transparent&#8221; up=&#8221;10&#8243; down=&#8221;10&#8243;][\/vc_column_inner][\/vc_row_inner][vc_column_text]Como o sabor continua sendo o principal fator de compra de alimentos e bebidas, trazer uma assinatura atrav\u00e9s de notas de sabor espec\u00edficas \u00e9 a <strong>chave para a diferencia\u00e7\u00e3o<\/strong>.<\/p>\n<p>A Biospringer apoia voc\u00ea com uma <strong>gama de notas de sabor espec\u00edficas e \u00fanicas \u00e0 base de levedura<\/strong> que ajudam a criar <strong>sabores memor\u00e1veis<\/strong>. A gama <strong>Springer \u00ae Signature<\/strong> oferece uma ampla paleta de notas \u00fanicas.[\/vc_column_text][\/vc_column][vc_column width=&#8221;1\/3&#8243; css=&#8221;.vc_custom_1614341062115{background-color: #ccafb1 !important;}&#8221;][vc_separator type=&#8221;transparent&#8221; up=&#8221;10&#8243; down=&#8221;10&#8243;][vc_column_text]<\/p>\n<p style=\"text-align: center; color: #9b303e; font-size: 30px; line-height: 40px;\"><strong>SOLICITE<\/strong><\/p>\n<p style=\"text-align: center; color: #9b303e; font-size: 30px; line-height: 40px;\"><strong>UMA AMOSTRA!<\/strong><\/p>\n<p>[\/vc_column_text][vc_separator type=&#8221;transparent&#8221; up=&#8221;10&#8243; down=&#8221;10&#8243;][vc_raw_html css=&#8221;.vc_custom_1614342138483{background-color: #cd7e89 !important;}&#8221;]JTNDZm9ybSUyMGlkJTNEJTIyZm9zcy02MDM4ZTc2ZmQ1OWNiYzI4NWY2ZjE1NmYlMjIlM0UlM0MlMkZmb3JtJTNFJTNDc2NyaXB0JTIwYXN5bmMlMjBzcmMlM0QlMjdodHRwcyUzQSUyRiUyRmFwaS5wbGV6aS5jbyUyRmFwaSUyRnYxJTJGd2ViX2Zvcm1zJTJGc2NyaXB0cyUzRnRlbmFudF9pZCUzRDVlMjFkZjc0ZTMxN2E3NDViMmFhZjc5NCUyNmZvcm1faWQlM0Q1ZjkxN2FlOWQ1OWNiYzI3M2RiMmYyYmMlMjZmb3JtX3ZlcnNpb24lM0QzJTI2Y29udGVudF93ZWJfZm9ybV9pZCUzRDYwMzhlNzZmZDU5Y2JjMjg1ZjZmMTU2ZiUyNnBsel9sYW5nJTNEZW4lMjclM0UlM0MlMkZzY3JpcHQlM0U=[\/vc_raw_html][\/vc_column][\/vc_row][vc_row css_animation=&#8221;element_from_left&#8221; row_type=&#8221;row&#8221; use_row_as_full_screen_section=&#8221;yes&#8221; type=&#8221;grid&#8221; angled_section=&#8221;no&#8221; text_align=&#8221;left&#8221; background_image_as_pattern=&#8221;without_pattern&#8221; el_class=&#8221;noPadding&#8221; z_index=&#8221;&#8221; css=&#8221;.vc_custom_1614177764185{margin-top: 0px !important;}&#8221;][vc_column][vc_column_text css=&#8221;.vc_custom_1643646167583{padding-top: 35px !important;padding-bottom: 10px !important;}&#8221;]<\/p>\n<h2 style=\"text-align: center;\"><span style=\"color: #4d4d4c;\">Notas de sabor espec\u00edficas \u00e0 base de levedura da Biospringer,<\/span><br \/>\n<span style=\"color: #4d4d4c;\">para uma identidade de sabor \u00fanica<\/span><\/h2>\n<p>[\/vc_column_text][vc_separator type=&#8221;small&#8221; position=&#8221;center&#8221; color=&#8221;#4d4d4c&#8221; up=&#8221;10&#8243; down=&#8221;10&#8243;][\/vc_column][vc_column][vc_separator type=&#8221;transparent&#8221; up=&#8221;20&#8243;][vc_column_text css=&#8221;.vc_custom_1615199222456{padding-bottom: 20px !important;}&#8221;]Com Springer \u00ae Signature, a Biospringer oferece um amplo espectro de perfis de sabor espec\u00edficos atrav\u00e9s de sua rica gama de <strong>notas de sabor espec\u00edficas<\/strong> \u00e0 base de levedura. Springer \u00ae Signature oferece 4 principais fam\u00edlias de notas de sabor espec\u00edficas:[\/vc_column_text][\/vc_column][\/vc_row][vc_row css_animation=&#8221;&#8221; row_type=&#8221;row&#8221; use_row_as_full_screen_section=&#8221;no&#8221; type=&#8221;grid&#8221; angled_section=&#8221;no&#8221; text_align=&#8221;left&#8221; background_image_as_pattern=&#8221;without_pattern&#8221; css=&#8221;.vc_custom_1614343674614{padding-top: 10px !important;padding-right: 100px !important;padding-bottom: 40px !important;padding-left: 100px !important;}&#8221; z_index=&#8221;&#8221; el_class=&#8221;noPadding&#8221;][vc_column width=&#8221;1\/4&#8243;][vc_column_text css=&#8221;.vc_custom_1614343599494{padding-top: 15px !important;padding-right: 15px !important;padding-bottom: 15px !important;padding-left: 15px !important;background-color: #922d3a !important;}&#8221;]<\/p>\n<p style=\"text-align: center;\"><strong><span style=\"color: #ffffff;\">Notas de carne<\/span><\/strong><\/p>\n<p>[\/vc_column_text][vc_column_text css=&#8221;.vc_custom_1614343650427{padding-top: 10px !important;}&#8221;]<\/p>\n<ul>\n<li>Frango<\/li>\n<li>Carne bovina<\/li>\n<\/ul>\n<p>[\/vc_column_text][\/vc_column][vc_column width=&#8221;1\/4&#8243;][vc_column_text css=&#8221;.vc_custom_1614343605978{padding-top: 15px !important;padding-right: 15px !important;padding-bottom: 15px !important;padding-left: 15px !important;background-color: #9b303e !important;}&#8221;]<\/p>\n<p style=\"text-align: center;\"><strong><span style=\"color: #ffffff;\">Notas de cozimento<\/span><\/strong><\/p>\n<p>[\/vc_column_text][vc_column_text css=&#8221;.vc_custom_1614343644304{padding-top: 10px !important;}&#8221;]<\/p>\n<ul>\n<li>Torrado<\/li>\n<li>Defumado<\/li>\n<li>Grelhado<\/li>\n<li>e muito mais&#8230;<\/li>\n<\/ul>\n<p>[\/vc_column_text][\/vc_column][vc_column width=&#8221;1\/4&#8243;][vc_column_text css=&#8221;.vc_custom_1614343611432{padding-top: 15px !important;padding-right: 15px !important;padding-bottom: 15px !important;padding-left: 15px !important;background-color: #9b303e !important;}&#8221;]<\/p>\n<p style=\"text-align: center;\"><strong><span style=\"color: #ffffff;\">Notas escuras<\/span><\/strong><\/p>\n<p>[\/vc_column_text][\/vc_column][vc_column width=&#8221;1\/4&#8243;][vc_column_text css=&#8221;.vc_custom_1614343616822{padding-top: 15px !important;padding-right: 15px !important;padding-bottom: 15px !important;padding-left: 15px !important;background-color: #9b303e !important;}&#8221;]<\/p>\n<p style=\"text-align: center;\"><strong><span style=\"color: #ffffff;\">Notas de queijo<\/span><\/strong><\/p>\n<p>[\/vc_column_text][\/vc_column][\/vc_row][vc_row css_animation=&#8221;&#8221; row_type=&#8221;row&#8221; use_row_as_full_screen_section=&#8221;yes&#8221; type=&#8221;grid&#8221; angled_section=&#8221;no&#8221; text_align=&#8221;left&#8221; background_image_as_pattern=&#8221;without_pattern&#8221; el_class=&#8221;paddingOn&#8221; z_index=&#8221;&#8221; css=&#8221;.vc_custom_1614158656238{padding-top: 0px !important;}&#8221;][vc_column width=&#8221;2\/3&#8243; css=&#8221;.vc_custom_1614343768145{padding-top: 40px !important;}&#8221;][vc_column_text css=&#8221;.vc_custom_1615199250386{padding-top: 20px !important;}&#8221;]<strong>Springer<sup>\u00ae<\/sup> Signature<\/strong> traz essa identidade \u00fanica em aplica\u00e7\u00f5es alimentares salgadas \u2013 <a href=\"https:\/\/biospringer.com\/pt-br\/aplicacoes\/#fish\">carnes processadas, an\u00e1logos de carne<\/a>, <a href=\"https:\/\/biospringer.com\/pt-br\/aplicacoes\/#sauces\">molhos<\/a>, <a href=\"https:\/\/biospringer.com\/pt-br\/aplicacoes\/#snacks\">snacks<\/a>, e em aplica\u00e7\u00f5es de <a href=\"https:\/\/biospringer.com\/pt-br\/aplicacoes\/#sweet\">alimentos doces<\/a> e <a href=\"https:\/\/biospringer.com\/pt-br\/aplicacoes\/#beverages\">bebidas<\/a> \u2013 Biscoitos, <a href=\"https:\/\/biospringer.com\/pt-br\/aplicacoes\/#dairy\">produtos l\u00e1cteos<\/a>, an\u00e1logos de l\u00e1cteos, bebidas aromatizadas.[\/vc_column_text][vc_separator type=&#8221;transparent&#8221;][vc_column_text]<strong>Alguns exemplos em aplica\u00e7\u00e3o, para inspir\u00e1-lo na formula\u00e7\u00e3o:<\/strong><\/p>\n<ul>\n<li>Proporcionar fortes notas de carne bovina, em um <strong>caldo picante de carne.<\/strong><\/li>\n<li>Trazer notas de frango assado, em um <strong>nugget de frango.<\/strong><\/li>\n<li>Adicionar sabor torrado real\u00e7ando os sabores de cacau, em <strong>cookies de chocolate.<\/strong><\/li>\n<\/ul>\n<p>[\/vc_column_text][\/vc_column][vc_column width=&#8221;1\/3&#8243; offset=&#8221;vc_col-lg-4 vc_col-md-4&#8243;][vc_single_image image=&#8221;34202&#8243; img_size=&#8221;full&#8221; alignment=&#8221;center&#8221; qode_css_animation=&#8221;&#8221;][\/vc_column][\/vc_row][vc_row css_animation=&#8221;&#8221; row_type=&#8221;row&#8221; use_row_as_full_screen_section=&#8221;no&#8221; type=&#8221;grid&#8221; angled_section=&#8221;no&#8221; text_align=&#8221;left&#8221; background_image_as_pattern=&#8221;without_pattern&#8221; css=&#8221;.vc_custom_1614178564235{padding-top: 25px !important;padding-right: 50px !important;padding-bottom: 25px !important;padding-left: 50px !important;background-color: #cd7e89 !important;}&#8221; z_index=&#8221;&#8221;][vc_column][vc_column_text css=&#8221;.vc_custom_1614343869262{padding-bottom: 15px !important;}&#8221;]<\/p>\n<h2 style=\"text-align: center;\"><strong><span style=\"color: #ffffff;\">Benef\u00edcios, al\u00e9m do sabor<\/span><\/strong><\/h2>\n<p>[\/vc_column_text][vc_separator type=&#8221;small&#8221; position=&#8221;center&#8221; color=&#8221;#ffffff&#8221; up=&#8221;10&#8243; down=&#8221;10&#8243;][vc_column_text]<\/p>\n<p style=\"text-align: center;\"><span style=\"color: #ffffff;\"><strong>A Biospringer est\u00e1 fortemente comprometida em garantir altos <b>padr\u00f5es de qualidade<\/b>, permitindo que Springer\u00ae Signature<\/strong><b><\/b> ofere\u00e7a diversos <b>benef\u00edcios adicionais<\/b>:<\/span><\/p>\n<p>[\/vc_column_text][vc_separator type=&#8221;transparent&#8221; up=&#8221;10&#8243; down=&#8221;10&#8243;][vc_gallery type=&#8221;image_grid&#8221; images=&#8221;34405,34626,34401,34413,34409&#8243; img_size=&#8221;100&#215;97&#8243; onclick=&#8221;&#8221; css=&#8221;.vc_custom_1614959381532{padding-left: 100px !important;}&#8221; column_number=&#8221;5&#8243; grayscale=&#8221;no&#8221; images_space=&#8221;gallery_with_space&#8221;][vc_separator type=&#8221;transparent&#8221; up=&#8221;10&#8243; down=&#8221;10&#8243;][vc_column_text]<em><span style=\"color: #ffffff;\">*de acordo com a norma ISO TS19657<\/span><\/em>[\/vc_column_text][\/vc_column][\/vc_row][vc_row css_animation=&#8221;&#8221; row_type=&#8221;row&#8221; use_row_as_full_screen_section=&#8221;no&#8221; type=&#8221;full_width&#8221; angled_section=&#8221;no&#8221; text_align=&#8221;left&#8221; background_image_as_pattern=&#8221;without_pattern&#8221; z_index=&#8221;&#8221;][vc_column][vc_row_inner row_type=&#8221;row&#8221; type=&#8221;grid&#8221; text_align=&#8221;center&#8221; css_animation=&#8221;element_from_fade&#8221;][vc_column_inner][vc_column_text]<\/p>\n<h4 style=\"text-align: center;\"><span style=\"color: #4d4d4c;\">Quer descobrir mais sobre Springer <sup>\u00ae<\/sup> Signature<\/span>?<\/h4>\n<p>[\/vc_column_text][vc_separator type=&#8221;transparent&#8221; up=&#8221;10&#8243; down=&#8221;10&#8243;]<a  itemprop=\"url\" href=\"\/pt-br\/contact\/\" target=\"_self\" data-hover-background-color=#ffffff data-hover-border-color=#000000 data-hover-color=#000000 class=\"qbutton  center default\" style=\"color: #ffffff; border-color: #9b303e; margin: auto 0px auto 0px; border-radius: 0px;-moz-border-radius: 0px;-webkit-border-radius: 0px; background-color: #9b303e;\">Entre em contato<\/a>[\/vc_column_inner][\/vc_row_inner][\/vc_column][\/vc_row][vc_row css_animation=&#8221;&#8221; row_type=&#8221;row&#8221; use_row_as_full_screen_section=&#8221;no&#8221; type=&#8221;full_width&#8221; angled_section=&#8221;no&#8221; text_align=&#8221;left&#8221; background_image_as_pattern=&#8221;without_pattern&#8221; el_class=&#8221;noPadding&#8221; z_index=&#8221;&#8221;][vc_column offset=&#8221;vc_hidden-lg vc_hidden-md vc_hidden-sm vc_hidden-xs&#8221;][vc_raw_html]JTNDJTIxLS0lMjBGb3JtJTIwTW9kZSUyMCUzQSUyMHdoaXRlcGFwZXIlMjAtLSUzRSUwQSUzQ3NjcmlwdCUyMHR5cGUlM0QlMjJ0ZXh0JTJGamF2YXNjcmlwdCUyMiUzRSUwQSUwOXdpbmRvdy5zb2NUcmFjayUyMCUzRCUyMCU3QiUwQSUwOSUwOXNpdGVpZCUzQSUyMCUyMmJpb3NwcmluZ2VyLmNvbSUyMiUyQyUwQSUwOSUwOWZvcm1pZCUzQSUyMCUyMnNhbXBsZV9yZXF1ZXN0X3NwcmluZ2VyX3NpZ25hdHVyZSUyMiUyQyUwQSUwOSUwOWlzRm9ybVRyYWNraW5nRW5hYmxlZCUzQSUyMHRydWUlMkMlMEElMDklMDlpc0Zvcm1EYXRhU2VudCUzQSUyMHRydWUlMkMlMEElMDklMDl0cmFja2VkRm9ybXNTZWxlY3RvciUzQSUyMCUyMiUyM2Zvc3MtNjAzOGU3NmZkNTljYmMyODVmNmYxNTZmJTIyJTBBJTA5JTdEJTNCJTA5JTBBJTA5JTI4ZnVuY3Rpb24lMjhpJTJDJTIwcyUyQyUyMG8lMkMlMjBnJTI5JTIwJTdCJTBBJTA5JTIwJTIwJTIwJTIwJTIwdmFyJTIwYSUyMCUzRCUyMHMuY3JlYXRlRWxlbWVudCUyOG8lMjklM0IlMjBhLnNyYyUyMCUzRCUyMGclM0IlMjB2YXIlMjBtJTIwJTNEJTIwcy5nZXRFbGVtZW50c0J5VGFnTmFtZSUyOCUyMmhlYWQlMjIlMjklNUIwJTVEJTNCJTIwbS5hcHBlbmRDaGlsZCUyOGElMjklM0IlMEElMDklN0QlMjklMjh3aW5kb3clMkMlMjBkb2N1bWVudCUyQyUyMCUyMnNjcmlwdCUyMiUyQyUyMCUyMmh0dHBzJTNBJTJGJTJGY2RuLXB1YmxpYy5zb2NpYWJibGUuY29tJTJGYmxvYiUyRmpzJTJGbGVhZGdlbiUyRnRyYWNrLm1pbi5qcyUzRnYlM0QxJTIyJTI5JTNCJTBBJTNDJTJGc2NyaXB0JTNF[\/vc_raw_html][\/vc_column][\/vc_row]<\/p>\n<\/div>","protected":false},"excerpt":{"rendered":"<p>[vc_row row_type=&#8221;parallax&#8221; parallax_content_width=&#8221;full_width&#8221; text_align=&#8221;center&#8221; full_screen_section_height=&#8221;no&#8221;][vc_column offset=&#8221;vc_col-lg-12 vc_col-md-12&#8243;][\/vc_column][\/vc_row][vc_row css_animation=&#8221;&#8221; row_type=&#8221;row&#8221; use_row_as_full_screen_section=&#8221;no&#8221; type=&#8221;grid&#8221; angled_section=&#8221;no&#8221; text_align=&#8221;center&#8221; background_image_as_pattern=&#8221;without_pattern&#8221; css=&#8221;.vc_custom_1764523558729{margin-top: 0px !important;border-top-width: 0px !important;padding-top: 0px !important;}&#8221; z_index=&#8221;&#8221;][vc_column width=&#8221;2\/3&#8243; css=&#8221;.vc_custom_1614160764373{padding-top: 50px !important;}&#8221;][vc_separator type=&#8221;transparent&#8221; up=&#8221;5&#8243; down=&#8221;5&#8243;][vc_single_image image=&#8221;34245&#8243; img_size=&#8221;medium&#8221; alignment=&#8221;center&#8221; qode_css_animation=&#8221;&#8221;][vc_separator type=&#8221;transparent&#8221;][vc_row_inner row_type=&#8221;row&#8221; type=&#8221;full_width&#8221; text_align=&#8221;left&#8221; css_animation=&#8221;&#8221; el_class=&#8221;noPadding&#8221;][vc_column_inner css=&#8221;.vc_custom_1614160964533{padding-top: 10px !important;}&#8221;][vc_column_text]Os especialistas em sabor&#8230;<\/p>\n","protected":false},"author":1,"featured_media":0,"parent":0,"menu_order":0,"comment_status":"closed","ping_status":"closed","template":"full_width.php","meta":{"_acf_changed":false,"rs_blank_template":"","rs_page_bg_color":"","slide_template_v7":"","inline_featured_image":false,"footnotes":""},"class_list":["post-52701","page","type-page","status-publish","hentry"],"acf":[],"yoast_head":"<!-- This site is optimized with the Yoast SEO Premium plugin v26.1 (Yoast SEO v27.5) - https:\/\/yoast.com\/product\/yoast-seo-premium-wordpress\/ -->\n<title>Springer\u00ae Signature, adicione aquele toque memor\u00e1vel - Biospringer<\/title>\n<meta name=\"description\" content=\"Acompanhamos voc\u00ea com nossa gama Springer\u00ae Signature de notas arom\u00e1ticas espec\u00edficas \u00e0 base de levedura para criar sabores memor\u00e1veis.\" \/>\n<meta name=\"robots\" content=\"index, follow, max-snippet:-1, max-image-preview:large, max-video-preview:-1\" \/>\n<link rel=\"canonical\" href=\"https:\/\/biospringer.com\/pt-br\/springer-signature\/\" \/>\n<meta property=\"og:locale\" content=\"pt_BR\" \/>\n<meta property=\"og:type\" content=\"article\" \/>\n<meta property=\"og:title\" content=\"Springer\u00ae Signature\" \/>\n<meta property=\"og:description\" content=\"Acompanhamos voc\u00ea com nossa gama Springer\u00ae Signature de notas arom\u00e1ticas espec\u00edficas \u00e0 base de levedura para criar sabores memor\u00e1veis.\" \/>\n<meta property=\"og:url\" content=\"https:\/\/biospringer.com\/pt-br\/springer-signature\/\" \/>\n<meta property=\"og:site_name\" content=\"Biospringer\" \/>\n<meta property=\"article:modified_time\" content=\"2026-04-02T04:52:04+00:00\" \/>\n<meta name=\"twitter:card\" content=\"summary_large_image\" \/>\n<meta name=\"twitter:label1\" content=\"Est. tempo de leitura\" \/>\n\t<meta name=\"twitter:data1\" content=\"5 minutos\" \/>\n<script type=\"application\/ld+json\" class=\"yoast-schema-graph\">{\"@context\":\"https:\\\/\\\/schema.org\",\"@graph\":[{\"@type\":\"WebPage\",\"@id\":\"https:\\\/\\\/biospringer.com\\\/pt-br\\\/springer-signature\\\/\",\"url\":\"https:\\\/\\\/biospringer.com\\\/pt-br\\\/springer-signature\\\/\",\"name\":\"Springer\u00ae Signature, adicione aquele toque memor\u00e1vel - Biospringer\",\"isPartOf\":{\"@id\":\"https:\\\/\\\/biospringer.com\\\/en\\\/#website\"},\"datePublished\":\"2026-03-27T20:08:19+00:00\",\"dateModified\":\"2026-04-02T04:52:04+00:00\",\"description\":\"Acompanhamos voc\u00ea com nossa gama Springer\u00ae Signature de notas arom\u00e1ticas espec\u00edficas \u00e0 base de levedura para criar sabores memor\u00e1veis.\",\"breadcrumb\":{\"@id\":\"https:\\\/\\\/biospringer.com\\\/pt-br\\\/springer-signature\\\/#breadcrumb\"},\"inLanguage\":\"pt-BR\",\"potentialAction\":[{\"@type\":\"ReadAction\",\"target\":[\"https:\\\/\\\/biospringer.com\\\/pt-br\\\/springer-signature\\\/\"]}]},{\"@type\":\"BreadcrumbList\",\"@id\":\"https:\\\/\\\/biospringer.com\\\/pt-br\\\/springer-signature\\\/#breadcrumb\",\"itemListElement\":[{\"@type\":\"ListItem\",\"position\":1,\"name\":\"Accueil\",\"item\":\"https:\\\/\\\/biospringer.com\\\/pt-br\\\/\"},{\"@type\":\"ListItem\",\"position\":2,\"name\":\"Springer\u00ae Signature\"}]},{\"@type\":\"WebSite\",\"@id\":\"https:\\\/\\\/biospringer.com\\\/en\\\/#website\",\"url\":\"https:\\\/\\\/biospringer.com\\\/en\\\/\",\"name\":\"Biospringer\",\"description\":\"Global yeast extract producer\",\"publisher\":{\"@id\":\"https:\\\/\\\/biospringer.com\\\/en\\\/#organization\"},\"potentialAction\":[{\"@type\":\"SearchAction\",\"target\":{\"@type\":\"EntryPoint\",\"urlTemplate\":\"https:\\\/\\\/biospringer.com\\\/en\\\/?s={search_term_string}\"},\"query-input\":{\"@type\":\"PropertyValueSpecification\",\"valueRequired\":true,\"valueName\":\"search_term_string\"}}],\"inLanguage\":\"pt-BR\"},{\"@type\":\"Organization\",\"@id\":\"https:\\\/\\\/biospringer.com\\\/en\\\/#organization\",\"name\":\"Biospringer by Lesaffre\",\"url\":\"https:\\\/\\\/biospringer.com\\\/en\\\/\",\"logo\":{\"@type\":\"ImageObject\",\"inLanguage\":\"pt-BR\",\"@id\":\"https:\\\/\\\/biospringer.com\\\/en\\\/#\\\/schema\\\/logo\\\/image\\\/\",\"url\":\"https:\\\/\\\/biospringer.com\\\/wp-content\\\/uploads\\\/2019\\\/06\\\/logo-Biospringer.png\",\"contentUrl\":\"https:\\\/\\\/biospringer.com\\\/wp-content\\\/uploads\\\/2019\\\/06\\\/logo-Biospringer.png\",\"width\":400,\"height\":100,\"caption\":\"Biospringer by Lesaffre\"},\"image\":{\"@id\":\"https:\\\/\\\/biospringer.com\\\/en\\\/#\\\/schema\\\/logo\\\/image\\\/\"},\"sameAs\":[\"https:\\\/\\\/fr.linkedin.com\\\/company\\\/biospringer\",\"https:\\\/\\\/www.youtube.com\\\/channel\\\/UCIwlo39VHSwHryOBeg3w-rw\"]}]}<\/script>\n<!-- \/ Yoast SEO Premium plugin. -->","yoast_head_json":{"title":"Springer\u00ae Signature, adicione aquele toque memor\u00e1vel - Biospringer","description":"Acompanhamos voc\u00ea com nossa gama Springer\u00ae Signature de notas arom\u00e1ticas espec\u00edficas \u00e0 base de levedura para criar sabores memor\u00e1veis.","robots":{"index":"index","follow":"follow","max-snippet":"max-snippet:-1","max-image-preview":"max-image-preview:large","max-video-preview":"max-video-preview:-1"},"canonical":"https:\/\/biospringer.com\/pt-br\/springer-signature\/","og_locale":"pt_BR","og_type":"article","og_title":"Springer\u00ae Signature","og_description":"Acompanhamos voc\u00ea com nossa gama Springer\u00ae Signature de notas arom\u00e1ticas espec\u00edficas \u00e0 base de levedura para criar sabores memor\u00e1veis.","og_url":"https:\/\/biospringer.com\/pt-br\/springer-signature\/","og_site_name":"Biospringer","article_modified_time":"2026-04-02T04:52:04+00:00","twitter_card":"summary_large_image","twitter_misc":{"Est. tempo de leitura":"5 minutos"},"schema":{"@context":"https:\/\/schema.org","@graph":[{"@type":"WebPage","@id":"https:\/\/biospringer.com\/pt-br\/springer-signature\/","url":"https:\/\/biospringer.com\/pt-br\/springer-signature\/","name":"Springer\u00ae Signature, adicione aquele toque memor\u00e1vel - Biospringer","isPartOf":{"@id":"https:\/\/biospringer.com\/en\/#website"},"datePublished":"2026-03-27T20:08:19+00:00","dateModified":"2026-04-02T04:52:04+00:00","description":"Acompanhamos voc\u00ea com nossa gama Springer\u00ae Signature de notas arom\u00e1ticas espec\u00edficas \u00e0 base de levedura para criar sabores memor\u00e1veis.","breadcrumb":{"@id":"https:\/\/biospringer.com\/pt-br\/springer-signature\/#breadcrumb"},"inLanguage":"pt-BR","potentialAction":[{"@type":"ReadAction","target":["https:\/\/biospringer.com\/pt-br\/springer-signature\/"]}]},{"@type":"BreadcrumbList","@id":"https:\/\/biospringer.com\/pt-br\/springer-signature\/#breadcrumb","itemListElement":[{"@type":"ListItem","position":1,"name":"Accueil","item":"https:\/\/biospringer.com\/pt-br\/"},{"@type":"ListItem","position":2,"name":"Springer\u00ae Signature"}]},{"@type":"WebSite","@id":"https:\/\/biospringer.com\/en\/#website","url":"https:\/\/biospringer.com\/en\/","name":"Biospringer","description":"Global yeast extract producer","publisher":{"@id":"https:\/\/biospringer.com\/en\/#organization"},"potentialAction":[{"@type":"SearchAction","target":{"@type":"EntryPoint","urlTemplate":"https:\/\/biospringer.com\/en\/?s={search_term_string}"},"query-input":{"@type":"PropertyValueSpecification","valueRequired":true,"valueName":"search_term_string"}}],"inLanguage":"pt-BR"},{"@type":"Organization","@id":"https:\/\/biospringer.com\/en\/#organization","name":"Biospringer by Lesaffre","url":"https:\/\/biospringer.com\/en\/","logo":{"@type":"ImageObject","inLanguage":"pt-BR","@id":"https:\/\/biospringer.com\/en\/#\/schema\/logo\/image\/","url":"https:\/\/biospringer.com\/wp-content\/uploads\/2019\/06\/logo-Biospringer.png","contentUrl":"https:\/\/biospringer.com\/wp-content\/uploads\/2019\/06\/logo-Biospringer.png","width":400,"height":100,"caption":"Biospringer by Lesaffre"},"image":{"@id":"https:\/\/biospringer.com\/en\/#\/schema\/logo\/image\/"},"sameAs":["https:\/\/fr.linkedin.com\/company\/biospringer","https:\/\/www.youtube.com\/channel\/UCIwlo39VHSwHryOBeg3w-rw"]}]}},"_links":{"self":[{"href":"https:\/\/biospringer.com\/pt-br\/wp-json\/wp\/v2\/pages\/52701","targetHints":{"allow":["GET"]}}],"collection":[{"href":"https:\/\/biospringer.com\/pt-br\/wp-json\/wp\/v2\/pages"}],"about":[{"href":"https:\/\/biospringer.com\/pt-br\/wp-json\/wp\/v2\/types\/page"}],"author":[{"embeddable":true,"href":"https:\/\/biospringer.com\/pt-br\/wp-json\/wp\/v2\/users\/1"}],"replies":[{"embeddable":true,"href":"https:\/\/biospringer.com\/pt-br\/wp-json\/wp\/v2\/comments?post=52701"}],"version-history":[{"count":0,"href":"https:\/\/biospringer.com\/pt-br\/wp-json\/wp\/v2\/pages\/52701\/revisions"}],"wp:attachment":[{"href":"https:\/\/biospringer.com\/pt-br\/wp-json\/wp\/v2\/media?parent=52701"}],"curies":[{"name":"wp","href":"https:\/\/api.w.org\/{rel}","templated":true}]}}