{"id":44318,"date":"2026-02-20T06:14:09","date_gmt":"2026-02-20T11:14:09","guid":{"rendered":"https:\/\/biospringer.com\/?page_id=44318"},"modified":"2026-02-20T06:17:33","modified_gmt":"2026-02-20T11:17:33","slug":"extrato-de-levedura-2","status":"publish","type":"page","link":"https:\/\/biospringer.com\/pt-br\/extrato-de-levedura-2\/","title":{"rendered":"Extrato de levedura"},"content":{"rendered":"<div class=\"wpb-content-wrapper\"><p>[vc_row css_animation=&#8221;&#8221; row_type=&#8221;row&#8221; use_row_as_full_screen_section=&#8221;no&#8221; type=&#8221;grid&#8221; angled_section=&#8221;no&#8221; text_align=&#8221;center&#8221; background_image_as_pattern=&#8221;without_pattern&#8221; z_index=&#8221;&#8221;][vc_column css=&#8221;.vc_custom_1462809083421{padding-top: 87px !important; padding-bottom: 56px !important;}&#8221;][vc_column_text]<\/p>\n<h2 style=\"text-align: center;\">O que \u00e9 extrato de levedura?<\/h2>\n<p>[vc_separator type=&#8217;transparent&#8217; position=&#8217;center&#8217; color=&#8221; thickness=&#8221; up=&#8217;15&#8217; down=&#8217;15&#8217;]<\/p>\n<p style=\"text-align: center;\"><strong>O extrato de levedura \u00e9 um ingrediente de origem natural derivado da levedura fresca.<\/strong><\/p>\n<p style=\"text-align: center;\">A levedura \u00e9 um microrganismo unicelular pertencente \u00e0 fam\u00edlia dos fungos e presente na natureza h\u00e1 milh\u00f5es de anos. Este mesmo microrganismo \u00e9 utilizado na produ\u00e7\u00e3o de p\u00e3es, vinhos e cervejas.<\/p>\n<p>&nbsp;<\/p>\n<p style=\"text-align: center;\">O interesse pelas leveduras como ingrediente para melhorar o sabor surgiu no in\u00edcio do s\u00e9culo XX e chegou ao mercado na d\u00e9cada de 1950.<\/p>\n<p>&nbsp;<\/p>\n<p style=\"text-align: center;\">Assim como as ervas e especiarias, o extrato de levedura \u00e9 usado por empresas de alimentos e restaurantes como ingrediente arom\u00e1tico para desenvolver alimentos e bebidas mais saborosos em v\u00e1rias aplica\u00e7\u00f5es, como sopas e molhos, temperos e snacks, pratos prontos, carnes e muito mais.<\/p>\n<p>[\/vc_column_text][vc_separator type=&#8221;small&#8221; position=&#8221;center&#8221; up=&#8221;15&#8243;][\/vc_column][\/vc_row][vc_row css_animation=&#8221;element_from_left&#8221; row_type=&#8221;row&#8221; use_row_as_full_screen_section=&#8221;yes&#8221; type=&#8221;grid&#8221; angled_section=&#8221;no&#8221; text_align=&#8221;left&#8221; background_image_as_pattern=&#8221;without_pattern&#8221; el_class=&#8221;paddingOn&#8221; z_index=&#8221;&#8221;][vc_column][vc_column_text]<\/p>\n<h3 style=\"text-align: center;\">Quais s\u00e3o as caracter\u00edsticas do extrato de levedura?<\/h3>\n<p>[\/vc_column_text][vc_separator type=&#8221;transparent&#8221; up=&#8221;20&#8243;][\/vc_column][vc_column width=&#8221;2\/3&#8243;][vc_column_text]Com uma grande diversidade de propriedades de sabor, o principal benef\u00edcio do extrato de levedura \u00e9 a melhoria do sabor em aplica\u00e7\u00f5es aliment\u00edcias e de bebidas. Alguns extratos de levedura complementam o sabor dos alimentos enquanto outros trazem o intenso gosto umami ou notas espec\u00edficas de carne ou frango, assim como notas tostadas, grelhadas e muito mais.<\/p>\n<p>&nbsp;<\/p>\n<p>Considerado seguro e clean label, o extrato de levedura possui benef\u00edcios valiosos al\u00e9m de suas propriedades de sabor, tornando-o um ingrediente de sabor de origem natural apropriado para a maioria das aplica\u00e7\u00f5es aliment\u00edcias e de bebidas:<\/p>\n<p>&nbsp;<\/p>\n<ul>\n<li><strong>Resistentes ao processamento<\/strong> (\u00e1cido, aquecimento e congelamento), do forneamento ao processo de enlatar.<\/li>\n<li><strong>Origem n\u00e3o animal<\/strong>, ideais para uso em produtos veganos e vegetarianos.<\/li>\n<li><strong>N\u00e3o GMO<\/strong>, dado que as cepas selecionadas n\u00e3o s\u00e3o organismos geneticamente modificados.<\/li>\n<li>Certifica\u00e7\u00e3o <strong>Halal<\/strong> e <strong>Kosher.<\/strong><\/li>\n<li><strong>N\u00e3o cont\u00eam gl\u00faten*<\/strong> em v\u00e1rios extratos de levedura de panifica\u00e7\u00e3o, dado que nenhum derivado de gl\u00faten \u00e9 usado durante o processo.<\/li>\n<\/ul>\n<p>[\/vc_column_text][vc_column_text]<em>*Valide o uso e a rotulagem com a regulamenta\u00e7\u00e3o local<\/em>[\/vc_column_text][\/vc_column][vc_column width=&#8221;1\/3&#8243;][vc_separator type=&#8221;transparent&#8221; up=&#8221;10&#8243;][vc_single_image image=&#8221;25046&#8243; img_size=&#8221;full&#8221; qode_css_animation=&#8221;&#8221;][\/vc_column][\/vc_row][vc_row css_animation=&#8221;&#8221; row_type=&#8221;row&#8221; use_row_as_full_screen_section=&#8221;yes&#8221; type=&#8221;grid&#8221; angled_section=&#8221;no&#8221; text_align=&#8221;left&#8221; background_image_as_pattern=&#8221;without_pattern&#8221; css=&#8221;.vc_custom_1478370302063{background-color: #8f2746 !important;}&#8221; el_class=&#8221;paddingOn&#8221;][vc_column][vc_column_text]<\/p>\n<h3 style=\"color: #ffffff; text-align: center;\">Como o extrato de levedura \u00e9 produzido?<\/h3>\n<p>[\/vc_column_text][vc_separator type=&#8221;transparent&#8221; up=&#8221;20&#8243;][\/vc_column][vc_column width=&#8221;1\/3&#8243;][vc_single_image image=&#8221;30322&#8243; img_size=&#8221;medium&#8221; onclick=&#8221;link_image&#8221; css=&#8221;.vc_custom_1557414856379{background-color: #ffffff !important;}&#8221; qode_css_animation=&#8221;&#8221; qode_hover_animation=&#8221;zoom_in&#8221;][\/vc_column][vc_column width=&#8221;2\/3&#8243;][vc_separator type=&#8221;transparent&#8221; up=&#8221;20&#8243;][vc_column_text]<span style=\"color: #ffffff;\">A produ\u00e7\u00e3o de extrato de levedura come\u00e7a com levedura fresca e consiste em 3 etapas: fermenta\u00e7\u00e3o, quebra da parede celular (aut\u00f3lise) e separa\u00e7\u00e3o. Atrav\u00e9s de um mecanismo natural, as enzimas da pr\u00f3pria da levedura dividem os componentes da levedura em elementos que fornecem sabor.<\/span>[\/vc_column_text][vc_separator type=&#8221;transparent&#8221; up=&#8221;20&#8243;][vc_raw_html css=&#8221;&#8221;]JTNDZGl2JTIwY2xhc3MlM0QlMjJsb3ZlcnMtYnRuLXdyYXAlMjIlM0UlMEElMjAlMjAlM0NhJTIwaHJlZiUzRCUyMiUyRnB0LWJyJTJGcHJvY2Vzc28tcHJvZHV0aXZvJTJGJTIyJTIwY2xhc3MlM0QlMjJsb3ZlcnMtYnRuJTIyJTNFJTBBJTIwJTIwJTIwJTIwU0FJQkElMjBNQUlTJTBBJTIwJTIwJTNDJTJGYSUzRSUwQSUzQyUyRmRpdiUzRQ==[\/vc_raw_html][\/vc_column][\/vc_row][vc_row css_animation=&#8221;&#8221; row_type=&#8221;row&#8221; use_row_as_full_screen_section=&#8221;no&#8221; type=&#8221;grid&#8221; angled_section=&#8221;no&#8221; text_align=&#8221;left&#8221; background_image_as_pattern=&#8221;without_pattern&#8221; css=&#8221;.vc_custom_1771586251298{padding-top: 40px !important;padding-bottom: 40px !important;}&#8221; z_index=&#8221;&#8221;][vc_column][vc_column_text]<\/p>\n<h2 style=\"text-align: center;\">De que \u00e9 composto o extrato de levedura?<\/h2>\n<p>[vc_separator type=&#8217;transparent&#8217; position=&#8217;center&#8217; color=&#8221; thickness=&#8221; up=&#8217;15&#8217; down=&#8217;15&#8217;]<\/p>\n<p style=\"text-align: left;\"><strong>Para produzir o extrato de levedura, enzimas internas do microrganismo rompem a membrana celular e quebram o conte\u00fado celular em part\u00edculas menores.\u00a0<\/strong> A parede celular \u00e9 removida por centrifuga\u00e7\u00e3o. Cerca de 60% da composi\u00e7\u00e3o do extrato de levedura \u00e9 uma mistura de prote\u00ednas e amino\u00e1cidos, que atuam como base de sabor, conferem notas espec\u00edficas e, em alguns casos, um intenso gosto Umami.<\/p>\n<p><strong>O conhecimento especializado na obten\u00e7\u00e3o dos componentes \u201ccertos\u201d de sabor e na propor\u00e7\u00e3o correta permite a Biospringer oferecer uma s\u00e9rie de produtos com uma grande diversidade de perfis de sabor.<\/strong>[\/vc_column_text][vc_separator type=&#8221;small&#8221; position=&#8221;center&#8221; up=&#8221;15&#8243;][vc_column_text]<\/p>\n<h4 style=\"text-align: left;\">Quais s\u00e3o os benef\u00edcios do extrato de levedura na formula\u00e7\u00e3o de alimentos e bebidas?<\/h4>\n<p>[vc_separator type=&#8217;transparent&#8217; position=&#8217;center&#8217; color=&#8221; thickness=&#8221; up=&#8217;15&#8217; down=&#8217;15&#8217;]<\/p>\n<p>A variedade de extratos de levedura com perfis sensoriais diferenciados permite que os fabricantes de alimentos respondam aos v\u00e1rios desafios de formula\u00e7\u00e3o:<\/p>\n<ul>\n<li><strong>Melhoria do sabor:<\/strong> O extrato de levedura pode ser usado como base de sabor de uma receita. Al\u00e9m disso, alguns extratos de levedura trazem notas espec\u00edficas. \u00a0<a href=\"https:\/\/biospringer.com\/pt-br\/solucoes-de-origem-natural\/#melhoria\">Saiba mais&#8230;<\/a><\/li>\n<li><strong>Balan\u00e7o do perfil nutricional:<\/strong> O prolongamento do sabor e o gosto umami tornam o extrato de levedura um ingrediente interessante para recuperar o sabor de alimentos com <a href=\"https:\/\/biospringer.com\/pt-br\/solucoes-de-origem-natural\/#sal\">redu\u00e7\u00e3o de sal<\/a>, <a href=\"https:\/\/biospringer.com\/pt-br\/solucoes-de-origem-natural\/#acucar\">a\u00e7\u00facar<\/a> e <a href=\"https:\/\/biospringer.com\/pt-br\/solucoes-de-origem-natural\/#gordura\">gordura<\/a>.<\/li>\n<li><strong>Mascarar de notas indesejadas:<\/strong>\u00a0O extrato de levedura mascara notas indesejadas de prote\u00ednas vegetais ou edulcorantes e suas alternativas. \u00a0<a href=\"https:\/\/biospringer.com\/pt-br\/solucoes-de-origem-natural\/#mascarar\">Saiba mais&#8230;<\/a><\/li>\n<\/ul>\n<p>[\/vc_column_text][vc_row_inner row_type=&#8221;row&#8221; type=&#8221;full_width&#8221; text_align=&#8221;left&#8221; css_animation=&#8221;&#8221; css=&#8221;.vc_custom_1528785934661{padding-top: 5px !important;padding-bottom: 10px !important;}&#8221;][vc_column_inner][vc_column_text]<\/p>\n<h4 style=\"text-align: left;\">Em quais aplica\u00e7\u00f5es aliment\u00edcias e de bebidas o extrato de levedura pode ser usado?<\/h4>\n<p>[\/vc_column_text][\/vc_column_inner][vc_column_inner width=&#8221;1\/2&#8243;][vc_column_text]<\/p>\n<ul>\n<li><a href=\"https:\/\/biospringer.com\/pt-br\/aplicacoes\/#sopas\">Sopas e Caldos<\/a><\/li>\n<li><a href=\"https:\/\/biospringer.com\/pt-br\/aplicacoes\/#molhos\">Molhos<\/a><\/li>\n<li><a href=\"https:\/\/biospringer.com\/pt-br\/aplicacoes\/#snacks\">Snacks e Temperos<\/a><\/li>\n<li><a href=\"https:\/\/biospringer.com\/pt-br\/aplicacoes\/#carne\">Carne, Peixes e An\u00e1logos<\/a><\/li>\n<\/ul>\n<p>[\/vc_column_text][\/vc_column_inner][vc_column_inner width=&#8221;1\/2&#8243;][vc_column_text]<\/p>\n<ul>\n<li><a href=\"https:\/\/biospringer.com\/pt-br\/aplicacoes\/#lacteos\">Produtos l\u00e1cteos<\/a><\/li>\n<li><a href=\"https:\/\/biospringer.com\/pt-br\/aplicacoes\/#doces\">Produtos doces<\/a><\/li>\n<li><a href=\"https:\/\/biospringer.com\/pt-br\/aplicacoes\/#amido\">Alimentos \u00e0 base de amido<\/a><\/li>\n<li><a href=\"https:\/\/biospringer.com\/pt-br\/aplicacoes\/#bebidas\">Bebidas<\/a><\/li>\n<\/ul>\n<p>[\/vc_column_text][\/vc_column_inner][\/vc_row_inner][\/vc_column][\/vc_row][vc_row css_animation=&#8221;&#8221; row_type=&#8221;row&#8221; use_row_as_full_screen_section=&#8221;no&#8221; type=&#8221;full_width&#8221; angled_section=&#8221;no&#8221; text_align=&#8221;left&#8221; background_image_as_pattern=&#8221;without_pattern&#8221; z_index=&#8221;&#8221;][vc_column][vc_row_inner row_type=&#8221;row&#8221; type=&#8221;grid&#8221; text_align=&#8221;center&#8221; css_animation=&#8221;element_from_fade&#8221;][vc_column_inner][vc_column_text]<\/p>\n<h4 style=\"text-align: center;\">Voc\u00ea quer saber mais sobre nosso conhecimento em extrato de levedura?<\/h4>\n<p>[\/vc_column_text][vc_separator type=&#8221;transparent&#8221; up=&#8221;10&#8243; down=&#8221;10&#8243;][vc_raw_html css=&#8221;&#8221;]JTNDZGl2JTIwY2xhc3MlM0QlMjJsb3ZlcnMtYnRuLXdyYXAlMjIlM0UlMEElMjAlMjAlM0NhJTIwaHJlZiUzRCUyMiUyRnB0LWJyJTJGY29udGF0byUyRiUyMiUyMGNsYXNzJTNEJTIybG92ZXJzLWJ0biUyMiUzRSUwQSUyMCUyMCUyMCUyMENvbnRhdGUtTm9zJTBBJTIwJTIwJTNDJTJGYSUzRSUwQSUzQyUyRmRpdiUzRQ==[\/vc_raw_html][\/vc_column_inner][\/vc_row_inner][\/vc_column][\/vc_row]<\/p>\n<\/div>","protected":false},"excerpt":{"rendered":"<p>[vc_row css_animation=&#8221;&#8221; row_type=&#8221;row&#8221; use_row_as_full_screen_section=&#8221;no&#8221; type=&#8221;grid&#8221; angled_section=&#8221;no&#8221; text_align=&#8221;center&#8221; background_image_as_pattern=&#8221;without_pattern&#8221; z_index=&#8221;&#8221;][vc_column css=&#8221;.vc_custom_1462809083421{padding-top: 87px !important; padding-bottom: 56px !important;}&#8221;][vc_column_text] O que \u00e9 extrato de levedura? [vc_separator type=&#8217;transparent&#8217; position=&#8217;center&#8217; color=&#8221; thickness=&#8221; up=&#8217;15&#8217; down=&#8217;15&#8217;] O extrato de levedura \u00e9 um ingrediente de origem natural derivado da levedura fresca. A levedura \u00e9&#8230;<\/p>\n","protected":false},"author":1,"featured_media":44473,"parent":0,"menu_order":0,"comment_status":"closed","ping_status":"closed","template":"full_width.php","meta":{"_acf_changed":false,"rs_blank_template":"","rs_page_bg_color":"","slide_template_v7":"","inline_featured_image":false,"footnotes":""},"class_list":["post-44318","page","type-page","status-publish","has-post-thumbnail","hentry"],"acf":[],"yoast_head":"<!-- This site is optimized with the Yoast SEO Premium plugin v26.1 (Yoast SEO v27.4) - https:\/\/yoast.com\/product\/yoast-seo-premium-wordpress\/ -->\n<title>O que \u00e9 extrato de levedura? | Biospringer<\/title>\n<meta name=\"description\" content=\"O extrato de levedura \u00e9 um ingrediente de origem natural derivado da levedura fresca. A levedura \u00e9 um microrganismo unicelular pertencente \u00e0 fam\u00edlia dos fungos e presente na natureza h\u00e1 milh\u00f5es de anos. Este mesmo microrganismo \u00e9 utilizado na produ\u00e7\u00e3o de p\u00e3es, vinhos e cervejas.\" \/>\n<meta name=\"robots\" content=\"index, follow, max-snippet:-1, max-image-preview:large, max-video-preview:-1\" \/>\n<link rel=\"canonical\" href=\"https:\/\/biospringer.com\/pt-br\/extrato-de-levedura-2\/\" \/>\n<meta property=\"og:locale\" content=\"pt_BR\" \/>\n<meta property=\"og:type\" content=\"article\" \/>\n<meta property=\"og:title\" content=\"Extrato de levedura\" \/>\n<meta property=\"og:description\" content=\"O extrato de levedura \u00e9 um ingrediente de origem natural derivado da levedura fresca. A levedura \u00e9 um microrganismo unicelular pertencente \u00e0 fam\u00edlia dos fungos e presente na natureza h\u00e1 milh\u00f5es de anos. Este mesmo microrganismo \u00e9 utilizado na produ\u00e7\u00e3o de p\u00e3es, vinhos e cervejas.\" \/>\n<meta property=\"og:url\" content=\"https:\/\/biospringer.com\/pt-br\/extrato-de-levedura-2\/\" \/>\n<meta property=\"og:site_name\" content=\"Biospringer\" \/>\n<meta property=\"article:modified_time\" content=\"2026-02-20T11:17:33+00:00\" \/>\n<meta property=\"og:image\" content=\"https:\/\/biospringer.com\/wp-content\/uploads\/2024\/09\/Consumers-are-concerned-about-reducing-salt-in-food.png\" \/>\n\t<meta property=\"og:image:width\" content=\"919\" \/>\n\t<meta property=\"og:image:height\" content=\"913\" \/>\n\t<meta property=\"og:image:type\" content=\"image\/png\" \/>\n<meta name=\"twitter:card\" content=\"summary_large_image\" \/>\n<meta name=\"twitter:label1\" content=\"Est. tempo de leitura\" \/>\n\t<meta name=\"twitter:data1\" content=\"4 minutos\" \/>\n<script type=\"application\/ld+json\" class=\"yoast-schema-graph\">{\"@context\":\"https:\\\/\\\/schema.org\",\"@graph\":[{\"@type\":\"WebPage\",\"@id\":\"https:\\\/\\\/biospringer.com\\\/pt-br\\\/extrato-de-levedura-2\\\/\",\"url\":\"https:\\\/\\\/biospringer.com\\\/pt-br\\\/extrato-de-levedura-2\\\/\",\"name\":\"O que \u00e9 extrato de levedura? | Biospringer\",\"isPartOf\":{\"@id\":\"https:\\\/\\\/biospringer.com\\\/en\\\/#website\"},\"primaryImageOfPage\":{\"@id\":\"https:\\\/\\\/biospringer.com\\\/pt-br\\\/extrato-de-levedura-2\\\/#primaryimage\"},\"image\":{\"@id\":\"https:\\\/\\\/biospringer.com\\\/pt-br\\\/extrato-de-levedura-2\\\/#primaryimage\"},\"thumbnailUrl\":\"https:\\\/\\\/biospringer.com\\\/wp-content\\\/uploads\\\/2024\\\/09\\\/Consumers-are-concerned-about-reducing-salt-in-food.png\",\"datePublished\":\"2026-02-20T11:14:09+00:00\",\"dateModified\":\"2026-02-20T11:17:33+00:00\",\"description\":\"O extrato de levedura \u00e9 um ingrediente de origem natural derivado da levedura fresca. A levedura \u00e9 um microrganismo unicelular pertencente \u00e0 fam\u00edlia dos fungos e presente na natureza h\u00e1 milh\u00f5es de anos. Este mesmo microrganismo \u00e9 utilizado na produ\u00e7\u00e3o de p\u00e3es, vinhos e cervejas.\",\"breadcrumb\":{\"@id\":\"https:\\\/\\\/biospringer.com\\\/pt-br\\\/extrato-de-levedura-2\\\/#breadcrumb\"},\"inLanguage\":\"pt-BR\",\"potentialAction\":[{\"@type\":\"ReadAction\",\"target\":[\"https:\\\/\\\/biospringer.com\\\/pt-br\\\/extrato-de-levedura-2\\\/\"]}]},{\"@type\":\"ImageObject\",\"inLanguage\":\"pt-BR\",\"@id\":\"https:\\\/\\\/biospringer.com\\\/pt-br\\\/extrato-de-levedura-2\\\/#primaryimage\",\"url\":\"https:\\\/\\\/biospringer.com\\\/wp-content\\\/uploads\\\/2024\\\/09\\\/Consumers-are-concerned-about-reducing-salt-in-food.png\",\"contentUrl\":\"https:\\\/\\\/biospringer.com\\\/wp-content\\\/uploads\\\/2024\\\/09\\\/Consumers-are-concerned-about-reducing-salt-in-food.png\",\"width\":919,\"height\":913,\"caption\":\"Yeast extract for salt reduction in food products\"},{\"@type\":\"BreadcrumbList\",\"@id\":\"https:\\\/\\\/biospringer.com\\\/pt-br\\\/extrato-de-levedura-2\\\/#breadcrumb\",\"itemListElement\":[{\"@type\":\"ListItem\",\"position\":1,\"name\":\"Accueil\",\"item\":\"https:\\\/\\\/biospringer.com\\\/pt-br\\\/\"},{\"@type\":\"ListItem\",\"position\":2,\"name\":\"Extrato de levedura\"}]},{\"@type\":\"WebSite\",\"@id\":\"https:\\\/\\\/biospringer.com\\\/en\\\/#website\",\"url\":\"https:\\\/\\\/biospringer.com\\\/en\\\/\",\"name\":\"Biospringer\",\"description\":\"Global yeast extract producer\",\"publisher\":{\"@id\":\"https:\\\/\\\/biospringer.com\\\/en\\\/#organization\"},\"potentialAction\":[{\"@type\":\"SearchAction\",\"target\":{\"@type\":\"EntryPoint\",\"urlTemplate\":\"https:\\\/\\\/biospringer.com\\\/en\\\/?s={search_term_string}\"},\"query-input\":{\"@type\":\"PropertyValueSpecification\",\"valueRequired\":true,\"valueName\":\"search_term_string\"}}],\"inLanguage\":\"pt-BR\"},{\"@type\":\"Organization\",\"@id\":\"https:\\\/\\\/biospringer.com\\\/en\\\/#organization\",\"name\":\"Biospringer by Lesaffre\",\"url\":\"https:\\\/\\\/biospringer.com\\\/en\\\/\",\"logo\":{\"@type\":\"ImageObject\",\"inLanguage\":\"pt-BR\",\"@id\":\"https:\\\/\\\/biospringer.com\\\/en\\\/#\\\/schema\\\/logo\\\/image\\\/\",\"url\":\"https:\\\/\\\/biospringer.com\\\/wp-content\\\/uploads\\\/2019\\\/06\\\/logo-Biospringer.png\",\"contentUrl\":\"https:\\\/\\\/biospringer.com\\\/wp-content\\\/uploads\\\/2019\\\/06\\\/logo-Biospringer.png\",\"width\":400,\"height\":100,\"caption\":\"Biospringer by Lesaffre\"},\"image\":{\"@id\":\"https:\\\/\\\/biospringer.com\\\/en\\\/#\\\/schema\\\/logo\\\/image\\\/\"},\"sameAs\":[\"https:\\\/\\\/fr.linkedin.com\\\/company\\\/biospringer\",\"https:\\\/\\\/www.youtube.com\\\/channel\\\/UCIwlo39VHSwHryOBeg3w-rw\"]}]}<\/script>\n<!-- \/ Yoast SEO Premium plugin. -->","yoast_head_json":{"title":"O que \u00e9 extrato de levedura? | Biospringer","description":"O extrato de levedura \u00e9 um ingrediente de origem natural derivado da levedura fresca. A levedura \u00e9 um microrganismo unicelular pertencente \u00e0 fam\u00edlia dos fungos e presente na natureza h\u00e1 milh\u00f5es de anos. Este mesmo microrganismo \u00e9 utilizado na produ\u00e7\u00e3o de p\u00e3es, vinhos e cervejas.","robots":{"index":"index","follow":"follow","max-snippet":"max-snippet:-1","max-image-preview":"max-image-preview:large","max-video-preview":"max-video-preview:-1"},"canonical":"https:\/\/biospringer.com\/pt-br\/extrato-de-levedura-2\/","og_locale":"pt_BR","og_type":"article","og_title":"Extrato de levedura","og_description":"O extrato de levedura \u00e9 um ingrediente de origem natural derivado da levedura fresca. A levedura \u00e9 um microrganismo unicelular pertencente \u00e0 fam\u00edlia dos fungos e presente na natureza h\u00e1 milh\u00f5es de anos. Este mesmo microrganismo \u00e9 utilizado na produ\u00e7\u00e3o de p\u00e3es, vinhos e cervejas.","og_url":"https:\/\/biospringer.com\/pt-br\/extrato-de-levedura-2\/","og_site_name":"Biospringer","article_modified_time":"2026-02-20T11:17:33+00:00","og_image":[{"width":919,"height":913,"url":"https:\/\/biospringer.com\/wp-content\/uploads\/2024\/09\/Consumers-are-concerned-about-reducing-salt-in-food.png","type":"image\/png"}],"twitter_card":"summary_large_image","twitter_misc":{"Est. tempo de leitura":"4 minutos"},"schema":{"@context":"https:\/\/schema.org","@graph":[{"@type":"WebPage","@id":"https:\/\/biospringer.com\/pt-br\/extrato-de-levedura-2\/","url":"https:\/\/biospringer.com\/pt-br\/extrato-de-levedura-2\/","name":"O que \u00e9 extrato de levedura? | Biospringer","isPartOf":{"@id":"https:\/\/biospringer.com\/en\/#website"},"primaryImageOfPage":{"@id":"https:\/\/biospringer.com\/pt-br\/extrato-de-levedura-2\/#primaryimage"},"image":{"@id":"https:\/\/biospringer.com\/pt-br\/extrato-de-levedura-2\/#primaryimage"},"thumbnailUrl":"https:\/\/biospringer.com\/wp-content\/uploads\/2024\/09\/Consumers-are-concerned-about-reducing-salt-in-food.png","datePublished":"2026-02-20T11:14:09+00:00","dateModified":"2026-02-20T11:17:33+00:00","description":"O extrato de levedura \u00e9 um ingrediente de origem natural derivado da levedura fresca. A levedura \u00e9 um microrganismo unicelular pertencente \u00e0 fam\u00edlia dos fungos e presente na natureza h\u00e1 milh\u00f5es de anos. Este mesmo microrganismo \u00e9 utilizado na produ\u00e7\u00e3o de p\u00e3es, vinhos e cervejas.","breadcrumb":{"@id":"https:\/\/biospringer.com\/pt-br\/extrato-de-levedura-2\/#breadcrumb"},"inLanguage":"pt-BR","potentialAction":[{"@type":"ReadAction","target":["https:\/\/biospringer.com\/pt-br\/extrato-de-levedura-2\/"]}]},{"@type":"ImageObject","inLanguage":"pt-BR","@id":"https:\/\/biospringer.com\/pt-br\/extrato-de-levedura-2\/#primaryimage","url":"https:\/\/biospringer.com\/wp-content\/uploads\/2024\/09\/Consumers-are-concerned-about-reducing-salt-in-food.png","contentUrl":"https:\/\/biospringer.com\/wp-content\/uploads\/2024\/09\/Consumers-are-concerned-about-reducing-salt-in-food.png","width":919,"height":913,"caption":"Yeast extract for salt reduction in food products"},{"@type":"BreadcrumbList","@id":"https:\/\/biospringer.com\/pt-br\/extrato-de-levedura-2\/#breadcrumb","itemListElement":[{"@type":"ListItem","position":1,"name":"Accueil","item":"https:\/\/biospringer.com\/pt-br\/"},{"@type":"ListItem","position":2,"name":"Extrato de levedura"}]},{"@type":"WebSite","@id":"https:\/\/biospringer.com\/en\/#website","url":"https:\/\/biospringer.com\/en\/","name":"Biospringer","description":"Global yeast extract producer","publisher":{"@id":"https:\/\/biospringer.com\/en\/#organization"},"potentialAction":[{"@type":"SearchAction","target":{"@type":"EntryPoint","urlTemplate":"https:\/\/biospringer.com\/en\/?s={search_term_string}"},"query-input":{"@type":"PropertyValueSpecification","valueRequired":true,"valueName":"search_term_string"}}],"inLanguage":"pt-BR"},{"@type":"Organization","@id":"https:\/\/biospringer.com\/en\/#organization","name":"Biospringer by Lesaffre","url":"https:\/\/biospringer.com\/en\/","logo":{"@type":"ImageObject","inLanguage":"pt-BR","@id":"https:\/\/biospringer.com\/en\/#\/schema\/logo\/image\/","url":"https:\/\/biospringer.com\/wp-content\/uploads\/2019\/06\/logo-Biospringer.png","contentUrl":"https:\/\/biospringer.com\/wp-content\/uploads\/2019\/06\/logo-Biospringer.png","width":400,"height":100,"caption":"Biospringer by Lesaffre"},"image":{"@id":"https:\/\/biospringer.com\/en\/#\/schema\/logo\/image\/"},"sameAs":["https:\/\/fr.linkedin.com\/company\/biospringer","https:\/\/www.youtube.com\/channel\/UCIwlo39VHSwHryOBeg3w-rw"]}]}},"_links":{"self":[{"href":"https:\/\/biospringer.com\/pt-br\/wp-json\/wp\/v2\/pages\/44318","targetHints":{"allow":["GET"]}}],"collection":[{"href":"https:\/\/biospringer.com\/pt-br\/wp-json\/wp\/v2\/pages"}],"about":[{"href":"https:\/\/biospringer.com\/pt-br\/wp-json\/wp\/v2\/types\/page"}],"author":[{"embeddable":true,"href":"https:\/\/biospringer.com\/pt-br\/wp-json\/wp\/v2\/users\/1"}],"replies":[{"embeddable":true,"href":"https:\/\/biospringer.com\/pt-br\/wp-json\/wp\/v2\/comments?post=44318"}],"version-history":[{"count":0,"href":"https:\/\/biospringer.com\/pt-br\/wp-json\/wp\/v2\/pages\/44318\/revisions"}],"wp:featuredmedia":[{"embeddable":true,"href":"https:\/\/biospringer.com\/pt-br\/wp-json\/wp\/v2\/media\/44473"}],"wp:attachment":[{"href":"https:\/\/biospringer.com\/pt-br\/wp-json\/wp\/v2\/media?parent=44318"}],"curies":[{"name":"wp","href":"https:\/\/api.w.org\/{rel}","templated":true}]}}