{"id":38049,"date":"2024-02-08T05:25:12","date_gmt":"2024-02-08T10:25:12","guid":{"rendered":"https:\/\/biospringer.com\/?page_id=38049"},"modified":"2024-02-08T05:25:12","modified_gmt":"2024-02-08T10:25:12","slug":"solicitacao-de-vendas","status":"publish","type":"page","link":"https:\/\/biospringer.com\/pt-br\/contact\/solicitacao-de-vendas\/","title":{"rendered":"Solicita\u00e7\u00e3o de vendas"},"content":{"rendered":"<div class=\"wpb-content-wrapper\"><p>[vc_row css_animation=&#8221;&#8221; row_type=&#8221;row&#8221; use_row_as_full_screen_section=&#8221;yes&#8221; type=&#8221;grid&#8221; angled_section=&#8221;no&#8221; text_align=&#8221;left&#8221; background_image_as_pattern=&#8221;without_pattern&#8221; padding_top=&#8221;60&#8243; padding_bottom=&#8221;60&#8243; css=&#8221;.vc_custom_1606138303611{padding-top: 35px !important;padding-bottom: 15px !important;}&#8221; z_index=&#8221;&#8221;][vc_column][vc_column_text]Se voc\u00ea \u00e9 cliente ou deseja obter mais informa\u00e7\u00f5es sobre nossa linha e produtos. servi\u00e7os, preencha a solicita\u00e7\u00e3o de vendas abaixo.[\/vc_column_text][vc_raw_html]JTNDZm9ybSUyMGlkJTNEJTIyZm9zcy01ZWJlOTIyMmQ1OWNiYzY1NjI3ZTZiZTclMjIlM0UlM0MlMkZmb3JtJTNFJTNDc2NyaXB0JTIwYXN5bmMlMjBzcmMlM0QlMjdodHRwcyUzQSUyRiUyRmFwaS5wbGV6aS5jbyUyRmFwaSUyRnYxJTJGd2ViX2Zvcm1zJTJGc2NyaXB0cyUzRnRlbmFudF9pZCUzRDVlMjFkZjc0ZTMxN2E3NDViMmFhZjc5NCUyNmZvcm1faWQlM0Q1ZWE3ZGVlNmQ1OWNiYzc1OGZjZmE4M2MlMjZmb3JtX3ZlcnNpb24lM0QzJTI2Y29udGVudF93ZWJfZm9ybV9pZCUzRDVlYmU5MjIyZDU5Y2JjNjU2MjdlNmJlNyUyNnBsel9sYW5nJTNEcHQlMjclM0UlM0MlMkZzY3JpcHQlM0U=[\/vc_raw_html][\/vc_column][\/vc_row][vc_row css_animation=&#8221;&#8221; row_type=&#8221;row&#8221; use_row_as_full_screen_section=&#8221;no&#8221; type=&#8221;full_width&#8221; angled_section=&#8221;no&#8221; text_align=&#8221;left&#8221; background_image_as_pattern=&#8221;without_pattern&#8221;][vc_column][vc_raw_html]JTNDJTIxLS0lMjBGb3JtJTIwTW9kZSUyMCUzQSUyMGNvbnRhY3QlMjAtLSUzRSUwQSUzQ3NjcmlwdCUyMHR5cGUlM0QlMjJ0ZXh0JTJGamF2YXNjcmlwdCUyMiUzRSUwQSUwOXdpbmRvdy5zb2NUcmFjayUyMCUzRCUyMCU3QiUwQSUwOSUwOXNpdGVpZCUzQSUyMCUyMmJpb3NwcmluZ2VyLmNvbSUyMiUyQyUwQSUwOSUwOWZvcm1pZCUzQSUyMCUyMmNvbnRhY3RfZm9ybSUyMiUyQyUwQSUwOSUwOWlzRm9ybVRyYWNraW5nRW5hYmxlZCUzQSUyMHRydWUlMkMlMEElMDklMDlpc0Zvcm1EYXRhU2VudCUzQSUyMHRydWUlMkMlMEElMDklMDl0cmFja2VkRm9ybXNTZWxlY3RvciUzQSUyMCUyMiUyM2Zvc3MtNWVhODRkNmFkNTljYmM0MzFlNDVjYzJmJTIyJTBBJTA5JTdEJTNCJTA5JTBBJTA5JTI4ZnVuY3Rpb24lMjhpJTJDJTIwcyUyQyUyMG8lMkMlMjBnJTI5JTIwJTdCJTBBJTA5JTIwJTIwJTIwJTIwJTIwdmFyJTIwYSUyMCUzRCUyMHMuY3JlYXRlRWxlbWVudCUyOG8lMjklM0IlMjBhLnNyYyUyMCUzRCUyMGclM0IlMjB2YXIlMjBtJTIwJTNEJTIwcy5nZXRFbGVtZW50c0J5VGFnTmFtZSUyOCUyMmhlYWQlMjIlMjklNUIwJTVEJTNCJTIwbS5hcHBlbmRDaGlsZCUyOGElMjklM0IlMEElMDklN0QlMjklMjh3aW5kb3clMkMlMjBkb2N1bWVudCUyQyUyMCUyMnNjcmlwdCUyMiUyQyUyMCUyMmh0dHBzJTNBJTJGJTJGY2RuLXB1YmxpYy5zb2NpYWJibGUuY29tJTJGYmxvYiUyRmpzJTJGbGVhZGdlbiUyRnRyYWNrLm1pbi5qcyUzRnYlM0QxJTIyJTI5JTNCJTBBJTNDJTJGc2NyaXB0JTNF[\/vc_raw_html][\/vc_column][\/vc_row]<\/p>\n<\/div>","protected":false},"excerpt":{"rendered":"<p>[vc_row css_animation=&#8221;&#8221; row_type=&#8221;row&#8221; use_row_as_full_screen_section=&#8221;yes&#8221; type=&#8221;grid&#8221; angled_section=&#8221;no&#8221; text_align=&#8221;left&#8221; background_image_as_pattern=&#8221;without_pattern&#8221; padding_top=&#8221;60&#8243; padding_bottom=&#8221;60&#8243; css=&#8221;.vc_custom_1606138303611{padding-top: 35px !important;padding-bottom: 15px !important;}&#8221; z_index=&#8221;&#8221;][vc_column][vc_column_text]Se voc\u00ea \u00e9 cliente ou deseja obter mais informa\u00e7\u00f5es sobre nossa linha e produtos. servi\u00e7os, preencha a solicita\u00e7\u00e3o de vendas abaixo.[\/vc_column_text][vc_raw_html]JTNDZm9ybSUyMGlkJTNEJTIyZm9zcy01ZWJlOTIyMmQ1OWNiYzY1NjI3ZTZiZTclMjIlM0UlM0MlMkZmb3JtJTNFJTNDc2NyaXB0JTIwYXN5bmMlMjBzcmMlM0QlMjdodHRwcyUzQSUyRiUyRmFwaS5wbGV6aS5jbyUyRmFwaSUyRnYxJTJGd2ViX2Zvcm1zJTJGc2NyaXB0cyUzRnRlbmFudF9pZCUzRDVlMjFkZjc0ZTMxN2E3NDViMmFhZjc5NCUyNmZvcm1faWQlM0Q1ZWE3ZGVlNmQ1OWNiYzc1OGZjZmE4M2MlMjZmb3JtX3ZlcnNpb24lM0QzJTI2Y29udGVudF93ZWJfZm9ybV9pZCUzRDVlYmU5MjIyZDU5Y2JjNjU2MjdlNmJlNyUyNnBsel9sYW5nJTNEcHQlMjclM0UlM0MlMkZzY3JpcHQlM0U=[\/vc_raw_html][\/vc_column][\/vc_row][vc_row css_animation=&#8221;&#8221; row_type=&#8221;row&#8221; use_row_as_full_screen_section=&#8221;no&#8221; type=&#8221;full_width&#8221; angled_section=&#8221;no&#8221; text_align=&#8221;left&#8221; background_image_as_pattern=&#8221;without_pattern&#8221;][vc_column][vc_raw_html]JTNDJTIxLS0lMjBGb3JtJTIwTW9kZSUyMCUzQSUyMGNvbnRhY3QlMjAtLSUzRSUwQSUzQ3NjcmlwdCUyMHR5cGUlM0QlMjJ0ZXh0JTJGamF2YXNjcmlwdCUyMiUzRSUwQSUwOXdpbmRvdy5zb2NUcmFjayUyMCUzRCUyMCU3QiUwQSUwOSUwOXNpdGVpZCUzQSUyMCUyMmJpb3NwcmluZ2VyLmNvbSUyMiUyQyUwQSUwOSUwOWZvcm1pZCUzQSUyMCUyMmNvbnRhY3RfZm9ybSUyMiUyQyUwQSUwOSUwOWlzRm9ybVRyYWNraW5nRW5hYmxlZCUzQSUyMHRydWUlMkMlMEElMDklMDlpc0Zvcm1EYXRhU2VudCUzQSUyMHRydWUlMkMlMEElMDklMDl0cmFja2VkRm9ybXNTZWxlY3RvciUzQSUyMCUyMiUyM2Zvc3MtNWVhODRkNmFkNTljYmM0MzFlNDVjYzJmJTIyJTBBJTA5JTdEJTNCJTA5JTBBJTA5JTI4ZnVuY3Rpb24lMjhpJTJDJTIwcyUyQyUyMG8lMkMlMjBnJTI5JTIwJTdCJTBBJTA5JTIwJTIwJTIwJTIwJTIwdmFyJTIwYSUyMCUzRCUyMHMuY3JlYXRlRWxlbWVudCUyOG8lMjklM0IlMjBhLnNyYyUyMCUzRCUyMGclM0IlMjB2YXIlMjBtJTIwJTNEJTIwcy5nZXRFbGVtZW50c0J5VGFnTmFtZSUyOCUyMmhlYWQlMjIlMjklNUIwJTVEJTNCJTIwbS5hcHBlbmRDaGlsZCUyOGElMjklM0IlMEElMDklN0QlMjklMjh3aW5kb3clMkMlMjBkb2N1bWVudCUyQyUyMCUyMnNjcmlwdCUyMiUyQyUyMCUyMmh0dHBzJTNBJTJGJTJGY2RuLXB1YmxpYy5zb2NpYWJibGUuY29tJTJGYmxvYiUyRmpzJTJGbGVhZGdlbiUyRnRyYWNrLm1pbi5qcyUzRnYlM0QxJTIyJTI5JTNCJTBBJTNDJTJGc2NyaXB0JTNF[\/vc_raw_html][\/vc_column][\/vc_row]<\/p>\n","protected":false},"author":1,"featured_media":0,"parent":33612,"menu_order":0,"comment_status":"closed","ping_status":"closed","template":"full_width.php","meta":{"_acf_changed":false,"inline_featured_image":false,"footnotes":""},"class_list":["post-38049","page","type-page","status-publish","hentry"],"acf":[],"yoast_head":"<!-- This site is optimized with the Yoast SEO Premium plugin v26.1 (Yoast SEO v27.4) - https:\/\/yoast.com\/product\/yoast-seo-premium-wordpress\/ -->\n<title>Contacto, yeast ingredients producer - Biospringer by Lesaffre<\/title>\n<meta name=\"description\" content=\"As nossas equipas de vendas em todo o mundo est\u00e3o ao seu dispor para responder a quaisquer perguntas que possa ter sobre os nossos produtos e servi\u00e7os de formula\u00e7\u00e3o.\" \/>\n<meta name=\"robots\" content=\"index, follow, max-snippet:-1, max-image-preview:large, max-video-preview:-1\" \/>\n<link rel=\"canonical\" href=\"https:\/\/biospringer.com\/pt-br\/contact\/solicitacao-de-vendas\/\" \/>\n<meta property=\"og:locale\" content=\"pt_BR\" \/>\n<meta property=\"og:type\" content=\"article\" \/>\n<meta property=\"og:title\" content=\"Solicita\u00e7\u00e3o de vendas\" \/>\n<meta property=\"og:description\" content=\"As nossas equipas de vendas em todo o mundo est\u00e3o ao seu dispor para responder a quaisquer perguntas que possa ter sobre os nossos produtos e servi\u00e7os de formula\u00e7\u00e3o.\" \/>\n<meta property=\"og:url\" content=\"https:\/\/biospringer.com\/pt-br\/contact\/solicitacao-de-vendas\/\" \/>\n<meta property=\"og:site_name\" content=\"Biospringer\" \/>\n<meta name=\"twitter:card\" content=\"summary_large_image\" \/>\n<meta name=\"twitter:label1\" content=\"Est. tempo de leitura\" \/>\n\t<meta name=\"twitter:data1\" content=\"1 minuto\" \/>\n<script type=\"application\/ld+json\" class=\"yoast-schema-graph\">{\"@context\":\"https:\\\/\\\/schema.org\",\"@graph\":[{\"@type\":\"WebPage\",\"@id\":\"https:\\\/\\\/biospringer.com\\\/pt-br\\\/contact\\\/solicitacao-de-vendas\\\/\",\"url\":\"https:\\\/\\\/biospringer.com\\\/pt-br\\\/contact\\\/solicitacao-de-vendas\\\/\",\"name\":\"Contacto, yeast ingredients producer - Biospringer by Lesaffre\",\"isPartOf\":{\"@id\":\"https:\\\/\\\/biospringer.com\\\/en\\\/#website\"},\"datePublished\":\"2024-02-08T10:25:12+00:00\",\"description\":\"As nossas equipas de vendas em todo o mundo est\u00e3o ao seu dispor para responder a quaisquer perguntas que possa ter sobre os nossos produtos e servi\u00e7os de formula\u00e7\u00e3o.\",\"breadcrumb\":{\"@id\":\"https:\\\/\\\/biospringer.com\\\/pt-br\\\/contact\\\/solicitacao-de-vendas\\\/#breadcrumb\"},\"inLanguage\":\"pt-BR\",\"potentialAction\":[{\"@type\":\"ReadAction\",\"target\":[\"https:\\\/\\\/biospringer.com\\\/pt-br\\\/contact\\\/solicitacao-de-vendas\\\/\"]}]},{\"@type\":\"BreadcrumbList\",\"@id\":\"https:\\\/\\\/biospringer.com\\\/pt-br\\\/contact\\\/solicitacao-de-vendas\\\/#breadcrumb\",\"itemListElement\":[{\"@type\":\"ListItem\",\"position\":1,\"name\":\"Accueil\",\"item\":\"https:\\\/\\\/biospringer.com\\\/pt-br\\\/\"},{\"@type\":\"ListItem\",\"position\":2,\"name\":\"Contact\",\"item\":\"https:\\\/\\\/biospringer.com\\\/pt-br\\\/contact\\\/\"},{\"@type\":\"ListItem\",\"position\":3,\"name\":\"Solicita\u00e7\u00e3o de vendas\"}]},{\"@type\":\"WebSite\",\"@id\":\"https:\\\/\\\/biospringer.com\\\/en\\\/#website\",\"url\":\"https:\\\/\\\/biospringer.com\\\/en\\\/\",\"name\":\"Biospringer\",\"description\":\"Global yeast extract producer\",\"publisher\":{\"@id\":\"https:\\\/\\\/biospringer.com\\\/en\\\/#organization\"},\"potentialAction\":[{\"@type\":\"SearchAction\",\"target\":{\"@type\":\"EntryPoint\",\"urlTemplate\":\"https:\\\/\\\/biospringer.com\\\/en\\\/?s={search_term_string}\"},\"query-input\":{\"@type\":\"PropertyValueSpecification\",\"valueRequired\":true,\"valueName\":\"search_term_string\"}}],\"inLanguage\":\"pt-BR\"},{\"@type\":\"Organization\",\"@id\":\"https:\\\/\\\/biospringer.com\\\/en\\\/#organization\",\"name\":\"Biospringer by Lesaffre\",\"url\":\"https:\\\/\\\/biospringer.com\\\/en\\\/\",\"logo\":{\"@type\":\"ImageObject\",\"inLanguage\":\"pt-BR\",\"@id\":\"https:\\\/\\\/biospringer.com\\\/en\\\/#\\\/schema\\\/logo\\\/image\\\/\",\"url\":\"https:\\\/\\\/biospringer.com\\\/wp-content\\\/uploads\\\/2019\\\/06\\\/logo-Biospringer.png\",\"contentUrl\":\"https:\\\/\\\/biospringer.com\\\/wp-content\\\/uploads\\\/2019\\\/06\\\/logo-Biospringer.png\",\"width\":400,\"height\":100,\"caption\":\"Biospringer by Lesaffre\"},\"image\":{\"@id\":\"https:\\\/\\\/biospringer.com\\\/en\\\/#\\\/schema\\\/logo\\\/image\\\/\"},\"sameAs\":[\"https:\\\/\\\/fr.linkedin.com\\\/company\\\/biospringer\",\"https:\\\/\\\/www.youtube.com\\\/channel\\\/UCIwlo39VHSwHryOBeg3w-rw\"]}]}<\/script>\n<!-- \/ Yoast SEO Premium plugin. -->","yoast_head_json":{"title":"Contacto, yeast ingredients producer - Biospringer by Lesaffre","description":"As nossas equipas de vendas em todo o mundo est\u00e3o ao seu dispor para responder a quaisquer perguntas que possa ter sobre os nossos produtos e servi\u00e7os de formula\u00e7\u00e3o.","robots":{"index":"index","follow":"follow","max-snippet":"max-snippet:-1","max-image-preview":"max-image-preview:large","max-video-preview":"max-video-preview:-1"},"canonical":"https:\/\/biospringer.com\/pt-br\/contact\/solicitacao-de-vendas\/","og_locale":"pt_BR","og_type":"article","og_title":"Solicita\u00e7\u00e3o de vendas","og_description":"As nossas equipas de vendas em todo o mundo est\u00e3o ao seu dispor para responder a quaisquer perguntas que possa ter sobre os nossos produtos e servi\u00e7os de formula\u00e7\u00e3o.","og_url":"https:\/\/biospringer.com\/pt-br\/contact\/solicitacao-de-vendas\/","og_site_name":"Biospringer","twitter_card":"summary_large_image","twitter_misc":{"Est. tempo de leitura":"1 minuto"},"schema":{"@context":"https:\/\/schema.org","@graph":[{"@type":"WebPage","@id":"https:\/\/biospringer.com\/pt-br\/contact\/solicitacao-de-vendas\/","url":"https:\/\/biospringer.com\/pt-br\/contact\/solicitacao-de-vendas\/","name":"Contacto, yeast ingredients producer - Biospringer by Lesaffre","isPartOf":{"@id":"https:\/\/biospringer.com\/en\/#website"},"datePublished":"2024-02-08T10:25:12+00:00","description":"As nossas equipas de vendas em todo o mundo est\u00e3o ao seu dispor para responder a quaisquer perguntas que possa ter sobre os nossos produtos e servi\u00e7os de formula\u00e7\u00e3o.","breadcrumb":{"@id":"https:\/\/biospringer.com\/pt-br\/contact\/solicitacao-de-vendas\/#breadcrumb"},"inLanguage":"pt-BR","potentialAction":[{"@type":"ReadAction","target":["https:\/\/biospringer.com\/pt-br\/contact\/solicitacao-de-vendas\/"]}]},{"@type":"BreadcrumbList","@id":"https:\/\/biospringer.com\/pt-br\/contact\/solicitacao-de-vendas\/#breadcrumb","itemListElement":[{"@type":"ListItem","position":1,"name":"Accueil","item":"https:\/\/biospringer.com\/pt-br\/"},{"@type":"ListItem","position":2,"name":"Contact","item":"https:\/\/biospringer.com\/pt-br\/contact\/"},{"@type":"ListItem","position":3,"name":"Solicita\u00e7\u00e3o de vendas"}]},{"@type":"WebSite","@id":"https:\/\/biospringer.com\/en\/#website","url":"https:\/\/biospringer.com\/en\/","name":"Biospringer","description":"Global yeast extract producer","publisher":{"@id":"https:\/\/biospringer.com\/en\/#organization"},"potentialAction":[{"@type":"SearchAction","target":{"@type":"EntryPoint","urlTemplate":"https:\/\/biospringer.com\/en\/?s={search_term_string}"},"query-input":{"@type":"PropertyValueSpecification","valueRequired":true,"valueName":"search_term_string"}}],"inLanguage":"pt-BR"},{"@type":"Organization","@id":"https:\/\/biospringer.com\/en\/#organization","name":"Biospringer by Lesaffre","url":"https:\/\/biospringer.com\/en\/","logo":{"@type":"ImageObject","inLanguage":"pt-BR","@id":"https:\/\/biospringer.com\/en\/#\/schema\/logo\/image\/","url":"https:\/\/biospringer.com\/wp-content\/uploads\/2019\/06\/logo-Biospringer.png","contentUrl":"https:\/\/biospringer.com\/wp-content\/uploads\/2019\/06\/logo-Biospringer.png","width":400,"height":100,"caption":"Biospringer by Lesaffre"},"image":{"@id":"https:\/\/biospringer.com\/en\/#\/schema\/logo\/image\/"},"sameAs":["https:\/\/fr.linkedin.com\/company\/biospringer","https:\/\/www.youtube.com\/channel\/UCIwlo39VHSwHryOBeg3w-rw"]}]}},"_links":{"self":[{"href":"https:\/\/biospringer.com\/pt-br\/wp-json\/wp\/v2\/pages\/38049","targetHints":{"allow":["GET"]}}],"collection":[{"href":"https:\/\/biospringer.com\/pt-br\/wp-json\/wp\/v2\/pages"}],"about":[{"href":"https:\/\/biospringer.com\/pt-br\/wp-json\/wp\/v2\/types\/page"}],"author":[{"embeddable":true,"href":"https:\/\/biospringer.com\/pt-br\/wp-json\/wp\/v2\/users\/1"}],"replies":[{"embeddable":true,"href":"https:\/\/biospringer.com\/pt-br\/wp-json\/wp\/v2\/comments?post=38049"}],"version-history":[{"count":0,"href":"https:\/\/biospringer.com\/pt-br\/wp-json\/wp\/v2\/pages\/38049\/revisions"}],"up":[{"embeddable":true,"href":"https:\/\/biospringer.com\/pt-br\/wp-json\/wp\/v2\/pages\/33612"}],"wp:attachment":[{"href":"https:\/\/biospringer.com\/pt-br\/wp-json\/wp\/v2\/media?parent=38049"}],"curies":[{"name":"wp","href":"https:\/\/api.w.org\/{rel}","templated":true}]}}