{"id":33612,"date":"2013-10-16T12:05:38","date_gmt":"2013-10-16T12:05:38","guid":{"rendered":"http:\/\/biospringer.kinsta.cloud\/contacto\/"},"modified":"2025-11-10T08:34:52","modified_gmt":"2025-11-10T13:34:52","slug":"contact","status":"publish","type":"page","link":"https:\/\/biospringer.com\/pt-br\/contact\/","title":{"rendered":"Contact"},"content":{"rendered":"<div class=\"wpb-content-wrapper\"><p>[vc_row css_animation=&#8221;&#8221; row_type=&#8221;row&#8221; use_row_as_full_screen_section=&#8221;yes&#8221; type=&#8221;grid&#8221; angled_section=&#8221;no&#8221; text_align=&#8221;left&#8221; background_image_as_pattern=&#8221;without_pattern&#8221; padding_top=&#8221;60&#8243; padding_bottom=&#8221;60&#8243; css=&#8221;.vc_custom_1662544682339{padding-top: 35px !important;padding-bottom: 15px !important;}&#8221; z_index=&#8221;&#8221; el_class=&#8221;noPadding&#8221;][vc_column][vc_column_text css=&#8221;&#8221;]<\/p>\n<h2 style=\"text-align: center;\"><span style=\"color: #720000;\">Contato<\/span><\/h2>\n<p>[\/vc_column_text][vc_separator type=&#8221;transparent&#8221; up=&#8221;15&#8243; down=&#8221;15&#8243;][vc_column_text]<\/p>\n<p style=\"text-align: center;\">Somos um produtor global de extractos de levedura que trabalha em conjunto com os nossos clientes para criar ingredientes inovadores e naturais a partir da fermenta\u00e7\u00e3o da levedura. Estes ingredientes tornam os alimentos mais saborosos e saud\u00e1veis. Somos uma unidade de neg\u00f3cio da <a href=\"https:\/\/www.lesaffre.com\/\" target=\"_blank\" rel=\"noopener\">Lesaffre<\/a>.<\/p>\n<p>&nbsp;<\/p>\n<p style=\"text-align: center;\">Se \u00e9 uma empresa de biotecnologia \u00e0 procura de uma linha de nutrientes de fermenta\u00e7\u00e3o e pretende melhorar o crescimento bacteriano e a produtividade de microrganismos e c\u00e9lulas animais, clique aqui para contactar a <a href=\"https:\/\/procelys.com\/procelys-contact\/\" target=\"_blank\" rel=\"noopener\">Procelys by Lesaffre.<\/a><\/p>\n<p>[\/vc_column_text][\/vc_column][\/vc_row][vc_row css_animation=&#8221;&#8221; row_type=&#8221;row&#8221; use_row_as_full_screen_section=&#8221;yes&#8221; type=&#8221;grid&#8221; angled_section=&#8221;no&#8221; text_align=&#8221;center&#8221; background_image_as_pattern=&#8221;without_pattern&#8221; z_index=&#8221;&#8221; el_class=&#8221;noPadding&#8221; css=&#8221;.vc_custom_1762706622372{padding-bottom: 3% !important;}&#8221;][vc_column width=&#8221;1\/3&#8243; css=&#8221;.vc_custom_1762707712906{padding-top: 20px !important;padding-right: 15px !important;padding-bottom: 20px !important;padding-left: 15px !important;}&#8221; el_class=&#8221;noPadding&#8221;][vc_row_inner row_type=&#8221;row&#8221; type=&#8221;full_width&#8221; text_align=&#8221;center&#8221; side_padding=&#8221;nopadding&#8221; css_animation=&#8221;&#8221; css=&#8221;.vc_custom_1762705742654{padding-right: 20px !important;padding-left: 20px !important;}&#8221; el_class=&#8221;bloc_border&#8221;][vc_column_inner el_class=&#8221;bloc_border&#8221; css=&#8221;.vc_custom_1762764641981{padding-top: 0px !important;padding-right: 0px !important;padding-left: 0px !important;background-color: #FF9A00 !important;}&#8221;][vc_single_image image=&#8221;50574&#8243; img_size=&#8221;75&#215;75&#8243; alignment=&#8221;center&#8221; css=&#8221;&#8221; qode_css_animation=&#8221;&#8221;][vc_column_text css=&#8221;.vc_custom_1762781576880{padding-top: 5% !important;padding-right: 5% !important;padding-bottom: 15% !important;padding-left: 5% !important;}&#8221;]<\/p>\n<h3 style=\"text-align: center;\"><span style=\"color: #720000;\"><strong>Quer contactar a nossa equipa de vendas?<\/strong><\/span><\/h3>\n<p>&nbsp;<\/p>\n<p style=\"text-align: center;\"><span style=\"color: #720000;\">As nossas equipas de vendas em todo o mundo est\u00e3o ao seu dispor para responder a quaisquer perguntas que possa ter sobre os nossos produtos e servi\u00e7os de formula\u00e7\u00e3o.<\/span><\/p>\n<p>[\/vc_column_text][vc_separator type=&#8221;transparent&#8221;][vc_raw_html css=&#8221;&#8221;]JTNDZGl2JTIwY2xhc3MlM0QlMjJsb3ZlcnMtYnRuLXdyYXAlMjIlM0UlMEElMjAlMjAlM0NhJTIwaHJlZiUzRCUyMiUyRnB0LWJyJTJGY29udGFjdG8lMkZzb2xpY2l0YWNhby1kZS12ZW5kYXMlMkYlMjIlMjBjbGFzcyUzRCUyMmxvdmVycy1idG4tY2hvY28lMjIlM0UlMEElMjAlMjAlMjAlMjBDT05UQVRPJTBBJTIwJTIwJTNDJTJGYSUzRSUwQSUzQyUyRmRpdiUzRSUwQQ==[\/vc_raw_html][vc_separator type=&#8221;transparent&#8221; down=&#8221;20&#8243;][\/vc_column_inner][\/vc_row_inner][\/vc_column][vc_column width=&#8221;1\/3&#8243; css=&#8221;.vc_custom_1762707591393{padding-top: 20px !important;padding-right: 15px !important;padding-bottom: 20px !important;padding-left: 15px !important;}&#8221; el_class=&#8221;noPadding bloc_border&#8221;][vc_row_inner row_type=&#8221;row&#8221; type=&#8221;full_width&#8221; text_align=&#8221;center&#8221; side_padding=&#8221;nopadding&#8221; css_animation=&#8221;&#8221; css=&#8221;.vc_custom_1762707741996{padding-right: 20px !important;padding-left: 20px !important;}&#8221;][vc_column_inner el_class=&#8221;bloc_border&#8221; css=&#8221;.vc_custom_1762764646338{padding-top: 0px !important;padding-right: 0px !important;padding-left: 0px !important;background-color: #EFB586 !important;}&#8221;][vc_single_image image=&#8221;50580&#8243; img_size=&#8221;75&#215;75&#8243; alignment=&#8221;center&#8221; css=&#8221;&#8221; qode_css_animation=&#8221;&#8221;][vc_column_text css=&#8221;.vc_custom_1762781582688{padding-top: 5% !important;padding-right: 5% !important;padding-bottom: 10% !important;padding-left: 5% !important;}&#8221;]<\/p>\n<h3 style=\"text-align: center;\"><span style=\"color: #720000;\"><strong>Quer juntar-se a n\u00f3s?<\/strong><\/span><\/h3>\n<p>&nbsp;<\/p>\n<p style=\"text-align: center;\"><span style=\"color: #720000;\">A Biospringer by Lesaffre \u00e9 uma empresa com grandes oportunidades de crescimento profissional e pessoal. Consulte as nossas oportunidades actuais ou envie-nos o seu curr\u00edculo. Analisaremos com aten\u00e7\u00e3o a sua candidatura.<\/span><\/p>\n<p>[\/vc_column_text][vc_separator type=&#8221;transparent&#8221;][vc_raw_html css=&#8221;&#8221;]JTNDZGl2JTIwY2xhc3MlM0QlMjJsb3ZlcnMtYnRuLXdyYXAlMjIlM0UlMEElMjAlMjAlM0NhJTIwaHJlZiUzRCUyMiUyRnB0LWJyJTJGY2FycmVpcmElMkYlMjIlMjBjbGFzcyUzRCUyMmxvdmVycy1idG4tY2hvY28lMjIlM0UlMEElMjAlMjAlMjAlMjBKVU5URS1TRSUyMEElMjBOJUMzJTkyUyUwQSUyMCUyMCUzQyUyRmElM0UlMEElM0MlMkZkaXYlM0UlMEE=[\/vc_raw_html][vc_separator type=&#8221;transparent&#8221;][\/vc_column_inner][\/vc_row_inner][\/vc_column][vc_column width=&#8221;1\/3&#8243; css=&#8221;.vc_custom_1762707747543{padding-top: 20px !important;padding-right: 15px !important;padding-bottom: 20px !important;padding-left: 15px !important;}&#8221; el_class=&#8221;noPadding&#8221;][vc_row_inner row_type=&#8221;row&#8221; type=&#8221;full_width&#8221; text_align=&#8221;center&#8221; side_padding=&#8221;nopadding&#8221; css_animation=&#8221;&#8221; css=&#8221;.vc_custom_1762705857269{padding-right: 20px !important;padding-left: 20px !important;}&#8221; el_class=&#8221;bloc_border&#8221;][vc_column_inner el_class=&#8221;bloc_border&#8221; css=&#8221;.vc_custom_1762764650827{padding-top: 0px !important;padding-right: 0px !important;padding-left: 0px !important;background-color: #FFE7AC !important;}&#8221;][vc_single_image image=&#8221;50586&#8243; img_size=&#8221;75&#215;75&#8243; alignment=&#8221;center&#8221; css=&#8221;&#8221; qode_css_animation=&#8221;&#8221;][vc_column_text css=&#8221;.vc_custom_1762781590173{padding-top: 5% !important;padding-right: 5% !important;padding-bottom: 15% !important;padding-left: 5% !important;}&#8221;]<\/p>\n<h3 style=\"text-align: center;\"><span style=\"color: #720000;\"><strong>\u00bfTiene una pregunta espec\u00edfica?<\/strong><\/span><\/h3>\n<p>&nbsp;<\/p>\n<p style=\"text-align: center;\"><span style=\"color: #720000;\">Utilice nuestro formulario general si su consulta no est\u00e1 relacionada con una empresa o solicitud de empleo. Estaremos encantados de dirigirle al departamento adecuado en la regi\u00f3n adecuada.<\/span><\/p>\n<p>[\/vc_column_text][vc_separator type=&#8221;transparent&#8221;][vc_raw_html css=&#8221;&#8221;]JTNDZGl2JTIwY2xhc3MlM0QlMjJsb3ZlcnMtYnRuLXdyYXAlMjIlM0UlMEElMjAlMjAlM0NhJTIwaHJlZiUzRCUyMiUyRnB0LWJyJTJGY29udGFjdG8lMkZvdXRyby1wZWRpZG8lMkYlMjIlMjBjbGFzcyUzRCUyMmxvdmVycy1idG4tY2hvY28lMjIlM0UlMEElMjAlMjAlMjAlMjBDT05UQVRPJTBBJTIwJTIwJTNDJTJGYSUzRSUwQSUzQyUyRmRpdiUzRSUwQQ==[\/vc_raw_html][vc_separator type=&#8221;transparent&#8221; down=&#8221;20&#8243;][\/vc_column_inner][\/vc_row_inner][\/vc_column][\/vc_row]<\/p>\n<\/div>","protected":false},"excerpt":{"rendered":"<p>[vc_row css_animation=&#8221;&#8221; row_type=&#8221;row&#8221; use_row_as_full_screen_section=&#8221;yes&#8221; type=&#8221;grid&#8221; angled_section=&#8221;no&#8221; text_align=&#8221;left&#8221; background_image_as_pattern=&#8221;without_pattern&#8221; padding_top=&#8221;60&#8243; padding_bottom=&#8221;60&#8243; css=&#8221;.vc_custom_1662544682339{padding-top: 35px !important;padding-bottom: 15px !important;}&#8221; z_index=&#8221;&#8221; el_class=&#8221;noPadding&#8221;][vc_column][vc_column_text css=&#8221;&#8221;] Contato [\/vc_column_text][vc_separator type=&#8221;transparent&#8221; up=&#8221;15&#8243; down=&#8221;15&#8243;][vc_column_text] Somos um produtor global de extractos de levedura que trabalha em conjunto com os nossos clientes para criar ingredientes inovadores e naturais&#8230;<\/p>\n","protected":false},"author":1,"featured_media":0,"parent":0,"menu_order":0,"comment_status":"closed","ping_status":"closed","template":"full_width.php","meta":{"_acf_changed":false,"inline_featured_image":false,"footnotes":""},"class_list":["post-33612","page","type-page","status-publish","hentry"],"acf":[],"yoast_head":"<!-- This site is optimized with the Yoast SEO Premium plugin v26.1 (Yoast SEO v27.4) - https:\/\/yoast.com\/product\/yoast-seo-premium-wordpress\/ -->\n<title>Contact Biospringer&#039;s teams<\/title>\n<meta name=\"description\" content=\"Contact Biospringer&#039;s teams, we will answer to your request as soon as possible.\" \/>\n<meta name=\"robots\" content=\"index, follow, max-snippet:-1, max-image-preview:large, max-video-preview:-1\" \/>\n<link rel=\"canonical\" href=\"https:\/\/biospringer.com\/pt-br\/contact\/\" \/>\n<meta property=\"og:locale\" content=\"pt_BR\" \/>\n<meta property=\"og:type\" content=\"article\" \/>\n<meta property=\"og:title\" content=\"Contact\" \/>\n<meta property=\"og:description\" content=\"Contact Biospringer&#039;s teams, we will answer to your request as soon as possible.\" \/>\n<meta property=\"og:url\" content=\"https:\/\/biospringer.com\/pt-br\/contact\/\" \/>\n<meta property=\"og:site_name\" content=\"Biospringer\" \/>\n<meta property=\"article:modified_time\" content=\"2025-11-10T13:34:52+00:00\" \/>\n<meta name=\"twitter:card\" content=\"summary_large_image\" \/>\n<meta name=\"twitter:label1\" content=\"Est. tempo de leitura\" \/>\n\t<meta name=\"twitter:data1\" content=\"3 minutos\" \/>\n<script type=\"application\/ld+json\" class=\"yoast-schema-graph\">{\"@context\":\"https:\\\/\\\/schema.org\",\"@graph\":[{\"@type\":\"WebPage\",\"@id\":\"https:\\\/\\\/biospringer.com\\\/pt-br\\\/contact\\\/\",\"url\":\"https:\\\/\\\/biospringer.com\\\/pt-br\\\/contact\\\/\",\"name\":\"Contact Biospringer's teams\",\"isPartOf\":{\"@id\":\"https:\\\/\\\/biospringer.com\\\/en\\\/#website\"},\"datePublished\":\"2013-10-16T12:05:38+00:00\",\"dateModified\":\"2025-11-10T13:34:52+00:00\",\"description\":\"Contact Biospringer's teams, we will answer to your request as soon as possible.\",\"breadcrumb\":{\"@id\":\"https:\\\/\\\/biospringer.com\\\/pt-br\\\/contact\\\/#breadcrumb\"},\"inLanguage\":\"pt-BR\",\"potentialAction\":[{\"@type\":\"ReadAction\",\"target\":[\"https:\\\/\\\/biospringer.com\\\/pt-br\\\/contact\\\/\"]}]},{\"@type\":\"BreadcrumbList\",\"@id\":\"https:\\\/\\\/biospringer.com\\\/pt-br\\\/contact\\\/#breadcrumb\",\"itemListElement\":[{\"@type\":\"ListItem\",\"position\":1,\"name\":\"Accueil\",\"item\":\"https:\\\/\\\/biospringer.com\\\/pt-br\\\/\"},{\"@type\":\"ListItem\",\"position\":2,\"name\":\"Contact\"}]},{\"@type\":\"WebSite\",\"@id\":\"https:\\\/\\\/biospringer.com\\\/en\\\/#website\",\"url\":\"https:\\\/\\\/biospringer.com\\\/en\\\/\",\"name\":\"Biospringer\",\"description\":\"Global yeast extract producer\",\"publisher\":{\"@id\":\"https:\\\/\\\/biospringer.com\\\/en\\\/#organization\"},\"potentialAction\":[{\"@type\":\"SearchAction\",\"target\":{\"@type\":\"EntryPoint\",\"urlTemplate\":\"https:\\\/\\\/biospringer.com\\\/en\\\/?s={search_term_string}\"},\"query-input\":{\"@type\":\"PropertyValueSpecification\",\"valueRequired\":true,\"valueName\":\"search_term_string\"}}],\"inLanguage\":\"pt-BR\"},{\"@type\":\"Organization\",\"@id\":\"https:\\\/\\\/biospringer.com\\\/en\\\/#organization\",\"name\":\"Biospringer by Lesaffre\",\"url\":\"https:\\\/\\\/biospringer.com\\\/en\\\/\",\"logo\":{\"@type\":\"ImageObject\",\"inLanguage\":\"pt-BR\",\"@id\":\"https:\\\/\\\/biospringer.com\\\/en\\\/#\\\/schema\\\/logo\\\/image\\\/\",\"url\":\"https:\\\/\\\/biospringer.com\\\/wp-content\\\/uploads\\\/2019\\\/06\\\/logo-Biospringer.png\",\"contentUrl\":\"https:\\\/\\\/biospringer.com\\\/wp-content\\\/uploads\\\/2019\\\/06\\\/logo-Biospringer.png\",\"width\":400,\"height\":100,\"caption\":\"Biospringer by Lesaffre\"},\"image\":{\"@id\":\"https:\\\/\\\/biospringer.com\\\/en\\\/#\\\/schema\\\/logo\\\/image\\\/\"},\"sameAs\":[\"https:\\\/\\\/fr.linkedin.com\\\/company\\\/biospringer\",\"https:\\\/\\\/www.youtube.com\\\/channel\\\/UCIwlo39VHSwHryOBeg3w-rw\"]}]}<\/script>\n<!-- \/ Yoast SEO Premium plugin. -->","yoast_head_json":{"title":"Contact Biospringer's teams","description":"Contact Biospringer's teams, we will answer to your request as soon as possible.","robots":{"index":"index","follow":"follow","max-snippet":"max-snippet:-1","max-image-preview":"max-image-preview:large","max-video-preview":"max-video-preview:-1"},"canonical":"https:\/\/biospringer.com\/pt-br\/contact\/","og_locale":"pt_BR","og_type":"article","og_title":"Contact","og_description":"Contact Biospringer's teams, we will answer to your request as soon as possible.","og_url":"https:\/\/biospringer.com\/pt-br\/contact\/","og_site_name":"Biospringer","article_modified_time":"2025-11-10T13:34:52+00:00","twitter_card":"summary_large_image","twitter_misc":{"Est. tempo de leitura":"3 minutos"},"schema":{"@context":"https:\/\/schema.org","@graph":[{"@type":"WebPage","@id":"https:\/\/biospringer.com\/pt-br\/contact\/","url":"https:\/\/biospringer.com\/pt-br\/contact\/","name":"Contact Biospringer's teams","isPartOf":{"@id":"https:\/\/biospringer.com\/en\/#website"},"datePublished":"2013-10-16T12:05:38+00:00","dateModified":"2025-11-10T13:34:52+00:00","description":"Contact Biospringer's teams, we will answer to your request as soon as possible.","breadcrumb":{"@id":"https:\/\/biospringer.com\/pt-br\/contact\/#breadcrumb"},"inLanguage":"pt-BR","potentialAction":[{"@type":"ReadAction","target":["https:\/\/biospringer.com\/pt-br\/contact\/"]}]},{"@type":"BreadcrumbList","@id":"https:\/\/biospringer.com\/pt-br\/contact\/#breadcrumb","itemListElement":[{"@type":"ListItem","position":1,"name":"Accueil","item":"https:\/\/biospringer.com\/pt-br\/"},{"@type":"ListItem","position":2,"name":"Contact"}]},{"@type":"WebSite","@id":"https:\/\/biospringer.com\/en\/#website","url":"https:\/\/biospringer.com\/en\/","name":"Biospringer","description":"Global yeast extract producer","publisher":{"@id":"https:\/\/biospringer.com\/en\/#organization"},"potentialAction":[{"@type":"SearchAction","target":{"@type":"EntryPoint","urlTemplate":"https:\/\/biospringer.com\/en\/?s={search_term_string}"},"query-input":{"@type":"PropertyValueSpecification","valueRequired":true,"valueName":"search_term_string"}}],"inLanguage":"pt-BR"},{"@type":"Organization","@id":"https:\/\/biospringer.com\/en\/#organization","name":"Biospringer by Lesaffre","url":"https:\/\/biospringer.com\/en\/","logo":{"@type":"ImageObject","inLanguage":"pt-BR","@id":"https:\/\/biospringer.com\/en\/#\/schema\/logo\/image\/","url":"https:\/\/biospringer.com\/wp-content\/uploads\/2019\/06\/logo-Biospringer.png","contentUrl":"https:\/\/biospringer.com\/wp-content\/uploads\/2019\/06\/logo-Biospringer.png","width":400,"height":100,"caption":"Biospringer by Lesaffre"},"image":{"@id":"https:\/\/biospringer.com\/en\/#\/schema\/logo\/image\/"},"sameAs":["https:\/\/fr.linkedin.com\/company\/biospringer","https:\/\/www.youtube.com\/channel\/UCIwlo39VHSwHryOBeg3w-rw"]}]}},"_links":{"self":[{"href":"https:\/\/biospringer.com\/pt-br\/wp-json\/wp\/v2\/pages\/33612","targetHints":{"allow":["GET"]}}],"collection":[{"href":"https:\/\/biospringer.com\/pt-br\/wp-json\/wp\/v2\/pages"}],"about":[{"href":"https:\/\/biospringer.com\/pt-br\/wp-json\/wp\/v2\/types\/page"}],"author":[{"embeddable":true,"href":"https:\/\/biospringer.com\/pt-br\/wp-json\/wp\/v2\/users\/1"}],"replies":[{"embeddable":true,"href":"https:\/\/biospringer.com\/pt-br\/wp-json\/wp\/v2\/comments?post=33612"}],"version-history":[{"count":0,"href":"https:\/\/biospringer.com\/pt-br\/wp-json\/wp\/v2\/pages\/33612\/revisions"}],"wp:attachment":[{"href":"https:\/\/biospringer.com\/pt-br\/wp-json\/wp\/v2\/media?parent=33612"}],"curies":[{"name":"wp","href":"https:\/\/api.w.org\/{rel}","templated":true}]}}