{"id":31887,"date":"2020-04-29T05:10:43","date_gmt":"2020-04-29T09:10:43","guid":{"rendered":"http:\/\/biospringer.kinsta.cloud\/?page_id=31887"},"modified":"2020-04-29T05:19:14","modified_gmt":"2020-04-29T09:19:14","slug":"obrigado","status":"publish","type":"page","link":"https:\/\/biospringer.com\/pt-br\/obrigado\/","title":{"rendered":"Obrigado"},"content":{"rendered":"<div class=\"wpb-content-wrapper\"><p>[vc_row css_animation=&#8221;&#8221; row_type=&#8221;row&#8221; use_row_as_full_screen_section=&#8221;no&#8221; type=&#8221;full_width&#8221; angled_section=&#8221;no&#8221; text_align=&#8221;left&#8221; background_image_as_pattern=&#8221;without_pattern&#8221;][vc_column][vc_column_text]<\/p>\n<p style=\"text-align: center;\">V\u00e1 para sua caixa de entrada de e-mail para encontrar seu conte\u00fado!<br \/>\nDesejamos-lhe um bom dia e fique \u00e0 sua disposi\u00e7\u00e3o para qualquer informa\u00e7\u00e3o adicional.<\/p>\n<p>&nbsp;<\/p>\n<p id=\"tw-target-text\" class=\"tw-data-text tw-text-large tw-ta\" dir=\"ltr\" style=\"text-align: center;\" data-placeholder=\"Traduction\"><strong><span lang=\"pt\">DESCUBRA NOSSOS ARTIGOS MAIS RECENTES:<\/span><\/strong><\/p>\n<p>[\/vc_column_text][vc_separator type=&#8221;normal&#8221;]\n<div class='latest_post_holder boxes four_columns two_rows' >\n    <ul>\n        <\/ul>\n<\/div>[\/vc_column][\/vc_row][vc_row css_animation=&#8221;&#8221; row_type=&#8221;row&#8221; use_row_as_full_screen_section=&#8221;no&#8221; type=&#8221;full_width&#8221; angled_section=&#8221;no&#8221; text_align=&#8221;left&#8221; background_image_as_pattern=&#8221;without_pattern&#8221;][vc_column][vc_column_text][\/vc_column_text][\/vc_column][\/vc_row]<\/p>\n<\/div>","protected":false},"excerpt":{"rendered":"<p>[vc_row css_animation=&#8221;&#8221; row_type=&#8221;row&#8221; use_row_as_full_screen_section=&#8221;no&#8221; type=&#8221;full_width&#8221; angled_section=&#8221;no&#8221; text_align=&#8221;left&#8221; background_image_as_pattern=&#8221;without_pattern&#8221;][vc_column][vc_column_text] V\u00e1 para sua caixa de entrada de e-mail para encontrar seu conte\u00fado! Desejamos-lhe um bom dia e fique \u00e0 sua disposi\u00e7\u00e3o para qualquer informa\u00e7\u00e3o adicional. &nbsp; DESCUBRA NOSSOS ARTIGOS MAIS RECENTES: [\/vc_column_text][vc_separator type=&#8221;normal&#8221;][\/vc_column][\/vc_row][vc_row css_animation=&#8221;&#8221; row_type=&#8221;row&#8221; use_row_as_full_screen_section=&#8221;no&#8221; type=&#8221;full_width&#8221;&#8230;<\/p>\n","protected":false},"author":1,"featured_media":0,"parent":0,"menu_order":0,"comment_status":"closed","ping_status":"closed","template":"","meta":{"_acf_changed":false,"rs_blank_template":"","rs_page_bg_color":"","slide_template_v7":"","inline_featured_image":false,"footnotes":""},"class_list":["post-31887","page","type-page","status-publish","hentry"],"acf":[],"yoast_head":"<!-- This site is optimized with the Yoast SEO Premium plugin v26.1 (Yoast SEO v27.5) - https:\/\/yoast.com\/product\/yoast-seo-premium-wordpress\/ -->\n<title>Obrigado &#8226; Biospringer<\/title>\n<meta name=\"robots\" content=\"index, follow, max-snippet:-1, max-image-preview:large, max-video-preview:-1\" \/>\n<link rel=\"canonical\" href=\"https:\/\/biospringer.com\/pt-br\/obrigado\/\" \/>\n<meta property=\"og:locale\" content=\"pt_BR\" \/>\n<meta property=\"og:type\" content=\"article\" \/>\n<meta property=\"og:title\" content=\"Obrigado\" \/>\n<meta property=\"og:description\" content=\"[vc_row css_animation=&#8221;&#8221; row_type=&#8221;row&#8221; use_row_as_full_screen_section=&#8221;no&#8221; type=&#8221;full_width&#8221; angled_section=&#8221;no&#8221; text_align=&#8221;left&#8221; background_image_as_pattern=&#8221;without_pattern&#8221;][vc_column][vc_column_text] V\u00e1 para sua caixa de entrada de e-mail para encontrar seu conte\u00fado! Desejamos-lhe um bom dia e fique \u00e0 sua disposi\u00e7\u00e3o para qualquer informa\u00e7\u00e3o adicional. &nbsp; DESCUBRA NOSSOS ARTIGOS MAIS RECENTES: [\/vc_column_text][vc_separator type=&#8221;normal&#8221;][\/vc_column][\/vc_row][vc_row css_animation=&#8221;&#8221; row_type=&#8221;row&#8221; use_row_as_full_screen_section=&#8221;no&#8221; type=&#8221;full_width&#8221;...\" \/>\n<meta property=\"og:url\" content=\"https:\/\/biospringer.com\/pt-br\/obrigado\/\" \/>\n<meta property=\"og:site_name\" content=\"Biospringer\" \/>\n<meta property=\"article:modified_time\" content=\"2020-04-29T09:19:14+00:00\" \/>\n<meta name=\"twitter:card\" content=\"summary_large_image\" \/>\n<meta name=\"twitter:label1\" content=\"Est. tempo de leitura\" \/>\n\t<meta name=\"twitter:data1\" content=\"1 minuto\" \/>\n<script type=\"application\/ld+json\" class=\"yoast-schema-graph\">{\"@context\":\"https:\\\/\\\/schema.org\",\"@graph\":[{\"@type\":\"WebPage\",\"@id\":\"https:\\\/\\\/biospringer.com\\\/pt-br\\\/obrigado\\\/\",\"url\":\"https:\\\/\\\/biospringer.com\\\/pt-br\\\/obrigado\\\/\",\"name\":\"Obrigado &#8226; Biospringer\",\"isPartOf\":{\"@id\":\"https:\\\/\\\/biospringer.com\\\/en\\\/#website\"},\"datePublished\":\"2020-04-29T09:10:43+00:00\",\"dateModified\":\"2020-04-29T09:19:14+00:00\",\"breadcrumb\":{\"@id\":\"https:\\\/\\\/biospringer.com\\\/pt-br\\\/obrigado\\\/#breadcrumb\"},\"inLanguage\":\"pt-BR\",\"potentialAction\":[{\"@type\":\"ReadAction\",\"target\":[\"https:\\\/\\\/biospringer.com\\\/pt-br\\\/obrigado\\\/\"]}]},{\"@type\":\"BreadcrumbList\",\"@id\":\"https:\\\/\\\/biospringer.com\\\/pt-br\\\/obrigado\\\/#breadcrumb\",\"itemListElement\":[{\"@type\":\"ListItem\",\"position\":1,\"name\":\"Accueil\",\"item\":\"https:\\\/\\\/biospringer.com\\\/pt-br\\\/\"},{\"@type\":\"ListItem\",\"position\":2,\"name\":\"Obrigado\"}]},{\"@type\":\"WebSite\",\"@id\":\"https:\\\/\\\/biospringer.com\\\/en\\\/#website\",\"url\":\"https:\\\/\\\/biospringer.com\\\/en\\\/\",\"name\":\"Biospringer\",\"description\":\"Global yeast extract producer\",\"publisher\":{\"@id\":\"https:\\\/\\\/biospringer.com\\\/en\\\/#organization\"},\"potentialAction\":[{\"@type\":\"SearchAction\",\"target\":{\"@type\":\"EntryPoint\",\"urlTemplate\":\"https:\\\/\\\/biospringer.com\\\/en\\\/?s={search_term_string}\"},\"query-input\":{\"@type\":\"PropertyValueSpecification\",\"valueRequired\":true,\"valueName\":\"search_term_string\"}}],\"inLanguage\":\"pt-BR\"},{\"@type\":\"Organization\",\"@id\":\"https:\\\/\\\/biospringer.com\\\/en\\\/#organization\",\"name\":\"Biospringer by Lesaffre\",\"url\":\"https:\\\/\\\/biospringer.com\\\/en\\\/\",\"logo\":{\"@type\":\"ImageObject\",\"inLanguage\":\"pt-BR\",\"@id\":\"https:\\\/\\\/biospringer.com\\\/en\\\/#\\\/schema\\\/logo\\\/image\\\/\",\"url\":\"https:\\\/\\\/biospringer.com\\\/wp-content\\\/uploads\\\/2019\\\/06\\\/logo-Biospringer.png\",\"contentUrl\":\"https:\\\/\\\/biospringer.com\\\/wp-content\\\/uploads\\\/2019\\\/06\\\/logo-Biospringer.png\",\"width\":400,\"height\":100,\"caption\":\"Biospringer by Lesaffre\"},\"image\":{\"@id\":\"https:\\\/\\\/biospringer.com\\\/en\\\/#\\\/schema\\\/logo\\\/image\\\/\"},\"sameAs\":[\"https:\\\/\\\/fr.linkedin.com\\\/company\\\/biospringer\",\"https:\\\/\\\/www.youtube.com\\\/channel\\\/UCIwlo39VHSwHryOBeg3w-rw\"]}]}<\/script>\n<!-- \/ Yoast SEO Premium plugin. -->","yoast_head_json":{"title":"Obrigado &#8226; Biospringer","robots":{"index":"index","follow":"follow","max-snippet":"max-snippet:-1","max-image-preview":"max-image-preview:large","max-video-preview":"max-video-preview:-1"},"canonical":"https:\/\/biospringer.com\/pt-br\/obrigado\/","og_locale":"pt_BR","og_type":"article","og_title":"Obrigado","og_description":"[vc_row css_animation=&#8221;&#8221; row_type=&#8221;row&#8221; use_row_as_full_screen_section=&#8221;no&#8221; type=&#8221;full_width&#8221; angled_section=&#8221;no&#8221; text_align=&#8221;left&#8221; background_image_as_pattern=&#8221;without_pattern&#8221;][vc_column][vc_column_text] V\u00e1 para sua caixa de entrada de e-mail para encontrar seu conte\u00fado! Desejamos-lhe um bom dia e fique \u00e0 sua disposi\u00e7\u00e3o para qualquer informa\u00e7\u00e3o adicional. &nbsp; DESCUBRA NOSSOS ARTIGOS MAIS RECENTES: [\/vc_column_text][vc_separator type=&#8221;normal&#8221;][\/vc_column][\/vc_row][vc_row css_animation=&#8221;&#8221; row_type=&#8221;row&#8221; use_row_as_full_screen_section=&#8221;no&#8221; type=&#8221;full_width&#8221;...","og_url":"https:\/\/biospringer.com\/pt-br\/obrigado\/","og_site_name":"Biospringer","article_modified_time":"2020-04-29T09:19:14+00:00","twitter_card":"summary_large_image","twitter_misc":{"Est. tempo de leitura":"1 minuto"},"schema":{"@context":"https:\/\/schema.org","@graph":[{"@type":"WebPage","@id":"https:\/\/biospringer.com\/pt-br\/obrigado\/","url":"https:\/\/biospringer.com\/pt-br\/obrigado\/","name":"Obrigado &#8226; Biospringer","isPartOf":{"@id":"https:\/\/biospringer.com\/en\/#website"},"datePublished":"2020-04-29T09:10:43+00:00","dateModified":"2020-04-29T09:19:14+00:00","breadcrumb":{"@id":"https:\/\/biospringer.com\/pt-br\/obrigado\/#breadcrumb"},"inLanguage":"pt-BR","potentialAction":[{"@type":"ReadAction","target":["https:\/\/biospringer.com\/pt-br\/obrigado\/"]}]},{"@type":"BreadcrumbList","@id":"https:\/\/biospringer.com\/pt-br\/obrigado\/#breadcrumb","itemListElement":[{"@type":"ListItem","position":1,"name":"Accueil","item":"https:\/\/biospringer.com\/pt-br\/"},{"@type":"ListItem","position":2,"name":"Obrigado"}]},{"@type":"WebSite","@id":"https:\/\/biospringer.com\/en\/#website","url":"https:\/\/biospringer.com\/en\/","name":"Biospringer","description":"Global yeast extract producer","publisher":{"@id":"https:\/\/biospringer.com\/en\/#organization"},"potentialAction":[{"@type":"SearchAction","target":{"@type":"EntryPoint","urlTemplate":"https:\/\/biospringer.com\/en\/?s={search_term_string}"},"query-input":{"@type":"PropertyValueSpecification","valueRequired":true,"valueName":"search_term_string"}}],"inLanguage":"pt-BR"},{"@type":"Organization","@id":"https:\/\/biospringer.com\/en\/#organization","name":"Biospringer by Lesaffre","url":"https:\/\/biospringer.com\/en\/","logo":{"@type":"ImageObject","inLanguage":"pt-BR","@id":"https:\/\/biospringer.com\/en\/#\/schema\/logo\/image\/","url":"https:\/\/biospringer.com\/wp-content\/uploads\/2019\/06\/logo-Biospringer.png","contentUrl":"https:\/\/biospringer.com\/wp-content\/uploads\/2019\/06\/logo-Biospringer.png","width":400,"height":100,"caption":"Biospringer by Lesaffre"},"image":{"@id":"https:\/\/biospringer.com\/en\/#\/schema\/logo\/image\/"},"sameAs":["https:\/\/fr.linkedin.com\/company\/biospringer","https:\/\/www.youtube.com\/channel\/UCIwlo39VHSwHryOBeg3w-rw"]}]}},"_links":{"self":[{"href":"https:\/\/biospringer.com\/pt-br\/wp-json\/wp\/v2\/pages\/31887","targetHints":{"allow":["GET"]}}],"collection":[{"href":"https:\/\/biospringer.com\/pt-br\/wp-json\/wp\/v2\/pages"}],"about":[{"href":"https:\/\/biospringer.com\/pt-br\/wp-json\/wp\/v2\/types\/page"}],"author":[{"embeddable":true,"href":"https:\/\/biospringer.com\/pt-br\/wp-json\/wp\/v2\/users\/1"}],"replies":[{"embeddable":true,"href":"https:\/\/biospringer.com\/pt-br\/wp-json\/wp\/v2\/comments?post=31887"}],"version-history":[{"count":0,"href":"https:\/\/biospringer.com\/pt-br\/wp-json\/wp\/v2\/pages\/31887\/revisions"}],"wp:attachment":[{"href":"https:\/\/biospringer.com\/pt-br\/wp-json\/wp\/v2\/media?parent=31887"}],"curies":[{"name":"wp","href":"https:\/\/api.w.org\/{rel}","templated":true}]}}