{"id":26626,"date":"2018-06-12T02:59:14","date_gmt":"2018-06-12T06:59:14","guid":{"rendered":"http:\/\/biospringer.kinsta.cloud\/explore-yeast-extract\/yeast-extract\/production-process\/"},"modified":"2026-02-20T04:04:00","modified_gmt":"2026-02-20T09:04:00","slug":"processo-produtivo","status":"publish","type":"page","link":"https:\/\/biospringer.com\/pt-br\/processo-produtivo\/","title":{"rendered":"Processo produtivo"},"content":{"rendered":"<div class=\"wpb-content-wrapper\"><p>[vc_row css_animation=&#8221;&#8221; row_type=&#8221;row&#8221; use_row_as_full_screen_section=&#8221;no&#8221; type=&#8221;grid&#8221; angled_section=&#8221;no&#8221; text_align=&#8221;center&#8221; background_image_as_pattern=&#8221;without_pattern&#8221; z_index=&#8221;&#8221;][vc_column css=&#8221;.vc_custom_1462809083421{padding-top: 87px !important; padding-bottom: 56px !important;}&#8221;][vc_column_text]<\/p>\n<h2 style=\"text-align: center;\">O conhecimento da Biospringer, a servi\u00e7o do sabor<\/h2>\n<p>[vc_separator type=&#8217;transparent&#8217; position=&#8217;center&#8217; color=&#8221; thickness=&#8221; up=&#8217;15&#8217; down=&#8217;15&#8217;]<\/p>\n<p style=\"text-align: center;\"><strong>Ao longo dos anos, a Biospringer se beneficia do seu amplo conhecimento na sele\u00e7\u00e3o de cepas, processos e conhecimento especializado em sabores para desenvolver uma rica e vasta oferta de produtos que melhoram as propriedades sensoriais de alimentos e bebidas. <\/strong><\/p>\n<p>&nbsp;<\/p>\n<p>A Biospringer reafirma seu compromisso com a inova\u00e7\u00e3o atrav\u00e9s do uso de tecnologias de ponta e oferece solu\u00e7\u00f5es e servi\u00e7os para auxiliar a ind\u00fastria no desenvolvimento de alimentos mais balanceados, saborosos e saud\u00e1veis.[\/vc_column_text][vc_separator type=&#8221;small&#8221; position=&#8221;center&#8221; up=&#8221;15&#8243;][\/vc_column][\/vc_row][vc_row css_animation=&#8221;element_from_left&#8221; row_type=&#8221;row&#8221; use_row_as_full_screen_section=&#8221;yes&#8221; type=&#8221;grid&#8221; angled_section=&#8221;no&#8221; text_align=&#8221;left&#8221; background_image_as_pattern=&#8221;without_pattern&#8221; el_class=&#8221;paddingOn&#8221; z_index=&#8221;&#8221; css=&#8221;.vc_custom_1528787403016{background-color: #e2e2e2 !important;}&#8221;][vc_column][vc_column_text]<\/p>\n<h3 style=\"text-align: center;\">Como \u00e9 feito o extrato de levedura?<\/h3>\n<p>[\/vc_column_text][vc_separator type=&#8221;transparent&#8221; up=&#8221;20&#8243;][vc_column_text]A levedura \u00e9 um fungo unicelular microsc\u00f3pico que existe h\u00e1 milh\u00f5es de anos. Como qualquer outra c\u00e9lula, a levedura \u00e9 composta por prote\u00ednas, amino\u00e1cidos, vitaminas e minerais reunidos no interior das paredes da c\u00e9lula.<\/p>\n<p>&nbsp;<\/p>\n<p><strong>O extrato de levedura \u00e9 simplesmente o conte\u00fado da levedura sem a parede celular, o que o torna um ingrediente de origem natural. A sua produ\u00e7\u00e3o pode ser dividida em tr\u00eas etapas principais: <\/strong><\/p>\n<ol>\n<li><strong>Fermenta\u00e7\u00e3o<\/strong><\/li>\n<li><strong>Rompimento<\/strong><\/li>\n<li><strong>Separa\u00e7\u00e3o<\/strong><\/li>\n<\/ol>\n<p>[\/vc_column_text][\/vc_column][\/vc_row][vc_row css_animation=&#8221;&#8221; row_type=&#8221;row&#8221; use_row_as_full_screen_section=&#8221;yes&#8221; type=&#8221;grid&#8221; angled_section=&#8221;no&#8221; text_align=&#8221;left&#8221; background_image_as_pattern=&#8221;without_pattern&#8221; el_class=&#8221;paddingOn&#8221; z_index=&#8221;&#8221;][vc_column]<div class=\"qode-workflow  qode-workflow-animate\">\n    <span class=\"main-line\" style=\"background-color:#dd9933;\"><\/span>\n    <div class=\"qode-workflow-item\">\n    <span class=\"line\" style=\"background-color:#dd9933;\"><\/span>\n    <div class=\"qode-workflow-item-inner reverse\">\n        <div class=\"qode-workflow-image left\">\n            <img loading=\"lazy\" decoding=\"async\" width=\"800\" height=\"672\" src=\"https:\/\/biospringer.com\/wp-content\/uploads\/2019\/05\/Fermentation.jpg\" class=\"attachment-full size-full\" alt=\"\" srcset=\"https:\/\/biospringer.com\/wp-content\/uploads\/2019\/05\/Fermentation.jpg 800w, https:\/\/biospringer.com\/wp-content\/uploads\/2019\/05\/Fermentation-300x252.jpg 300w, https:\/\/biospringer.com\/wp-content\/uploads\/2019\/05\/Fermentation-768x645.jpg 768w, https:\/\/biospringer.com\/wp-content\/uploads\/2019\/05\/Fermentation-700x588.jpg 700w\" sizes=\"auto, (max-width: 800px) 100vw, 800px\" \/>        <\/div>\n        <div class=\"qode-workflow-text\">\n            <span class=\"circle\" style=\"border-color:#dd9933;background-color:#dd9933;\"><\/span>\n                            <h3>Fermenta\u00e7\u00e3o da levedura<\/h3>\n                                        <h6 class=\"qode-workflow-subtitle\">Etapa 1<\/h6>\n                                        <p class=\"text\">Primeiro, uma cepa de levedura \u00e9 selecionada conforme a aplica\u00e7\u00e3o final desejada. Essa cepa se multiplicar\u00e1, alimentada por uma fonte de a\u00e7\u00facar e, para otimizar a taxa de crescimento da levedura, os n\u00edveis de temperatura e oxig\u00eanio s\u00e3o monitorados com aten\u00e7\u00e3o. O resultado da fermenta\u00e7\u00e3o \u00e9 chamado \u201cCreme de levedura\u201d, o qual segue para etapa seguinte do processo.<\/p>\n                    <\/div>\n    <\/div>\n<\/div><div class=\"qode-workflow-item\">\n    <span class=\"line\" style=\"background-color:#dd9933;\"><\/span>\n    <div class=\"qode-workflow-item-inner \">\n        <div class=\"qode-workflow-image right\">\n            <img loading=\"lazy\" decoding=\"async\" width=\"800\" height=\"668\" src=\"https:\/\/biospringer.com\/wp-content\/uploads\/2019\/05\/Solub.jpg\" class=\"attachment-full size-full\" alt=\"\" srcset=\"https:\/\/biospringer.com\/wp-content\/uploads\/2019\/05\/Solub.jpg 800w, https:\/\/biospringer.com\/wp-content\/uploads\/2019\/05\/Solub-300x251.jpg 300w, https:\/\/biospringer.com\/wp-content\/uploads\/2019\/05\/Solub-768x641.jpg 768w, https:\/\/biospringer.com\/wp-content\/uploads\/2019\/05\/Solub-700x585.jpg 700w\" sizes=\"auto, (max-width: 800px) 100vw, 800px\" \/>        <\/div>\n        <div class=\"qode-workflow-text\">\n            <span class=\"circle\" style=\"border-color:#dd9933;background-color:#dd9933;\"><\/span>\n                            <h3>Rompimento da levedura<\/h3>\n                                        <h6 class=\"qode-workflow-subtitle\">Etapa 2<\/h6>\n                                        <p class=\"text\">O objetivo da etapa de rompimento \u00e9 obter a solubiliza\u00e7\u00e3o do conte\u00fado da c\u00e9lula de levedura. Ent\u00e3o, ap\u00f3s uma etapa de resfriamento para interromper o crescimento da popula\u00e7\u00e3o de leveduras, o creme de levedura \u00e9 colocado em grandes tanques a uma temperatura entre 45 a 55 \u00b0C. Durante esse processo t\u00e9rmico, as paredes da c\u00e9lula s\u00e3o quebradas pelas enzimas naturalmente presentes na levedura. As macromol\u00e9culas da c\u00e9lula s\u00e3o divididas em mol\u00e9culas menores, obtendo os seguintes componentes de sabor: por\u00e7\u00f5es de prote\u00edna: pept\u00eddeos e amino\u00e1cidos livres, como o \u00e1cido glut\u00e2mico, \u00c1cido nucleico: \u00c1cido Ribonucleico (RNA), oligonucleot\u00eddeos, nucleot\u00eddeos (IMP-GMP, etc.) Polissacar\u00eddeos: a\u00e7\u00facar, mananas e glicanas. \u00c9 necess\u00e1rio monitorar o processo para obter os componentes de sabor na propor\u00e7\u00e3o certa. Cada par\u00e2metro da rompimento (temperatura e pH) \u00e9 crucial e influencia as propriedades finais de sabor do extrato de levedura.<\/p>\n                    <\/div>\n    <\/div>\n<\/div><div class=\"qode-workflow-item\">\n    <span class=\"line\" style=\"background-color:#dd9933;\"><\/span>\n    <div class=\"qode-workflow-item-inner reverse\">\n        <div class=\"qode-workflow-image left\">\n            <img loading=\"lazy\" decoding=\"async\" width=\"708\" height=\"670\" src=\"https:\/\/biospringer.com\/wp-content\/uploads\/2019\/05\/separacao.jpg\" class=\"attachment-full size-full\" alt=\"\" srcset=\"https:\/\/biospringer.com\/wp-content\/uploads\/2019\/05\/separacao.jpg 708w, https:\/\/biospringer.com\/wp-content\/uploads\/2019\/05\/separacao-300x284.jpg 300w, https:\/\/biospringer.com\/wp-content\/uploads\/2019\/05\/separacao-700x662.jpg 700w\" sizes=\"auto, (max-width: 708px) 100vw, 708px\" \/>        <\/div>\n        <div class=\"qode-workflow-text\">\n            <span class=\"circle\" style=\"border-color:#dd9933;background-color:#dd9933;\"><\/span>\n                            <h3>A separa\u00e7\u00e3o<\/h3>\n                                        <h6 class=\"qode-workflow-subtitle\">Etapa 3<\/h6>\n                                        <p class=\"text\">Posteriormente, os componentes de sabor s\u00e3o separados da parede celular por meio de processos de lavagem e centrifuga\u00e7\u00e3o. A partir desse momento, o creme de levedura se torna extrato de levedura e preserva a maior parte dos nutrientes iniciais da levedura. O extrato de levedura \u00e9, ent\u00e3o, concentrado por meio de um processo de evapora\u00e7\u00e3o para obter um extrato de levedura l\u00edquido sol\u00favel.<\/p>\n                    <\/div>\n    <\/div>\n<\/div><div class=\"qode-workflow-item\">\n    <span class=\"line\" style=\"background-color:#dd9933;\"><\/span>\n    <div class=\"qode-workflow-item-inner \">\n        <div class=\"qode-workflow-image right\">\n            <img loading=\"lazy\" decoding=\"async\" width=\"800\" height=\"672\" src=\"https:\/\/biospringer.com\/wp-content\/uploads\/2019\/05\/Process-br.jpg\" class=\"attachment-full size-full\" alt=\"\" srcset=\"https:\/\/biospringer.com\/wp-content\/uploads\/2019\/05\/Process-br.jpg 800w, https:\/\/biospringer.com\/wp-content\/uploads\/2019\/05\/Process-br-300x252.jpg 300w, https:\/\/biospringer.com\/wp-content\/uploads\/2019\/05\/Process-br-768x645.jpg 768w, https:\/\/biospringer.com\/wp-content\/uploads\/2019\/05\/Process-br-700x588.jpg 700w\" sizes=\"auto, (max-width: 800px) 100vw, 800px\" \/>        <\/div>\n        <div class=\"qode-workflow-text\">\n            <span class=\"circle\" style=\"border-color:#dd9933;background-color:#dd9933;\"><\/span>\n                            <h3>Embalagem<\/h3>\n                                        <h6 class=\"qode-workflow-subtitle\">Etapa 4<\/h6>\n                                        <p class=\"text\">Com base nas necessidades dos clientes, a Biospringer desenvolveu tecnologias avan\u00e7adas para oferecer o extrato de levedura em diferentes formas, mantendo todas as propriedades e benef\u00edcios organol\u00e9pticos. Os extratos de levedura da Biospringer podem ser adquiridos em tr\u00eas forma de uso: l\u00edquido, pasta, p\u00f3<\/p>\n                    <\/div>\n    <\/div>\n<\/div><\/div>[\/vc_column][\/vc_row][vc_row css_animation=&#8221;&#8221; row_type=&#8221;row&#8221; use_row_as_full_screen_section=&#8221;no&#8221; type=&#8221;full_width&#8221; angled_section=&#8221;no&#8221; text_align=&#8221;left&#8221; background_image_as_pattern=&#8221;without_pattern&#8221; z_index=&#8221;&#8221;][vc_column][vc_row_inner row_type=&#8221;row&#8221; type=&#8221;grid&#8221; text_align=&#8221;center&#8221; css_animation=&#8221;element_from_fade&#8221;][vc_column_inner][vc_column_text]<\/p>\n<h4 style=\"text-align: center;\">Voc\u00ea quer saber mais sobre nosso conhecimento em extrato de levedura?<\/h4>\n<p>[\/vc_column_text][vc_separator type=&#8221;transparent&#8221; up=&#8221;10&#8243; down=&#8221;10&#8243;][vc_raw_html css=&#8221;&#8221;]JTNDZGl2JTIwY2xhc3MlM0QlMjJsb3ZlcnMtYnRuLXdyYXAlMjIlM0UlMEElMjAlMjAlM0NhJTIwaHJlZiUzRCUyMiUyRnB0LWJyJTJGY29udGF0byUyRiUyMiUyMGNsYXNzJTNEJTIybG92ZXJzLWJ0biUyMiUzRSUwQSUyMCUyMCUyMCUyMENvbnRhdGUtTm9zJTBBJTIwJTIwJTNDJTJGYSUzRSUwQSUzQyUyRmRpdiUzRQ==[\/vc_raw_html][\/vc_column_inner][\/vc_row_inner][\/vc_column][\/vc_row]<\/p>\n<\/div>","protected":false},"excerpt":{"rendered":"<p>[vc_row css_animation=&#8221;&#8221; row_type=&#8221;row&#8221; use_row_as_full_screen_section=&#8221;no&#8221; type=&#8221;grid&#8221; angled_section=&#8221;no&#8221; text_align=&#8221;center&#8221; background_image_as_pattern=&#8221;without_pattern&#8221; z_index=&#8221;&#8221;][vc_column css=&#8221;.vc_custom_1462809083421{padding-top: 87px !important; padding-bottom: 56px !important;}&#8221;][vc_column_text] O conhecimento da Biospringer, a servi\u00e7o do sabor [vc_separator type=&#8217;transparent&#8217; position=&#8217;center&#8217; color=&#8221; thickness=&#8221; up=&#8217;15&#8217; down=&#8217;15&#8217;] Ao longo dos anos, a Biospringer se beneficia do seu amplo conhecimento na sele\u00e7\u00e3o de&#8230;<\/p>\n","protected":false},"author":1,"featured_media":0,"parent":0,"menu_order":0,"comment_status":"closed","ping_status":"closed","template":"full_width.php","meta":{"_acf_changed":false,"inline_featured_image":false,"footnotes":""},"class_list":["post-26626","page","type-page","status-publish","hentry"],"acf":[],"yoast_head":"<!-- This site is optimized with the Yoast SEO Premium plugin v26.1 (Yoast SEO v27.4) - https:\/\/yoast.com\/product\/yoast-seo-premium-wordpress\/ -->\n<title>Produ\u00e7\u00e3o do processo: Como \u00e9 feito o extrato de levedura? | Biospringer<\/title>\n<meta name=\"description\" content=\"A produ\u00e7\u00e3o do Extrato de Levedura consiste em 3 etapas principais: 1 \u2192 Fermenta\u00e7\u00e3o 2 \u2192 Aut\u00f3lise 3 \u2192 Separa\u00e7\u00e3o. A Biospringer oferece solu\u00e7\u00f5es e servi\u00e7os para apoi\u00e1-lo no desenvolvimento de alimentos mais saborosos, saud\u00e1veis \u200b\u200be equilibrados.\" \/>\n<meta name=\"robots\" content=\"index, follow, max-snippet:-1, max-image-preview:large, max-video-preview:-1\" \/>\n<link rel=\"canonical\" href=\"https:\/\/biospringer.com\/pt-br\/processo-produtivo\/\" \/>\n<meta property=\"og:locale\" content=\"pt_BR\" \/>\n<meta property=\"og:type\" content=\"article\" \/>\n<meta property=\"og:title\" content=\"Processo produtivo\" \/>\n<meta property=\"og:description\" content=\"A produ\u00e7\u00e3o do Extrato de Levedura consiste em 3 etapas principais: 1 \u2192 Fermenta\u00e7\u00e3o 2 \u2192 Aut\u00f3lise 3 \u2192 Separa\u00e7\u00e3o. A Biospringer oferece solu\u00e7\u00f5es e servi\u00e7os para apoi\u00e1-lo no desenvolvimento de alimentos mais saborosos, saud\u00e1veis \u200b\u200be equilibrados.\" \/>\n<meta property=\"og:url\" content=\"https:\/\/biospringer.com\/pt-br\/processo-produtivo\/\" \/>\n<meta property=\"og:site_name\" content=\"Biospringer\" \/>\n<meta property=\"article:modified_time\" content=\"2026-02-20T09:04:00+00:00\" \/>\n<meta name=\"twitter:card\" content=\"summary_large_image\" \/>\n<meta name=\"twitter:label1\" content=\"Est. tempo de leitura\" \/>\n\t<meta name=\"twitter:data1\" content=\"4 minutos\" \/>\n<script type=\"application\/ld+json\" class=\"yoast-schema-graph\">{\"@context\":\"https:\\\/\\\/schema.org\",\"@graph\":[{\"@type\":\"WebPage\",\"@id\":\"https:\\\/\\\/biospringer.com\\\/pt-br\\\/processo-produtivo\\\/\",\"url\":\"https:\\\/\\\/biospringer.com\\\/pt-br\\\/processo-produtivo\\\/\",\"name\":\"Produ\u00e7\u00e3o do processo: Como \u00e9 feito o extrato de levedura? | Biospringer\",\"isPartOf\":{\"@id\":\"https:\\\/\\\/biospringer.com\\\/en\\\/#website\"},\"datePublished\":\"2018-06-12T06:59:14+00:00\",\"dateModified\":\"2026-02-20T09:04:00+00:00\",\"description\":\"A produ\u00e7\u00e3o do Extrato de Levedura consiste em 3 etapas principais: 1 \u2192 Fermenta\u00e7\u00e3o 2 \u2192 Aut\u00f3lise 3 \u2192 Separa\u00e7\u00e3o. A Biospringer oferece solu\u00e7\u00f5es e servi\u00e7os para apoi\u00e1-lo no desenvolvimento de alimentos mais saborosos, saud\u00e1veis \u200b\u200be equilibrados.\",\"breadcrumb\":{\"@id\":\"https:\\\/\\\/biospringer.com\\\/pt-br\\\/processo-produtivo\\\/#breadcrumb\"},\"inLanguage\":\"pt-BR\",\"potentialAction\":[{\"@type\":\"ReadAction\",\"target\":[\"https:\\\/\\\/biospringer.com\\\/pt-br\\\/processo-produtivo\\\/\"]}]},{\"@type\":\"BreadcrumbList\",\"@id\":\"https:\\\/\\\/biospringer.com\\\/pt-br\\\/processo-produtivo\\\/#breadcrumb\",\"itemListElement\":[{\"@type\":\"ListItem\",\"position\":1,\"name\":\"Accueil\",\"item\":\"https:\\\/\\\/biospringer.com\\\/pt-br\\\/\"},{\"@type\":\"ListItem\",\"position\":2,\"name\":\"Processo produtivo\"}]},{\"@type\":\"WebSite\",\"@id\":\"https:\\\/\\\/biospringer.com\\\/en\\\/#website\",\"url\":\"https:\\\/\\\/biospringer.com\\\/en\\\/\",\"name\":\"Biospringer\",\"description\":\"Global yeast extract producer\",\"publisher\":{\"@id\":\"https:\\\/\\\/biospringer.com\\\/en\\\/#organization\"},\"potentialAction\":[{\"@type\":\"SearchAction\",\"target\":{\"@type\":\"EntryPoint\",\"urlTemplate\":\"https:\\\/\\\/biospringer.com\\\/en\\\/?s={search_term_string}\"},\"query-input\":{\"@type\":\"PropertyValueSpecification\",\"valueRequired\":true,\"valueName\":\"search_term_string\"}}],\"inLanguage\":\"pt-BR\"},{\"@type\":\"Organization\",\"@id\":\"https:\\\/\\\/biospringer.com\\\/en\\\/#organization\",\"name\":\"Biospringer by Lesaffre\",\"url\":\"https:\\\/\\\/biospringer.com\\\/en\\\/\",\"logo\":{\"@type\":\"ImageObject\",\"inLanguage\":\"pt-BR\",\"@id\":\"https:\\\/\\\/biospringer.com\\\/en\\\/#\\\/schema\\\/logo\\\/image\\\/\",\"url\":\"https:\\\/\\\/biospringer.com\\\/wp-content\\\/uploads\\\/2019\\\/06\\\/logo-Biospringer.png\",\"contentUrl\":\"https:\\\/\\\/biospringer.com\\\/wp-content\\\/uploads\\\/2019\\\/06\\\/logo-Biospringer.png\",\"width\":400,\"height\":100,\"caption\":\"Biospringer by Lesaffre\"},\"image\":{\"@id\":\"https:\\\/\\\/biospringer.com\\\/en\\\/#\\\/schema\\\/logo\\\/image\\\/\"},\"sameAs\":[\"https:\\\/\\\/fr.linkedin.com\\\/company\\\/biospringer\",\"https:\\\/\\\/www.youtube.com\\\/channel\\\/UCIwlo39VHSwHryOBeg3w-rw\"]}]}<\/script>\n<!-- \/ Yoast SEO Premium plugin. -->","yoast_head_json":{"title":"Produ\u00e7\u00e3o do processo: Como \u00e9 feito o extrato de levedura? | Biospringer","description":"A produ\u00e7\u00e3o do Extrato de Levedura consiste em 3 etapas principais: 1 \u2192 Fermenta\u00e7\u00e3o 2 \u2192 Aut\u00f3lise 3 \u2192 Separa\u00e7\u00e3o. A Biospringer oferece solu\u00e7\u00f5es e servi\u00e7os para apoi\u00e1-lo no desenvolvimento de alimentos mais saborosos, saud\u00e1veis \u200b\u200be equilibrados.","robots":{"index":"index","follow":"follow","max-snippet":"max-snippet:-1","max-image-preview":"max-image-preview:large","max-video-preview":"max-video-preview:-1"},"canonical":"https:\/\/biospringer.com\/pt-br\/processo-produtivo\/","og_locale":"pt_BR","og_type":"article","og_title":"Processo produtivo","og_description":"A produ\u00e7\u00e3o do Extrato de Levedura consiste em 3 etapas principais: 1 \u2192 Fermenta\u00e7\u00e3o 2 \u2192 Aut\u00f3lise 3 \u2192 Separa\u00e7\u00e3o. A Biospringer oferece solu\u00e7\u00f5es e servi\u00e7os para apoi\u00e1-lo no desenvolvimento de alimentos mais saborosos, saud\u00e1veis \u200b\u200be equilibrados.","og_url":"https:\/\/biospringer.com\/pt-br\/processo-produtivo\/","og_site_name":"Biospringer","article_modified_time":"2026-02-20T09:04:00+00:00","twitter_card":"summary_large_image","twitter_misc":{"Est. tempo de leitura":"4 minutos"},"schema":{"@context":"https:\/\/schema.org","@graph":[{"@type":"WebPage","@id":"https:\/\/biospringer.com\/pt-br\/processo-produtivo\/","url":"https:\/\/biospringer.com\/pt-br\/processo-produtivo\/","name":"Produ\u00e7\u00e3o do processo: Como \u00e9 feito o extrato de levedura? | Biospringer","isPartOf":{"@id":"https:\/\/biospringer.com\/en\/#website"},"datePublished":"2018-06-12T06:59:14+00:00","dateModified":"2026-02-20T09:04:00+00:00","description":"A produ\u00e7\u00e3o do Extrato de Levedura consiste em 3 etapas principais: 1 \u2192 Fermenta\u00e7\u00e3o 2 \u2192 Aut\u00f3lise 3 \u2192 Separa\u00e7\u00e3o. A Biospringer oferece solu\u00e7\u00f5es e servi\u00e7os para apoi\u00e1-lo no desenvolvimento de alimentos mais saborosos, saud\u00e1veis \u200b\u200be equilibrados.","breadcrumb":{"@id":"https:\/\/biospringer.com\/pt-br\/processo-produtivo\/#breadcrumb"},"inLanguage":"pt-BR","potentialAction":[{"@type":"ReadAction","target":["https:\/\/biospringer.com\/pt-br\/processo-produtivo\/"]}]},{"@type":"BreadcrumbList","@id":"https:\/\/biospringer.com\/pt-br\/processo-produtivo\/#breadcrumb","itemListElement":[{"@type":"ListItem","position":1,"name":"Accueil","item":"https:\/\/biospringer.com\/pt-br\/"},{"@type":"ListItem","position":2,"name":"Processo produtivo"}]},{"@type":"WebSite","@id":"https:\/\/biospringer.com\/en\/#website","url":"https:\/\/biospringer.com\/en\/","name":"Biospringer","description":"Global yeast extract producer","publisher":{"@id":"https:\/\/biospringer.com\/en\/#organization"},"potentialAction":[{"@type":"SearchAction","target":{"@type":"EntryPoint","urlTemplate":"https:\/\/biospringer.com\/en\/?s={search_term_string}"},"query-input":{"@type":"PropertyValueSpecification","valueRequired":true,"valueName":"search_term_string"}}],"inLanguage":"pt-BR"},{"@type":"Organization","@id":"https:\/\/biospringer.com\/en\/#organization","name":"Biospringer by Lesaffre","url":"https:\/\/biospringer.com\/en\/","logo":{"@type":"ImageObject","inLanguage":"pt-BR","@id":"https:\/\/biospringer.com\/en\/#\/schema\/logo\/image\/","url":"https:\/\/biospringer.com\/wp-content\/uploads\/2019\/06\/logo-Biospringer.png","contentUrl":"https:\/\/biospringer.com\/wp-content\/uploads\/2019\/06\/logo-Biospringer.png","width":400,"height":100,"caption":"Biospringer by Lesaffre"},"image":{"@id":"https:\/\/biospringer.com\/en\/#\/schema\/logo\/image\/"},"sameAs":["https:\/\/fr.linkedin.com\/company\/biospringer","https:\/\/www.youtube.com\/channel\/UCIwlo39VHSwHryOBeg3w-rw"]}]}},"_links":{"self":[{"href":"https:\/\/biospringer.com\/pt-br\/wp-json\/wp\/v2\/pages\/26626","targetHints":{"allow":["GET"]}}],"collection":[{"href":"https:\/\/biospringer.com\/pt-br\/wp-json\/wp\/v2\/pages"}],"about":[{"href":"https:\/\/biospringer.com\/pt-br\/wp-json\/wp\/v2\/types\/page"}],"author":[{"embeddable":true,"href":"https:\/\/biospringer.com\/pt-br\/wp-json\/wp\/v2\/users\/1"}],"replies":[{"embeddable":true,"href":"https:\/\/biospringer.com\/pt-br\/wp-json\/wp\/v2\/comments?post=26626"}],"version-history":[{"count":0,"href":"https:\/\/biospringer.com\/pt-br\/wp-json\/wp\/v2\/pages\/26626\/revisions"}],"wp:attachment":[{"href":"https:\/\/biospringer.com\/pt-br\/wp-json\/wp\/v2\/media?parent=26626"}],"curies":[{"name":"wp","href":"https:\/\/api.w.org\/{rel}","templated":true}]}}