{"id":26622,"date":"2018-06-12T03:45:01","date_gmt":"2018-06-12T07:45:01","guid":{"rendered":"http:\/\/biospringer.kinsta.cloud\/explore-yeast-extract\/yeast-extract\/benefits-of-yeast-extract\/"},"modified":"2026-02-20T04:01:41","modified_gmt":"2026-02-20T09:01:41","slug":"explore-o-extrato-de-levedura-beneficios","status":"publish","type":"page","link":"https:\/\/biospringer.com\/pt-br\/explore-o-extrato-de-levedura-beneficios\/","title":{"rendered":"Benef\u00edcios do extrato de levedura"},"content":{"rendered":"<div class=\"wpb-content-wrapper\"><p>[vc_row css_animation=&#8221;&#8221; row_type=&#8221;row&#8221; use_row_as_full_screen_section=&#8221;no&#8221; type=&#8221;grid&#8221; angled_section=&#8221;no&#8221; text_align=&#8221;center&#8221; background_image_as_pattern=&#8221;without_pattern&#8221; z_index=&#8221;&#8221;][vc_column css=&#8221;.vc_custom_1462809083421{padding-top: 87px !important; padding-bottom: 56px !important;}&#8221;][vc_column_text]<\/p>\n<h2 style=\"text-align: center;\">Melhoria do sabor<\/h2>\n<p>[vc_separator type=&#8217;transparent&#8217; position=&#8217;center&#8217; color=&#8221; thickness=&#8221; up=&#8217;15&#8217; down=&#8217;15&#8217;]<\/p>\n<p style=\"text-align: center;\">A principal contribui\u00e7\u00e3o do extrato de levedura \u00e9 a melhoria do sabor. Inclusive, o extrato de levedura apresenta diversas notas de sabor, como notas vegetais, de carne, tostadas, grelhadas e muito mais!<\/p>\n<p>&nbsp;<\/p>\n<p style=\"text-align: center;\"><strong>Esses v\u00e1rios perfis arom\u00e1ticos oferecem infinitas possibilidades em uma s\u00e9rie de aplica\u00e7\u00f5es para alimentos e bebidas, salgados ou doces<\/strong>. O extrato de levedura tamb\u00e9m \u00e9 usado pelos consumidores como tempero ou pasta, principalmente na Gr\u00e3-Bretanha e na Austr\u00e1lia.<\/p>\n<p>&nbsp;<\/p>\n<p style=\"text-align: center;\">A composi\u00e7\u00e3o da levedura, especificamente rica em prote\u00ednas, amino\u00e1cidos e nucleot\u00eddeos, explica a diversidade de sabores e a intensidade do extrato de levedura. Essa diversidade e outras propriedades fazem do extrato de levedura um ingrediente valioso para a formula\u00e7\u00e3o de alimentos e bebidas mais saborosos.<\/p>\n<p style=\"text-align: center;\">Este \u00e9 o motivo pelo qual o extrato de levedura ir\u00e1:<\/p>\n<p style=\"text-align: center;\">\u2022 <strong>revelar o sabor<\/strong>, atuando como base de sabor, ideais para melhorar o sabor de sua formula\u00e7\u00e3o.<\/p>\n<p style=\"text-align: center;\">\u2022 <strong>conferir perman\u00eancia<\/strong>, gra\u00e7as ao gosto Umami, que acentua o impacto do sabor e d\u00e1 uma percep\u00e7\u00e3o prolongada de sabor. Al\u00e9m de ser \u00fatil para outras finalidades, como a redu\u00e7\u00e3o de sal, redu\u00e7\u00e3o de gordura ou para mascarar notas indesejadas.<\/p>\n<p style=\"text-align: center;\"><strong>\u2022 conferir personalidade, <\/strong>oferecendo notas espec\u00edficas de sabor com v\u00e1rios perfis arom\u00e1ticos, desde carne a frango ou at\u00e9 mesmo notas de queijo.<\/p>\n<p>[\/vc_column_text][\/vc_column][\/vc_row][vc_row css_animation=&#8221;element_from_left&#8221; row_type=&#8221;row&#8221; use_row_as_full_screen_section=&#8221;yes&#8221; type=&#8221;grid&#8221; angled_section=&#8221;no&#8221; text_align=&#8221;left&#8221; background_image_as_pattern=&#8221;without_pattern&#8221; el_class=&#8221;paddingOn&#8221; z_index=&#8221;&#8221; css=&#8221;.vc_custom_1528787403016{background-color: #e2e2e2 !important;}&#8221;][vc_column][vc_column_text]<\/p>\n<h3 style=\"text-align: center;\">Benef\u00edcios de formula\u00e7\u00f5es mais saud\u00e1veis<\/h3>\n<p>[\/vc_column_text][vc_separator type=&#8221;transparent&#8221; up=&#8221;20&#8243;][vc_column_text]Cientes do incontest\u00e1vel elo entre alimentos e sa\u00fade, os consumidores anseiam por produtos balanceados e nutritivos. Neste contexto, a redu\u00e7\u00e3o de sal, a\u00e7\u00facar e gordura se tornou o principal desafio para os fabricantes de alimentos.[\/vc_column_text][\/vc_column][vc_column width=&#8221;1\/3&#8243; css=&#8221;.vc_custom_1528790115420{padding-top: 15px !important;padding-bottom: 15px !important;}&#8221;][vc_column_text]<\/p>\n<h4 style=\"text-align: center;\">Redu\u00e7\u00e3o de sal<\/h4>\n<p>[vc_separator type=&#8217;small&#8217; position=&#8217;center&#8217; color=&#8221; thickness=&#8221; up=&#8217;10&#8217; down=&#8217;10&#8217;]<br \/>\nGra\u00e7as a seu intenso sabor natural, <strong>os extratos de levedura permitem que os fabricantes de alimentos reduzam o teor de s\u00f3dio em at\u00e9 30%,<\/strong> sem comprometer o sabor de seus produtos. O extrato de levedura intensifica a percep\u00e7\u00e3o do sal devido a seu acentuado gosto Umami e traz notas espec\u00edficas, garantindo mais sabor \u00e0 formula\u00e7\u00e3o. Logo, menos sal \u00e9 necess\u00e1rio. <a href=\"https:\/\/biospringer.com\/pt-br\/solucoes-de-origem-natural\/#sal\">Saiba mais&#8230;<\/a>[\/vc_column_text][\/vc_column][vc_column width=&#8221;1\/3&#8243; css=&#8221;.vc_custom_1528790120324{padding-top: 15px !important;padding-bottom: 15px !important;}&#8221;][vc_column_text]<\/p>\n<h4 style=\"text-align: center;\">Redu\u00e7\u00e3o de a\u00e7\u00facar<\/h4>\n<p>[vc_separator type=&#8217;small&#8217; position=&#8217;center&#8217; color=&#8221; thickness=&#8221; up=&#8217;10&#8217; down=&#8217;10&#8217;]<br \/>\n<strong>O extrato de levedura confere perman\u00eancia<\/strong> e intensifica algumas notas de sabor tostados e caramelizados (caramelo, chocolate, baunilha, caf\u00e9) que melhoram a percep\u00e7\u00e3o do doce. <strong>O uso do extrato de levedura permite a redu\u00e7\u00e3o do a\u00e7\u00facar em at\u00e9 30%<\/strong> sem comprometer a sensa\u00e7\u00e3o doce. Outro benef\u00edcio \u00e9 a capacidade de mascarar notas indesejadas trazidas pelos edulcorantes. <a href=\"https:\/\/biospringer.com\/pt-br\/solucoes-de-origem-natural\/#acucar\">Saiba mais&#8230;<\/a>[\/vc_column_text][\/vc_column][vc_column width=&#8221;1\/3&#8243; css=&#8221;.vc_custom_1528790125817{padding-top: 15px !important;padding-bottom: 15px !important;}&#8221;][vc_column_text]<\/p>\n<h4 style=\"text-align: center;\">Redu\u00e7\u00e3o de gordura<\/h4>\n<p>[vc_separator type=&#8217;small&#8217; position=&#8217;center&#8217; color=&#8221; thickness=&#8221; up=&#8217;10&#8217; down=&#8217;10&#8217;]<br \/>\nA gordura confere a uma formula\u00e7\u00e3o sabor e textura. <strong>Alguns extratos de levedura, ricos em pept\u00eddeos, garantem sensa\u00e7\u00f5es similares<\/strong>: uniformidade e perman\u00eancia, e permitem reduzir o teor de gordura em at\u00e9 30%, mantendo as propriedades organol\u00e9pticas intactas. <a href=\"https:\/\/biospringer.com\/pt-br\/solucoes-de-origem-natural\/#gordura\">Saiba mais&#8230;<\/a>[\/vc_column_text][\/vc_column][\/vc_row][vc_row css_animation=&#8221;&#8221; row_type=&#8221;row&#8221; use_row_as_full_screen_section=&#8221;no&#8221; type=&#8221;grid&#8221; angled_section=&#8221;no&#8221; text_align=&#8221;center&#8221; background_image_as_pattern=&#8221;without_pattern&#8221; z_index=&#8221;&#8221; el_class=&#8221;paddingOn&#8221;][vc_column width=&#8221;1\/3&#8243;][vc_column_text]<\/p>\n<h4 style=\"text-align: center;\">Linha Clean Label<\/h4>\n<p>[vc_separator type=&#8217;small&#8217; position=&#8217;center&#8217; color=&#8221; thickness=&#8221; up=&#8217;5&#8242; down=&#8217;5&#8242;]<\/p>\n<p><strong>O extrato de levedura \u00e9 um ingrediente de sabor natural, assim como as ervas e especiarias<\/strong>, e \u00e9 derivado da levedura fresca da panifica\u00e7\u00e3o ou de cervejaria. <strong>A intensidade e as propriedades de sabor do extrato de levedura permitem baixas dosagens<\/strong>, geralmente menos de 1% em uma formula\u00e7\u00e3o. O extrato de levedura n\u00e3o \u00e9 um aditivo e pode ser rotulado como \u201cextrato de levedura\u201d ou \u201caroma natural\u201d na Europa (regulamento 1334\/2008\/CE). <a href=\"https:\/\/biospringer.com\/pt-br\/solucoes-de-origem-natural\/#clean\"><strong>Saiba mais&#8230;<\/strong><\/a>[\/vc_column_text][\/vc_column][vc_column width=&#8221;1\/3&#8243;][vc_column_text]<\/p>\n<h4 style=\"text-align: center;\">Sem ingredientes de origem animal<\/h4>\n<p>[vc_separator type=&#8217;small&#8217; position=&#8217;center&#8217; color=&#8221; thickness=&#8221; up=&#8217;5&#8242; down=&#8217;5&#8242;]<\/p>\n<p><strong>O extrato de levedura \u00e9 um ingrediente de origem n\u00e3o animal, tornando-o muito interessante na formula\u00e7\u00e3o de produtos veganos e vegetarianos saborosos.<\/strong> O extrato de levedura pode ser usado como base de sabor, bem como para adicionar notas espec\u00edficas e trazer personalidade para a formula\u00e7\u00e3o. <a href=\"https:\/\/biospringer.com\/pt-br\/solucoes-de-origem-natural\/#vegano\"><strong>Saiba mais&#8230;<\/strong><\/a>[\/vc_column_text][\/vc_column][vc_column width=&#8221;1\/3&#8243;][vc_column_text]<\/p>\n<h4 style=\"text-align: center;\">Extrato de levedura e gl\u00faten<\/h4>\n<p>[vc_separator type=&#8217;small&#8217; position=&#8217;center&#8217; color=&#8221; thickness=&#8221; up=&#8217;5&#8242; down=&#8217;5&#8242;]<br \/>\n<strong>A Biospringer oferece duas origens de extrato de levedura: extratos de levedura de panifica\u00e7\u00e3o e de cervejaria<\/strong>. Em geral, os extratos de levedura de panifica\u00e7\u00e3o n\u00e3o cont\u00eam gl\u00faten, uma vez que n\u00e3o s\u00e3o utilizados derivados de gl\u00faten durante o processo de fabrica\u00e7\u00e3o. Entretanto, o extrato de levedura de cervejaria pode conter residual de gl\u00faten proveniente dos cereais utilizados na produ\u00e7\u00e3o de cerveja (como a cevada). A declara\u00e7\u00e3o de gl\u00faten e o status de n\u00e3o cont\u00e9m gl\u00faten dependem da regulamenta\u00e7\u00e3o local. Consulte a regulamenta\u00e7\u00e3o local.[\/vc_column_text][\/vc_column][\/vc_row][vc_row css_animation=&#8221;&#8221; row_type=&#8221;row&#8221; use_row_as_full_screen_section=&#8221;no&#8221; type=&#8221;full_width&#8221; angled_section=&#8221;no&#8221; text_align=&#8221;left&#8221; background_image_as_pattern=&#8221;without_pattern&#8221; z_index=&#8221;&#8221;][vc_column][vc_row_inner row_type=&#8221;row&#8221; type=&#8221;grid&#8221; text_align=&#8221;center&#8221; css_animation=&#8221;element_from_fade&#8221;][vc_column_inner][vc_column_text]<\/p>\n<h4 style=\"text-align: center;\">Voc\u00ea quer saber mais sobre nosso conhecimento em extrato de levedura?<\/h4>\n<p>[\/vc_column_text][vc_separator type=&#8221;transparent&#8221; up=&#8221;10&#8243; down=&#8221;10&#8243;][vc_raw_html css=&#8221;&#8221;]JTNDZGl2JTIwY2xhc3MlM0QlMjJsb3ZlcnMtYnRuLXdyYXAlMjIlM0UlMEElMjAlMjAlM0NhJTIwaHJlZiUzRCUyMiUyRnB0LWJyJTJGY29udGF0byUyRiUyMiUyMGNsYXNzJTNEJTIybG92ZXJzLWJ0biUyMiUzRSUwQSUyMCUyMCUyMCUyMENvbnRhdGUtTm9zJTBBJTIwJTIwJTNDJTJGYSUzRSUwQSUzQyUyRmRpdiUzRQ==[\/vc_raw_html][\/vc_column_inner][\/vc_row_inner][\/vc_column][\/vc_row]<\/p>\n<\/div>","protected":false},"excerpt":{"rendered":"<p>[vc_row css_animation=&#8221;&#8221; row_type=&#8221;row&#8221; use_row_as_full_screen_section=&#8221;no&#8221; type=&#8221;grid&#8221; angled_section=&#8221;no&#8221; text_align=&#8221;center&#8221; background_image_as_pattern=&#8221;without_pattern&#8221; z_index=&#8221;&#8221;][vc_column css=&#8221;.vc_custom_1462809083421{padding-top: 87px !important; padding-bottom: 56px !important;}&#8221;][vc_column_text] Melhoria do sabor [vc_separator type=&#8217;transparent&#8217; position=&#8217;center&#8217; color=&#8221; thickness=&#8221; up=&#8217;15&#8217; down=&#8217;15&#8217;] A principal contribui\u00e7\u00e3o do extrato de levedura \u00e9 a melhoria do sabor. Inclusive, o extrato de levedura apresenta diversas notas&#8230;<\/p>\n","protected":false},"author":1,"featured_media":0,"parent":0,"menu_order":0,"comment_status":"closed","ping_status":"closed","template":"full_width.php","meta":{"_acf_changed":false,"inline_featured_image":false,"footnotes":""},"class_list":["post-26622","page","type-page","status-publish","hentry"],"acf":[],"yoast_head":"<!-- This site is optimized with the Yoast SEO Premium plugin v26.1 (Yoast SEO v27.4) - https:\/\/yoast.com\/product\/yoast-seo-premium-wordpress\/ -->\n<title>Benef\u00edcios do extrato de levedura | Biospringer<\/title>\n<meta name=\"description\" content=\"O extrato de levedura oferece uma infinidade de benef\u00edcios, tornando-o um \u00f3timo ingrediente para desenvolver alimentos e bebidas indulgentes, saborosos e saud\u00e1veis.\" \/>\n<meta name=\"robots\" content=\"index, follow, max-snippet:-1, max-image-preview:large, max-video-preview:-1\" \/>\n<link rel=\"canonical\" href=\"https:\/\/biospringer.com\/pt-br\/explore-o-extrato-de-levedura-beneficios\/\" \/>\n<meta property=\"og:locale\" content=\"pt_BR\" \/>\n<meta property=\"og:type\" content=\"article\" \/>\n<meta property=\"og:title\" content=\"Benef\u00edcios do extrato de levedura\" \/>\n<meta property=\"og:description\" content=\"O extrato de levedura oferece uma infinidade de benef\u00edcios, tornando-o um \u00f3timo ingrediente para desenvolver alimentos e bebidas indulgentes, saborosos e saud\u00e1veis.\" \/>\n<meta property=\"og:url\" content=\"https:\/\/biospringer.com\/pt-br\/explore-o-extrato-de-levedura-beneficios\/\" \/>\n<meta property=\"og:site_name\" content=\"Biospringer\" \/>\n<meta property=\"article:modified_time\" content=\"2026-02-20T09:01:41+00:00\" \/>\n<meta name=\"twitter:card\" content=\"summary_large_image\" \/>\n<meta name=\"twitter:label1\" content=\"Est. tempo de leitura\" \/>\n\t<meta name=\"twitter:data1\" content=\"4 minutos\" \/>\n<script type=\"application\/ld+json\" class=\"yoast-schema-graph\">{\"@context\":\"https:\\\/\\\/schema.org\",\"@graph\":[{\"@type\":\"WebPage\",\"@id\":\"https:\\\/\\\/biospringer.com\\\/pt-br\\\/explore-o-extrato-de-levedura-beneficios\\\/\",\"url\":\"https:\\\/\\\/biospringer.com\\\/pt-br\\\/explore-o-extrato-de-levedura-beneficios\\\/\",\"name\":\"Benef\u00edcios do extrato de levedura | Biospringer\",\"isPartOf\":{\"@id\":\"https:\\\/\\\/biospringer.com\\\/en\\\/#website\"},\"datePublished\":\"2018-06-12T07:45:01+00:00\",\"dateModified\":\"2026-02-20T09:01:41+00:00\",\"description\":\"O extrato de levedura oferece uma infinidade de benef\u00edcios, tornando-o um \u00f3timo ingrediente para desenvolver alimentos e bebidas indulgentes, saborosos e saud\u00e1veis.\",\"breadcrumb\":{\"@id\":\"https:\\\/\\\/biospringer.com\\\/pt-br\\\/explore-o-extrato-de-levedura-beneficios\\\/#breadcrumb\"},\"inLanguage\":\"pt-BR\",\"potentialAction\":[{\"@type\":\"ReadAction\",\"target\":[\"https:\\\/\\\/biospringer.com\\\/pt-br\\\/explore-o-extrato-de-levedura-beneficios\\\/\"]}]},{\"@type\":\"BreadcrumbList\",\"@id\":\"https:\\\/\\\/biospringer.com\\\/pt-br\\\/explore-o-extrato-de-levedura-beneficios\\\/#breadcrumb\",\"itemListElement\":[{\"@type\":\"ListItem\",\"position\":1,\"name\":\"Accueil\",\"item\":\"https:\\\/\\\/biospringer.com\\\/pt-br\\\/\"},{\"@type\":\"ListItem\",\"position\":2,\"name\":\"Benef\u00edcios do extrato de levedura\"}]},{\"@type\":\"WebSite\",\"@id\":\"https:\\\/\\\/biospringer.com\\\/en\\\/#website\",\"url\":\"https:\\\/\\\/biospringer.com\\\/en\\\/\",\"name\":\"Biospringer\",\"description\":\"Global yeast extract producer\",\"publisher\":{\"@id\":\"https:\\\/\\\/biospringer.com\\\/en\\\/#organization\"},\"potentialAction\":[{\"@type\":\"SearchAction\",\"target\":{\"@type\":\"EntryPoint\",\"urlTemplate\":\"https:\\\/\\\/biospringer.com\\\/en\\\/?s={search_term_string}\"},\"query-input\":{\"@type\":\"PropertyValueSpecification\",\"valueRequired\":true,\"valueName\":\"search_term_string\"}}],\"inLanguage\":\"pt-BR\"},{\"@type\":\"Organization\",\"@id\":\"https:\\\/\\\/biospringer.com\\\/en\\\/#organization\",\"name\":\"Biospringer by Lesaffre\",\"url\":\"https:\\\/\\\/biospringer.com\\\/en\\\/\",\"logo\":{\"@type\":\"ImageObject\",\"inLanguage\":\"pt-BR\",\"@id\":\"https:\\\/\\\/biospringer.com\\\/en\\\/#\\\/schema\\\/logo\\\/image\\\/\",\"url\":\"https:\\\/\\\/biospringer.com\\\/wp-content\\\/uploads\\\/2019\\\/06\\\/logo-Biospringer.png\",\"contentUrl\":\"https:\\\/\\\/biospringer.com\\\/wp-content\\\/uploads\\\/2019\\\/06\\\/logo-Biospringer.png\",\"width\":400,\"height\":100,\"caption\":\"Biospringer by Lesaffre\"},\"image\":{\"@id\":\"https:\\\/\\\/biospringer.com\\\/en\\\/#\\\/schema\\\/logo\\\/image\\\/\"},\"sameAs\":[\"https:\\\/\\\/fr.linkedin.com\\\/company\\\/biospringer\",\"https:\\\/\\\/www.youtube.com\\\/channel\\\/UCIwlo39VHSwHryOBeg3w-rw\"]}]}<\/script>\n<!-- \/ Yoast SEO Premium plugin. -->","yoast_head_json":{"title":"Benef\u00edcios do extrato de levedura | Biospringer","description":"O extrato de levedura oferece uma infinidade de benef\u00edcios, tornando-o um \u00f3timo ingrediente para desenvolver alimentos e bebidas indulgentes, saborosos e saud\u00e1veis.","robots":{"index":"index","follow":"follow","max-snippet":"max-snippet:-1","max-image-preview":"max-image-preview:large","max-video-preview":"max-video-preview:-1"},"canonical":"https:\/\/biospringer.com\/pt-br\/explore-o-extrato-de-levedura-beneficios\/","og_locale":"pt_BR","og_type":"article","og_title":"Benef\u00edcios do extrato de levedura","og_description":"O extrato de levedura oferece uma infinidade de benef\u00edcios, tornando-o um \u00f3timo ingrediente para desenvolver alimentos e bebidas indulgentes, saborosos e saud\u00e1veis.","og_url":"https:\/\/biospringer.com\/pt-br\/explore-o-extrato-de-levedura-beneficios\/","og_site_name":"Biospringer","article_modified_time":"2026-02-20T09:01:41+00:00","twitter_card":"summary_large_image","twitter_misc":{"Est. tempo de leitura":"4 minutos"},"schema":{"@context":"https:\/\/schema.org","@graph":[{"@type":"WebPage","@id":"https:\/\/biospringer.com\/pt-br\/explore-o-extrato-de-levedura-beneficios\/","url":"https:\/\/biospringer.com\/pt-br\/explore-o-extrato-de-levedura-beneficios\/","name":"Benef\u00edcios do extrato de levedura | Biospringer","isPartOf":{"@id":"https:\/\/biospringer.com\/en\/#website"},"datePublished":"2018-06-12T07:45:01+00:00","dateModified":"2026-02-20T09:01:41+00:00","description":"O extrato de levedura oferece uma infinidade de benef\u00edcios, tornando-o um \u00f3timo ingrediente para desenvolver alimentos e bebidas indulgentes, saborosos e saud\u00e1veis.","breadcrumb":{"@id":"https:\/\/biospringer.com\/pt-br\/explore-o-extrato-de-levedura-beneficios\/#breadcrumb"},"inLanguage":"pt-BR","potentialAction":[{"@type":"ReadAction","target":["https:\/\/biospringer.com\/pt-br\/explore-o-extrato-de-levedura-beneficios\/"]}]},{"@type":"BreadcrumbList","@id":"https:\/\/biospringer.com\/pt-br\/explore-o-extrato-de-levedura-beneficios\/#breadcrumb","itemListElement":[{"@type":"ListItem","position":1,"name":"Accueil","item":"https:\/\/biospringer.com\/pt-br\/"},{"@type":"ListItem","position":2,"name":"Benef\u00edcios do extrato de levedura"}]},{"@type":"WebSite","@id":"https:\/\/biospringer.com\/en\/#website","url":"https:\/\/biospringer.com\/en\/","name":"Biospringer","description":"Global yeast extract producer","publisher":{"@id":"https:\/\/biospringer.com\/en\/#organization"},"potentialAction":[{"@type":"SearchAction","target":{"@type":"EntryPoint","urlTemplate":"https:\/\/biospringer.com\/en\/?s={search_term_string}"},"query-input":{"@type":"PropertyValueSpecification","valueRequired":true,"valueName":"search_term_string"}}],"inLanguage":"pt-BR"},{"@type":"Organization","@id":"https:\/\/biospringer.com\/en\/#organization","name":"Biospringer by Lesaffre","url":"https:\/\/biospringer.com\/en\/","logo":{"@type":"ImageObject","inLanguage":"pt-BR","@id":"https:\/\/biospringer.com\/en\/#\/schema\/logo\/image\/","url":"https:\/\/biospringer.com\/wp-content\/uploads\/2019\/06\/logo-Biospringer.png","contentUrl":"https:\/\/biospringer.com\/wp-content\/uploads\/2019\/06\/logo-Biospringer.png","width":400,"height":100,"caption":"Biospringer by Lesaffre"},"image":{"@id":"https:\/\/biospringer.com\/en\/#\/schema\/logo\/image\/"},"sameAs":["https:\/\/fr.linkedin.com\/company\/biospringer","https:\/\/www.youtube.com\/channel\/UCIwlo39VHSwHryOBeg3w-rw"]}]}},"_links":{"self":[{"href":"https:\/\/biospringer.com\/pt-br\/wp-json\/wp\/v2\/pages\/26622","targetHints":{"allow":["GET"]}}],"collection":[{"href":"https:\/\/biospringer.com\/pt-br\/wp-json\/wp\/v2\/pages"}],"about":[{"href":"https:\/\/biospringer.com\/pt-br\/wp-json\/wp\/v2\/types\/page"}],"author":[{"embeddable":true,"href":"https:\/\/biospringer.com\/pt-br\/wp-json\/wp\/v2\/users\/1"}],"replies":[{"embeddable":true,"href":"https:\/\/biospringer.com\/pt-br\/wp-json\/wp\/v2\/comments?post=26622"}],"version-history":[{"count":0,"href":"https:\/\/biospringer.com\/pt-br\/wp-json\/wp\/v2\/pages\/26622\/revisions"}],"wp:attachment":[{"href":"https:\/\/biospringer.com\/pt-br\/wp-json\/wp\/v2\/media?parent=26622"}],"curies":[{"name":"wp","href":"https:\/\/api.w.org\/{rel}","templated":true}]}}