{"id":26354,"date":"2018-06-07T10:24:45","date_gmt":"2018-06-07T14:24:45","guid":{"rendered":"http:\/\/biospringer.kinsta.cloud\/career\/"},"modified":"2026-02-26T03:32:26","modified_gmt":"2026-02-26T08:32:26","slug":"carreira","status":"publish","type":"page","link":"https:\/\/biospringer.com\/pt-br\/carreira\/","title":{"rendered":"Carreira"},"content":{"rendered":"<div class=\"wpb-content-wrapper\"><p>[vc_row css_animation=&#8221;&#8221; row_type=&#8221;row&#8221; use_row_as_full_screen_section=&#8221;no&#8221; type=&#8221;grid&#8221; angled_section=&#8221;no&#8221; text_align=&#8221;center&#8221; background_image_as_pattern=&#8221;without_pattern&#8221; z_index=&#8221;&#8221;][vc_column css=&#8221;.vc_custom_1462809083421{padding-top: 87px !important; padding-bottom: 56px !important;}&#8221;][vc_column_text css=&#8221;.vc_custom_1772094699247{padding-right: 20% !important;padding-left: 20% !important;}&#8221;]<\/p>\n<h1 style=\"text-align: center; color: #fdae00;\">Carreiras na Biospringer e na Lesaffre<\/h1>\n<p style=\"text-align: center;\">[vc_separator type=&#8217;transparent&#8217; position=&#8217;center&#8217; color=&#8221; thickness=&#8221; up=&#8217;15&#8217; down=&#8217;15&#8217;]<\/p>\n<p style=\"text-align: center;\"><strong>A Biospringer, empresa internacional de ingredientes aliment\u00edcios, incentiva o envolvimento de todos os talentos da empresa na implanta\u00e7\u00e3o de nossa estrat\u00e9gia.<\/strong><\/p>\n<p>[\/vc_column_text][\/vc_column][vc_column width=&#8221;1\/2&#8243;][vc_column_text]<\/p>\n<p style=\"text-align: left;\">Nossos funcion\u00e1rios s\u00e3o a for\u00e7a que nos move. Valorizamos esp\u00edritos empreendedores, mentes inovadoras, comunica\u00e7\u00e3o e trabalho em equipe.<\/p>\n<p>&nbsp;<\/p>\n<p style=\"text-align: left;\">Se quiser juntar-se a n\u00f3s, consulte as nossas ofertas de emprego em todo o mundo:<\/p>\n<h4 style=\"text-align: left;\">&gt; <a href=\"https:\/\/recruiting.ultipro.com\/LES1000\/JobBoard\/c55682d6-ddce-4b04-b8dc-ee148d8fe69b\/?q=&amp;o=postedDateDesc\" target=\"_blank\" rel=\"noopener\">Biospringer North America Openings<\/a><\/h4>\n<p>&nbsp;<\/p>\n<p style=\"text-align: left;\">Para motivar as pessoas, das mais variadas origens, que comp\u00f5em as equipes da Biospringer, implementamos ferramentas eficientes para o gerenciamento de recursos humanos:<\/p>\n<ul style=\"text-align: left;\">\n<li>Envolvimento ativo em diferentes projetos<\/li>\n<li>Revis\u00f5es anuais<\/li>\n<li>Sess\u00f5es de treinamento<\/li>\n<li>Oportunidades de crescimento e desenvolvimento na Biospringer e\/ou na <strong><a href=\"https:\/\/www.lesaffre.com\/jobs\/\" target=\"_blank\" rel=\"noopener noreferrer\">Lesaffre<\/a><\/strong><\/li>\n<\/ul>\n<p>[\/vc_column_text][\/vc_column][vc_column width=&#8221;1\/2&#8243;][vc_single_image image=&#8221;26355&#8243; img_size=&#8221;full&#8221; qode_css_animation=&#8221;&#8221;][\/vc_column][\/vc_row][vc_row css_animation=&#8221;&#8221; row_type=&#8221;row&#8221; use_row_as_full_screen_section=&#8221;yes&#8221; type=&#8221;grid&#8221; angled_section=&#8221;no&#8221; text_align=&#8221;left&#8221; background_image_as_pattern=&#8221;without_pattern&#8221; css=&#8221;.vc_custom_1700838868364{padding-top: 3% !important;padding-bottom: 3% !important;}&#8221; z_index=&#8221;&#8221;][vc_column][vc_raw_html]JTVCc21hcnRfcmVjcnVpdGVyX3BsdWdpbiUyMGxhbmd1YWdlX2NvZGUlM0QlMjJlbiUyMiUyMGJyYW5kJTNEJTIyQmlvc3ByaW5nZXIlMjIlNUQ=[\/vc_raw_html][\/vc_column][\/vc_row][vc_row css_animation=&#8221;&#8221; row_type=&#8221;row&#8221; use_row_as_full_screen_section=&#8221;no&#8221; type=&#8221;grid&#8221; angled_section=&#8221;no&#8221; text_align=&#8221;center&#8221; background_image=&#8221;41586&#8243; background_image_as_pattern=&#8221;without_pattern&#8221; css=&#8221;.vc_custom_1772094733217{padding-top: 2% !important;padding-bottom: 2% !important;background-color: #EFEFEF !important;}&#8221; z_index=&#8221;&#8221;][vc_column css=&#8221;.vc_custom_1700838266705{padding-right: 2% !important;padding-left: 2% !important;}&#8221;][vc_column_text css=&#8221;&#8221;]<\/p>\n<h2 style=\"color: #fdae00;\">N\u00e3o consegue encontrar uma oferta que corresponda ao seu perfil?<\/h2>\n<p>[vc_separator type=&#8217;transparent&#8217; position=&#8217;center&#8217; color=&#8221; thickness=&#8221; up=&#8217;15&#8217; down=&#8217;15&#8217;]<br \/>\n<strong>Estamos sempre em busca de novos talentos!<br \/>\nEnvie-nos uma candidatura n\u00e3o solicitada.<\/strong>[\/vc_column_text][vc_separator type=&#8221;transparent&#8221; up=&#8221;15&#8243; down=&#8221;15&#8243;]<a  itemprop=\"url\" href=\"https:\/\/smrtr.io\/hbPTJ\" target=\"_blank\" data-hover-background-color=#86bc25 data-hover-border-color=#ffffff data-hover-color=#ffffff class=\"qbutton  default\" style=\"color: #ffffff; border-color: #86bc25; border-radius: 5px;-moz-border-radius: 5px;-webkit-border-radius: 5px; background-color: #86bc25;\">APLICA\u00c7\u00c3O N\u00c3O SOLICITADA<i class=\"qode_icon_font_awesome fa fa-angle-right qode_button_icon_element\" style=\"\" ><\/i><\/a>[\/vc_column][\/vc_row][vc_row css_animation=&#8221;&#8221; row_type=&#8221;row&#8221; use_row_as_full_screen_section=&#8221;yes&#8221; type=&#8221;grid&#8221; angled_section=&#8221;no&#8221; text_align=&#8221;center&#8221; background_image_as_pattern=&#8221;without_pattern&#8221; z_index=&#8221;&#8221; css=&#8221;.vc_custom_1700838701924{padding-top: 3% !important;padding-bottom: 3% !important;}&#8221;][vc_column][vc_column_text css=&#8221;&#8221;]<\/p>\n<h2 style=\"color: #fdae00;\">ALERTA DE EMPREGO<\/h2>\n<p>&nbsp;<\/p>\n<p><strong>Quando voc\u00ea tem unidades em mais de 50 pa\u00edses, novas oportunidades n\u00e3o faltam!<br \/>\nInscreva-se em nosso Alerta de Emprego para ter certeza de n\u00e3o perder nenhuma de nossas ofertas de emprego.<\/strong>[\/vc_column_text][vc_separator type=&#8221;transparent&#8221; up=&#8221;15&#8243; down=&#8221;15&#8243;][vc_raw_html]JTNDZGl2JTIwaWQlM0QlMjJzci1wbHVnaW5zJTIyJTBBJTIwJTIwZGF0YS1jb25maWd1cmF0aW9uLWlkJTNEJTIyOTI2MzFGRUEtRUY3Ri00QTJELTlBNjItRUI3NEFGQkJFNUVCJTIyJTBBJTIwJTIwZGF0YS1iZyUzRCUyMjhBN0I2MCUyMiUwQSUyMCUyMGRhdGEtbGFuZyUzRCUyMnB0JTIyJTIwJTBBJTIwJTIwZGF0YS1jb21wYW55LWlkZW50aWZpZXIlM0QlMjJMZXNhZmZyZSUyMiUwQSUzRSUwQSUzQyUyRmRpdiUzRSUwQSUzQ3NjcmlwdCUzRSUyOGZ1bmN0aW9uJTI4ZCUyQyUyMHMlMkMlMjBpZCUyOSUyMCU3QiUwQSUyMCUyMHZhciUyMGpzJTJDJTIwZmpzJTIwJTNEJTIwZC5nZXRFbGVtZW50c0J5VGFnTmFtZSUyOHMlMjklNUIwJTVEJTNCJTBBJTIwJTIwaWYlMjAlMjhkLmdldEVsZW1lbnRCeUlkJTI4aWQlMjklMjklMjByZXR1cm4lM0IlMEElMjAlMjBqcyUyMCUzRCUyMGQuY3JlYXRlRWxlbWVudCUyOHMlMjklM0IlMjBqcy5pZCUyMCUzRCUyMGlkJTNCJTBBJTIwJTIwanMuc3JjJTIwJTNEJTIwJTIyaHR0cHMlM0ElMkYlMkZzdWJzY3JpcHRpb25zLnNtYXJ0cmVjcnVpdGVycy5jb20lMkZ3aWRnZXQlMkZ2MSUyRnNyLWpvYi1hbGVydHMuanMlM0ZkY3JfY2klM0RMZXNhZmZyZSUyMiUzQiUwQSUyMCUyMGZqcy5wYXJlbnROb2RlLmluc2VydEJlZm9yZSUyOGpzJTJDJTIwZmpzJTI5JTNCJTBBJTIwJTIwJTdEJTI4ZG9jdW1lbnQlMkMlMjAlMjdzY3JpcHQlMjclMkMlMjAlMjdzci1qc3BsdWdpbnMlMjclMjklMjklM0IlMEElM0MlMkZzY3JpcHQlM0U=[\/vc_raw_html][vc_raw_html]JTNDZGl2JTIwaWQlM0QlMjJzci1hbGVydC1idXR0b24lMjIlMjBjbGFzcyUzRCUyMmNlbnRlcmVkLWJ1dHRvbiUyMiUyMGRhdGEtdHlwZSUzRCUyMlNJTVBMRSUyMiUzRSUzQyUyRmRpdiUzRQ==[\/vc_raw_html][\/vc_column][\/vc_row]<\/p>\n<\/div>","protected":false},"excerpt":{"rendered":"<p>[vc_row css_animation=&#8221;&#8221; row_type=&#8221;row&#8221; use_row_as_full_screen_section=&#8221;no&#8221; type=&#8221;grid&#8221; angled_section=&#8221;no&#8221; text_align=&#8221;center&#8221; background_image_as_pattern=&#8221;without_pattern&#8221; z_index=&#8221;&#8221;][vc_column css=&#8221;.vc_custom_1462809083421{padding-top: 87px !important; padding-bottom: 56px !important;}&#8221;][vc_column_text css=&#8221;.vc_custom_1772094699247{padding-right: 20% !important;padding-left: 20% !important;}&#8221;] Carreiras na Biospringer e na Lesaffre [vc_separator type=&#8217;transparent&#8217; position=&#8217;center&#8217; color=&#8221; thickness=&#8221; up=&#8217;15&#8217; down=&#8217;15&#8217;] A Biospringer, empresa internacional de ingredientes aliment\u00edcios, incentiva o envolvimento de todos&#8230;<\/p>\n","protected":false},"author":1,"featured_media":0,"parent":0,"menu_order":0,"comment_status":"closed","ping_status":"closed","template":"full_width.php","meta":{"_acf_changed":false,"inline_featured_image":false,"footnotes":""},"class_list":["post-26354","page","type-page","status-publish","hentry"],"acf":[],"yoast_head":"<!-- This site is optimized with the Yoast SEO Premium plugin v26.1 (Yoast SEO v27.3) - https:\/\/yoast.com\/product\/yoast-seo-premium-wordpress\/ -->\n<title>Careers | Join Biospringer<\/title>\n<meta name=\"description\" content=\"Realize seu potencial e junte-se \u00e0 Biospringer e ao Grupo Lesaffre onde desafios emocionantes o aguardam.\" \/>\n<meta name=\"robots\" content=\"index, follow, max-snippet:-1, max-image-preview:large, max-video-preview:-1\" \/>\n<link rel=\"canonical\" href=\"https:\/\/biospringer.com\/pt-br\/carreira\/\" \/>\n<meta property=\"og:locale\" content=\"pt_BR\" \/>\n<meta property=\"og:type\" content=\"article\" \/>\n<meta property=\"og:title\" content=\"Carreira\" \/>\n<meta property=\"og:description\" content=\"Realize seu potencial e junte-se \u00e0 Biospringer e ao Grupo Lesaffre onde desafios emocionantes o aguardam.\" \/>\n<meta property=\"og:url\" content=\"https:\/\/biospringer.com\/pt-br\/carreira\/\" \/>\n<meta property=\"og:site_name\" content=\"Biospringer\" \/>\n<meta property=\"article:modified_time\" content=\"2026-02-26T08:32:26+00:00\" \/>\n<meta name=\"twitter:card\" content=\"summary_large_image\" \/>\n<meta name=\"twitter:label1\" content=\"Est. tempo de leitura\" \/>\n\t<meta name=\"twitter:data1\" content=\"2 minutos\" \/>\n<script type=\"application\/ld+json\" class=\"yoast-schema-graph\">{\"@context\":\"https:\\\/\\\/schema.org\",\"@graph\":[{\"@type\":\"WebPage\",\"@id\":\"https:\\\/\\\/biospringer.com\\\/pt-br\\\/carreira\\\/\",\"url\":\"https:\\\/\\\/biospringer.com\\\/pt-br\\\/carreira\\\/\",\"name\":\"Careers | Join Biospringer\",\"isPartOf\":{\"@id\":\"https:\\\/\\\/biospringer.com\\\/en\\\/#website\"},\"datePublished\":\"2018-06-07T14:24:45+00:00\",\"dateModified\":\"2026-02-26T08:32:26+00:00\",\"description\":\"Realize seu potencial e junte-se \u00e0 Biospringer e ao Grupo Lesaffre onde desafios emocionantes o aguardam.\",\"breadcrumb\":{\"@id\":\"https:\\\/\\\/biospringer.com\\\/pt-br\\\/carreira\\\/#breadcrumb\"},\"inLanguage\":\"pt-BR\",\"potentialAction\":[{\"@type\":\"ReadAction\",\"target\":[\"https:\\\/\\\/biospringer.com\\\/pt-br\\\/carreira\\\/\"]}]},{\"@type\":\"BreadcrumbList\",\"@id\":\"https:\\\/\\\/biospringer.com\\\/pt-br\\\/carreira\\\/#breadcrumb\",\"itemListElement\":[{\"@type\":\"ListItem\",\"position\":1,\"name\":\"Accueil\",\"item\":\"https:\\\/\\\/biospringer.com\\\/pt-br\\\/\"},{\"@type\":\"ListItem\",\"position\":2,\"name\":\"Carreira\"}]},{\"@type\":\"WebSite\",\"@id\":\"https:\\\/\\\/biospringer.com\\\/en\\\/#website\",\"url\":\"https:\\\/\\\/biospringer.com\\\/en\\\/\",\"name\":\"Biospringer\",\"description\":\"Global yeast extract producer\",\"publisher\":{\"@id\":\"https:\\\/\\\/biospringer.com\\\/en\\\/#organization\"},\"potentialAction\":[{\"@type\":\"SearchAction\",\"target\":{\"@type\":\"EntryPoint\",\"urlTemplate\":\"https:\\\/\\\/biospringer.com\\\/en\\\/?s={search_term_string}\"},\"query-input\":{\"@type\":\"PropertyValueSpecification\",\"valueRequired\":true,\"valueName\":\"search_term_string\"}}],\"inLanguage\":\"pt-BR\"},{\"@type\":\"Organization\",\"@id\":\"https:\\\/\\\/biospringer.com\\\/en\\\/#organization\",\"name\":\"Biospringer by Lesaffre\",\"url\":\"https:\\\/\\\/biospringer.com\\\/en\\\/\",\"logo\":{\"@type\":\"ImageObject\",\"inLanguage\":\"pt-BR\",\"@id\":\"https:\\\/\\\/biospringer.com\\\/en\\\/#\\\/schema\\\/logo\\\/image\\\/\",\"url\":\"https:\\\/\\\/biospringer.com\\\/wp-content\\\/uploads\\\/2019\\\/06\\\/logo-Biospringer.png\",\"contentUrl\":\"https:\\\/\\\/biospringer.com\\\/wp-content\\\/uploads\\\/2019\\\/06\\\/logo-Biospringer.png\",\"width\":400,\"height\":100,\"caption\":\"Biospringer by Lesaffre\"},\"image\":{\"@id\":\"https:\\\/\\\/biospringer.com\\\/en\\\/#\\\/schema\\\/logo\\\/image\\\/\"},\"sameAs\":[\"https:\\\/\\\/fr.linkedin.com\\\/company\\\/biospringer\",\"https:\\\/\\\/www.youtube.com\\\/channel\\\/UCIwlo39VHSwHryOBeg3w-rw\"]}]}<\/script>\n<!-- \/ Yoast SEO Premium plugin. -->","yoast_head_json":{"title":"Careers | Join Biospringer","description":"Realize seu potencial e junte-se \u00e0 Biospringer e ao Grupo Lesaffre onde desafios emocionantes o aguardam.","robots":{"index":"index","follow":"follow","max-snippet":"max-snippet:-1","max-image-preview":"max-image-preview:large","max-video-preview":"max-video-preview:-1"},"canonical":"https:\/\/biospringer.com\/pt-br\/carreira\/","og_locale":"pt_BR","og_type":"article","og_title":"Carreira","og_description":"Realize seu potencial e junte-se \u00e0 Biospringer e ao Grupo Lesaffre onde desafios emocionantes o aguardam.","og_url":"https:\/\/biospringer.com\/pt-br\/carreira\/","og_site_name":"Biospringer","article_modified_time":"2026-02-26T08:32:26+00:00","twitter_card":"summary_large_image","twitter_misc":{"Est. tempo de leitura":"2 minutos"},"schema":{"@context":"https:\/\/schema.org","@graph":[{"@type":"WebPage","@id":"https:\/\/biospringer.com\/pt-br\/carreira\/","url":"https:\/\/biospringer.com\/pt-br\/carreira\/","name":"Careers | Join Biospringer","isPartOf":{"@id":"https:\/\/biospringer.com\/en\/#website"},"datePublished":"2018-06-07T14:24:45+00:00","dateModified":"2026-02-26T08:32:26+00:00","description":"Realize seu potencial e junte-se \u00e0 Biospringer e ao Grupo Lesaffre onde desafios emocionantes o aguardam.","breadcrumb":{"@id":"https:\/\/biospringer.com\/pt-br\/carreira\/#breadcrumb"},"inLanguage":"pt-BR","potentialAction":[{"@type":"ReadAction","target":["https:\/\/biospringer.com\/pt-br\/carreira\/"]}]},{"@type":"BreadcrumbList","@id":"https:\/\/biospringer.com\/pt-br\/carreira\/#breadcrumb","itemListElement":[{"@type":"ListItem","position":1,"name":"Accueil","item":"https:\/\/biospringer.com\/pt-br\/"},{"@type":"ListItem","position":2,"name":"Carreira"}]},{"@type":"WebSite","@id":"https:\/\/biospringer.com\/en\/#website","url":"https:\/\/biospringer.com\/en\/","name":"Biospringer","description":"Global yeast extract producer","publisher":{"@id":"https:\/\/biospringer.com\/en\/#organization"},"potentialAction":[{"@type":"SearchAction","target":{"@type":"EntryPoint","urlTemplate":"https:\/\/biospringer.com\/en\/?s={search_term_string}"},"query-input":{"@type":"PropertyValueSpecification","valueRequired":true,"valueName":"search_term_string"}}],"inLanguage":"pt-BR"},{"@type":"Organization","@id":"https:\/\/biospringer.com\/en\/#organization","name":"Biospringer by Lesaffre","url":"https:\/\/biospringer.com\/en\/","logo":{"@type":"ImageObject","inLanguage":"pt-BR","@id":"https:\/\/biospringer.com\/en\/#\/schema\/logo\/image\/","url":"https:\/\/biospringer.com\/wp-content\/uploads\/2019\/06\/logo-Biospringer.png","contentUrl":"https:\/\/biospringer.com\/wp-content\/uploads\/2019\/06\/logo-Biospringer.png","width":400,"height":100,"caption":"Biospringer by Lesaffre"},"image":{"@id":"https:\/\/biospringer.com\/en\/#\/schema\/logo\/image\/"},"sameAs":["https:\/\/fr.linkedin.com\/company\/biospringer","https:\/\/www.youtube.com\/channel\/UCIwlo39VHSwHryOBeg3w-rw"]}]}},"_links":{"self":[{"href":"https:\/\/biospringer.com\/pt-br\/wp-json\/wp\/v2\/pages\/26354","targetHints":{"allow":["GET"]}}],"collection":[{"href":"https:\/\/biospringer.com\/pt-br\/wp-json\/wp\/v2\/pages"}],"about":[{"href":"https:\/\/biospringer.com\/pt-br\/wp-json\/wp\/v2\/types\/page"}],"author":[{"embeddable":true,"href":"https:\/\/biospringer.com\/pt-br\/wp-json\/wp\/v2\/users\/1"}],"replies":[{"embeddable":true,"href":"https:\/\/biospringer.com\/pt-br\/wp-json\/wp\/v2\/comments?post=26354"}],"version-history":[{"count":0,"href":"https:\/\/biospringer.com\/pt-br\/wp-json\/wp\/v2\/pages\/26354\/revisions"}],"wp:attachment":[{"href":"https:\/\/biospringer.com\/pt-br\/wp-json\/wp\/v2\/media?parent=26354"}],"curies":[{"name":"wp","href":"https:\/\/api.w.org\/{rel}","templated":true}]}}