{"id":44316,"date":"2026-02-19T03:28:25","date_gmt":"2026-02-19T08:28:25","guid":{"rendered":"https:\/\/biospringer.com\/?page_id=44316"},"modified":"2026-02-25T11:55:35","modified_gmt":"2026-02-25T16:55:35","slug":"l-extrait-de-levure","status":"publish","type":"page","link":"https:\/\/biospringer.com\/fr\/l-extrait-de-levure\/","title":{"rendered":"D\u00e9couvrez l\u2019extrait de levure"},"content":{"rendered":"<div class=\"wpb-content-wrapper\"><p>[vc_row css_animation=\u00a0\u00bb\u00a0\u00bb row_type=\u00a0\u00bbrow\u00a0\u00bb use_row_as_full_screen_section=\u00a0\u00bbno\u00a0\u00bb type=\u00a0\u00bbgrid\u00a0\u00bb angled_section=\u00a0\u00bbno\u00a0\u00bb text_align=\u00a0\u00bbcenter\u00a0\u00bb background_image_as_pattern=\u00a0\u00bbwithout_pattern\u00a0\u00bb z_index=\u00a0\u00bb\u00a0\u00bb][vc_column css=\u00a0\u00bb.vc_custom_1462809083421{padding-top: 87px !important; padding-bottom: 56px !important;}\u00a0\u00bb][vc_column_text]<\/p>\n<h2 style=\"text-align: center;\">Qu\u2019est-ce que l\u2019extrait de levure ?<\/h2>\n<p>[vc_separator type=&rsquo;transparent&rsquo; position=&rsquo;center&rsquo; color=\u00a0\u00bb thickness=\u00a0\u00bb up=&rsquo;15&rsquo; down=&rsquo;15&rsquo;]<\/p>\n<p style=\"text-align: center;\">L\u2019extrait de levure est un ingr\u00e9dient d\u2019origine naturelle d\u00e9riv\u00e9 de levures fra\u00eeches. La levure est un microorganisme unicellulaire appartenant \u00e0 la famille des champignons, pr\u00e9sent dans la nature depuis des millions d\u2019ann\u00e9es. Cette m\u00eame levure est utilis\u00e9e dans la production du pain, du vin et de la bi\u00e8re.<\/p>\n<p>&nbsp;<\/p>\n<p style=\"text-align: center;\">L\u2019int\u00e9r\u00eat pour la levure en tant qu\u2019ingr\u00e9dient aromatique destin\u00e9 \u00e0 am\u00e9liorer le go\u00fbt des aliments est apparu au d\u00e9but du 20e si\u00e8cle, puis a \u00e9t\u00e9 introduit sur le march\u00e9 dans les ann\u00e9es 50.<\/p>\n<p>&nbsp;<\/p>\n<p style=\"text-align: center;\">Comme les herbes et les \u00e9pices, l\u2019extrait de levure est utilis\u00e9 par les entreprises agroalimentaires et les restaurants comme ingr\u00e9dient aromatique servant \u00e0 concevoir des recettes d\u2019aliments et de boissons plus savoureuses. Il est \u00e9galement employ\u00e9 dans diverses applications, telles que les soupes et les sauces, les assaisonnements et les snacks, mais aussi dans les plats pr\u00e9par\u00e9s, les viandes et bien d\u2019autres.<\/p>\n<p>[\/vc_column_text][vc_separator type=\u00a0\u00bbsmall\u00a0\u00bb position=\u00a0\u00bbcenter\u00a0\u00bb up=\u00a0\u00bb15&Prime;][\/vc_column][\/vc_row][vc_row css_animation=\u00a0\u00bbelement_from_left\u00a0\u00bb row_type=\u00a0\u00bbrow\u00a0\u00bb use_row_as_full_screen_section=\u00a0\u00bbyes\u00a0\u00bb type=\u00a0\u00bbgrid\u00a0\u00bb angled_section=\u00a0\u00bbno\u00a0\u00bb text_align=\u00a0\u00bbleft\u00a0\u00bb background_image_as_pattern=\u00a0\u00bbwithout_pattern\u00a0\u00bb el_class=\u00a0\u00bbpaddingOn\u00a0\u00bb z_index=\u00a0\u00bb\u00a0\u00bb][vc_column][vc_column_text]<\/p>\n<h3 style=\"text-align: center;\">Quelles sont les caract\u00e9ristiques de l\u2019extrait de levure ?<\/h3>\n<p>[\/vc_column_text][vc_separator type=\u00a0\u00bbtransparent\u00a0\u00bb up=\u00a0\u00bb20&Prime;][\/vc_column][vc_column width=\u00a0\u00bb2\/3&Prime;][vc_column_text]Gr\u00e2ce \u00e0 des propri\u00e9t\u00e9s gustatives extr\u00eamement vari\u00e9es, le principal avantage des extraits de levure est l\u2019am\u00e9lioration du go\u00fbt dans les applications alimentaires et les boissons. Certains extraits de levure vont rehausser le go\u00fbt des aliments pendant que d\u2019autres ajouteront une intense saveur umami, ou encore des notes sp\u00e9cifiques de b\u0153uf ou de poulet, grill\u00e9es, r\u00f4ties ou autres.<\/p>\n<p>&nbsp;<\/p>\n<p>Au-del\u00e0 de ses propri\u00e9t\u00e9s gustatives, l\u2019extrait de levure est consid\u00e9r\u00e9 comme s\u00fbr et conforme aux exigences \u00ab <a href=\"http:\/\/biospringer.com\/fr\/nos-solutions-naturelles\/solutions-clean-label\/\">clean label<\/a> \u00bb. Il rec\u00e8le en outre de nombreux atouts qui en font un ingr\u00e9dient aromatique parfaitement adapt\u00e9 \u00e0 la plupart des applications li\u00e9es \u00e0 l\u2019alimentation et aux boissons :<\/p>\n<p>&nbsp;<\/p>\n<ul>\n<li>C\u2019est un ingr\u00e9dient r\u00e9sistant \u00e0 tous types de processus, de la cuisson au four jusqu\u2019\u00e0 la mise en conserve, que cela implique acidit\u00e9, chaleur ou cong\u00e9lation\u2026<\/li>\n<li>C\u2019est un ingr\u00e9dient qui n\u2019est pas d\u2019origine animale, et qui convient donc pour les produits v\u00e9g\u00e9tariens et v\u00e9g\u00e9taliens<\/li>\n<li>\u00a0C\u2019est un ingr\u00e9dient sans OGM, en ce que les souches s\u00e9lectionn\u00e9es sont des organismes non g\u00e9n\u00e9tiquement modifi\u00e9s<\/li>\n<li>Ce sont des ingr\u00e9dients certifi\u00e9s Halal et Casher<\/li>\n<li>C\u2019est un ingr\u00e9dient qui ne contient pas de gluten*, pour la plupart des extraits de levure de boulangerie, lorsqu\u2019aucun d\u00e9riv\u00e9 de gluten n\u2019est utilis\u00e9 durant le processus<\/li>\n<\/ul>\n<p style=\"text-align: right;\"><em>*Veuillez valider l\u2019utilisation et le marquage aupr\u00e8s des organismes de r\u00e9glementation locaux.<\/em><\/p>\n<p>[\/vc_column_text][\/vc_column][vc_column width=\u00a0\u00bb1\/3&Prime;][vc_separator type=\u00a0\u00bbtransparent\u00a0\u00bb up=\u00a0\u00bb10&Prime;][vc_single_image image=\u00a0\u00bb25045&Prime; img_size=\u00a0\u00bbfull\u00a0\u00bb qode_css_animation=\u00a0\u00bb\u00a0\u00bb][\/vc_column][\/vc_row][vc_row css_animation=\u00a0\u00bb\u00a0\u00bb row_type=\u00a0\u00bbrow\u00a0\u00bb use_row_as_full_screen_section=\u00a0\u00bbyes\u00a0\u00bb type=\u00a0\u00bbgrid\u00a0\u00bb angled_section=\u00a0\u00bbno\u00a0\u00bb text_align=\u00a0\u00bbleft\u00a0\u00bb background_image_as_pattern=\u00a0\u00bbwithout_pattern\u00a0\u00bb css=\u00a0\u00bb.vc_custom_1478370302063{background-color: #8f2746 !important;}\u00a0\u00bb el_class=\u00a0\u00bbpaddingOn\u00a0\u00bb][vc_column][vc_column_text]<\/p>\n<h3 style=\"color: #ffffff; text-align: center;\">Comment est produit l&rsquo;extrait de levure ?<\/h3>\n<p>[\/vc_column_text][vc_separator type=\u00a0\u00bbtransparent\u00a0\u00bb up=\u00a0\u00bb20&Prime;][\/vc_column][vc_column width=\u00a0\u00bb1\/3&Prime;][vc_single_image image=\u00a0\u00bb29051&Prime; img_size=\u00a0\u00bbmedium\u00a0\u00bb onclick=\u00a0\u00bblink_image\u00a0\u00bb qode_css_animation=\u00a0\u00bb\u00a0\u00bb qode_hover_animation=\u00a0\u00bbzoom_in\u00a0\u00bb][\/vc_column][vc_column width=\u00a0\u00bb2\/3&Prime;][vc_separator type=\u00a0\u00bbtransparent\u00a0\u00bb up=\u00a0\u00bb20&Prime;][vc_column_text]<span style=\"color: #ffffff;\">La production d&rsquo;extraits de levure commence par la levure fra\u00eeche et comprend 3 \u00e9tapes : la fermentation, la rupture de la paroi cellulaire (autolyse) et la s\u00e9paration. Gr\u00e2ce \u00e0 un m\u00e9canisme naturel, les enzymes de la levure vont diviser les composants de la levure en \u00e9l\u00e9ments gustatifs&#8230;<\/span>[\/vc_column_text][vc_separator type=\u00a0\u00bbtransparent\u00a0\u00bb up=\u00a0\u00bb20&Prime;]<a  itemprop=\"url\" href=\"\/fr\/comment-les-extraits-de-levure-sont-ils-produits\/\" target=\"_self\" data-hover-background-color=#d3d3d3  class=\"qbutton  white default\" style=\"\">En savoir plus<\/a>[\/vc_column][\/vc_row][vc_row css_animation=\u00a0\u00bb\u00a0\u00bb row_type=\u00a0\u00bbrow\u00a0\u00bb use_row_as_full_screen_section=\u00a0\u00bbno\u00a0\u00bb type=\u00a0\u00bbgrid\u00a0\u00bb angled_section=\u00a0\u00bbno\u00a0\u00bb text_align=\u00a0\u00bbleft\u00a0\u00bb background_image_as_pattern=\u00a0\u00bbwithout_pattern\u00a0\u00bb css=\u00a0\u00bb.vc_custom_1772038533163{padding-top: 40px !important;padding-bottom: 40px !important;}\u00a0\u00bb z_index=\u00a0\u00bb\u00a0\u00bb][vc_column][vc_column_text]<\/p>\n<h2 style=\"text-align: center;\">De quoi l\u2019extrait de levure est-il constitu\u00e9 ?<\/h2>\n<p>[vc_separator type=&rsquo;transparent&rsquo; position=&rsquo;center&rsquo; color=\u00a0\u00bb thickness=\u00a0\u00bb up=&rsquo;15&rsquo; down=&rsquo;15&rsquo;]<\/p>\n<p style=\"text-align: left;\">Pour produire l\u2019extrait de levure, le contenu de la cellule est d\u00e9compos\u00e9 par les propres enzymes de la levure et la paroi cellulaire est \u00e9limin\u00e9e. L\u2019extrait de levure se compose \u00e0 pr\u00e8s de 60 % d\u2019un m\u00e9lange de prot\u00e9ines et d\u2019acides amin\u00e9s, lesquels apportent des notes sp\u00e9cifiques et, pour certains, une puissante saveur umami.<\/p>\n<p style=\"text-align: left;\">Biospringer poss\u00e8de une expertise forte en ce qui concerne l\u2019obtention des \u00ab bons \u00bb composants gustatifs, en proportions correctes, qui nous permet de proposer une large gamme de produits, avec des profils de go\u00fbt tr\u00e8s vari\u00e9s.<\/p>\n<p>[\/vc_column_text][vc_separator type=\u00a0\u00bbsmall\u00a0\u00bb position=\u00a0\u00bbcenter\u00a0\u00bb up=\u00a0\u00bb15&Prime;][vc_column_text]<\/p>\n<h4 style=\"text-align: left;\">Quels avantages pr\u00e9sente l\u2019extrait de levure pour la formulation d\u2019aliments et de boissons ?<\/h4>\n<p>[vc_separator type=&rsquo;transparent&rsquo; position=&rsquo;center&rsquo; color=\u00a0\u00bb thickness=\u00a0\u00bb up=&rsquo;15&rsquo; down=&rsquo;15&rsquo;]<\/p>\n<p>La grande vari\u00e9t\u00e9 de saveurs et d\u2019intensit\u00e9s dont dispose l\u2019extrait de levure permet aux fabricants de denr\u00e9es alimentaires de surmonter certains d\u00e9fis li\u00e9s \u00e0 la formulation :<\/p>\n<ul>\n<li><strong>Am\u00e9liorer le go\u00fbt<\/strong> : l\u2019extrait de levure peut \u00eatre utilis\u00e9 pour renforcer la base aromatis\u00e9e d\u2019une recette. Les extraits de levure permettent \u00e9galement d\u2019ajouter des notes aromatiques sp\u00e9cifiques. <a href=\"https:\/\/biospringer.com\/fr\/produits-naturels\/#amelioration\">En savoir plus&#8230;<\/a><\/li>\n<\/ul>\n<p>&nbsp;<\/p>\n<ul>\n<li>\u00a0<strong>\u00c9quilibrer le profil nutritionnel<\/strong> : la saveur umami et les propri\u00e9t\u00e9s de persistance du go\u00fbt font de l\u2019extrait de levure un ingr\u00e9dient int\u00e9ressant pour compenser la r\u00e9duction du sel, du sucre et des mati\u00e8res grasses. <a href=\"\/fr\/nos-solutions-naturelles\/formulations-equilibrees\/\">En savoir plus&#8230;<\/a><\/li>\n<\/ul>\n<p>&nbsp;<\/p>\n<ul>\n<li>\u00a0<strong>Masquage des ar\u00f4mes ind\u00e9sirables<\/strong> : l\u2019extrait de levure permet de masquer les notes ind\u00e9sirables provenant des prot\u00e9ines des plantes ou des \u00e9dulcorants et leurs alternatives. <a href=\"https:\/\/biospringer.com\/fr\/produits-naturels\/#offnotes\">En savoir plus&#8230;<\/a><\/li>\n<\/ul>\n<p>[\/vc_column_text][vc_row_inner row_type=\u00a0\u00bbrow\u00a0\u00bb type=\u00a0\u00bbfull_width\u00a0\u00bb text_align=\u00a0\u00bbleft\u00a0\u00bb css_animation=\u00a0\u00bb\u00a0\u00bb css=\u00a0\u00bb.vc_custom_1528785934661{padding-top: 5px !important;padding-bottom: 10px !important;}\u00a0\u00bb][vc_column_inner][vc_column_text]<\/p>\n<h4 style=\"text-align: left;\">Dans quelles applications relatives \u00e0 l\u2019alimentation et aux boissons l\u2019extrait de levure peut-il \u00eatre employ\u00e9 ?<\/h4>\n<p>[\/vc_column_text][\/vc_column_inner][vc_column_inner width=\u00a0\u00bb1\/2&Prime;][vc_column_text]<\/p>\n<ul>\n<li><a href=\"https:\/\/biospringer.com\/fr\/application\/#soupes\">Soupes et bouillons<\/a><\/li>\n<li><a href=\"https:\/\/biospringer.com\/fr\/application\/#sauces\/\">Sauces et vinaigrettes<\/a><\/li>\n<li><a href=\"https:\/\/biospringer.com\/fr\/application\/#snacks\">Snacks et assaisonnements<\/a><\/li>\n<li><a href=\"https:\/\/biospringer.com\/fr\/application\/#poissons\">Viandes, poissons et substituts<\/a><\/li>\n<\/ul>\n<p>[\/vc_column_text][\/vc_column_inner][vc_column_inner width=\u00a0\u00bb1\/2&Prime;][vc_column_text]<\/p>\n<ul>\n<li><a href=\"https:\/\/biospringer.com\/fr\/application\/#laitier\">Produits laitiers<\/a><\/li>\n<li><a href=\"https:\/\/biospringer.com\/fr\/application\/#sucre\">Produits sucr\u00e9s<\/a><\/li>\n<li><a href=\"https:\/\/biospringer.com\/fr\/application\/#feculent\">F\u00e9culents<\/a><\/li>\n<li><a href=\"https:\/\/biospringer.com\/fr\/application\/#boisson\">Boissons<\/a><\/li>\n<\/ul>\n<p>[\/vc_column_text][\/vc_column_inner][\/vc_row_inner][\/vc_column][\/vc_row][vc_row css_animation=\u00a0\u00bb\u00a0\u00bb row_type=\u00a0\u00bbrow\u00a0\u00bb use_row_as_full_screen_section=\u00a0\u00bbno\u00a0\u00bb type=\u00a0\u00bbfull_width\u00a0\u00bb angled_section=\u00a0\u00bbno\u00a0\u00bb text_align=\u00a0\u00bbleft\u00a0\u00bb background_image_as_pattern=\u00a0\u00bbwithout_pattern\u00a0\u00bb z_index=\u00a0\u00bb\u00a0\u00bb][vc_column][vc_row_inner row_type=\u00a0\u00bbrow\u00a0\u00bb type=\u00a0\u00bbgrid\u00a0\u00bb text_align=\u00a0\u00bbcenter\u00a0\u00bb css_animation=\u00a0\u00bbelement_from_fade\u00a0\u00bb][vc_column_inner][vc_column_text]<\/p>\n<h4 style=\"text-align: center;\">Vous souhaitez en savoir plus sur les extraits de levure ?<\/h4>\n<p>[\/vc_column_text][vc_separator type=\u00a0\u00bbtransparent\u00a0\u00bb up=\u00a0\u00bb10&Prime; down=\u00a0\u00bb10&Prime;][vc_raw_html css=\u00a0\u00bb\u00a0\u00bb]JTNDZGl2JTIwY2xhc3MlM0QlMjJsb3ZlcnMtYnRuLXdyYXAlMjIlM0UlMEElMjAlMjAlM0NhJTIwaHJlZiUzRCUyMiUyRmZyJTJGY29udGFjdCUyRiUyMiUyMGNsYXNzJTNEJTIybG92ZXJzLWJ0biUyMiUzRSUwQSUyMCUyMCUyMCUyMENvbnRhY3Rlei1ub3VzJTBBJTIwJTIwJTNDJTJGYSUzRSUwQSUzQyUyRmRpdiUzRQ==[\/vc_raw_html][\/vc_column_inner][\/vc_row_inner][\/vc_column][\/vc_row]<\/p>\n<\/div>","protected":false},"excerpt":{"rendered":"<p>[vc_row css_animation=\u00a0\u00bb\u00a0\u00bb row_type=\u00a0\u00bbrow\u00a0\u00bb use_row_as_full_screen_section=\u00a0\u00bbno\u00a0\u00bb type=\u00a0\u00bbgrid\u00a0\u00bb angled_section=\u00a0\u00bbno\u00a0\u00bb text_align=\u00a0\u00bbcenter\u00a0\u00bb background_image_as_pattern=\u00a0\u00bbwithout_pattern\u00a0\u00bb z_index=\u00a0\u00bb\u00a0\u00bb][vc_column css=\u00a0\u00bb.vc_custom_1462809083421{padding-top: 87px !important; padding-bottom: 56px !important;}\u00a0\u00bb][vc_column_text] Qu\u2019est-ce que l\u2019extrait de levure ? [vc_separator type=&rsquo;transparent&rsquo; position=&rsquo;center&rsquo; color=\u00a0\u00bb thickness=\u00a0\u00bb up=&rsquo;15&rsquo; down=&rsquo;15&rsquo;] L\u2019extrait de levure est un ingr\u00e9dient d\u2019origine naturelle d\u00e9riv\u00e9 de levures fra\u00eeches. La levure est un microorganisme&#8230;<\/p>\n","protected":false},"author":1,"featured_media":44470,"parent":0,"menu_order":0,"comment_status":"closed","ping_status":"closed","template":"full_width.php","meta":{"_acf_changed":false,"inline_featured_image":false,"footnotes":""},"class_list":["post-44316","page","type-page","status-publish","has-post-thumbnail","hentry"],"acf":[],"yoast_head":"<!-- This site is optimized with the Yoast SEO Premium plugin v26.1 (Yoast SEO v27.3) - https:\/\/yoast.com\/product\/yoast-seo-premium-wordpress\/ -->\n<title>Explore yeast extract | Biospringer<\/title>\n<meta name=\"description\" content=\"Qu\u2019est-ce que l\u2019extrait de levure ? Un ingr\u00e9dient aromatique naturel. Comment les extraits de levure sont-ils produits ? Pourquoi les extraits de levure sont-ils si largement utilis\u00e9s en applications alimentaires ? Ses grandes propri\u00e9t\u00e9s gustatives et ses pr\u00e9cieux b\u00e9n\u00e9fices offrent de nombreuses possibilit\u00e9s pour am\u00e9liorer le go\u00fbt.\" \/>\n<meta name=\"robots\" content=\"index, follow, max-snippet:-1, max-image-preview:large, max-video-preview:-1\" \/>\n<link rel=\"canonical\" href=\"https:\/\/biospringer.com\/fr\/l-extrait-de-levure\/\" \/>\n<meta property=\"og:locale\" content=\"fr_FR\" \/>\n<meta property=\"og:type\" content=\"article\" \/>\n<meta property=\"og:title\" content=\"D\u00e9couvrez l\u2019extrait de levure\" \/>\n<meta property=\"og:description\" content=\"Qu\u2019est-ce que l\u2019extrait de levure ? Un ingr\u00e9dient aromatique naturel. Comment les extraits de levure sont-ils produits ? Pourquoi les extraits de levure sont-ils si largement utilis\u00e9s en applications alimentaires ? Ses grandes propri\u00e9t\u00e9s gustatives et ses pr\u00e9cieux b\u00e9n\u00e9fices offrent de nombreuses possibilit\u00e9s pour am\u00e9liorer le go\u00fbt.\" \/>\n<meta property=\"og:url\" content=\"https:\/\/biospringer.com\/fr\/l-extrait-de-levure\/\" \/>\n<meta property=\"og:site_name\" content=\"Biospringer\" \/>\n<meta property=\"article:modified_time\" content=\"2026-02-25T16:55:35+00:00\" \/>\n<meta property=\"og:image\" content=\"https:\/\/biospringer.com\/wp-content\/uploads\/2024\/09\/Consumers-are-concerned-about-reducing-salt-in-food.png\" \/>\n\t<meta property=\"og:image:width\" content=\"919\" \/>\n\t<meta property=\"og:image:height\" content=\"913\" \/>\n\t<meta property=\"og:image:type\" content=\"image\/png\" \/>\n<meta name=\"twitter:card\" content=\"summary_large_image\" \/>\n<meta name=\"twitter:label1\" content=\"Dur\u00e9e de lecture estim\u00e9e\" \/>\n\t<meta name=\"twitter:data1\" content=\"5 minutes\" \/>\n<script type=\"application\/ld+json\" class=\"yoast-schema-graph\">{\"@context\":\"https:\\\/\\\/schema.org\",\"@graph\":[{\"@type\":\"WebPage\",\"@id\":\"https:\\\/\\\/biospringer.com\\\/fr\\\/l-extrait-de-levure\\\/\",\"url\":\"https:\\\/\\\/biospringer.com\\\/fr\\\/l-extrait-de-levure\\\/\",\"name\":\"Explore yeast extract | Biospringer\",\"isPartOf\":{\"@id\":\"https:\\\/\\\/biospringer.com\\\/en\\\/#website\"},\"primaryImageOfPage\":{\"@id\":\"https:\\\/\\\/biospringer.com\\\/fr\\\/l-extrait-de-levure\\\/#primaryimage\"},\"image\":{\"@id\":\"https:\\\/\\\/biospringer.com\\\/fr\\\/l-extrait-de-levure\\\/#primaryimage\"},\"thumbnailUrl\":\"https:\\\/\\\/biospringer.com\\\/wp-content\\\/uploads\\\/2024\\\/09\\\/Consumers-are-concerned-about-reducing-salt-in-food.png\",\"datePublished\":\"2026-02-19T08:28:25+00:00\",\"dateModified\":\"2026-02-25T16:55:35+00:00\",\"description\":\"Qu\u2019est-ce que l\u2019extrait de levure ? Un ingr\u00e9dient aromatique naturel. Comment les extraits de levure sont-ils produits ? Pourquoi les extraits de levure sont-ils si largement utilis\u00e9s en applications alimentaires ? Ses grandes propri\u00e9t\u00e9s gustatives et ses pr\u00e9cieux b\u00e9n\u00e9fices offrent de nombreuses possibilit\u00e9s pour am\u00e9liorer le go\u00fbt.\",\"breadcrumb\":{\"@id\":\"https:\\\/\\\/biospringer.com\\\/fr\\\/l-extrait-de-levure\\\/#breadcrumb\"},\"inLanguage\":\"fr-FR\",\"potentialAction\":[{\"@type\":\"ReadAction\",\"target\":[\"https:\\\/\\\/biospringer.com\\\/fr\\\/l-extrait-de-levure\\\/\"]}]},{\"@type\":\"ImageObject\",\"inLanguage\":\"fr-FR\",\"@id\":\"https:\\\/\\\/biospringer.com\\\/fr\\\/l-extrait-de-levure\\\/#primaryimage\",\"url\":\"https:\\\/\\\/biospringer.com\\\/wp-content\\\/uploads\\\/2024\\\/09\\\/Consumers-are-concerned-about-reducing-salt-in-food.png\",\"contentUrl\":\"https:\\\/\\\/biospringer.com\\\/wp-content\\\/uploads\\\/2024\\\/09\\\/Consumers-are-concerned-about-reducing-salt-in-food.png\",\"width\":919,\"height\":913,\"caption\":\"Yeast extract for salt reduction in food products\"},{\"@type\":\"BreadcrumbList\",\"@id\":\"https:\\\/\\\/biospringer.com\\\/fr\\\/l-extrait-de-levure\\\/#breadcrumb\",\"itemListElement\":[{\"@type\":\"ListItem\",\"position\":1,\"name\":\"Accueil\",\"item\":\"https:\\\/\\\/biospringer.com\\\/fr\\\/\"},{\"@type\":\"ListItem\",\"position\":2,\"name\":\"D\u00e9couvrez l\u2019extrait de levure\"}]},{\"@type\":\"WebSite\",\"@id\":\"https:\\\/\\\/biospringer.com\\\/en\\\/#website\",\"url\":\"https:\\\/\\\/biospringer.com\\\/en\\\/\",\"name\":\"Biospringer\",\"description\":\"Global yeast extract producer\",\"publisher\":{\"@id\":\"https:\\\/\\\/biospringer.com\\\/en\\\/#organization\"},\"potentialAction\":[{\"@type\":\"SearchAction\",\"target\":{\"@type\":\"EntryPoint\",\"urlTemplate\":\"https:\\\/\\\/biospringer.com\\\/en\\\/?s={search_term_string}\"},\"query-input\":{\"@type\":\"PropertyValueSpecification\",\"valueRequired\":true,\"valueName\":\"search_term_string\"}}],\"inLanguage\":\"fr-FR\"},{\"@type\":\"Organization\",\"@id\":\"https:\\\/\\\/biospringer.com\\\/en\\\/#organization\",\"name\":\"Biospringer by Lesaffre\",\"url\":\"https:\\\/\\\/biospringer.com\\\/en\\\/\",\"logo\":{\"@type\":\"ImageObject\",\"inLanguage\":\"fr-FR\",\"@id\":\"https:\\\/\\\/biospringer.com\\\/en\\\/#\\\/schema\\\/logo\\\/image\\\/\",\"url\":\"https:\\\/\\\/biospringer.com\\\/wp-content\\\/uploads\\\/2019\\\/06\\\/logo-Biospringer.png\",\"contentUrl\":\"https:\\\/\\\/biospringer.com\\\/wp-content\\\/uploads\\\/2019\\\/06\\\/logo-Biospringer.png\",\"width\":400,\"height\":100,\"caption\":\"Biospringer by Lesaffre\"},\"image\":{\"@id\":\"https:\\\/\\\/biospringer.com\\\/en\\\/#\\\/schema\\\/logo\\\/image\\\/\"},\"sameAs\":[\"https:\\\/\\\/fr.linkedin.com\\\/company\\\/biospringer\",\"https:\\\/\\\/www.youtube.com\\\/channel\\\/UCIwlo39VHSwHryOBeg3w-rw\"]}]}<\/script>\n<!-- \/ Yoast SEO Premium plugin. -->","yoast_head_json":{"title":"Explore yeast extract | Biospringer","description":"Qu\u2019est-ce que l\u2019extrait de levure ? Un ingr\u00e9dient aromatique naturel. Comment les extraits de levure sont-ils produits ? Pourquoi les extraits de levure sont-ils si largement utilis\u00e9s en applications alimentaires ? Ses grandes propri\u00e9t\u00e9s gustatives et ses pr\u00e9cieux b\u00e9n\u00e9fices offrent de nombreuses possibilit\u00e9s pour am\u00e9liorer le go\u00fbt.","robots":{"index":"index","follow":"follow","max-snippet":"max-snippet:-1","max-image-preview":"max-image-preview:large","max-video-preview":"max-video-preview:-1"},"canonical":"https:\/\/biospringer.com\/fr\/l-extrait-de-levure\/","og_locale":"fr_FR","og_type":"article","og_title":"D\u00e9couvrez l\u2019extrait de levure","og_description":"Qu\u2019est-ce que l\u2019extrait de levure ? Un ingr\u00e9dient aromatique naturel. Comment les extraits de levure sont-ils produits ? Pourquoi les extraits de levure sont-ils si largement utilis\u00e9s en applications alimentaires ? Ses grandes propri\u00e9t\u00e9s gustatives et ses pr\u00e9cieux b\u00e9n\u00e9fices offrent de nombreuses possibilit\u00e9s pour am\u00e9liorer le go\u00fbt.","og_url":"https:\/\/biospringer.com\/fr\/l-extrait-de-levure\/","og_site_name":"Biospringer","article_modified_time":"2026-02-25T16:55:35+00:00","og_image":[{"width":919,"height":913,"url":"https:\/\/biospringer.com\/wp-content\/uploads\/2024\/09\/Consumers-are-concerned-about-reducing-salt-in-food.png","type":"image\/png"}],"twitter_card":"summary_large_image","twitter_misc":{"Dur\u00e9e de lecture estim\u00e9e":"5 minutes"},"schema":{"@context":"https:\/\/schema.org","@graph":[{"@type":"WebPage","@id":"https:\/\/biospringer.com\/fr\/l-extrait-de-levure\/","url":"https:\/\/biospringer.com\/fr\/l-extrait-de-levure\/","name":"Explore yeast extract | Biospringer","isPartOf":{"@id":"https:\/\/biospringer.com\/en\/#website"},"primaryImageOfPage":{"@id":"https:\/\/biospringer.com\/fr\/l-extrait-de-levure\/#primaryimage"},"image":{"@id":"https:\/\/biospringer.com\/fr\/l-extrait-de-levure\/#primaryimage"},"thumbnailUrl":"https:\/\/biospringer.com\/wp-content\/uploads\/2024\/09\/Consumers-are-concerned-about-reducing-salt-in-food.png","datePublished":"2026-02-19T08:28:25+00:00","dateModified":"2026-02-25T16:55:35+00:00","description":"Qu\u2019est-ce que l\u2019extrait de levure ? Un ingr\u00e9dient aromatique naturel. Comment les extraits de levure sont-ils produits ? Pourquoi les extraits de levure sont-ils si largement utilis\u00e9s en applications alimentaires ? Ses grandes propri\u00e9t\u00e9s gustatives et ses pr\u00e9cieux b\u00e9n\u00e9fices offrent de nombreuses possibilit\u00e9s pour am\u00e9liorer le go\u00fbt.","breadcrumb":{"@id":"https:\/\/biospringer.com\/fr\/l-extrait-de-levure\/#breadcrumb"},"inLanguage":"fr-FR","potentialAction":[{"@type":"ReadAction","target":["https:\/\/biospringer.com\/fr\/l-extrait-de-levure\/"]}]},{"@type":"ImageObject","inLanguage":"fr-FR","@id":"https:\/\/biospringer.com\/fr\/l-extrait-de-levure\/#primaryimage","url":"https:\/\/biospringer.com\/wp-content\/uploads\/2024\/09\/Consumers-are-concerned-about-reducing-salt-in-food.png","contentUrl":"https:\/\/biospringer.com\/wp-content\/uploads\/2024\/09\/Consumers-are-concerned-about-reducing-salt-in-food.png","width":919,"height":913,"caption":"Yeast extract for salt reduction in food products"},{"@type":"BreadcrumbList","@id":"https:\/\/biospringer.com\/fr\/l-extrait-de-levure\/#breadcrumb","itemListElement":[{"@type":"ListItem","position":1,"name":"Accueil","item":"https:\/\/biospringer.com\/fr\/"},{"@type":"ListItem","position":2,"name":"D\u00e9couvrez l\u2019extrait de levure"}]},{"@type":"WebSite","@id":"https:\/\/biospringer.com\/en\/#website","url":"https:\/\/biospringer.com\/en\/","name":"Biospringer","description":"Global yeast extract producer","publisher":{"@id":"https:\/\/biospringer.com\/en\/#organization"},"potentialAction":[{"@type":"SearchAction","target":{"@type":"EntryPoint","urlTemplate":"https:\/\/biospringer.com\/en\/?s={search_term_string}"},"query-input":{"@type":"PropertyValueSpecification","valueRequired":true,"valueName":"search_term_string"}}],"inLanguage":"fr-FR"},{"@type":"Organization","@id":"https:\/\/biospringer.com\/en\/#organization","name":"Biospringer by Lesaffre","url":"https:\/\/biospringer.com\/en\/","logo":{"@type":"ImageObject","inLanguage":"fr-FR","@id":"https:\/\/biospringer.com\/en\/#\/schema\/logo\/image\/","url":"https:\/\/biospringer.com\/wp-content\/uploads\/2019\/06\/logo-Biospringer.png","contentUrl":"https:\/\/biospringer.com\/wp-content\/uploads\/2019\/06\/logo-Biospringer.png","width":400,"height":100,"caption":"Biospringer by Lesaffre"},"image":{"@id":"https:\/\/biospringer.com\/en\/#\/schema\/logo\/image\/"},"sameAs":["https:\/\/fr.linkedin.com\/company\/biospringer","https:\/\/www.youtube.com\/channel\/UCIwlo39VHSwHryOBeg3w-rw"]}]}},"_links":{"self":[{"href":"https:\/\/biospringer.com\/fr\/wp-json\/wp\/v2\/pages\/44316","targetHints":{"allow":["GET"]}}],"collection":[{"href":"https:\/\/biospringer.com\/fr\/wp-json\/wp\/v2\/pages"}],"about":[{"href":"https:\/\/biospringer.com\/fr\/wp-json\/wp\/v2\/types\/page"}],"author":[{"embeddable":true,"href":"https:\/\/biospringer.com\/fr\/wp-json\/wp\/v2\/users\/1"}],"replies":[{"embeddable":true,"href":"https:\/\/biospringer.com\/fr\/wp-json\/wp\/v2\/comments?post=44316"}],"version-history":[{"count":0,"href":"https:\/\/biospringer.com\/fr\/wp-json\/wp\/v2\/pages\/44316\/revisions"}],"wp:featuredmedia":[{"embeddable":true,"href":"https:\/\/biospringer.com\/fr\/wp-json\/wp\/v2\/media\/44470"}],"wp:attachment":[{"href":"https:\/\/biospringer.com\/fr\/wp-json\/wp\/v2\/media?parent=44316"}],"curies":[{"name":"wp","href":"https:\/\/api.w.org\/{rel}","templated":true}]}}