{"id":31867,"date":"2020-04-29T04:05:26","date_gmt":"2020-04-29T08:05:26","guid":{"rendered":"http:\/\/biospringer.kinsta.cloud\/?page_id=31867"},"modified":"2020-04-29T05:06:32","modified_gmt":"2020-04-29T09:06:32","slug":"merci-de-votre-demande","status":"publish","type":"page","link":"https:\/\/biospringer.com\/fr\/merci-de-votre-demande\/","title":{"rendered":"Merci de votre demande"},"content":{"rendered":"<div class=\"wpb-content-wrapper\"><p>[vc_row css_animation=\u00a0\u00bb\u00a0\u00bb row_type=\u00a0\u00bbrow\u00a0\u00bb use_row_as_full_screen_section=\u00a0\u00bbno\u00a0\u00bb type=\u00a0\u00bbfull_width\u00a0\u00bb angled_section=\u00a0\u00bbno\u00a0\u00bb text_align=\u00a0\u00bbleft\u00a0\u00bb background_image_as_pattern=\u00a0\u00bbwithout_pattern\u00a0\u00bb][vc_column][vc_column_text]<\/p>\n<p style=\"text-align: center;\">Rendez-vous dans votre bo\u00eete email pour retrouver votre contenu !<br \/>\nNous vous souhaitons une belle journ\u00e9e et restons \u00e0 votre disposition pour toute information compl\u00e9mentaire.<\/p>\n<p>&nbsp;<\/p>\n<h4 id=\"tw-target-text\" class=\"tw-data-text tw-text-large tw-ta\" dir=\"ltr\" style=\"text-align: center;\" data-placeholder=\"Traduction\"><span lang=\"fr\">DECOUVREZ NOS DERNIERS ARTICLES :<\/span><\/h4>\n<p>[\/vc_column_text][vc_separator type=\u00a0\u00bbnormal\u00a0\u00bb]\n<div class='latest_post_holder boxes four_columns two_rows' >\n    <ul>\n        <\/ul>\n<\/div>[\/vc_column][\/vc_row]<\/p>\n<\/div>","protected":false},"excerpt":{"rendered":"<p>[vc_row css_animation=\u00a0\u00bb\u00a0\u00bb row_type=\u00a0\u00bbrow\u00a0\u00bb use_row_as_full_screen_section=\u00a0\u00bbno\u00a0\u00bb type=\u00a0\u00bbfull_width\u00a0\u00bb angled_section=\u00a0\u00bbno\u00a0\u00bb text_align=\u00a0\u00bbleft\u00a0\u00bb background_image_as_pattern=\u00a0\u00bbwithout_pattern\u00a0\u00bb][vc_column][vc_column_text] Rendez-vous dans votre bo\u00eete email pour retrouver votre contenu ! Nous vous souhaitons une belle journ\u00e9e et restons \u00e0 votre disposition pour toute information compl\u00e9mentaire. &nbsp; DECOUVREZ NOS DERNIERS ARTICLES : [\/vc_column_text][vc_separator type=\u00a0\u00bbnormal\u00a0\u00bb][\/vc_column][\/vc_row]<\/p>\n","protected":false},"author":1,"featured_media":0,"parent":0,"menu_order":0,"comment_status":"closed","ping_status":"closed","template":"","meta":{"_acf_changed":false,"rs_blank_template":"","rs_page_bg_color":"","slide_template_v7":"","inline_featured_image":false,"footnotes":""},"class_list":["post-31867","page","type-page","status-publish","hentry"],"acf":[],"yoast_head":"<!-- This site is optimized with the Yoast SEO Premium plugin v26.1 (Yoast SEO v27.5) - https:\/\/yoast.com\/product\/yoast-seo-premium-wordpress\/ -->\n<title>Merci de votre demande &#8226; Biospringer<\/title>\n<meta name=\"robots\" content=\"index, follow, max-snippet:-1, max-image-preview:large, max-video-preview:-1\" \/>\n<link rel=\"canonical\" href=\"https:\/\/biospringer.com\/fr\/merci-de-votre-demande\/\" \/>\n<meta property=\"og:locale\" content=\"fr_FR\" \/>\n<meta property=\"og:type\" content=\"article\" \/>\n<meta property=\"og:title\" content=\"Merci de votre demande\" \/>\n<meta property=\"og:description\" content=\"[vc_row css_animation=\u00a0\u00bb\u00a0\u00bb row_type=\u00a0\u00bbrow\u00a0\u00bb use_row_as_full_screen_section=\u00a0\u00bbno\u00a0\u00bb type=\u00a0\u00bbfull_width\u00a0\u00bb angled_section=\u00a0\u00bbno\u00a0\u00bb text_align=\u00a0\u00bbleft\u00a0\u00bb background_image_as_pattern=\u00a0\u00bbwithout_pattern\u00a0\u00bb][vc_column][vc_column_text] Rendez-vous dans votre bo\u00eete email pour retrouver votre contenu ! Nous vous souhaitons une belle journ\u00e9e et restons \u00e0 votre disposition pour toute information compl\u00e9mentaire. &nbsp; DECOUVREZ NOS DERNIERS ARTICLES : [\/vc_column_text][vc_separator type=\u00a0\u00bbnormal\u00a0\u00bb][\/vc_column][\/vc_row]\" \/>\n<meta property=\"og:url\" content=\"https:\/\/biospringer.com\/fr\/merci-de-votre-demande\/\" \/>\n<meta property=\"og:site_name\" content=\"Biospringer\" \/>\n<meta property=\"article:modified_time\" content=\"2020-04-29T09:06:32+00:00\" \/>\n<meta name=\"twitter:card\" content=\"summary_large_image\" \/>\n<meta name=\"twitter:label1\" content=\"Dur\u00e9e de lecture estim\u00e9e\" \/>\n\t<meta name=\"twitter:data1\" content=\"1 minute\" \/>\n<script type=\"application\/ld+json\" class=\"yoast-schema-graph\">{\"@context\":\"https:\\\/\\\/schema.org\",\"@graph\":[{\"@type\":\"WebPage\",\"@id\":\"https:\\\/\\\/biospringer.com\\\/fr\\\/merci-de-votre-demande\\\/\",\"url\":\"https:\\\/\\\/biospringer.com\\\/fr\\\/merci-de-votre-demande\\\/\",\"name\":\"Merci de votre demande &#8226; Biospringer\",\"isPartOf\":{\"@id\":\"https:\\\/\\\/biospringer.com\\\/en\\\/#website\"},\"datePublished\":\"2020-04-29T08:05:26+00:00\",\"dateModified\":\"2020-04-29T09:06:32+00:00\",\"breadcrumb\":{\"@id\":\"https:\\\/\\\/biospringer.com\\\/fr\\\/merci-de-votre-demande\\\/#breadcrumb\"},\"inLanguage\":\"fr-FR\",\"potentialAction\":[{\"@type\":\"ReadAction\",\"target\":[\"https:\\\/\\\/biospringer.com\\\/fr\\\/merci-de-votre-demande\\\/\"]}]},{\"@type\":\"BreadcrumbList\",\"@id\":\"https:\\\/\\\/biospringer.com\\\/fr\\\/merci-de-votre-demande\\\/#breadcrumb\",\"itemListElement\":[{\"@type\":\"ListItem\",\"position\":1,\"name\":\"Accueil\",\"item\":\"https:\\\/\\\/biospringer.com\\\/fr\\\/\"},{\"@type\":\"ListItem\",\"position\":2,\"name\":\"Merci de votre demande\"}]},{\"@type\":\"WebSite\",\"@id\":\"https:\\\/\\\/biospringer.com\\\/en\\\/#website\",\"url\":\"https:\\\/\\\/biospringer.com\\\/en\\\/\",\"name\":\"Biospringer\",\"description\":\"Global yeast extract producer\",\"publisher\":{\"@id\":\"https:\\\/\\\/biospringer.com\\\/en\\\/#organization\"},\"potentialAction\":[{\"@type\":\"SearchAction\",\"target\":{\"@type\":\"EntryPoint\",\"urlTemplate\":\"https:\\\/\\\/biospringer.com\\\/en\\\/?s={search_term_string}\"},\"query-input\":{\"@type\":\"PropertyValueSpecification\",\"valueRequired\":true,\"valueName\":\"search_term_string\"}}],\"inLanguage\":\"fr-FR\"},{\"@type\":\"Organization\",\"@id\":\"https:\\\/\\\/biospringer.com\\\/en\\\/#organization\",\"name\":\"Biospringer by Lesaffre\",\"url\":\"https:\\\/\\\/biospringer.com\\\/en\\\/\",\"logo\":{\"@type\":\"ImageObject\",\"inLanguage\":\"fr-FR\",\"@id\":\"https:\\\/\\\/biospringer.com\\\/en\\\/#\\\/schema\\\/logo\\\/image\\\/\",\"url\":\"https:\\\/\\\/biospringer.com\\\/wp-content\\\/uploads\\\/2019\\\/06\\\/logo-Biospringer.png\",\"contentUrl\":\"https:\\\/\\\/biospringer.com\\\/wp-content\\\/uploads\\\/2019\\\/06\\\/logo-Biospringer.png\",\"width\":400,\"height\":100,\"caption\":\"Biospringer by Lesaffre\"},\"image\":{\"@id\":\"https:\\\/\\\/biospringer.com\\\/en\\\/#\\\/schema\\\/logo\\\/image\\\/\"},\"sameAs\":[\"https:\\\/\\\/fr.linkedin.com\\\/company\\\/biospringer\",\"https:\\\/\\\/www.youtube.com\\\/channel\\\/UCIwlo39VHSwHryOBeg3w-rw\"]}]}<\/script>\n<!-- \/ Yoast SEO Premium plugin. -->","yoast_head_json":{"title":"Merci de votre demande &#8226; Biospringer","robots":{"index":"index","follow":"follow","max-snippet":"max-snippet:-1","max-image-preview":"max-image-preview:large","max-video-preview":"max-video-preview:-1"},"canonical":"https:\/\/biospringer.com\/fr\/merci-de-votre-demande\/","og_locale":"fr_FR","og_type":"article","og_title":"Merci de votre demande","og_description":"[vc_row css_animation=\u00a0\u00bb\u00a0\u00bb row_type=\u00a0\u00bbrow\u00a0\u00bb use_row_as_full_screen_section=\u00a0\u00bbno\u00a0\u00bb type=\u00a0\u00bbfull_width\u00a0\u00bb angled_section=\u00a0\u00bbno\u00a0\u00bb text_align=\u00a0\u00bbleft\u00a0\u00bb background_image_as_pattern=\u00a0\u00bbwithout_pattern\u00a0\u00bb][vc_column][vc_column_text] Rendez-vous dans votre bo\u00eete email pour retrouver votre contenu ! Nous vous souhaitons une belle journ\u00e9e et restons \u00e0 votre disposition pour toute information compl\u00e9mentaire. &nbsp; DECOUVREZ NOS DERNIERS ARTICLES : [\/vc_column_text][vc_separator type=\u00a0\u00bbnormal\u00a0\u00bb][\/vc_column][\/vc_row]","og_url":"https:\/\/biospringer.com\/fr\/merci-de-votre-demande\/","og_site_name":"Biospringer","article_modified_time":"2020-04-29T09:06:32+00:00","twitter_card":"summary_large_image","twitter_misc":{"Dur\u00e9e de lecture estim\u00e9e":"1 minute"},"schema":{"@context":"https:\/\/schema.org","@graph":[{"@type":"WebPage","@id":"https:\/\/biospringer.com\/fr\/merci-de-votre-demande\/","url":"https:\/\/biospringer.com\/fr\/merci-de-votre-demande\/","name":"Merci de votre demande &#8226; Biospringer","isPartOf":{"@id":"https:\/\/biospringer.com\/en\/#website"},"datePublished":"2020-04-29T08:05:26+00:00","dateModified":"2020-04-29T09:06:32+00:00","breadcrumb":{"@id":"https:\/\/biospringer.com\/fr\/merci-de-votre-demande\/#breadcrumb"},"inLanguage":"fr-FR","potentialAction":[{"@type":"ReadAction","target":["https:\/\/biospringer.com\/fr\/merci-de-votre-demande\/"]}]},{"@type":"BreadcrumbList","@id":"https:\/\/biospringer.com\/fr\/merci-de-votre-demande\/#breadcrumb","itemListElement":[{"@type":"ListItem","position":1,"name":"Accueil","item":"https:\/\/biospringer.com\/fr\/"},{"@type":"ListItem","position":2,"name":"Merci de votre demande"}]},{"@type":"WebSite","@id":"https:\/\/biospringer.com\/en\/#website","url":"https:\/\/biospringer.com\/en\/","name":"Biospringer","description":"Global yeast extract producer","publisher":{"@id":"https:\/\/biospringer.com\/en\/#organization"},"potentialAction":[{"@type":"SearchAction","target":{"@type":"EntryPoint","urlTemplate":"https:\/\/biospringer.com\/en\/?s={search_term_string}"},"query-input":{"@type":"PropertyValueSpecification","valueRequired":true,"valueName":"search_term_string"}}],"inLanguage":"fr-FR"},{"@type":"Organization","@id":"https:\/\/biospringer.com\/en\/#organization","name":"Biospringer by Lesaffre","url":"https:\/\/biospringer.com\/en\/","logo":{"@type":"ImageObject","inLanguage":"fr-FR","@id":"https:\/\/biospringer.com\/en\/#\/schema\/logo\/image\/","url":"https:\/\/biospringer.com\/wp-content\/uploads\/2019\/06\/logo-Biospringer.png","contentUrl":"https:\/\/biospringer.com\/wp-content\/uploads\/2019\/06\/logo-Biospringer.png","width":400,"height":100,"caption":"Biospringer by Lesaffre"},"image":{"@id":"https:\/\/biospringer.com\/en\/#\/schema\/logo\/image\/"},"sameAs":["https:\/\/fr.linkedin.com\/company\/biospringer","https:\/\/www.youtube.com\/channel\/UCIwlo39VHSwHryOBeg3w-rw"]}]}},"_links":{"self":[{"href":"https:\/\/biospringer.com\/fr\/wp-json\/wp\/v2\/pages\/31867","targetHints":{"allow":["GET"]}}],"collection":[{"href":"https:\/\/biospringer.com\/fr\/wp-json\/wp\/v2\/pages"}],"about":[{"href":"https:\/\/biospringer.com\/fr\/wp-json\/wp\/v2\/types\/page"}],"author":[{"embeddable":true,"href":"https:\/\/biospringer.com\/fr\/wp-json\/wp\/v2\/users\/1"}],"replies":[{"embeddable":true,"href":"https:\/\/biospringer.com\/fr\/wp-json\/wp\/v2\/comments?post=31867"}],"version-history":[{"count":0,"href":"https:\/\/biospringer.com\/fr\/wp-json\/wp\/v2\/pages\/31867\/revisions"}],"wp:attachment":[{"href":"https:\/\/biospringer.com\/fr\/wp-json\/wp\/v2\/media?parent=31867"}],"curies":[{"name":"wp","href":"https:\/\/api.w.org\/{rel}","templated":true}]}}