{"id":27732,"date":"2013-10-16T12:05:38","date_gmt":"2013-10-16T12:05:38","guid":{"rendered":"http:\/\/biospringer.kinsta.cloud\/contact\/"},"modified":"2025-11-10T08:16:24","modified_gmt":"2025-11-10T13:16:24","slug":"contact","status":"publish","type":"page","link":"https:\/\/biospringer.com\/fr\/contact\/","title":{"rendered":"Contact"},"content":{"rendered":"<div class=\"wpb-content-wrapper\"><p>[vc_row css_animation=\u00a0\u00bb\u00a0\u00bb row_type=\u00a0\u00bbrow\u00a0\u00bb use_row_as_full_screen_section=\u00a0\u00bbyes\u00a0\u00bb type=\u00a0\u00bbgrid\u00a0\u00bb angled_section=\u00a0\u00bbno\u00a0\u00bb text_align=\u00a0\u00bbleft\u00a0\u00bb background_image_as_pattern=\u00a0\u00bbwithout_pattern\u00a0\u00bb padding_top=\u00a0\u00bb60&Prime; padding_bottom=\u00a0\u00bb60&Prime; css=\u00a0\u00bb.vc_custom_1662544682339{padding-top: 35px !important;padding-bottom: 15px !important;}\u00a0\u00bb z_index=\u00a0\u00bb\u00a0\u00bb el_class=\u00a0\u00bbnoPadding\u00a0\u00bb][vc_column][vc_column_text css=\u00a0\u00bb\u00a0\u00bb]<\/p>\n<h2 style=\"text-align: center; color: #720000;\">Contactez nous<\/h2>\n<p>[\/vc_column_text][vc_separator type=\u00a0\u00bbtransparent\u00a0\u00bb up=\u00a0\u00bb15&Prime; down=\u00a0\u00bb15&Prime;][vc_column_text css=\u00a0\u00bb\u00a0\u00bb]<\/p>\n<p style=\"text-align: center;\">Nous sommes un producteur mondial d\u2019extraits de levure et nous travaillons avec nos clients pour cr\u00e9er des ingr\u00e9dients innovants et naturels \u00e0 partir de la fermentation de la levure. Ces ingr\u00e9dients rendent les aliments plus savoureux et plus sains. Nous sommes une unit\u00e9 commerciale de\u00a0<a href=\"https:\/\/www.lesaffre.com\/\" target=\"_blank\" rel=\"noopener\">Lesaffre<\/a>.<\/p>\n<p>&nbsp;<\/p>\n<p style=\"text-align: center;\">Si vous \u00eates une soci\u00e9t\u00e9 de biotechnologie \u00e0 la recherche d\u2019une gamme de nutriments de fermentation et que vous souhaitez am\u00e9liorer la croissance bact\u00e9rienne et la productivit\u00e9 des micro-organismes et des cellules animales,\u00a0<a href=\"https:\/\/procelys.com\/procelys-contact\/\" target=\"_blank\" rel=\"noopener\">cliquez ici<\/a>\u00a0pour contacter Procelys by Lesaffre.<\/p>\n<p>[\/vc_column_text][\/vc_column][\/vc_row][vc_row css_animation=\u00a0\u00bb\u00a0\u00bb row_type=\u00a0\u00bbrow\u00a0\u00bb use_row_as_full_screen_section=\u00a0\u00bbyes\u00a0\u00bb type=\u00a0\u00bbgrid\u00a0\u00bb angled_section=\u00a0\u00bbno\u00a0\u00bb text_align=\u00a0\u00bbcenter\u00a0\u00bb background_image_as_pattern=\u00a0\u00bbwithout_pattern\u00a0\u00bb z_index=\u00a0\u00bb\u00a0\u00bb el_class=\u00a0\u00bbnoPadding\u00a0\u00bb css=\u00a0\u00bb.vc_custom_1762706622372{padding-bottom: 3% !important;}\u00a0\u00bb][vc_column width=\u00a0\u00bb1\/3&Prime; css=\u00a0\u00bb.vc_custom_1762707712906{padding-top: 20px !important;padding-right: 15px !important;padding-bottom: 20px !important;padding-left: 15px !important;}\u00a0\u00bb el_class=\u00a0\u00bbnoPadding\u00a0\u00bb][vc_row_inner row_type=\u00a0\u00bbrow\u00a0\u00bb type=\u00a0\u00bbfull_width\u00a0\u00bb text_align=\u00a0\u00bbcenter\u00a0\u00bb side_padding=\u00a0\u00bbnopadding\u00a0\u00bb css_animation=\u00a0\u00bb\u00a0\u00bb css=\u00a0\u00bb.vc_custom_1762705742654{padding-right: 20px !important;padding-left: 20px !important;}\u00a0\u00bb el_class=\u00a0\u00bbbloc_border\u00a0\u00bb][vc_column_inner el_class=\u00a0\u00bbbloc_border\u00a0\u00bb css=\u00a0\u00bb.vc_custom_1762764641981{padding-top: 0px !important;padding-right: 0px !important;padding-left: 0px !important;background-color: #FF9A00 !important;}\u00a0\u00bb][vc_single_image image=\u00a0\u00bb50571&Prime; img_size=\u00a0\u00bb75&#215;75&Prime; alignment=\u00a0\u00bbcenter\u00a0\u00bb css=\u00a0\u00bb\u00a0\u00bb qode_css_animation=\u00a0\u00bb\u00a0\u00bb][vc_column_text css=\u00a0\u00bb.vc_custom_1762780313418{padding-top: 5% !important;padding-right: 5% !important;padding-bottom: 5% !important;padding-left: 5% !important;}\u00a0\u00bb el_class=\u00a0\u00bbtxt-height\u00a0\u00bb]<\/p>\n<h3 style=\"text-align: center;\"><span style=\"color: #720000;\"><strong>Vous souhaitez contacter notre \u00e9quipe commerciale ?<\/strong><\/span><\/h3>\n<p>&nbsp;<\/p>\n<p style=\"text-align: center;\"><span style=\"color: #720000;\">Nos \u00e9quipes commerciales r\u00e9parties dans le monde entier sont \u00e0 votre disposition pour r\u00e9pondre \u00e0 toutes les questions que vous vous posez sur nos produits et nos services de formulation.<\/span><\/p>\n<p>[\/vc_column_text][vc_separator type=\u00a0\u00bbtransparent\u00a0\u00bb][vc_raw_html css=\u00a0\u00bb\u00a0\u00bb]JTNDZGl2JTIwY2xhc3MlM0QlMjJsb3ZlcnMtYnRuLXdyYXAlMjIlM0UlMEElMjAlMjAlM0NhJTIwaHJlZiUzRCUyMiUyRmZyJTJGY29udGFjdCUyRnJlcXVldGUtY29tbWVyY2lhbGUlMkYlMjIlMjBjbGFzcyUzRCUyMmxvdmVycy1idG4tY2hvY28lMjIlM0UlMEElMjAlMjAlMjAlMjBDT05UQUNURVolMjBOT1VTJTBBJTIwJTIwJTNDJTJGYSUzRSUwQSUzQyUyRmRpdiUzRSUwQQ==[\/vc_raw_html][vc_separator type=\u00a0\u00bbtransparent\u00a0\u00bb down=\u00a0\u00bb20&Prime;][\/vc_column_inner][\/vc_row_inner][\/vc_column][vc_column width=\u00a0\u00bb1\/3&Prime; css=\u00a0\u00bb.vc_custom_1762707591393{padding-top: 20px !important;padding-right: 15px !important;padding-bottom: 20px !important;padding-left: 15px !important;}\u00a0\u00bb el_class=\u00a0\u00bbnoPadding bloc_border\u00a0\u00bb][vc_row_inner row_type=\u00a0\u00bbrow\u00a0\u00bb type=\u00a0\u00bbfull_width\u00a0\u00bb text_align=\u00a0\u00bbcenter\u00a0\u00bb side_padding=\u00a0\u00bbnopadding\u00a0\u00bb css_animation=\u00a0\u00bb\u00a0\u00bb css=\u00a0\u00bb.vc_custom_1762707741996{padding-right: 20px !important;padding-left: 20px !important;}\u00a0\u00bb][vc_column_inner el_class=\u00a0\u00bbbloc_border\u00a0\u00bb css=\u00a0\u00bb.vc_custom_1762764646338{padding-top: 0px !important;padding-right: 0px !important;padding-left: 0px !important;background-color: #EFB586 !important;}\u00a0\u00bb][vc_single_image image=\u00a0\u00bb50577&Prime; img_size=\u00a0\u00bb75&#215;75&Prime; alignment=\u00a0\u00bbcenter\u00a0\u00bb css=\u00a0\u00bb\u00a0\u00bb qode_css_animation=\u00a0\u00bb\u00a0\u00bb][vc_column_text css=\u00a0\u00bb.vc_custom_1762780374275{padding-top: 5% !important;padding-right: 5% !important;padding-bottom: 5% !important;padding-left: 5% !important;}\u00a0\u00bb el_class=\u00a0\u00bbtxt-height\u00a0\u00bb]<\/p>\n<h3 style=\"text-align: center;\"><span style=\"color: #720000;\"><strong>Vous souhaitez nous rejoindre ?<\/strong><\/span><\/h3>\n<p>&nbsp;<\/p>\n<p style=\"text-align: center;\"><span style=\"color: #720000;\">Biospringer by Lesaffre est une entreprise qui offre de formidables opportunit\u00e9s de d\u00e9veloppement professionnel et personnel. Consultez nos offres d\u2019emploi actuelles ou envoyez-nous votre CV. Nous examinerons attentivement votre candidature.<\/span><\/p>\n<p>[\/vc_column_text][vc_separator type=\u00a0\u00bbtransparent\u00a0\u00bb][vc_raw_html css=\u00a0\u00bb\u00a0\u00bb]JTNDZGl2JTIwY2xhc3MlM0QlMjJsb3ZlcnMtYnRuLXdyYXAlMjIlM0UlMEElMjAlMjAlM0NhJTIwaHJlZiUzRCUyMiUyRmZyJTJGY2FycmllcmUlMkYlMjIlMjBjbGFzcyUzRCUyMmxvdmVycy1idG4tY2hvY28lMjIlM0UlMEElMjAlMjAlMjAlMjBSRUpPSUdORVotTk9VUyUwQSUyMCUyMCUzQyUyRmElM0UlMEElM0MlMkZkaXYlM0UlMEE=[\/vc_raw_html][vc_separator type=\u00a0\u00bbtransparent\u00a0\u00bb down=\u00a0\u00bb30&Prime;][\/vc_column_inner][\/vc_row_inner][\/vc_column][vc_column width=\u00a0\u00bb1\/3&Prime; css=\u00a0\u00bb.vc_custom_1762707747543{padding-top: 20px !important;padding-right: 15px !important;padding-bottom: 20px !important;padding-left: 15px !important;}\u00a0\u00bb el_class=\u00a0\u00bbnoPadding\u00a0\u00bb][vc_row_inner row_type=\u00a0\u00bbrow\u00a0\u00bb type=\u00a0\u00bbfull_width\u00a0\u00bb text_align=\u00a0\u00bbcenter\u00a0\u00bb side_padding=\u00a0\u00bbnopadding\u00a0\u00bb css_animation=\u00a0\u00bb\u00a0\u00bb css=\u00a0\u00bb.vc_custom_1762705857269{padding-right: 20px !important;padding-left: 20px !important;}\u00a0\u00bb el_class=\u00a0\u00bbbloc_border\u00a0\u00bb][vc_column_inner el_class=\u00a0\u00bbbloc_border\u00a0\u00bb css=\u00a0\u00bb.vc_custom_1762764650827{padding-top: 0px !important;padding-right: 0px !important;padding-left: 0px !important;background-color: #FFE7AC !important;}\u00a0\u00bb][vc_single_image image=\u00a0\u00bb50583&Prime; img_size=\u00a0\u00bb75&#215;75&Prime; alignment=\u00a0\u00bbcenter\u00a0\u00bb css=\u00a0\u00bb\u00a0\u00bb qode_css_animation=\u00a0\u00bb\u00a0\u00bb][vc_column_text css=\u00a0\u00bb.vc_custom_1762780395864{padding-top: 5% !important;padding-right: 5% !important;padding-bottom: 5% !important;padding-left: 5% !important;}\u00a0\u00bb el_class=\u00a0\u00bbtxt-height\u00a0\u00bb]<\/p>\n<h3 style=\"text-align: center;\"><span style=\"color: #720000;\"><strong>Vous avez une question sp\u00e9cifique ?<\/strong><\/span><\/h3>\n<p>&nbsp;<\/p>\n<p style=\"text-align: center;\"><span style=\"color: #720000;\">Veuillez utiliser notre formulaire g\u00e9n\u00e9ral si votre demande n\u2019est pas li\u00e9e \u00e0 une entreprise ou \u00e0 une demande d\u2019emploi. Nous nous ferons un plaisir de vous orienter vers le bon service dans la bonne r\u00e9gion.<\/span><\/p>\n<p>[\/vc_column_text][vc_separator type=\u00a0\u00bbtransparent\u00a0\u00bb][vc_raw_html css=\u00a0\u00bb\u00a0\u00bb]JTNDZGl2JTIwY2xhc3MlM0QlMjJsb3ZlcnMtYnRuLXdyYXAlMjIlM0UlMEElMjAlMjAlM0NhJTIwaHJlZiUzRCUyMiUyRmZyJTJGY29udGFjdCUyRmF1dHJlLXJlcXVldGUlMkYlMjIlMjBjbGFzcyUzRCUyMmxvdmVycy1idG4tY2hvY28lMjIlM0UlMEElMjAlMjAlMjAlMjBDT05UQUNURVolMjBOT1VTJTBBJTIwJTIwJTNDJTJGYSUzRSUwQSUzQyUyRmRpdiUzRSUwQQ==[\/vc_raw_html][vc_separator type=\u00a0\u00bbtransparent\u00a0\u00bb down=\u00a0\u00bb30&Prime;][\/vc_column_inner][\/vc_row_inner][\/vc_column][\/vc_row]<\/p>\n<\/div>","protected":false},"excerpt":{"rendered":"<p>[vc_row css_animation=\u00a0\u00bb\u00a0\u00bb row_type=\u00a0\u00bbrow\u00a0\u00bb use_row_as_full_screen_section=\u00a0\u00bbyes\u00a0\u00bb type=\u00a0\u00bbgrid\u00a0\u00bb angled_section=\u00a0\u00bbno\u00a0\u00bb text_align=\u00a0\u00bbleft\u00a0\u00bb background_image_as_pattern=\u00a0\u00bbwithout_pattern\u00a0\u00bb padding_top=\u00a0\u00bb60&Prime; padding_bottom=\u00a0\u00bb60&Prime; css=\u00a0\u00bb.vc_custom_1662544682339{padding-top: 35px !important;padding-bottom: 15px !important;}\u00a0\u00bb z_index=\u00a0\u00bb\u00a0\u00bb el_class=\u00a0\u00bbnoPadding\u00a0\u00bb][vc_column][vc_column_text css=\u00a0\u00bb\u00a0\u00bb] Contactez nous [\/vc_column_text][vc_separator type=\u00a0\u00bbtransparent\u00a0\u00bb up=\u00a0\u00bb15&Prime; down=\u00a0\u00bb15&Prime;][vc_column_text css=\u00a0\u00bb\u00a0\u00bb] Nous sommes un producteur mondial d\u2019extraits de levure et nous travaillons avec nos clients pour cr\u00e9er des ingr\u00e9dients innovants et&#8230;<\/p>\n","protected":false},"author":1,"featured_media":0,"parent":0,"menu_order":0,"comment_status":"closed","ping_status":"closed","template":"full_width.php","meta":{"_acf_changed":false,"inline_featured_image":false,"footnotes":""},"class_list":["post-27732","page","type-page","status-publish","hentry"],"acf":[],"yoast_head":"<!-- This site is optimized with the Yoast SEO Premium plugin v26.1 (Yoast SEO v27.3) - https:\/\/yoast.com\/product\/yoast-seo-premium-wordpress\/ -->\n<title>Contact Biospringer&#039;s teams<\/title>\n<meta name=\"description\" content=\"Contact Biospringer&#039;s teams, we will answer to your request as soon as possible.\" \/>\n<meta name=\"robots\" content=\"index, follow, max-snippet:-1, max-image-preview:large, max-video-preview:-1\" \/>\n<link rel=\"canonical\" href=\"https:\/\/biospringer.com\/fr\/contact\/\" \/>\n<meta property=\"og:locale\" content=\"fr_FR\" \/>\n<meta property=\"og:type\" content=\"article\" \/>\n<meta property=\"og:title\" content=\"Contact\" \/>\n<meta property=\"og:description\" content=\"Contact Biospringer&#039;s teams, we will answer to your request as soon as possible.\" \/>\n<meta property=\"og:url\" content=\"https:\/\/biospringer.com\/fr\/contact\/\" \/>\n<meta property=\"og:site_name\" content=\"Biospringer\" \/>\n<meta property=\"article:modified_time\" content=\"2025-11-10T13:16:24+00:00\" \/>\n<meta name=\"twitter:card\" content=\"summary_large_image\" \/>\n<meta name=\"twitter:label1\" content=\"Dur\u00e9e de lecture estim\u00e9e\" \/>\n\t<meta name=\"twitter:data1\" content=\"3 minutes\" \/>\n<script type=\"application\/ld+json\" class=\"yoast-schema-graph\">{\"@context\":\"https:\\\/\\\/schema.org\",\"@graph\":[{\"@type\":\"WebPage\",\"@id\":\"https:\\\/\\\/biospringer.com\\\/fr\\\/contact\\\/\",\"url\":\"https:\\\/\\\/biospringer.com\\\/fr\\\/contact\\\/\",\"name\":\"Contact Biospringer's teams\",\"isPartOf\":{\"@id\":\"https:\\\/\\\/biospringer.com\\\/en\\\/#website\"},\"datePublished\":\"2013-10-16T12:05:38+00:00\",\"dateModified\":\"2025-11-10T13:16:24+00:00\",\"description\":\"Contact Biospringer's teams, we will answer to your request as soon as possible.\",\"breadcrumb\":{\"@id\":\"https:\\\/\\\/biospringer.com\\\/fr\\\/contact\\\/#breadcrumb\"},\"inLanguage\":\"fr-FR\",\"potentialAction\":[{\"@type\":\"ReadAction\",\"target\":[\"https:\\\/\\\/biospringer.com\\\/fr\\\/contact\\\/\"]}]},{\"@type\":\"BreadcrumbList\",\"@id\":\"https:\\\/\\\/biospringer.com\\\/fr\\\/contact\\\/#breadcrumb\",\"itemListElement\":[{\"@type\":\"ListItem\",\"position\":1,\"name\":\"Accueil\",\"item\":\"https:\\\/\\\/biospringer.com\\\/fr\\\/\"},{\"@type\":\"ListItem\",\"position\":2,\"name\":\"Contact\"}]},{\"@type\":\"WebSite\",\"@id\":\"https:\\\/\\\/biospringer.com\\\/en\\\/#website\",\"url\":\"https:\\\/\\\/biospringer.com\\\/en\\\/\",\"name\":\"Biospringer\",\"description\":\"Global yeast extract producer\",\"publisher\":{\"@id\":\"https:\\\/\\\/biospringer.com\\\/en\\\/#organization\"},\"potentialAction\":[{\"@type\":\"SearchAction\",\"target\":{\"@type\":\"EntryPoint\",\"urlTemplate\":\"https:\\\/\\\/biospringer.com\\\/en\\\/?s={search_term_string}\"},\"query-input\":{\"@type\":\"PropertyValueSpecification\",\"valueRequired\":true,\"valueName\":\"search_term_string\"}}],\"inLanguage\":\"fr-FR\"},{\"@type\":\"Organization\",\"@id\":\"https:\\\/\\\/biospringer.com\\\/en\\\/#organization\",\"name\":\"Biospringer by Lesaffre\",\"url\":\"https:\\\/\\\/biospringer.com\\\/en\\\/\",\"logo\":{\"@type\":\"ImageObject\",\"inLanguage\":\"fr-FR\",\"@id\":\"https:\\\/\\\/biospringer.com\\\/en\\\/#\\\/schema\\\/logo\\\/image\\\/\",\"url\":\"https:\\\/\\\/biospringer.com\\\/wp-content\\\/uploads\\\/2019\\\/06\\\/logo-Biospringer.png\",\"contentUrl\":\"https:\\\/\\\/biospringer.com\\\/wp-content\\\/uploads\\\/2019\\\/06\\\/logo-Biospringer.png\",\"width\":400,\"height\":100,\"caption\":\"Biospringer by Lesaffre\"},\"image\":{\"@id\":\"https:\\\/\\\/biospringer.com\\\/en\\\/#\\\/schema\\\/logo\\\/image\\\/\"},\"sameAs\":[\"https:\\\/\\\/fr.linkedin.com\\\/company\\\/biospringer\",\"https:\\\/\\\/www.youtube.com\\\/channel\\\/UCIwlo39VHSwHryOBeg3w-rw\"]}]}<\/script>\n<!-- \/ Yoast SEO Premium plugin. -->","yoast_head_json":{"title":"Contact Biospringer's teams","description":"Contact Biospringer's teams, we will answer to your request as soon as possible.","robots":{"index":"index","follow":"follow","max-snippet":"max-snippet:-1","max-image-preview":"max-image-preview:large","max-video-preview":"max-video-preview:-1"},"canonical":"https:\/\/biospringer.com\/fr\/contact\/","og_locale":"fr_FR","og_type":"article","og_title":"Contact","og_description":"Contact Biospringer's teams, we will answer to your request as soon as possible.","og_url":"https:\/\/biospringer.com\/fr\/contact\/","og_site_name":"Biospringer","article_modified_time":"2025-11-10T13:16:24+00:00","twitter_card":"summary_large_image","twitter_misc":{"Dur\u00e9e de lecture estim\u00e9e":"3 minutes"},"schema":{"@context":"https:\/\/schema.org","@graph":[{"@type":"WebPage","@id":"https:\/\/biospringer.com\/fr\/contact\/","url":"https:\/\/biospringer.com\/fr\/contact\/","name":"Contact Biospringer's teams","isPartOf":{"@id":"https:\/\/biospringer.com\/en\/#website"},"datePublished":"2013-10-16T12:05:38+00:00","dateModified":"2025-11-10T13:16:24+00:00","description":"Contact Biospringer's teams, we will answer to your request as soon as possible.","breadcrumb":{"@id":"https:\/\/biospringer.com\/fr\/contact\/#breadcrumb"},"inLanguage":"fr-FR","potentialAction":[{"@type":"ReadAction","target":["https:\/\/biospringer.com\/fr\/contact\/"]}]},{"@type":"BreadcrumbList","@id":"https:\/\/biospringer.com\/fr\/contact\/#breadcrumb","itemListElement":[{"@type":"ListItem","position":1,"name":"Accueil","item":"https:\/\/biospringer.com\/fr\/"},{"@type":"ListItem","position":2,"name":"Contact"}]},{"@type":"WebSite","@id":"https:\/\/biospringer.com\/en\/#website","url":"https:\/\/biospringer.com\/en\/","name":"Biospringer","description":"Global yeast extract producer","publisher":{"@id":"https:\/\/biospringer.com\/en\/#organization"},"potentialAction":[{"@type":"SearchAction","target":{"@type":"EntryPoint","urlTemplate":"https:\/\/biospringer.com\/en\/?s={search_term_string}"},"query-input":{"@type":"PropertyValueSpecification","valueRequired":true,"valueName":"search_term_string"}}],"inLanguage":"fr-FR"},{"@type":"Organization","@id":"https:\/\/biospringer.com\/en\/#organization","name":"Biospringer by Lesaffre","url":"https:\/\/biospringer.com\/en\/","logo":{"@type":"ImageObject","inLanguage":"fr-FR","@id":"https:\/\/biospringer.com\/en\/#\/schema\/logo\/image\/","url":"https:\/\/biospringer.com\/wp-content\/uploads\/2019\/06\/logo-Biospringer.png","contentUrl":"https:\/\/biospringer.com\/wp-content\/uploads\/2019\/06\/logo-Biospringer.png","width":400,"height":100,"caption":"Biospringer by Lesaffre"},"image":{"@id":"https:\/\/biospringer.com\/en\/#\/schema\/logo\/image\/"},"sameAs":["https:\/\/fr.linkedin.com\/company\/biospringer","https:\/\/www.youtube.com\/channel\/UCIwlo39VHSwHryOBeg3w-rw"]}]}},"_links":{"self":[{"href":"https:\/\/biospringer.com\/fr\/wp-json\/wp\/v2\/pages\/27732","targetHints":{"allow":["GET"]}}],"collection":[{"href":"https:\/\/biospringer.com\/fr\/wp-json\/wp\/v2\/pages"}],"about":[{"href":"https:\/\/biospringer.com\/fr\/wp-json\/wp\/v2\/types\/page"}],"author":[{"embeddable":true,"href":"https:\/\/biospringer.com\/fr\/wp-json\/wp\/v2\/users\/1"}],"replies":[{"embeddable":true,"href":"https:\/\/biospringer.com\/fr\/wp-json\/wp\/v2\/comments?post=27732"}],"version-history":[{"count":0,"href":"https:\/\/biospringer.com\/fr\/wp-json\/wp\/v2\/pages\/27732\/revisions"}],"wp:attachment":[{"href":"https:\/\/biospringer.com\/fr\/wp-json\/wp\/v2\/media?parent=27732"}],"curies":[{"name":"wp","href":"https:\/\/api.w.org\/{rel}","templated":true}]}}