{"id":26860,"date":"2018-06-12T02:59:14","date_gmt":"2018-06-12T06:59:14","guid":{"rendered":"http:\/\/biospringer.kinsta.cloud\/yeast-extract\/production-process\/"},"modified":"2026-02-19T03:22:42","modified_gmt":"2026-02-19T08:22:42","slug":"comment-les-extraits-de-levure-sont-ils-produits","status":"publish","type":"page","link":"https:\/\/biospringer.com\/fr\/comment-les-extraits-de-levure-sont-ils-produits\/","title":{"rendered":"Comment les extraits de levure sont-ils produits ?"},"content":{"rendered":"<div class=\"wpb-content-wrapper\"><p>[vc_row css_animation=\u00a0\u00bb\u00a0\u00bb row_type=\u00a0\u00bbrow\u00a0\u00bb use_row_as_full_screen_section=\u00a0\u00bbno\u00a0\u00bb type=\u00a0\u00bbgrid\u00a0\u00bb angled_section=\u00a0\u00bbno\u00a0\u00bb text_align=\u00a0\u00bbcenter\u00a0\u00bb background_image_as_pattern=\u00a0\u00bbwithout_pattern\u00a0\u00bb z_index=\u00a0\u00bb\u00a0\u00bb][vc_column css=\u00a0\u00bb.vc_custom_1462809083421{padding-top: 87px !important; padding-bottom: 56px !important;}\u00a0\u00bb][vc_column_text]<\/p>\n<h2 style=\"text-align: center;\">L\u2019expertise Biospringer au service du go\u00fbt<\/h2>\n<p>[vc_separator type=&rsquo;transparent&rsquo; position=&rsquo;center&rsquo; color=\u00a0\u00bb thickness=\u00a0\u00bb up=&rsquo;15&rsquo; down=&rsquo;15&rsquo;]<\/p>\n<p style=\"text-align: center;\"><strong>Au fil des ann\u00e9es, Biospringer a solidifi\u00e9 son savoir-faire en mati\u00e8re de s\u00e9lection de souches de levure et de processus, et son expertise du go\u00fbt afin de d\u00e9velopper une palette large et vari\u00e9e de profils gustatifs, qui servent le plaisir des consommateurs.<\/strong><\/p>\n<p>&nbsp;<\/p>\n<p style=\"text-align: center;\">Biospringer a une volont\u00e9 d\u2019innover continuellement et utilise ainsi une technologie de pointe. Biospringer soutient ses clients dans le d\u00e9veloppement de produits plus go\u00fbteux et plus \u00e9quilibr\u00e9s, gr\u00e2ce \u00e0 son offre d\u2019ingr\u00e9dients et \u00e0 son expertise.<\/p>\n<p>[\/vc_column_text][vc_separator type=\u00a0\u00bbsmall\u00a0\u00bb position=\u00a0\u00bbcenter\u00a0\u00bb up=\u00a0\u00bb15&Prime;][\/vc_column][\/vc_row][vc_row css_animation=\u00a0\u00bbelement_from_left\u00a0\u00bb row_type=\u00a0\u00bbrow\u00a0\u00bb use_row_as_full_screen_section=\u00a0\u00bbyes\u00a0\u00bb type=\u00a0\u00bbgrid\u00a0\u00bb angled_section=\u00a0\u00bbno\u00a0\u00bb text_align=\u00a0\u00bbleft\u00a0\u00bb background_image_as_pattern=\u00a0\u00bbwithout_pattern\u00a0\u00bb el_class=\u00a0\u00bbpaddingOn\u00a0\u00bb z_index=\u00a0\u00bb\u00a0\u00bb css=\u00a0\u00bb.vc_custom_1528787403016{background-color: #e2e2e2 !important;}\u00a0\u00bb][vc_column][vc_column_text]<\/p>\n<h3 style=\"text-align: center;\">Comment les extraits de levure sont-ils produits ?<\/h3>\n<p>[\/vc_column_text][vc_separator type=\u00a0\u00bbtransparent\u00a0\u00bb up=\u00a0\u00bb20&Prime;][vc_column_text]La levure est un champignon unicellulaire microscopique, pr\u00e9sente sur Terre depuis des millions d\u2019ann\u00e9es. Comme les cellules humaines ou v\u00e9g\u00e9tales, la levure est compos\u00e9e de prot\u00e9ines, d\u2019acides amin\u00e9s, de vitamines et de min\u00e9raux, prot\u00e9g\u00e9s par une paroi cellulaire. Le contenu de cette cellule, s\u00e9par\u00e9 de sa paroi, deviendra l\u2019extrait de levure.<\/p>\n<p>&nbsp;<\/p>\n<p>Ce qui en fait un ingr\u00e9dient d\u2019origine naturelle. La production d\u2019extrait de levure comporte trois \u00e9tapes principales :<\/p>\n<ol>\n<li>Fermentation<\/li>\n<li>Rupture<\/li>\n<li>S\u00e9paration<\/li>\n<\/ol>\n<p>[\/vc_column_text][\/vc_column][\/vc_row][vc_row css_animation=\u00a0\u00bb\u00a0\u00bb row_type=\u00a0\u00bbrow\u00a0\u00bb use_row_as_full_screen_section=\u00a0\u00bbyes\u00a0\u00bb type=\u00a0\u00bbgrid\u00a0\u00bb angled_section=\u00a0\u00bbno\u00a0\u00bb text_align=\u00a0\u00bbleft\u00a0\u00bb background_image_as_pattern=\u00a0\u00bbwithout_pattern\u00a0\u00bb el_class=\u00a0\u00bbpaddingOn\u00a0\u00bb z_index=\u00a0\u00bb\u00a0\u00bb][vc_column]<div class=\"qode-workflow  qode-workflow-animate\">\n    <span class=\"main-line\" style=\"background-color:#dd9933;\"><\/span>\n    <div class=\"qode-workflow-item\">\n    <span class=\"line\" style=\"background-color:#dd9933;\"><\/span>\n    <div class=\"qode-workflow-item-inner reverse\">\n        <div class=\"qode-workflow-image left\">\n            <img loading=\"lazy\" decoding=\"async\" width=\"800\" height=\"672\" src=\"https:\/\/biospringer.com\/wp-content\/uploads\/2018\/09\/Fermentation-e1552050995817.jpg\" class=\"attachment-full size-full\" alt=\"Yeast fermentation process\" srcset=\"https:\/\/biospringer.com\/wp-content\/uploads\/2018\/09\/Fermentation-e1552050995817.jpg 800w, https:\/\/biospringer.com\/wp-content\/uploads\/2018\/09\/Fermentation-e1552050995817-300x252.jpg 300w, https:\/\/biospringer.com\/wp-content\/uploads\/2018\/09\/Fermentation-e1552050995817-768x645.jpg 768w, https:\/\/biospringer.com\/wp-content\/uploads\/2018\/09\/Fermentation-e1552050995817-700x588.jpg 700w\" sizes=\"auto, (max-width: 800px) 100vw, 800px\" \/>        <\/div>\n        <div class=\"qode-workflow-text\">\n            <span class=\"circle\" style=\"border-color:#dd9933;background-color:#dd9933;\"><\/span>\n                            <h3>Fermentation de la levure<\/h3>\n                                        <h6 class=\"qode-workflow-subtitle\">Etape 1<\/h6>\n                                        <p class=\"text\">Une souche particuli\u00e8re de levure est s\u00e9lectionn\u00e9e selon les propri\u00e9t\u00e9s recherch\u00e9es. Cette souche, aliment\u00e9e par une source de sucre, va se multiplier. Pour optimiser sa vitesse de croissance, les niveaux de temp\u00e9rature et d\u2019oxyg\u00e8ne sont rigoureusement surveill\u00e9s. Le r\u00e9sultat de la fermentation est appel\u00e9 \u00abcr\u00e8me de levure\u00bb.<\/p>\n                    <\/div>\n    <\/div>\n<\/div><div class=\"qode-workflow-item\">\n    <span class=\"line\" style=\"background-color:#dd9933;\"><\/span>\n    <div class=\"qode-workflow-item-inner \">\n        <div class=\"qode-workflow-image right\">\n            <img loading=\"lazy\" decoding=\"async\" width=\"800\" height=\"668\" src=\"https:\/\/biospringer.com\/wp-content\/uploads\/2018\/09\/Autolysis-e1552050236445.jpg\" class=\"attachment-full size-full\" alt=\"Yeast separation\" srcset=\"https:\/\/biospringer.com\/wp-content\/uploads\/2018\/09\/Autolysis-e1552050236445.jpg 800w, https:\/\/biospringer.com\/wp-content\/uploads\/2018\/09\/Autolysis-e1552050236445-300x251.jpg 300w, https:\/\/biospringer.com\/wp-content\/uploads\/2018\/09\/Autolysis-e1552050236445-768x641.jpg 768w, https:\/\/biospringer.com\/wp-content\/uploads\/2018\/09\/Autolysis-e1552050236445-700x585.jpg 700w\" sizes=\"auto, (max-width: 800px) 100vw, 800px\" \/>        <\/div>\n        <div class=\"qode-workflow-text\">\n            <span class=\"circle\" style=\"border-color:#dd9933;background-color:#dd9933;\"><\/span>\n                            <h3>Rupture de la levure<\/h3>\n                                        <h6 class=\"qode-workflow-subtitle\">Etape 2<\/h6>\n                                        <p class=\"text\">Le but de cette \u00e9tape est de solubiliser le contenu de la cellule de levure. Apr\u00e8s une phase de refroidissement visant \u00e0 interrompre la multiplication de la levure, la cr\u00e8me de levure est plac\u00e9e dans de grandes cuves, puis maintenue \u00e0 une temp\u00e9rature comprise entre 45 et 55\u00b0C. Durant ce traitement thermique, les parois cellulaires sont d\u00e9truites par les enzymes naturellement pr\u00e9sentes dans la levure. Les macromol\u00e9cules des cellules de levure sont d\u00e9coup\u00e9es en mol\u00e9cules de plus petite taille, permettant d\u2019obtenir les composants \u00ab gustatifs \u00bb suivants : portion de prot\u00e9ines : peptides, acides amin\u00e9s libres (acide glutamique par exemple), acide nucl\u00e9ique : acide ribonucl\u00e9ique (ARN), oligonucl\u00e9otides, nucl\u00e9otides (IMP-GMP, etc.), polysaccharides : sucres, mannanes et glucanes... Une surveillance de la lyse est n\u00e9cessaire afin d\u2019obtenir ces composants gustatifs, dans des proportions adapt\u00e9es. Chaque param\u00e8tre de la rupture \u2013 temp\u00e9rature et pH \u2013 est crucial et influence les propri\u00e9t\u00e9s gustatives finales de l\u2019extrait de levure.<\/p>\n                    <\/div>\n    <\/div>\n<\/div><div class=\"qode-workflow-item\">\n    <span class=\"line\" style=\"background-color:#dd9933;\"><\/span>\n    <div class=\"qode-workflow-item-inner reverse\">\n        <div class=\"qode-workflow-image left\">\n            <img loading=\"lazy\" decoding=\"async\" width=\"708\" height=\"670\" src=\"https:\/\/biospringer.com\/wp-content\/uploads\/2018\/09\/sepration-e1552052274108.jpg\" class=\"attachment-full size-full\" alt=\"\" srcset=\"https:\/\/biospringer.com\/wp-content\/uploads\/2018\/09\/sepration-e1552052274108.jpg 708w, https:\/\/biospringer.com\/wp-content\/uploads\/2018\/09\/sepration-e1552052274108-300x284.jpg 300w, https:\/\/biospringer.com\/wp-content\/uploads\/2018\/09\/sepration-e1552052274108-700x662.jpg 700w\" sizes=\"auto, (max-width: 708px) 100vw, 708px\" \/>        <\/div>\n        <div class=\"qode-workflow-text\">\n            <span class=\"circle\" style=\"border-color:#dd9933;background-color:#dd9933;\"><\/span>\n                            <h3>La s\u00e9paration<\/h3>\n                                        <h6 class=\"qode-workflow-subtitle\">Etape 3<\/h6>\n                                        <p class=\"text\">Ces composants aux propri\u00e9t\u00e9s gustatives sont ensuite s\u00e9par\u00e9s des parois cellulaires au moyen de proc\u00e9d\u00e9s de centrifugation et de lavage. La cr\u00e8me de levure devient alors un extrait de levure. Pour r\u00e9pondre aux besoins de ses clients, Biospringer a d\u00e9velopp\u00e9 des technologies de pointe permettant de proposer diff\u00e9rentes formes d\u2019extrait de levure, tout en pr\u00e9servant la totalit\u00e9 de ses avantages et de ses propri\u00e9t\u00e9s organoleptiques. Les extraits de levure Biospringer peuvent \u00eatre achet\u00e9s sous trois formes : liquide, p\u00e2te, poudre.<\/p>\n                    <\/div>\n    <\/div>\n<\/div><div class=\"qode-workflow-item\">\n    <span class=\"line\" style=\"background-color:#dd9933;\"><\/span>\n    <div class=\"qode-workflow-item-inner \">\n        <div class=\"qode-workflow-image right\">\n            <img loading=\"lazy\" decoding=\"async\" width=\"800\" height=\"672\" src=\"https:\/\/biospringer.com\/wp-content\/uploads\/2018\/09\/Process-e1552051112174.jpg\" class=\"attachment-full size-full\" alt=\"\" srcset=\"https:\/\/biospringer.com\/wp-content\/uploads\/2018\/09\/Process-e1552051112174.jpg 800w, https:\/\/biospringer.com\/wp-content\/uploads\/2018\/09\/Process-e1552051112174-300x252.jpg 300w, https:\/\/biospringer.com\/wp-content\/uploads\/2018\/09\/Process-e1552051112174-768x645.jpg 768w, https:\/\/biospringer.com\/wp-content\/uploads\/2018\/09\/Process-e1552051112174-700x588.jpg 700w\" sizes=\"auto, (max-width: 800px) 100vw, 800px\" \/>        <\/div>\n        <div class=\"qode-workflow-text\">\n            <span class=\"circle\" style=\"border-color:#dd9933;background-color:#dd9933;\"><\/span>\n                            <h3>Emballage<\/h3>\n                                        <h6 class=\"qode-workflow-subtitle\">Etape 4<\/h6>\n                                        <p class=\"text\">Biospringer a mis au point des technologies de pointe pour offrir diff\u00e9rentes formes d\u2019extrait de levure tout en pr\u00e9servant toutes ses propri\u00e9t\u00e9s et ses avantages organoleptiques. Les extraits de levure Biospringer peuvent \u00eatre achet\u00e9s sous trois formes : liquide, p\u00e2te, poudre. L\u2019\u00e9vaporation, la concentration et le s\u00e9chage par atomisation sont des \u00e9tapes suppl\u00e9mentaires pour la pr\u00e9paration des formes commerciales requises d\u2019extrait de levure.<\/p>\n                    <\/div>\n    <\/div>\n<\/div><\/div>[\/vc_column][\/vc_row][vc_row css_animation=\u00a0\u00bb\u00a0\u00bb row_type=\u00a0\u00bbrow\u00a0\u00bb use_row_as_full_screen_section=\u00a0\u00bbno\u00a0\u00bb type=\u00a0\u00bbfull_width\u00a0\u00bb angled_section=\u00a0\u00bbno\u00a0\u00bb text_align=\u00a0\u00bbleft\u00a0\u00bb background_image_as_pattern=\u00a0\u00bbwithout_pattern\u00a0\u00bb z_index=\u00a0\u00bb\u00a0\u00bb][vc_column][vc_row_inner row_type=\u00a0\u00bbrow\u00a0\u00bb type=\u00a0\u00bbgrid\u00a0\u00bb text_align=\u00a0\u00bbcenter\u00a0\u00bb css_animation=\u00a0\u00bbelement_from_fade\u00a0\u00bb][vc_column_inner][vc_column_text]<\/p>\n<h4 style=\"text-align: center;\">Vous souhaitez en savoir plus sur l&rsquo;extrait de levure?<\/h4>\n<p>[\/vc_column_text][vc_separator type=\u00a0\u00bbtransparent\u00a0\u00bb up=\u00a0\u00bb10&Prime; down=\u00a0\u00bb10&Prime;][vc_raw_html css=\u00a0\u00bb\u00a0\u00bb]JTNDZGl2JTIwY2xhc3MlM0QlMjJsb3ZlcnMtYnRuLXdyYXAlMjIlM0UlMEElMjAlMjAlM0NhJTIwaHJlZiUzRCUyMiUyRmZyJTJGY29udGFjdCUyRiUyMiUyMGNsYXNzJTNEJTIybG92ZXJzLWJ0biUyMiUzRSUwQSUyMCUyMCUyMCUyMENvbnRhY3Rlei1ub3VzJTBBJTIwJTIwJTNDJTJGYSUzRSUwQSUzQyUyRmRpdiUzRQ==[\/vc_raw_html][\/vc_column_inner][\/vc_row_inner][\/vc_column][\/vc_row]<\/p>\n<\/div>","protected":false},"excerpt":{"rendered":"<p>[vc_row css_animation=\u00a0\u00bb\u00a0\u00bb row_type=\u00a0\u00bbrow\u00a0\u00bb use_row_as_full_screen_section=\u00a0\u00bbno\u00a0\u00bb type=\u00a0\u00bbgrid\u00a0\u00bb angled_section=\u00a0\u00bbno\u00a0\u00bb text_align=\u00a0\u00bbcenter\u00a0\u00bb background_image_as_pattern=\u00a0\u00bbwithout_pattern\u00a0\u00bb z_index=\u00a0\u00bb\u00a0\u00bb][vc_column css=\u00a0\u00bb.vc_custom_1462809083421{padding-top: 87px !important; padding-bottom: 56px !important;}\u00a0\u00bb][vc_column_text] L\u2019expertise Biospringer au service du go\u00fbt [vc_separator type=&rsquo;transparent&rsquo; position=&rsquo;center&rsquo; color=\u00a0\u00bb thickness=\u00a0\u00bb up=&rsquo;15&rsquo; down=&rsquo;15&rsquo;] Au fil des ann\u00e9es, Biospringer a solidifi\u00e9 son savoir-faire en mati\u00e8re de s\u00e9lection de souches de levure&#8230;<\/p>\n","protected":false},"author":1,"featured_media":0,"parent":0,"menu_order":0,"comment_status":"closed","ping_status":"closed","template":"full_width.php","meta":{"_acf_changed":false,"inline_featured_image":false,"footnotes":""},"class_list":["post-26860","page","type-page","status-publish","hentry"],"acf":[],"yoast_head":"<!-- This site is optimized with the Yoast SEO Premium plugin v26.1 (Yoast SEO v27.3) - https:\/\/yoast.com\/product\/yoast-seo-premium-wordpress\/ -->\n<title>Process production : How is yeast extract made? | Biospringer<\/title>\n<meta name=\"description\" content=\"Yeast Extract production consists of 3 main steps : 1 \u2192 Fermentation 2 \u2192 Autolysis 3 \u2192 Separation. Biospringer provides solutions and services to support you in the development of more flavorful, healthier and more balanced foods.\" \/>\n<meta name=\"robots\" content=\"index, follow, max-snippet:-1, max-image-preview:large, max-video-preview:-1\" \/>\n<link rel=\"canonical\" href=\"http:\/\/biospringer.com\/fr\/comment-les-extraits-de-levure-sont-ils-produits\/\" \/>\n<meta property=\"og:locale\" content=\"fr_FR\" \/>\n<meta property=\"og:type\" content=\"article\" \/>\n<meta property=\"og:title\" content=\"Comment les extraits de levure sont-ils produits ?\" \/>\n<meta property=\"og:description\" content=\"Yeast Extract production consists of 3 main steps : 1 \u2192 Fermentation 2 \u2192 Autolysis 3 \u2192 Separation. Biospringer provides solutions and services to support you in the development of more flavorful, healthier and more balanced foods.\" \/>\n<meta property=\"og:url\" content=\"http:\/\/biospringer.com\/fr\/comment-les-extraits-de-levure-sont-ils-produits\/\" \/>\n<meta property=\"og:site_name\" content=\"Biospringer\" \/>\n<meta property=\"article:modified_time\" content=\"2026-02-19T08:22:42+00:00\" \/>\n<meta name=\"twitter:card\" content=\"summary_large_image\" \/>\n<meta name=\"twitter:label1\" content=\"Dur\u00e9e de lecture estim\u00e9e\" \/>\n\t<meta name=\"twitter:data1\" content=\"4 minutes\" \/>\n<script type=\"application\/ld+json\" class=\"yoast-schema-graph\">{\"@context\":\"https:\\\/\\\/schema.org\",\"@graph\":[{\"@type\":\"WebPage\",\"@id\":\"https:\\\/\\\/biospringer.com\\\/fr\\\/comment-les-extraits-de-levure-sont-ils-produits\\\/\",\"url\":\"http:\\\/\\\/biospringer.com\\\/fr\\\/comment-les-extraits-de-levure-sont-ils-produits\\\/\",\"name\":\"Process production : How is yeast extract made? | Biospringer\",\"isPartOf\":{\"@id\":\"https:\\\/\\\/biospringer.com\\\/en\\\/#website\"},\"datePublished\":\"2018-06-12T06:59:14+00:00\",\"dateModified\":\"2026-02-19T08:22:42+00:00\",\"description\":\"Yeast Extract production consists of 3 main steps : 1 \u2192 Fermentation 2 \u2192 Autolysis 3 \u2192 Separation. Biospringer provides solutions and services to support you in the development of more flavorful, healthier and more balanced foods.\",\"breadcrumb\":{\"@id\":\"http:\\\/\\\/biospringer.com\\\/fr\\\/comment-les-extraits-de-levure-sont-ils-produits\\\/#breadcrumb\"},\"inLanguage\":\"fr-FR\",\"potentialAction\":[{\"@type\":\"ReadAction\",\"target\":[\"http:\\\/\\\/biospringer.com\\\/fr\\\/comment-les-extraits-de-levure-sont-ils-produits\\\/\"]}]},{\"@type\":\"BreadcrumbList\",\"@id\":\"http:\\\/\\\/biospringer.com\\\/fr\\\/comment-les-extraits-de-levure-sont-ils-produits\\\/#breadcrumb\",\"itemListElement\":[{\"@type\":\"ListItem\",\"position\":1,\"name\":\"Accueil\",\"item\":\"https:\\\/\\\/biospringer.com\\\/fr\\\/\"},{\"@type\":\"ListItem\",\"position\":2,\"name\":\"Comment les extraits de levure sont-ils produits ?\"}]},{\"@type\":\"WebSite\",\"@id\":\"https:\\\/\\\/biospringer.com\\\/en\\\/#website\",\"url\":\"https:\\\/\\\/biospringer.com\\\/en\\\/\",\"name\":\"Biospringer\",\"description\":\"Global yeast extract producer\",\"publisher\":{\"@id\":\"https:\\\/\\\/biospringer.com\\\/en\\\/#organization\"},\"potentialAction\":[{\"@type\":\"SearchAction\",\"target\":{\"@type\":\"EntryPoint\",\"urlTemplate\":\"https:\\\/\\\/biospringer.com\\\/en\\\/?s={search_term_string}\"},\"query-input\":{\"@type\":\"PropertyValueSpecification\",\"valueRequired\":true,\"valueName\":\"search_term_string\"}}],\"inLanguage\":\"fr-FR\"},{\"@type\":\"Organization\",\"@id\":\"https:\\\/\\\/biospringer.com\\\/en\\\/#organization\",\"name\":\"Biospringer by Lesaffre\",\"url\":\"https:\\\/\\\/biospringer.com\\\/en\\\/\",\"logo\":{\"@type\":\"ImageObject\",\"inLanguage\":\"fr-FR\",\"@id\":\"https:\\\/\\\/biospringer.com\\\/en\\\/#\\\/schema\\\/logo\\\/image\\\/\",\"url\":\"https:\\\/\\\/biospringer.com\\\/wp-content\\\/uploads\\\/2019\\\/06\\\/logo-Biospringer.png\",\"contentUrl\":\"https:\\\/\\\/biospringer.com\\\/wp-content\\\/uploads\\\/2019\\\/06\\\/logo-Biospringer.png\",\"width\":400,\"height\":100,\"caption\":\"Biospringer by Lesaffre\"},\"image\":{\"@id\":\"https:\\\/\\\/biospringer.com\\\/en\\\/#\\\/schema\\\/logo\\\/image\\\/\"},\"sameAs\":[\"https:\\\/\\\/fr.linkedin.com\\\/company\\\/biospringer\",\"https:\\\/\\\/www.youtube.com\\\/channel\\\/UCIwlo39VHSwHryOBeg3w-rw\"]}]}<\/script>\n<!-- \/ Yoast SEO Premium plugin. -->","yoast_head_json":{"title":"Process production : How is yeast extract made? | Biospringer","description":"Yeast Extract production consists of 3 main steps : 1 \u2192 Fermentation 2 \u2192 Autolysis 3 \u2192 Separation. Biospringer provides solutions and services to support you in the development of more flavorful, healthier and more balanced foods.","robots":{"index":"index","follow":"follow","max-snippet":"max-snippet:-1","max-image-preview":"max-image-preview:large","max-video-preview":"max-video-preview:-1"},"canonical":"http:\/\/biospringer.com\/fr\/comment-les-extraits-de-levure-sont-ils-produits\/","og_locale":"fr_FR","og_type":"article","og_title":"Comment les extraits de levure sont-ils produits ?","og_description":"Yeast Extract production consists of 3 main steps : 1 \u2192 Fermentation 2 \u2192 Autolysis 3 \u2192 Separation. Biospringer provides solutions and services to support you in the development of more flavorful, healthier and more balanced foods.","og_url":"http:\/\/biospringer.com\/fr\/comment-les-extraits-de-levure-sont-ils-produits\/","og_site_name":"Biospringer","article_modified_time":"2026-02-19T08:22:42+00:00","twitter_card":"summary_large_image","twitter_misc":{"Dur\u00e9e de lecture estim\u00e9e":"4 minutes"},"schema":{"@context":"https:\/\/schema.org","@graph":[{"@type":"WebPage","@id":"https:\/\/biospringer.com\/fr\/comment-les-extraits-de-levure-sont-ils-produits\/","url":"http:\/\/biospringer.com\/fr\/comment-les-extraits-de-levure-sont-ils-produits\/","name":"Process production : How is yeast extract made? | Biospringer","isPartOf":{"@id":"https:\/\/biospringer.com\/en\/#website"},"datePublished":"2018-06-12T06:59:14+00:00","dateModified":"2026-02-19T08:22:42+00:00","description":"Yeast Extract production consists of 3 main steps : 1 \u2192 Fermentation 2 \u2192 Autolysis 3 \u2192 Separation. Biospringer provides solutions and services to support you in the development of more flavorful, healthier and more balanced foods.","breadcrumb":{"@id":"http:\/\/biospringer.com\/fr\/comment-les-extraits-de-levure-sont-ils-produits\/#breadcrumb"},"inLanguage":"fr-FR","potentialAction":[{"@type":"ReadAction","target":["http:\/\/biospringer.com\/fr\/comment-les-extraits-de-levure-sont-ils-produits\/"]}]},{"@type":"BreadcrumbList","@id":"http:\/\/biospringer.com\/fr\/comment-les-extraits-de-levure-sont-ils-produits\/#breadcrumb","itemListElement":[{"@type":"ListItem","position":1,"name":"Accueil","item":"https:\/\/biospringer.com\/fr\/"},{"@type":"ListItem","position":2,"name":"Comment les extraits de levure sont-ils produits ?"}]},{"@type":"WebSite","@id":"https:\/\/biospringer.com\/en\/#website","url":"https:\/\/biospringer.com\/en\/","name":"Biospringer","description":"Global yeast extract producer","publisher":{"@id":"https:\/\/biospringer.com\/en\/#organization"},"potentialAction":[{"@type":"SearchAction","target":{"@type":"EntryPoint","urlTemplate":"https:\/\/biospringer.com\/en\/?s={search_term_string}"},"query-input":{"@type":"PropertyValueSpecification","valueRequired":true,"valueName":"search_term_string"}}],"inLanguage":"fr-FR"},{"@type":"Organization","@id":"https:\/\/biospringer.com\/en\/#organization","name":"Biospringer by Lesaffre","url":"https:\/\/biospringer.com\/en\/","logo":{"@type":"ImageObject","inLanguage":"fr-FR","@id":"https:\/\/biospringer.com\/en\/#\/schema\/logo\/image\/","url":"https:\/\/biospringer.com\/wp-content\/uploads\/2019\/06\/logo-Biospringer.png","contentUrl":"https:\/\/biospringer.com\/wp-content\/uploads\/2019\/06\/logo-Biospringer.png","width":400,"height":100,"caption":"Biospringer by Lesaffre"},"image":{"@id":"https:\/\/biospringer.com\/en\/#\/schema\/logo\/image\/"},"sameAs":["https:\/\/fr.linkedin.com\/company\/biospringer","https:\/\/www.youtube.com\/channel\/UCIwlo39VHSwHryOBeg3w-rw"]}]}},"_links":{"self":[{"href":"https:\/\/biospringer.com\/fr\/wp-json\/wp\/v2\/pages\/26860","targetHints":{"allow":["GET"]}}],"collection":[{"href":"https:\/\/biospringer.com\/fr\/wp-json\/wp\/v2\/pages"}],"about":[{"href":"https:\/\/biospringer.com\/fr\/wp-json\/wp\/v2\/types\/page"}],"author":[{"embeddable":true,"href":"https:\/\/biospringer.com\/fr\/wp-json\/wp\/v2\/users\/1"}],"replies":[{"embeddable":true,"href":"https:\/\/biospringer.com\/fr\/wp-json\/wp\/v2\/comments?post=26860"}],"version-history":[{"count":0,"href":"https:\/\/biospringer.com\/fr\/wp-json\/wp\/v2\/pages\/26860\/revisions"}],"wp:attachment":[{"href":"https:\/\/biospringer.com\/fr\/wp-json\/wp\/v2\/media?parent=26860"}],"curies":[{"name":"wp","href":"https:\/\/api.w.org\/{rel}","templated":true}]}}