{"id":26856,"date":"2018-06-12T03:45:01","date_gmt":"2018-06-12T07:45:01","guid":{"rendered":"http:\/\/biospringer.kinsta.cloud\/yeast-extract\/benefits-of-yeast-extract\/"},"modified":"2026-02-20T03:58:54","modified_gmt":"2026-02-20T08:58:54","slug":"les-avantages-de-lextrait-de-levure","status":"publish","type":"page","link":"https:\/\/biospringer.com\/fr\/les-avantages-de-lextrait-de-levure\/","title":{"rendered":"Les avantages de l\u2019extrait de levure"},"content":{"rendered":"<div class=\"wpb-content-wrapper\"><p>[vc_row css_animation=\u00a0\u00bb\u00a0\u00bb row_type=\u00a0\u00bbrow\u00a0\u00bb use_row_as_full_screen_section=\u00a0\u00bbno\u00a0\u00bb type=\u00a0\u00bbgrid\u00a0\u00bb angled_section=\u00a0\u00bbno\u00a0\u00bb text_align=\u00a0\u00bbcenter\u00a0\u00bb background_image_as_pattern=\u00a0\u00bbwithout_pattern\u00a0\u00bb z_index=\u00a0\u00bb\u00a0\u00bb][vc_column css=\u00a0\u00bb.vc_custom_1462809083421{padding-top: 87px !important; padding-bottom: 56px !important;}\u00a0\u00bb][vc_column_text]<\/p>\n<h2 style=\"text-align: center;\">Am\u00e9liorer le go\u00fbt<\/h2>\n<p>[vc_separator type=&rsquo;transparent&rsquo; position=&rsquo;center&rsquo; color=\u00a0\u00bb thickness=\u00a0\u00bb up=&rsquo;15&rsquo; down=&rsquo;15&rsquo;]<\/p>\n<p style=\"text-align: center;\"><strong>Le principal b\u00e9n\u00e9fice de l\u2019extrait de levure est qu\u2019il am\u00e9liore le go\u00fbt<\/strong>, et ce via un large spectre de notes aromatiques : v\u00e9g\u00e9tales ou carn\u00e9es, grill\u00e9es, r\u00f4ties ou autres.<\/p>\n<p>&nbsp;<\/p>\n<p style=\"text-align: center;\">L\u2019extrait de levure peut \u00eatre utilis\u00e9 dans de nombreux aliments et boissons, sal\u00e9s ou sucr\u00e9s, permettant ainsi de d\u00e9velopper des profils aromatiques \u00e0 l\u2019infini. L\u2019extrait de levure est aussi largement utilis\u00e9 directement par les consommateurs comme assaisonnement ou p\u00e2te \u00e0 tartiner, notamment au Royaume-Uni et en Australie.<\/p>\n<p>&nbsp;<\/p>\n<p style=\"text-align: center;\">Ce qui explique cette importante vari\u00e9t\u00e9 et intensit\u00e9 des saveurs cr\u00e9\u00e9s gr\u00e2ce \u00e0 l\u2019extrait de levure\u00a0est la composition m\u00eame de la levure, qui est particuli\u00e8rement riche en prot\u00e9ines, acides amin\u00e9s et nucl\u00e9otides. Ses ar\u00f4mes vari\u00e9s font de l\u2019extrait de levure un ingr\u00e9dient pr\u00e9cieux pour les fabricants alimentaires qui souhaitent formuler des aliments et des boissons plus savoureux.<\/p>\n<p style=\"text-align: center;\">Ainsi, l\u2019extrait de levure permet de :<\/p>\n<p style=\"text-align: center;\">\u2022 <strong>R\u00e9v\u00e9ler le go\u00fbt<\/strong>, en ajoutant des notes de base, et ainsi mettant en valeur les saveurs et les ar\u00f4mes d\u2019une recette<\/p>\n<p style=\"text-align: center;\">\u2022 <strong>Apporter de la richesse<\/strong>, en accroissant l\u2019impact aromatique et cr\u00e9ant une longueur en bouche, gr\u00e2ce \u00e0 la saveur umami.<\/p>\n<p style=\"text-align: center;\"><strong>\u2022 Donner une\u00ab signature \u00bb<\/strong> au produit, gr\u00e2ce \u00e0 des notes sp\u00e9cifiques de b\u0153uf, poulet ou encore fromage.<\/p>\n<p>[\/vc_column_text][\/vc_column][\/vc_row][vc_row css_animation=\u00a0\u00bbelement_from_left\u00a0\u00bb row_type=\u00a0\u00bbrow\u00a0\u00bb use_row_as_full_screen_section=\u00a0\u00bbyes\u00a0\u00bb type=\u00a0\u00bbgrid\u00a0\u00bb angled_section=\u00a0\u00bbno\u00a0\u00bb text_align=\u00a0\u00bbleft\u00a0\u00bb background_image_as_pattern=\u00a0\u00bbwithout_pattern\u00a0\u00bb el_class=\u00a0\u00bbpaddingOn\u00a0\u00bb z_index=\u00a0\u00bb\u00a0\u00bb css=\u00a0\u00bb.vc_custom_1528787403016{background-color: #e2e2e2 !important;}\u00a0\u00bb][vc_column][vc_column_text]<\/p>\n<h3 style=\"text-align: center;\">Des produits plus sains<\/h3>\n<p>[\/vc_column_text][vc_separator type=\u00a0\u00bbtransparent\u00a0\u00bb up=\u00a0\u00bb20&Prime;][vc_column_text]Conscients du lien incontestable entre la sant\u00e9 et l\u2019alimentation, les consommateurs recherchent des produits \u00e9quilibr\u00e9s. Dans ce contexte, la r\u00e9duction de sel, de sucre et de mati\u00e8re grasse est devenue un d\u00e9fi majeur pour les fabricants agroalimentaires.[\/vc_column_text][\/vc_column][vc_column width=\u00a0\u00bb1\/3&Prime; css=\u00a0\u00bb.vc_custom_1528790115420{padding-top: 15px !important;padding-bottom: 15px !important;}\u00a0\u00bb][vc_column_text]<\/p>\n<h4 style=\"text-align: center;\">R\u00e9duction de sel<\/h4>\n<p>[vc_separator type=&rsquo;small&rsquo; position=&rsquo;center&rsquo; color=\u00a0\u00bb thickness=\u00a0\u00bb up=&rsquo;10&rsquo; down=&rsquo;10&rsquo;]<br \/>\nGr\u00e2ce \u00e0 un ar\u00f4me prononc\u00e9, l\u2019extrait de levure permet aux fabricants alimentaires de r\u00e9duire leur teneur en sel de pr\u00e8s de 30 % sans en alt\u00e9rer le go\u00fbt. L\u2019extrait de levure intensifie la perception du sel en raison de son go\u00fbt umami tr\u00e8s marqu\u00e9 et apporte des notes aromatiques sp\u00e9cifiques qui rendent la recette plus savoureuse. Ainsi, le go\u00fbt du produit est renforc\u00e9 et le taux de sel diminue. <a href=\"https:\/\/biospringer.com\/fr\/produits-naturels\/#sel\">En savoir plus&#8230;<\/a>[\/vc_column_text][\/vc_column][vc_column width=\u00a0\u00bb1\/3&Prime; css=\u00a0\u00bb.vc_custom_1528790120324{padding-top: 15px !important;padding-bottom: 15px !important;}\u00a0\u00bb][vc_column_text]<\/p>\n<h4 style=\"text-align: center;\">R\u00e9duction de sucre<\/h4>\n<p>[vc_separator type=&rsquo;small&rsquo; position=&rsquo;center&rsquo; color=\u00a0\u00bb thickness=\u00a0\u00bb up=&rsquo;10&rsquo; down=&rsquo;10&rsquo;]<br \/>\nL\u2019extrait de levure intensifie certaines notes aromatiques brunes (comme le caramel, le chocolat, la vanille, ou le caf\u00e9,) renfor\u00e7ant ainsi le go\u00fbt sucr\u00e9. L\u2019extrait de levure permet \u00e9galement de masquer les ar\u00f4mes ind\u00e9sirables apport\u00e9s par les \u00e9dulcorants. Ces propri\u00e9t\u00e9s permettent de r\u00e9duire le sucre d\u2019un produit sucr\u00e9 de pr\u00e8s de 30%, tout en conservant l\u2019intensit\u00e9 de son go\u00fbt. L\u2019utilisation de l\u2019extrait de levure permet ainsi de r\u00e9duire de pr\u00e8s de 30 % la pr\u00e9sence de sucre, sans pour autant compromettre la sensation sucr\u00e9e&#8230; <a href=\"https:\/\/biospringer.com\/fr\/produits-naturels\/#sucre\">En savoir plus&#8230;<\/a>[\/vc_column_text][\/vc_column][vc_column width=\u00a0\u00bb1\/3&Prime; css=\u00a0\u00bb.vc_custom_1528790125817{padding-top: 15px !important;padding-bottom: 15px !important;}\u00a0\u00bb][vc_column_text]<\/p>\n<h4 style=\"text-align: center;\">R\u00e9duction de mati\u00e8re grasse<\/h4>\n<p>[vc_separator type=&rsquo;small&rsquo; position=&rsquo;center&rsquo; color=\u00a0\u00bb thickness=\u00a0\u00bb up=&rsquo;10&rsquo; down=&rsquo;10&rsquo;]<br \/>\nLa mati\u00e8re grasse impacte aussi bien le go\u00fbt que la texture d\u2019une recette. La composition riche en peptides de certains extraits de levure permet de reproduire ces sensations d\u2019onctuosit\u00e9 et de richesse en application alimentaire. Ainsi, l\u2019extrait de levure peut r\u00e9duire la teneur en mati\u00e8re grasse d\u2019une recette de pr\u00e8s de 30 % tout en pr\u00e9servant ses propri\u00e9t\u00e9s organoleptiques. <a href=\"https:\/\/biospringer.com\/fr\/produits-naturels\/#gras\">En savoir plus&#8230;<\/a>[\/vc_column_text][\/vc_column][\/vc_row][vc_row css_animation=\u00a0\u00bb\u00a0\u00bb row_type=\u00a0\u00bbrow\u00a0\u00bb use_row_as_full_screen_section=\u00a0\u00bbno\u00a0\u00bb type=\u00a0\u00bbgrid\u00a0\u00bb angled_section=\u00a0\u00bbno\u00a0\u00bb text_align=\u00a0\u00bbcenter\u00a0\u00bb background_image_as_pattern=\u00a0\u00bbwithout_pattern\u00a0\u00bb z_index=\u00a0\u00bb\u00a0\u00bb el_class=\u00a0\u00bbpaddingOn\u00a0\u00bb][vc_column width=\u00a0\u00bb1\/3&Prime;][vc_column_text]<\/p>\n<h4 style=\"text-align: center;\">Gamme \u00ab clean label \u00bb<\/h4>\n<p>[vc_separator type=&rsquo;small&rsquo; position=&rsquo;center&rsquo; color=\u00a0\u00bb thickness=\u00a0\u00bb up=&rsquo;5&prime; down=&rsquo;5&prime;]<br \/>\nTout comme les herbes et les \u00e9pices, l\u2019extrait de levure est un ingr\u00e9dient aromatique naturel.<br \/>\nDe plus, l\u2019extrait de levure s\u2019utilise en applicatif \u00e0 tr\u00e8s faible dose, soit g\u00e9n\u00e9ralement \u00e0 moins de 1 %. Enfin, l\u2019extrait de levure n\u2019est pas un additif et peut \u00eatre \u00e9tiquet\u00e9 \u00ab extrait de levure \u00bb ou \u00ab ar\u00f4me naturel \u00bb en Europe<em> (r\u00e9glementation 1334\/2008\/CE).<\/em> <a href=\"https:\/\/biospringer.com\/fr\/produits-naturels\/#clean\"><strong>En savoir plus&#8230;<\/strong><\/a>[\/vc_column_text][\/vc_column][vc_column width=\u00a0\u00bb1\/3&Prime;][vc_column_text]<\/p>\n<h4 style=\"text-align: center;\">Ingr\u00e9dient d\u2019origine non-animale<\/h4>\n<p>[vc_separator type=&rsquo;small&rsquo; position=&rsquo;center&rsquo; color=\u00a0\u00bb thickness=\u00a0\u00bb up=&rsquo;5&prime; down=&rsquo;5&prime;]<br \/>\nL\u2019extrait de levure est un ingr\u00e9dient d\u2019origine non-animale, ce qui le rend particuli\u00e8rement utile pour les formulations de produits v\u00e9g\u00e9tariens et v\u00e9g\u00e9taliens. L\u2019extrait de levure peut \u00eatre utilis\u00e9 pour renforcer la base aromatis\u00e9e aromatique d\u2019un produit v\u00e9g\u00e9tal, mais aussi pour lui ajouter des notes sp\u00e9cifiques et distinctives. <a href=\"https:\/\/biospringer.com\/fr\/produits-naturels\/#vegan\"><strong>En savoir plus&#8230;<\/strong><\/a>[\/vc_column_text][\/vc_column][vc_column width=\u00a0\u00bb1\/3&Prime;][vc_column_text]<\/p>\n<h4 style=\"text-align: center;\">Extrait de levure et gluten<\/h4>\n<p>[vc_separator type=&rsquo;small&rsquo; position=&rsquo;center&rsquo; color=\u00a0\u00bb thickness=\u00a0\u00bb up=&rsquo;5&prime; down=&rsquo;5&prime;]<br \/>\nBiospringer propose deux types d\u2019extrait de levure : l\u2019extrait de levure de boulangerie et celui de brasserie.<br \/>\nLe premier ne contient g\u00e9n\u00e9ralement pas de gluten, \u00e9tant donn\u00e9 qu\u2019aucun d\u00e9riv\u00e9 de gluten n\u2019est utilis\u00e9 durant le processus. Le second toutefois, provient de la bi\u00e8re et peut contenir des traces de c\u00e9r\u00e9ales telles que l\u2019orge, et donc des traces de gluten. Les d\u00e9clarations relatives \u00e0 la pr\u00e9sence ou non de gluten d\u00e9pend de la r\u00e9glementation locale. <em>Veuillez donc consulter l\u2019autorit\u00e9 de r\u00e9glementation locale comp\u00e9tente.<\/em>[\/vc_column_text][\/vc_column][\/vc_row][vc_row css_animation=\u00a0\u00bb\u00a0\u00bb row_type=\u00a0\u00bbrow\u00a0\u00bb use_row_as_full_screen_section=\u00a0\u00bbno\u00a0\u00bb type=\u00a0\u00bbfull_width\u00a0\u00bb angled_section=\u00a0\u00bbno\u00a0\u00bb text_align=\u00a0\u00bbleft\u00a0\u00bb background_image_as_pattern=\u00a0\u00bbwithout_pattern\u00a0\u00bb z_index=\u00a0\u00bb\u00a0\u00bb][vc_column][vc_row_inner row_type=\u00a0\u00bbrow\u00a0\u00bb type=\u00a0\u00bbgrid\u00a0\u00bb text_align=\u00a0\u00bbcenter\u00a0\u00bb css_animation=\u00a0\u00bbelement_from_fade\u00a0\u00bb][vc_column_inner][vc_column_text]<\/p>\n<h4 style=\"text-align: center;\">Vous souhaitez en savoir plus sur l&rsquo;extrait de levure?<\/h4>\n<p>[\/vc_column_text][vc_separator type=\u00a0\u00bbtransparent\u00a0\u00bb up=\u00a0\u00bb10&Prime; down=\u00a0\u00bb10&Prime;][vc_raw_html css=\u00a0\u00bb\u00a0\u00bb]JTNDZGl2JTIwY2xhc3MlM0QlMjJsb3ZlcnMtYnRuLXdyYXAlMjIlM0UlMEElMjAlMjAlM0NhJTIwaHJlZiUzRCUyMiUyRmZyJTJGY29udGFjdCUyRiUyMiUyMGNsYXNzJTNEJTIybG92ZXJzLWJ0biUyMiUzRSUwQSUyMCUyMCUyMCUyMENvbnRhY3Rlei1ub3VzJTBBJTIwJTIwJTNDJTJGYSUzRSUwQSUzQyUyRmRpdiUzRQ==[\/vc_raw_html][\/vc_column_inner][\/vc_row_inner][\/vc_column][\/vc_row]<\/p>\n<\/div>","protected":false},"excerpt":{"rendered":"<p>[vc_row css_animation=\u00a0\u00bb\u00a0\u00bb row_type=\u00a0\u00bbrow\u00a0\u00bb use_row_as_full_screen_section=\u00a0\u00bbno\u00a0\u00bb type=\u00a0\u00bbgrid\u00a0\u00bb angled_section=\u00a0\u00bbno\u00a0\u00bb text_align=\u00a0\u00bbcenter\u00a0\u00bb background_image_as_pattern=\u00a0\u00bbwithout_pattern\u00a0\u00bb z_index=\u00a0\u00bb\u00a0\u00bb][vc_column css=\u00a0\u00bb.vc_custom_1462809083421{padding-top: 87px !important; padding-bottom: 56px !important;}\u00a0\u00bb][vc_column_text] Am\u00e9liorer le go\u00fbt [vc_separator type=&rsquo;transparent&rsquo; position=&rsquo;center&rsquo; color=\u00a0\u00bb thickness=\u00a0\u00bb up=&rsquo;15&rsquo; down=&rsquo;15&rsquo;] Le principal b\u00e9n\u00e9fice de l\u2019extrait de levure est qu\u2019il am\u00e9liore le go\u00fbt, et ce via un large spectre de notes&#8230;<\/p>\n","protected":false},"author":1,"featured_media":0,"parent":0,"menu_order":0,"comment_status":"closed","ping_status":"closed","template":"full_width.php","meta":{"_acf_changed":false,"inline_featured_image":false,"footnotes":""},"class_list":["post-26856","page","type-page","status-publish","hentry"],"acf":[],"yoast_head":"<!-- This site is optimized with the Yoast SEO Premium plugin v26.1 (Yoast SEO v27.3) - https:\/\/yoast.com\/product\/yoast-seo-premium-wordpress\/ -->\n<title>Yeast extracts Benefits | Biospringer<\/title>\n<meta name=\"description\" content=\"Yeast extract offers a multitude of benefits making it a great ingredient to develop indulgent, flavorful and healthy food and beverages.\" \/>\n<meta name=\"robots\" content=\"index, follow, max-snippet:-1, max-image-preview:large, max-video-preview:-1\" \/>\n<link rel=\"canonical\" href=\"https:\/\/biospringer.com\/fr\/les-avantages-de-lextrait-de-levure\/\" \/>\n<meta property=\"og:locale\" content=\"fr_FR\" \/>\n<meta property=\"og:type\" content=\"article\" \/>\n<meta property=\"og:title\" content=\"Les avantages de l\u2019extrait de levure\" \/>\n<meta property=\"og:description\" content=\"Yeast extract offers a multitude of benefits making it a great ingredient to develop indulgent, flavorful and healthy food and beverages.\" \/>\n<meta property=\"og:url\" content=\"https:\/\/biospringer.com\/fr\/les-avantages-de-lextrait-de-levure\/\" \/>\n<meta property=\"og:site_name\" content=\"Biospringer\" \/>\n<meta property=\"article:modified_time\" content=\"2026-02-20T08:58:54+00:00\" \/>\n<meta name=\"twitter:card\" content=\"summary_large_image\" \/>\n<meta name=\"twitter:label1\" content=\"Dur\u00e9e de lecture estim\u00e9e\" \/>\n\t<meta name=\"twitter:data1\" content=\"4 minutes\" \/>\n<script type=\"application\/ld+json\" class=\"yoast-schema-graph\">{\"@context\":\"https:\\\/\\\/schema.org\",\"@graph\":[{\"@type\":\"WebPage\",\"@id\":\"https:\\\/\\\/biospringer.com\\\/fr\\\/les-avantages-de-lextrait-de-levure\\\/\",\"url\":\"https:\\\/\\\/biospringer.com\\\/fr\\\/les-avantages-de-lextrait-de-levure\\\/\",\"name\":\"Yeast extracts Benefits | Biospringer\",\"isPartOf\":{\"@id\":\"https:\\\/\\\/biospringer.com\\\/en\\\/#website\"},\"datePublished\":\"2018-06-12T07:45:01+00:00\",\"dateModified\":\"2026-02-20T08:58:54+00:00\",\"description\":\"Yeast extract offers a multitude of benefits making it a great ingredient to develop indulgent, flavorful and healthy food and beverages.\",\"breadcrumb\":{\"@id\":\"https:\\\/\\\/biospringer.com\\\/fr\\\/les-avantages-de-lextrait-de-levure\\\/#breadcrumb\"},\"inLanguage\":\"fr-FR\",\"potentialAction\":[{\"@type\":\"ReadAction\",\"target\":[\"https:\\\/\\\/biospringer.com\\\/fr\\\/les-avantages-de-lextrait-de-levure\\\/\"]}]},{\"@type\":\"BreadcrumbList\",\"@id\":\"https:\\\/\\\/biospringer.com\\\/fr\\\/les-avantages-de-lextrait-de-levure\\\/#breadcrumb\",\"itemListElement\":[{\"@type\":\"ListItem\",\"position\":1,\"name\":\"Accueil\",\"item\":\"https:\\\/\\\/biospringer.com\\\/fr\\\/\"},{\"@type\":\"ListItem\",\"position\":2,\"name\":\"Les avantages de l\u2019extrait de levure\"}]},{\"@type\":\"WebSite\",\"@id\":\"https:\\\/\\\/biospringer.com\\\/en\\\/#website\",\"url\":\"https:\\\/\\\/biospringer.com\\\/en\\\/\",\"name\":\"Biospringer\",\"description\":\"Global yeast extract producer\",\"publisher\":{\"@id\":\"https:\\\/\\\/biospringer.com\\\/en\\\/#organization\"},\"potentialAction\":[{\"@type\":\"SearchAction\",\"target\":{\"@type\":\"EntryPoint\",\"urlTemplate\":\"https:\\\/\\\/biospringer.com\\\/en\\\/?s={search_term_string}\"},\"query-input\":{\"@type\":\"PropertyValueSpecification\",\"valueRequired\":true,\"valueName\":\"search_term_string\"}}],\"inLanguage\":\"fr-FR\"},{\"@type\":\"Organization\",\"@id\":\"https:\\\/\\\/biospringer.com\\\/en\\\/#organization\",\"name\":\"Biospringer by Lesaffre\",\"url\":\"https:\\\/\\\/biospringer.com\\\/en\\\/\",\"logo\":{\"@type\":\"ImageObject\",\"inLanguage\":\"fr-FR\",\"@id\":\"https:\\\/\\\/biospringer.com\\\/en\\\/#\\\/schema\\\/logo\\\/image\\\/\",\"url\":\"https:\\\/\\\/biospringer.com\\\/wp-content\\\/uploads\\\/2019\\\/06\\\/logo-Biospringer.png\",\"contentUrl\":\"https:\\\/\\\/biospringer.com\\\/wp-content\\\/uploads\\\/2019\\\/06\\\/logo-Biospringer.png\",\"width\":400,\"height\":100,\"caption\":\"Biospringer by Lesaffre\"},\"image\":{\"@id\":\"https:\\\/\\\/biospringer.com\\\/en\\\/#\\\/schema\\\/logo\\\/image\\\/\"},\"sameAs\":[\"https:\\\/\\\/fr.linkedin.com\\\/company\\\/biospringer\",\"https:\\\/\\\/www.youtube.com\\\/channel\\\/UCIwlo39VHSwHryOBeg3w-rw\"]}]}<\/script>\n<!-- \/ Yoast SEO Premium plugin. -->","yoast_head_json":{"title":"Yeast extracts Benefits | Biospringer","description":"Yeast extract offers a multitude of benefits making it a great ingredient to develop indulgent, flavorful and healthy food and beverages.","robots":{"index":"index","follow":"follow","max-snippet":"max-snippet:-1","max-image-preview":"max-image-preview:large","max-video-preview":"max-video-preview:-1"},"canonical":"https:\/\/biospringer.com\/fr\/les-avantages-de-lextrait-de-levure\/","og_locale":"fr_FR","og_type":"article","og_title":"Les avantages de l\u2019extrait de levure","og_description":"Yeast extract offers a multitude of benefits making it a great ingredient to develop indulgent, flavorful and healthy food and beverages.","og_url":"https:\/\/biospringer.com\/fr\/les-avantages-de-lextrait-de-levure\/","og_site_name":"Biospringer","article_modified_time":"2026-02-20T08:58:54+00:00","twitter_card":"summary_large_image","twitter_misc":{"Dur\u00e9e de lecture estim\u00e9e":"4 minutes"},"schema":{"@context":"https:\/\/schema.org","@graph":[{"@type":"WebPage","@id":"https:\/\/biospringer.com\/fr\/les-avantages-de-lextrait-de-levure\/","url":"https:\/\/biospringer.com\/fr\/les-avantages-de-lextrait-de-levure\/","name":"Yeast extracts Benefits | Biospringer","isPartOf":{"@id":"https:\/\/biospringer.com\/en\/#website"},"datePublished":"2018-06-12T07:45:01+00:00","dateModified":"2026-02-20T08:58:54+00:00","description":"Yeast extract offers a multitude of benefits making it a great ingredient to develop indulgent, flavorful and healthy food and beverages.","breadcrumb":{"@id":"https:\/\/biospringer.com\/fr\/les-avantages-de-lextrait-de-levure\/#breadcrumb"},"inLanguage":"fr-FR","potentialAction":[{"@type":"ReadAction","target":["https:\/\/biospringer.com\/fr\/les-avantages-de-lextrait-de-levure\/"]}]},{"@type":"BreadcrumbList","@id":"https:\/\/biospringer.com\/fr\/les-avantages-de-lextrait-de-levure\/#breadcrumb","itemListElement":[{"@type":"ListItem","position":1,"name":"Accueil","item":"https:\/\/biospringer.com\/fr\/"},{"@type":"ListItem","position":2,"name":"Les avantages de l\u2019extrait de levure"}]},{"@type":"WebSite","@id":"https:\/\/biospringer.com\/en\/#website","url":"https:\/\/biospringer.com\/en\/","name":"Biospringer","description":"Global yeast extract producer","publisher":{"@id":"https:\/\/biospringer.com\/en\/#organization"},"potentialAction":[{"@type":"SearchAction","target":{"@type":"EntryPoint","urlTemplate":"https:\/\/biospringer.com\/en\/?s={search_term_string}"},"query-input":{"@type":"PropertyValueSpecification","valueRequired":true,"valueName":"search_term_string"}}],"inLanguage":"fr-FR"},{"@type":"Organization","@id":"https:\/\/biospringer.com\/en\/#organization","name":"Biospringer by Lesaffre","url":"https:\/\/biospringer.com\/en\/","logo":{"@type":"ImageObject","inLanguage":"fr-FR","@id":"https:\/\/biospringer.com\/en\/#\/schema\/logo\/image\/","url":"https:\/\/biospringer.com\/wp-content\/uploads\/2019\/06\/logo-Biospringer.png","contentUrl":"https:\/\/biospringer.com\/wp-content\/uploads\/2019\/06\/logo-Biospringer.png","width":400,"height":100,"caption":"Biospringer by Lesaffre"},"image":{"@id":"https:\/\/biospringer.com\/en\/#\/schema\/logo\/image\/"},"sameAs":["https:\/\/fr.linkedin.com\/company\/biospringer","https:\/\/www.youtube.com\/channel\/UCIwlo39VHSwHryOBeg3w-rw"]}]}},"_links":{"self":[{"href":"https:\/\/biospringer.com\/fr\/wp-json\/wp\/v2\/pages\/26856","targetHints":{"allow":["GET"]}}],"collection":[{"href":"https:\/\/biospringer.com\/fr\/wp-json\/wp\/v2\/pages"}],"about":[{"href":"https:\/\/biospringer.com\/fr\/wp-json\/wp\/v2\/types\/page"}],"author":[{"embeddable":true,"href":"https:\/\/biospringer.com\/fr\/wp-json\/wp\/v2\/users\/1"}],"replies":[{"embeddable":true,"href":"https:\/\/biospringer.com\/fr\/wp-json\/wp\/v2\/comments?post=26856"}],"version-history":[{"count":0,"href":"https:\/\/biospringer.com\/fr\/wp-json\/wp\/v2\/pages\/26856\/revisions"}],"wp:attachment":[{"href":"https:\/\/biospringer.com\/fr\/wp-json\/wp\/v2\/media?parent=26856"}],"curies":[{"name":"wp","href":"https:\/\/api.w.org\/{rel}","templated":true}]}}