{"id":26848,"date":"2018-06-07T10:24:45","date_gmt":"2018-06-07T14:24:45","guid":{"rendered":"http:\/\/biospringer.kinsta.cloud\/career\/"},"modified":"2026-02-26T03:30:50","modified_gmt":"2026-02-26T08:30:50","slug":"carriere","status":"publish","type":"page","link":"https:\/\/biospringer.com\/fr\/carriere\/","title":{"rendered":"Carri\u00e8re"},"content":{"rendered":"<div class=\"wpb-content-wrapper\"><p>[vc_row css_animation=\u00a0\u00bb\u00a0\u00bb row_type=\u00a0\u00bbrow\u00a0\u00bb use_row_as_full_screen_section=\u00a0\u00bbno\u00a0\u00bb type=\u00a0\u00bbgrid\u00a0\u00bb angled_section=\u00a0\u00bbno\u00a0\u00bb text_align=\u00a0\u00bbcenter\u00a0\u00bb background_image_as_pattern=\u00a0\u00bbwithout_pattern\u00a0\u00bb z_index=\u00a0\u00bb\u00a0\u00bb][vc_column css=\u00a0\u00bb.vc_custom_1462809083421{padding-top: 87px !important; padding-bottom: 56px !important;}\u00a0\u00bb][vc_column_text css=\u00a0\u00bb\u00a0\u00bb]<\/p>\n<h1 style=\"text-align: center; color: #fdae00;\">Carri\u00e8res chez Biospringer et Lesaffre<\/h1>\n<p style=\"text-align: center;\">[vc_separator type=&rsquo;transparent&rsquo; position=&rsquo;center&rsquo; color=\u00a0\u00bb thickness=\u00a0\u00bb up=&rsquo;15&rsquo; down=&rsquo;15&rsquo;]<\/p>\n<p style=\"text-align: center;\"><strong>Biospringer, entreprise internationale d\u2019ingr\u00e9dients alimentaires, veille \u00e0 promouvoir ses collaborateurs et valoriser leurs comp\u00e9tences.<\/strong><\/p>\n<p>[\/vc_column_text][\/vc_column][vc_column width=\u00a0\u00bb1\/2&Prime;][vc_column_text]<\/p>\n<p style=\"text-align: left;\">Nos collaborateurs sont notre force motrice. Nous accordons une grande valeur \u00e0 la culture entrepreneuriale, \u00e0 l\u2019esprit d\u2019innovation, \u00e0 la communication et au travail d\u2019\u00e9quipe collaboratif.<\/p>\n<p>&nbsp;<\/p>\n<p style=\"text-align: left;\">Si vous souhaitez nous rejoindre, n&rsquo;h\u00e9sitez pas \u00e0 consulter nos offres d&#8217;emploi dans le monde :<\/p>\n<h4 style=\"text-align: left;\">&gt; <a href=\"https:\/\/recruiting.ultipro.com\/LES1000\/JobBoard\/c55682d6-ddce-4b04-b8dc-ee148d8fe69b\/?q=&amp;o=postedDateDesc\" target=\"_blank\" rel=\"noopener\">Biospringer North America Openings<\/a><\/h4>\n<p>&nbsp;<\/p>\n<p style=\"text-align: left;\">Afin d\u2019assurer la motivation des hommes et des femmes qui composent les \u00e9quipes de Biospringer, nous avons des outils efficaces de gestion des ressources humaines :<\/p>\n<ul style=\"text-align: left;\">\n<li>Implication active des collaborateurs dans des projets transversaux<\/li>\n<li>Revues annuelles de chaque collaborateur<\/li>\n<li>Sessions de formation d\u00e9di\u00e9es aux collaborateurs<\/li>\n<li>Mobilit\u00e9 interne au sein de Biospringer et de <strong><a href=\"https:\/\/www.lesaffre.com\/jobs\/\" target=\"_blank\" rel=\"noopener noreferrer\">Lesaffre<\/a><\/strong><\/li>\n<\/ul>\n<p>[\/vc_column_text][\/vc_column][vc_column width=\u00a0\u00bb1\/2&Prime;][vc_single_image image=\u00a0\u00bb26849&Prime; img_size=\u00a0\u00bbfull\u00a0\u00bb qode_css_animation=\u00a0\u00bb\u00a0\u00bb][\/vc_column][\/vc_row][vc_row css_animation=\u00a0\u00bb\u00a0\u00bb row_type=\u00a0\u00bbrow\u00a0\u00bb use_row_as_full_screen_section=\u00a0\u00bbyes\u00a0\u00bb type=\u00a0\u00bbgrid\u00a0\u00bb angled_section=\u00a0\u00bbno\u00a0\u00bb text_align=\u00a0\u00bbleft\u00a0\u00bb background_image_as_pattern=\u00a0\u00bbwithout_pattern\u00a0\u00bb css=\u00a0\u00bb.vc_custom_1700838868364{padding-top: 3% !important;padding-bottom: 3% !important;}\u00a0\u00bb z_index=\u00a0\u00bb\u00a0\u00bb][vc_column][vc_raw_html]JTVCc21hcnRfcmVjcnVpdGVyX3BsdWdpbiUyMGxhbmd1YWdlX2NvZGUlM0QlMjJmciUyMiUyMGJyYW5kJTNEJTIyQmlvc3ByaW5nZXIlMjIlNUQ=[\/vc_raw_html][\/vc_column][\/vc_row][vc_row css_animation=\u00a0\u00bb\u00a0\u00bb row_type=\u00a0\u00bbrow\u00a0\u00bb use_row_as_full_screen_section=\u00a0\u00bbno\u00a0\u00bb type=\u00a0\u00bbgrid\u00a0\u00bb angled_section=\u00a0\u00bbno\u00a0\u00bb text_align=\u00a0\u00bbcenter\u00a0\u00bb background_image=\u00a0\u00bb41586&Prime; background_image_as_pattern=\u00a0\u00bbwithout_pattern\u00a0\u00bb css=\u00a0\u00bb.vc_custom_1772094353707{padding-top: 2% !important;padding-bottom: 2% !important;background-color: #EFEFEF !important;}\u00a0\u00bb z_index=\u00a0\u00bb\u00a0\u00bb][vc_column css=\u00a0\u00bb.vc_custom_1700838266705{padding-right: 2% !important;padding-left: 2% !important;}\u00a0\u00bb][vc_column_text css=\u00a0\u00bb\u00a0\u00bb]<\/p>\n<h2 style=\"color: #fdae00;\">Vous ne trouvez pas l\u2019emploi qui vous correspond ?<\/h2>\n<p>[vc_separator type=&rsquo;transparent&rsquo; position=&rsquo;center&rsquo; color=\u00a0\u00bb thickness=\u00a0\u00bb up=&rsquo;15&rsquo; down=&rsquo;15&rsquo;]<br \/>\n<strong>Nous sommes toujours \u00e0 la recherche de nouveaux talents !<br \/>\nEnvoyez-nous une candidature spontan\u00e9e.<\/strong>[\/vc_column_text][vc_separator type=\u00a0\u00bbtransparent\u00a0\u00bb up=\u00a0\u00bb15&Prime; down=\u00a0\u00bb15&Prime;][vc_raw_html css=\u00a0\u00bb\u00a0\u00bb]JTNDZGl2JTIwY2xhc3MlM0QlMjJsb3ZlcnMtYnRuLXdyYXAlMjIlM0UlMEElMjAlMjAlM0NhJTIwaHJlZiUzRCUyMmh0dHBzJTNBJTJGJTJGc21ydHIuaW8lMkZoYlBUXyUyMiUyMGNsYXNzJTNEJTIybG92ZXJzLWJ0biUyMiUzRSUwQSUyMCUyMCUyMCUyMENhbmRpZGF0dXJlJTIwc3BvbnRhbiVDMyVBOWUlMEElMjAlMjAlM0MlMkZhJTNFJTBBJTNDJTJGZGl2JTNF[\/vc_raw_html][\/vc_column][\/vc_row][vc_row css_animation=\u00a0\u00bb\u00a0\u00bb row_type=\u00a0\u00bbrow\u00a0\u00bb use_row_as_full_screen_section=\u00a0\u00bbyes\u00a0\u00bb type=\u00a0\u00bbgrid\u00a0\u00bb angled_section=\u00a0\u00bbno\u00a0\u00bb text_align=\u00a0\u00bbcenter\u00a0\u00bb background_image_as_pattern=\u00a0\u00bbwithout_pattern\u00a0\u00bb z_index=\u00a0\u00bb\u00a0\u00bb css=\u00a0\u00bb.vc_custom_1700838701924{padding-top: 3% !important;padding-bottom: 3% !important;}\u00a0\u00bb][vc_column][vc_column_text css=\u00a0\u00bb\u00a0\u00bb]<\/p>\n<h2 style=\"color: #fdae00;\">ALERTE EMPLOI<\/h2>\n<p>&nbsp;<\/p>\n<p><strong>Avec plus de 50 implantations dans le monde, les nouvelles opportunit\u00e9s ne manquent pas !<br \/>\nInscrivez-vous \u00e0 notre Alerte Emploi pour \u00eatre s\u00fbr de ne manquer aucune de nos offres.<\/strong>[\/vc_column_text][vc_separator type=\u00a0\u00bbtransparent\u00a0\u00bb up=\u00a0\u00bb15&Prime; down=\u00a0\u00bb15&Prime;][vc_raw_html]JTNDZGl2JTIwaWQlM0QlMjJzci1wbHVnaW5zJTIyJTBBJTIwJTIwZGF0YS1jb25maWd1cmF0aW9uLWlkJTNEJTIyOTI2MzFGRUEtRUY3Ri00QTJELTlBNjItRUI3NEFGQkJFNUVCJTIyJTBBJTIwJTIwZGF0YS1iZyUzRCUyMjhBN0I2MCUyMiUwQSUyMCUyMGRhdGEtbGFuZyUzRCUyMmZyJTIyJTIwJTBBJTIwJTIwZGF0YS1jb21wYW55LWlkZW50aWZpZXIlM0QlMjJMZXNhZmZyZSUyMiUwQSUzRSUwQSUzQyUyRmRpdiUzRSUwQSUzQ3NjcmlwdCUzRSUyOGZ1bmN0aW9uJTI4ZCUyQyUyMHMlMkMlMjBpZCUyOSUyMCU3QiUwQSUyMCUyMHZhciUyMGpzJTJDJTIwZmpzJTIwJTNEJTIwZC5nZXRFbGVtZW50c0J5VGFnTmFtZSUyOHMlMjklNUIwJTVEJTNCJTBBJTIwJTIwaWYlMjAlMjhkLmdldEVsZW1lbnRCeUlkJTI4aWQlMjklMjklMjByZXR1cm4lM0IlMEElMjAlMjBqcyUyMCUzRCUyMGQuY3JlYXRlRWxlbWVudCUyOHMlMjklM0IlMjBqcy5pZCUyMCUzRCUyMGlkJTNCJTBBJTIwJTIwanMuc3JjJTIwJTNEJTIwJTIyaHR0cHMlM0ElMkYlMkZzdWJzY3JpcHRpb25zLnNtYXJ0cmVjcnVpdGVycy5jb20lMkZ3aWRnZXQlMkZ2MSUyRnNyLWpvYi1hbGVydHMuanMlM0ZkY3JfY2klM0RMZXNhZmZyZSUyMiUzQiUwQSUyMCUyMGZqcy5wYXJlbnROb2RlLmluc2VydEJlZm9yZSUyOGpzJTJDJTIwZmpzJTI5JTNCJTBBJTIwJTIwJTdEJTI4ZG9jdW1lbnQlMkMlMjAlMjdzY3JpcHQlMjclMkMlMjAlMjdzci1qc3BsdWdpbnMlMjclMjklMjklM0IlMEElM0MlMkZzY3JpcHQlM0U=[\/vc_raw_html][vc_raw_html]JTNDZGl2JTIwaWQlM0QlMjJzci1hbGVydC1idXR0b24lMjIlMjBjbGFzcyUzRCUyMmNlbnRlcmVkLWJ1dHRvbiUyMiUyMGRhdGEtdHlwZSUzRCUyMlNJTVBMRSUyMiUzRSUzQyUyRmRpdiUzRQ==[\/vc_raw_html][\/vc_column][\/vc_row]<\/p>\n<\/div>","protected":false},"excerpt":{"rendered":"<p>[vc_row css_animation=\u00a0\u00bb\u00a0\u00bb row_type=\u00a0\u00bbrow\u00a0\u00bb use_row_as_full_screen_section=\u00a0\u00bbno\u00a0\u00bb type=\u00a0\u00bbgrid\u00a0\u00bb angled_section=\u00a0\u00bbno\u00a0\u00bb text_align=\u00a0\u00bbcenter\u00a0\u00bb background_image_as_pattern=\u00a0\u00bbwithout_pattern\u00a0\u00bb z_index=\u00a0\u00bb\u00a0\u00bb][vc_column css=\u00a0\u00bb.vc_custom_1462809083421{padding-top: 87px !important; padding-bottom: 56px !important;}\u00a0\u00bb][vc_column_text css=\u00a0\u00bb\u00a0\u00bb] Carri\u00e8res chez Biospringer et Lesaffre [vc_separator type=&rsquo;transparent&rsquo; position=&rsquo;center&rsquo; color=\u00a0\u00bb thickness=\u00a0\u00bb up=&rsquo;15&rsquo; down=&rsquo;15&rsquo;] Biospringer, entreprise internationale d\u2019ingr\u00e9dients alimentaires, veille \u00e0 promouvoir ses collaborateurs et valoriser leurs comp\u00e9tences. [\/vc_column_text][\/vc_column][vc_column width=\u00a0\u00bb1\/2&Prime;][vc_column_text] Nos&#8230;<\/p>\n","protected":false},"author":1,"featured_media":0,"parent":0,"menu_order":0,"comment_status":"closed","ping_status":"closed","template":"full_width.php","meta":{"_acf_changed":false,"inline_featured_image":false,"footnotes":""},"class_list":["post-26848","page","type-page","status-publish","hentry"],"acf":[],"yoast_head":"<!-- This site is optimized with the Yoast SEO Premium plugin v26.1 (Yoast SEO v27.3) - https:\/\/yoast.com\/product\/yoast-seo-premium-wordpress\/ -->\n<title>Votre carri\u00e8re | Join Biospringer<\/title>\n<meta name=\"description\" content=\"Chez Biospringer nos collaborateurs sont notre force motrice. Nous accordons une grande valeur \u00e0 la culture entrepreneuriale, \u00e0 l\u2019esprit d\u2019innovation, \u00e0 la communication et au travail d\u2019\u00e9quipe collaboratif.\" \/>\n<meta name=\"robots\" content=\"index, follow, max-snippet:-1, max-image-preview:large, max-video-preview:-1\" \/>\n<link rel=\"canonical\" href=\"https:\/\/biospringer.com\/fr\/carriere\/\" \/>\n<meta property=\"og:locale\" content=\"fr_FR\" \/>\n<meta property=\"og:type\" content=\"article\" \/>\n<meta property=\"og:title\" content=\"Carri\u00e8re\" \/>\n<meta property=\"og:description\" content=\"Chez Biospringer nos collaborateurs sont notre force motrice. Nous accordons une grande valeur \u00e0 la culture entrepreneuriale, \u00e0 l\u2019esprit d\u2019innovation, \u00e0 la communication et au travail d\u2019\u00e9quipe collaboratif.\" \/>\n<meta property=\"og:url\" content=\"https:\/\/biospringer.com\/fr\/carriere\/\" \/>\n<meta property=\"og:site_name\" content=\"Biospringer\" \/>\n<meta property=\"article:modified_time\" content=\"2026-02-26T08:30:50+00:00\" \/>\n<meta name=\"twitter:card\" content=\"summary_large_image\" \/>\n<meta name=\"twitter:label1\" content=\"Dur\u00e9e de lecture estim\u00e9e\" \/>\n\t<meta name=\"twitter:data1\" content=\"2 minutes\" \/>\n<script type=\"application\/ld+json\" class=\"yoast-schema-graph\">{\"@context\":\"https:\\\/\\\/schema.org\",\"@graph\":[{\"@type\":\"WebPage\",\"@id\":\"https:\\\/\\\/biospringer.com\\\/fr\\\/carriere\\\/\",\"url\":\"https:\\\/\\\/biospringer.com\\\/fr\\\/carriere\\\/\",\"name\":\"Votre carri\u00e8re | Join Biospringer\",\"isPartOf\":{\"@id\":\"https:\\\/\\\/biospringer.com\\\/en\\\/#website\"},\"datePublished\":\"2018-06-07T14:24:45+00:00\",\"dateModified\":\"2026-02-26T08:30:50+00:00\",\"description\":\"Chez Biospringer nos collaborateurs sont notre force motrice. Nous accordons une grande valeur \u00e0 la culture entrepreneuriale, \u00e0 l\u2019esprit d\u2019innovation, \u00e0 la communication et au travail d\u2019\u00e9quipe collaboratif.\",\"breadcrumb\":{\"@id\":\"https:\\\/\\\/biospringer.com\\\/fr\\\/carriere\\\/#breadcrumb\"},\"inLanguage\":\"fr-FR\",\"potentialAction\":[{\"@type\":\"ReadAction\",\"target\":[\"https:\\\/\\\/biospringer.com\\\/fr\\\/carriere\\\/\"]}]},{\"@type\":\"BreadcrumbList\",\"@id\":\"https:\\\/\\\/biospringer.com\\\/fr\\\/carriere\\\/#breadcrumb\",\"itemListElement\":[{\"@type\":\"ListItem\",\"position\":1,\"name\":\"Accueil\",\"item\":\"https:\\\/\\\/biospringer.com\\\/fr\\\/\"},{\"@type\":\"ListItem\",\"position\":2,\"name\":\"Carri\u00e8re\"}]},{\"@type\":\"WebSite\",\"@id\":\"https:\\\/\\\/biospringer.com\\\/en\\\/#website\",\"url\":\"https:\\\/\\\/biospringer.com\\\/en\\\/\",\"name\":\"Biospringer\",\"description\":\"Global yeast extract producer\",\"publisher\":{\"@id\":\"https:\\\/\\\/biospringer.com\\\/en\\\/#organization\"},\"potentialAction\":[{\"@type\":\"SearchAction\",\"target\":{\"@type\":\"EntryPoint\",\"urlTemplate\":\"https:\\\/\\\/biospringer.com\\\/en\\\/?s={search_term_string}\"},\"query-input\":{\"@type\":\"PropertyValueSpecification\",\"valueRequired\":true,\"valueName\":\"search_term_string\"}}],\"inLanguage\":\"fr-FR\"},{\"@type\":\"Organization\",\"@id\":\"https:\\\/\\\/biospringer.com\\\/en\\\/#organization\",\"name\":\"Biospringer by Lesaffre\",\"url\":\"https:\\\/\\\/biospringer.com\\\/en\\\/\",\"logo\":{\"@type\":\"ImageObject\",\"inLanguage\":\"fr-FR\",\"@id\":\"https:\\\/\\\/biospringer.com\\\/en\\\/#\\\/schema\\\/logo\\\/image\\\/\",\"url\":\"https:\\\/\\\/biospringer.com\\\/wp-content\\\/uploads\\\/2019\\\/06\\\/logo-Biospringer.png\",\"contentUrl\":\"https:\\\/\\\/biospringer.com\\\/wp-content\\\/uploads\\\/2019\\\/06\\\/logo-Biospringer.png\",\"width\":400,\"height\":100,\"caption\":\"Biospringer by Lesaffre\"},\"image\":{\"@id\":\"https:\\\/\\\/biospringer.com\\\/en\\\/#\\\/schema\\\/logo\\\/image\\\/\"},\"sameAs\":[\"https:\\\/\\\/fr.linkedin.com\\\/company\\\/biospringer\",\"https:\\\/\\\/www.youtube.com\\\/channel\\\/UCIwlo39VHSwHryOBeg3w-rw\"]}]}<\/script>\n<!-- \/ Yoast SEO Premium plugin. -->","yoast_head_json":{"title":"Votre carri\u00e8re | Join Biospringer","description":"Chez Biospringer nos collaborateurs sont notre force motrice. Nous accordons une grande valeur \u00e0 la culture entrepreneuriale, \u00e0 l\u2019esprit d\u2019innovation, \u00e0 la communication et au travail d\u2019\u00e9quipe collaboratif.","robots":{"index":"index","follow":"follow","max-snippet":"max-snippet:-1","max-image-preview":"max-image-preview:large","max-video-preview":"max-video-preview:-1"},"canonical":"https:\/\/biospringer.com\/fr\/carriere\/","og_locale":"fr_FR","og_type":"article","og_title":"Carri\u00e8re","og_description":"Chez Biospringer nos collaborateurs sont notre force motrice. Nous accordons une grande valeur \u00e0 la culture entrepreneuriale, \u00e0 l\u2019esprit d\u2019innovation, \u00e0 la communication et au travail d\u2019\u00e9quipe collaboratif.","og_url":"https:\/\/biospringer.com\/fr\/carriere\/","og_site_name":"Biospringer","article_modified_time":"2026-02-26T08:30:50+00:00","twitter_card":"summary_large_image","twitter_misc":{"Dur\u00e9e de lecture estim\u00e9e":"2 minutes"},"schema":{"@context":"https:\/\/schema.org","@graph":[{"@type":"WebPage","@id":"https:\/\/biospringer.com\/fr\/carriere\/","url":"https:\/\/biospringer.com\/fr\/carriere\/","name":"Votre carri\u00e8re | Join Biospringer","isPartOf":{"@id":"https:\/\/biospringer.com\/en\/#website"},"datePublished":"2018-06-07T14:24:45+00:00","dateModified":"2026-02-26T08:30:50+00:00","description":"Chez Biospringer nos collaborateurs sont notre force motrice. Nous accordons une grande valeur \u00e0 la culture entrepreneuriale, \u00e0 l\u2019esprit d\u2019innovation, \u00e0 la communication et au travail d\u2019\u00e9quipe collaboratif.","breadcrumb":{"@id":"https:\/\/biospringer.com\/fr\/carriere\/#breadcrumb"},"inLanguage":"fr-FR","potentialAction":[{"@type":"ReadAction","target":["https:\/\/biospringer.com\/fr\/carriere\/"]}]},{"@type":"BreadcrumbList","@id":"https:\/\/biospringer.com\/fr\/carriere\/#breadcrumb","itemListElement":[{"@type":"ListItem","position":1,"name":"Accueil","item":"https:\/\/biospringer.com\/fr\/"},{"@type":"ListItem","position":2,"name":"Carri\u00e8re"}]},{"@type":"WebSite","@id":"https:\/\/biospringer.com\/en\/#website","url":"https:\/\/biospringer.com\/en\/","name":"Biospringer","description":"Global yeast extract producer","publisher":{"@id":"https:\/\/biospringer.com\/en\/#organization"},"potentialAction":[{"@type":"SearchAction","target":{"@type":"EntryPoint","urlTemplate":"https:\/\/biospringer.com\/en\/?s={search_term_string}"},"query-input":{"@type":"PropertyValueSpecification","valueRequired":true,"valueName":"search_term_string"}}],"inLanguage":"fr-FR"},{"@type":"Organization","@id":"https:\/\/biospringer.com\/en\/#organization","name":"Biospringer by Lesaffre","url":"https:\/\/biospringer.com\/en\/","logo":{"@type":"ImageObject","inLanguage":"fr-FR","@id":"https:\/\/biospringer.com\/en\/#\/schema\/logo\/image\/","url":"https:\/\/biospringer.com\/wp-content\/uploads\/2019\/06\/logo-Biospringer.png","contentUrl":"https:\/\/biospringer.com\/wp-content\/uploads\/2019\/06\/logo-Biospringer.png","width":400,"height":100,"caption":"Biospringer by Lesaffre"},"image":{"@id":"https:\/\/biospringer.com\/en\/#\/schema\/logo\/image\/"},"sameAs":["https:\/\/fr.linkedin.com\/company\/biospringer","https:\/\/www.youtube.com\/channel\/UCIwlo39VHSwHryOBeg3w-rw"]}]}},"_links":{"self":[{"href":"https:\/\/biospringer.com\/fr\/wp-json\/wp\/v2\/pages\/26848","targetHints":{"allow":["GET"]}}],"collection":[{"href":"https:\/\/biospringer.com\/fr\/wp-json\/wp\/v2\/pages"}],"about":[{"href":"https:\/\/biospringer.com\/fr\/wp-json\/wp\/v2\/types\/page"}],"author":[{"embeddable":true,"href":"https:\/\/biospringer.com\/fr\/wp-json\/wp\/v2\/users\/1"}],"replies":[{"embeddable":true,"href":"https:\/\/biospringer.com\/fr\/wp-json\/wp\/v2\/comments?post=26848"}],"version-history":[{"count":0,"href":"https:\/\/biospringer.com\/fr\/wp-json\/wp\/v2\/pages\/26848\/revisions"}],"wp:attachment":[{"href":"https:\/\/biospringer.com\/fr\/wp-json\/wp\/v2\/media?parent=26848"}],"curies":[{"name":"wp","href":"https:\/\/api.w.org\/{rel}","templated":true}]}}