{"id":52694,"date":"2026-03-27T16:08:13","date_gmt":"2026-03-27T20:08:13","guid":{"rendered":"https:\/\/biospringer.com\/?page_id=52694"},"modified":"2026-04-02T00:52:20","modified_gmt":"2026-04-02T04:52:20","slug":"springer-signature","status":"publish","type":"page","link":"https:\/\/biospringer.com\/es\/springer-signature\/","title":{"rendered":"Springer\u00ae Signature"},"content":{"rendered":"<div class=\"wpb-content-wrapper\"><p>[vc_row row_type=\u00bbparallax\u00bb parallax_content_width=\u00bbfull_width\u00bb text_align=\u00bbcenter\u00bb full_screen_section_height=\u00bbno\u00bb][vc_column offset=\u00bbvc_col-lg-12 vc_col-md-12&#8243;]\n\t\t\t\t<p class=\"rs-p-wp-fix\"><\/p>\n\t\t\t\t<sr7-module data-alias=\"slider-1\" data-id=\"20\" id=\"SR7_20_1\" data-version=\"7.0.6\">\n\t\t\t\t\t<sr7-adjuster><\/sr7-adjuster>\n\t\t\t\t\t<sr7-content>\n\t\t\t\t\t\t<sr7-slide id=\"SR7_20_1-39\" data-key=\"39\">\n\t\t\t\t\t\t\t<h1 id=\"SR7_20_1-39-2\" class=\"sr7-layer\">Fermentation-based solutions offering specific notes that will bring identity and character to food and beverage. <\/h1>\n\t\t\t\t\t\t\t<sr7-txt id=\"SR7_20_1-39-3\" class=\"sr7-layer\"><\/sr7-txt>\n\t\t\t\t\t\t<\/sr7-slide>\n\t\t\t\t\t\t<sr7-slide id=\"SR7_20_1-73\" data-key=\"73\">\n\t\t\t\t\t\t<\/sr7-slide>\n\t\t\t\t\t<\/sr7-content>\n\t\t\t\t\t<image_lists style=\"display:none\">\n\t\t\t\t\t\t<img data-src=\"\/\/biospringer.com\/wp-content\/uploads\/2021\/02\/banniere.jpg\" data-libid=\"34220\" data-lib=\"medialibrary\" title=\"banniere\" width=\"0\" height=\"0\" data-dbsrc=\"Ly9iaW9zcHJpbmdlci5jb20vd3AtY29udGVudC91cGxvYWRzLzIwMjEvMDIvYmFubmllcmUuanBn\"\/>\n\t\t\t\t\t\t<img data-src=\"\/\/biospringer.com\/wp-content\/uploads\/2021\/02\/Baseline-Signature.png\" data-libid=\"34160\" data-lib=\"medialibrary\" title=\"Baseline &#8211; Signature\" width=\"0\" height=\"0\" data-dbsrc=\"Ly9iaW9zcHJpbmdlci5jb20vd3AtY29udGVudC91cGxvYWRzLzIwMjEvMDIvQmFzZWxpbmUtU2lnbmF0dXJlLnBuZw==\"\/>\n\t\t\t\t\t<\/image_lists>\n\t\t\t\t<\/sr7-module>\n\t\t\t\t<script data-wcc=\"necessary\">\n\t\t\t\t\twindow.SR7??={}; SR7.PMH ??={}; SR7.PMH[\"SR7_20_1\"] = {cn:100,state:false,fn: function() { if (window._tpt!==undefined && window._tpt.prepareModuleHeight !== undefined) {  _tpt.prepareModuleHeight({id:\"SR7_20_1\",el:[400,400,768,960,720],type:'standard',gh:[400,400,768,960,720],gw:[1240,1240,1024,778,480],vpt:['-200px&#039;,&#039;-200px&#039;,&#039;-200px&#039;,&#039;-200px&#039;,&#039;-200px'],size:{fullWidth:false, fullHeight:false},mh:',,,,',onh:0,onw:0,bg:{color:'{\"orig\":\"transparent\",\"type\":\"solid\",\"string\":\"transparent\"}'}});   SR7.PMH[\"SR7_20_1\"].state=true;} else if(SR7.PMH[\"SR7_20_1\"].cn-->0)\tsetTimeout( SR7.PMH[\"SR7_20_1\"].fn,19);}};SR7.PMH[\"SR7_20_1\" ].fn();\n\t\t\t\t<\/script>\n[\/vc_column][\/vc_row][vc_row css_animation=\u00bb\u00bb row_type=\u00bbrow\u00bb use_row_as_full_screen_section=\u00bbno\u00bb type=\u00bbgrid\u00bb angled_section=\u00bbno\u00bb text_align=\u00bbcenter\u00bb background_image_as_pattern=\u00bbwithout_pattern\u00bb css=\u00bb.vc_custom_1764523558729{margin-top: 0px !important;border-top-width: 0px !important;padding-top: 0px !important;}\u00bb z_index=\u00bb\u00bb][vc_column width=\u00bb2\/3&#8243; css=\u00bb.vc_custom_1614160764373{padding-top: 50px !important;}\u00bb][vc_separator type=\u00bbtransparent\u00bb up=\u00bb5&#8243; down=\u00bb5&#8243;][vc_single_image image=\u00bb34246&#8243; img_size=\u00bbmedium\u00bb alignment=\u00bbcenter\u00bb qode_css_animation=\u00bb\u00bb][vc_separator type=\u00bbtransparent\u00bb][vc_row_inner row_type=\u00bbrow\u00bb type=\u00bbfull_width\u00bb text_align=\u00bbleft\u00bb css_animation=\u00bb\u00bb el_class=\u00bbnoPadding\u00bb][vc_column_inner css=\u00bb.vc_custom_1614160964533{padding-top: 10px !important;}\u00bb][vc_column_text]Los expertos en sabor suelen representar el sabor como una pir\u00e1mide compuesta por 3 bloques principales. Primero, la <a href=\"https:\/\/biospringer.com\/es\/natural-products\/springer-reveal\/\">base de sabor<\/a> funciona como el cimiento del sabor y aportar\u00e1 profundidad a la receta. Luego, las notas de sabor espec\u00edficas, construidas sobre las notas base, definir\u00e1n la identidad gustativa de un perfil de sabor.[\/vc_column_text][vc_separator type=\u00bbtransparent\u00bb up=\u00bb10&#8243; down=\u00bb10&#8243;][vc_single_image image=\u00bb34611&#8243; img_size=\u00bbmedium\u00bb alignment=\u00bbcenter\u00bb qode_css_animation=\u00bb\u00bb][vc_separator type=\u00bbtransparent\u00bb up=\u00bb10&#8243; down=\u00bb10&#8243;][\/vc_column_inner][\/vc_row_inner][vc_column_text]Dado que el sabor sigue siendo el primer factor de compra para alimentos y bebidas, aportar una firma a trav\u00e9s de notas de sabor espec\u00edficas es una <strong>clave para la diferenciaci\u00f3n<\/strong>.<\/p>\n<p>Biospringer le acompa\u00f1a con una <strong>gama de notas de sabor espec\u00edficas \u00fanicas a base de levadura<\/strong> que le ayudar\u00e1n a crear <strong>sabores memorables<\/strong>. La gama <strong>Springer \u00ae Signature<\/strong> ofrece una amplia paleta de notas \u00fanicas.[\/vc_column_text][\/vc_column][vc_column width=\u00bb1\/3&#8243; css=\u00bb.vc_custom_1614341062115{background-color: #ccafb1 !important;}\u00bb][vc_separator type=\u00bbtransparent\u00bb up=\u00bb10&#8243; down=\u00bb10&#8243;][vc_column_text]<\/p>\n<p style=\"text-align: center; color: #9b303e; font-size: 30px; line-height: 40px;\"><strong>\u00a1SOLICITE<\/strong><\/p>\n<p style=\"text-align: center; color: #9b303e; font-size: 30px; line-height: 40px;\"><strong>UNA MUESTRA!<\/strong><\/p>\n<p>[\/vc_column_text][vc_separator type=\u00bbtransparent\u00bb up=\u00bb10&#8243; down=\u00bb10&#8243;][vc_raw_html css=\u00bb.vc_custom_1614342138483{background-color: #cd7e89 !important;}\u00bb]JTNDZm9ybSUyMGlkJTNEJTIyZm9zcy02MDM4ZTc2ZmQ1OWNiYzI4NWY2ZjE1NmYlMjIlM0UlM0MlMkZmb3JtJTNFJTNDc2NyaXB0JTIwYXN5bmMlMjBzcmMlM0QlMjdodHRwcyUzQSUyRiUyRmFwaS5wbGV6aS5jbyUyRmFwaSUyRnYxJTJGd2ViX2Zvcm1zJTJGc2NyaXB0cyUzRnRlbmFudF9pZCUzRDVlMjFkZjc0ZTMxN2E3NDViMmFhZjc5NCUyNmZvcm1faWQlM0Q1ZjkxN2FlOWQ1OWNiYzI3M2RiMmYyYmMlMjZmb3JtX3ZlcnNpb24lM0QzJTI2Y29udGVudF93ZWJfZm9ybV9pZCUzRDYwMzhlNzZmZDU5Y2JjMjg1ZjZmMTU2ZiUyNnBsel9sYW5nJTNEZW4lMjclM0UlM0MlMkZzY3JpcHQlM0U=[\/vc_raw_html][\/vc_column][\/vc_row][vc_row css_animation=\u00bbelement_from_left\u00bb row_type=\u00bbrow\u00bb use_row_as_full_screen_section=\u00bbyes\u00bb type=\u00bbgrid\u00bb angled_section=\u00bbno\u00bb text_align=\u00bbleft\u00bb background_image_as_pattern=\u00bbwithout_pattern\u00bb el_class=\u00bbnoPadding\u00bb z_index=\u00bb\u00bb css=\u00bb.vc_custom_1614177764185{margin-top: 0px !important;}\u00bb][vc_column][vc_column_text css=\u00bb.vc_custom_1643646167583{padding-top: 35px !important;padding-bottom: 10px !important;}\u00bb]<\/p>\n<h2 style=\"text-align: center;\"><span style=\"color: #4d4d4c;\">Notas de sabor espec\u00edficas a base de levadura de Biospringer,<\/span><br \/>\n<span style=\"color: #4d4d4c;\">para una identidad gustativa \u00fanica<\/span><\/h2>\n<p>[\/vc_column_text][vc_separator type=\u00bbsmall\u00bb position=\u00bbcenter\u00bb color=\u00bb#4d4d4c\u00bb up=\u00bb10&#8243; down=\u00bb10&#8243;][\/vc_column][vc_column][vc_separator type=\u00bbtransparent\u00bb up=\u00bb20&#8243;][vc_column_text css=\u00bb.vc_custom_1615199222456{padding-bottom: 20px !important;}\u00bb]Con Springer \u00ae Signature, Biospringer le ofrece un amplio espectro de perfiles de sabor espec\u00edficos a trav\u00e9s de su rica gama de <strong>notas de sabor espec\u00edficas<\/strong> a base de levadura. Springer \u00ae Signature ofrece 4 familias principales de notas de sabor espec\u00edficas:[\/vc_column_text][\/vc_column][\/vc_row][vc_row css_animation=\u00bb\u00bb row_type=\u00bbrow\u00bb use_row_as_full_screen_section=\u00bbno\u00bb type=\u00bbgrid\u00bb angled_section=\u00bbno\u00bb text_align=\u00bbleft\u00bb background_image_as_pattern=\u00bbwithout_pattern\u00bb css=\u00bb.vc_custom_1614343674614{padding-top: 10px !important;padding-right: 100px !important;padding-bottom: 40px !important;padding-left: 100px !important;}\u00bb z_index=\u00bb\u00bb el_class=\u00bbnoPadding\u00bb][vc_column width=\u00bb1\/4&#8243;][vc_column_text css=\u00bb.vc_custom_1614343599494{padding-top: 15px !important;padding-right: 15px !important;padding-bottom: 15px !important;padding-left: 15px !important;background-color: #922d3a !important;}\u00bb]<\/p>\n<p style=\"text-align: center;\"><strong><span style=\"color: #ffffff;\">Notas c\u00e1rnicas<\/span><\/strong><\/p>\n<p>[\/vc_column_text][vc_column_text css=\u00bb.vc_custom_1614343650427{padding-top: 10px !important;}\u00bb]<\/p>\n<ul>\n<li>Pollo<\/li>\n<li>Ternera<\/li>\n<\/ul>\n<p>[\/vc_column_text][\/vc_column][vc_column width=\u00bb1\/4&#8243;][vc_column_text css=\u00bb.vc_custom_1614343605978{padding-top: 15px !important;padding-right: 15px !important;padding-bottom: 15px !important;padding-left: 15px !important;background-color: #9b303e !important;}\u00bb]<\/p>\n<p style=\"text-align: center;\"><strong><span style=\"color: #ffffff;\">Notas de cocci\u00f3n<\/span><\/strong><\/p>\n<p>[\/vc_column_text][vc_column_text css=\u00bb.vc_custom_1614343644304{padding-top: 10px !important;}\u00bb]<\/p>\n<ul>\n<li>Tostado<\/li>\n<li>Ahumado<\/li>\n<li>A la parrilla<\/li>\n<li>y m\u00e1s&#8230;<\/li>\n<\/ul>\n<p>[\/vc_column_text][\/vc_column][vc_column width=\u00bb1\/4&#8243;][vc_column_text css=\u00bb.vc_custom_1614343611432{padding-top: 15px !important;padding-right: 15px !important;padding-bottom: 15px !important;padding-left: 15px !important;background-color: #9b303e !important;}\u00bb]<\/p>\n<p style=\"text-align: center;\"><strong><span style=\"color: #ffffff;\">Notas tostadas<\/span><\/strong><\/p>\n<p>[\/vc_column_text][\/vc_column][vc_column width=\u00bb1\/4&#8243;][vc_column_text css=\u00bb.vc_custom_1614343616822{padding-top: 15px !important;padding-right: 15px !important;padding-bottom: 15px !important;padding-left: 15px !important;background-color: #9b303e !important;}\u00bb]<\/p>\n<p style=\"text-align: center;\"><strong><span style=\"color: #ffffff;\">Notas de queso<\/span><\/strong><\/p>\n<p>[\/vc_column_text][\/vc_column][\/vc_row][vc_row css_animation=\u00bb\u00bb row_type=\u00bbrow\u00bb use_row_as_full_screen_section=\u00bbyes\u00bb type=\u00bbgrid\u00bb angled_section=\u00bbno\u00bb text_align=\u00bbleft\u00bb background_image_as_pattern=\u00bbwithout_pattern\u00bb el_class=\u00bbpaddingOn\u00bb z_index=\u00bb\u00bb css=\u00bb.vc_custom_1614158656238{padding-top: 0px !important;}\u00bb][vc_column width=\u00bb2\/3&#8243; css=\u00bb.vc_custom_1614343768145{padding-top: 40px !important;}\u00bb][vc_column_text css=\u00bb.vc_custom_1615199250386{padding-top: 20px !important;}\u00bb]<strong>Springer<sup>\u00ae<\/sup> Signature<\/strong> aportar\u00e1 esta identidad \u00fanica en aplicaciones alimentarias saladas \u2013 <a href=\"https:\/\/biospringer.com\/es\/aplicaciones-alimentarias\/#fish\">carne procesada, an\u00e1logos de carne<\/a>, <a href=\"https:\/\/biospringer.com\/es\/aplicaciones-alimentarias\/#sauces\">salsas<\/a>, <a href=\"https:\/\/biospringer.com\/es\/aplicaciones-alimentarias\/#snacks\">snacks<\/a>, y en aplicaciones de <a href=\"https:\/\/biospringer.com\/es\/aplicaciones-alimentarias\/#sweet\">alimentos dulces<\/a> y <a href=\"https:\/\/biospringer.com\/es\/aplicaciones-alimentarias\/#beverages\">bebidas<\/a> \u2013 Galletas, <a href=\"https:\/\/biospringer.com\/es\/aplicaciones-alimentarias\/#dairy\">productos l\u00e1cteos<\/a>, an\u00e1logos l\u00e1cteos, bebidas aromatizadas.[\/vc_column_text][vc_separator type=\u00bbtransparent\u00bb][vc_column_text]<strong>Algunos ejemplos en aplicaci\u00f3n, para inspirarle en formulaci\u00f3n:<\/strong><\/p>\n<ul>\n<li>Aportar un fuerte sabor a ternera, en un <strong>caldo de ternera especiado.<\/strong><\/li>\n<li>Aportar notas de pollo asado, en un <strong>nugget de pollo.<\/strong><\/li>\n<li>A\u00f1adir sabor tostado que resalta los sabores de cacao, en <strong>galletas de chocolate.<\/strong><\/li>\n<\/ul>\n<p>[\/vc_column_text][\/vc_column][vc_column width=\u00bb1\/3&#8243; offset=\u00bbvc_col-lg-4 vc_col-md-4&#8243;][vc_single_image image=\u00bb34203&#8243; img_size=\u00bbfull\u00bb alignment=\u00bbcenter\u00bb qode_css_animation=\u00bb\u00bb][\/vc_column][\/vc_row][vc_row css_animation=\u00bb\u00bb row_type=\u00bbrow\u00bb use_row_as_full_screen_section=\u00bbno\u00bb type=\u00bbgrid\u00bb angled_section=\u00bbno\u00bb text_align=\u00bbleft\u00bb background_image_as_pattern=\u00bbwithout_pattern\u00bb css=\u00bb.vc_custom_1614178564235{padding-top: 25px !important;padding-right: 50px !important;padding-bottom: 25px !important;padding-left: 50px !important;background-color: #cd7e89 !important;}\u00bb z_index=\u00bb\u00bb][vc_column][vc_column_text css=\u00bb.vc_custom_1614343869262{padding-bottom: 15px !important;}\u00bb]<\/p>\n<h2 style=\"text-align: center;\"><strong><span style=\"color: #ffffff;\">Beneficios, m\u00e1s all\u00e1 del sabor<\/span><\/strong><\/h2>\n<p>[\/vc_column_text][vc_separator type=\u00bbsmall\u00bb position=\u00bbcenter\u00bb color=\u00bb#ffffff\u00bb up=\u00bb10&#8243; down=\u00bb10&#8243;][vc_column_text]<\/p>\n<p style=\"text-align: center;\"><span style=\"color: #ffffff;\"><strong>Biospringer est\u00e1 firmemente comprometido a garantizar altos <b>est\u00e1ndares de calidad<\/b>, permitiendo que Springer\u00ae Signature<\/strong><b><\/b> ofrezca diversos <b>beneficios adicionales<\/b>:<\/span><\/p>\n<p>[\/vc_column_text][vc_separator type=\u00bbtransparent\u00bb up=\u00bb10&#8243; down=\u00bb10&#8243;][vc_gallery type=\u00bbimage_grid\u00bb images=\u00bb34406,34627,34402,34414,34410&#8243; img_size=\u00bb100&#215;97&#8243; onclick=\u00bb\u00bb css=\u00bb.vc_custom_1614959381532{padding-left: 100px !important;}\u00bb column_number=\u00bb5&#8243; grayscale=\u00bbno\u00bb images_space=\u00bbgallery_with_space\u00bb][vc_separator type=\u00bbtransparent\u00bb up=\u00bb10&#8243; down=\u00bb10&#8243;][vc_column_text]<em><span style=\"color: #ffffff;\">*seg\u00fan la norma ISO TS19657<\/span><\/em>[\/vc_column_text][\/vc_column][\/vc_row][vc_row css_animation=\u00bb\u00bb row_type=\u00bbrow\u00bb use_row_as_full_screen_section=\u00bbno\u00bb type=\u00bbfull_width\u00bb angled_section=\u00bbno\u00bb text_align=\u00bbleft\u00bb background_image_as_pattern=\u00bbwithout_pattern\u00bb z_index=\u00bb\u00bb][vc_column][vc_row_inner row_type=\u00bbrow\u00bb type=\u00bbgrid\u00bb text_align=\u00bbcenter\u00bb css_animation=\u00bbelement_from_fade\u00bb][vc_column_inner][vc_column_text]<\/p>\n<h4 style=\"text-align: center;\"><span style=\"color: #4d4d4c;\">\u00bfLe interesa descubrir m\u00e1s sobre Springer <sup>\u00ae<\/sup> Signature<\/span>?<\/h4>\n<p>[\/vc_column_text][vc_separator type=\u00bbtransparent\u00bb up=\u00bb10&#8243; down=\u00bb10&#8243;]<a  itemprop=\"url\" href=\"\/es\/contact\/\" target=\"_self\" data-hover-background-color=#ffffff data-hover-border-color=#000000 data-hover-color=#000000 class=\"qbutton  center default\" style=\"color: #ffffff; border-color: #9b303e; margin: auto 0px auto 0px; border-radius: 0px;-moz-border-radius: 0px;-webkit-border-radius: 0px; background-color: #9b303e;\">Cont\u00e1ctenos<\/a>[\/vc_column_inner][\/vc_row_inner][\/vc_column][\/vc_row][vc_row css_animation=\u00bb\u00bb row_type=\u00bbrow\u00bb use_row_as_full_screen_section=\u00bbno\u00bb type=\u00bbfull_width\u00bb angled_section=\u00bbno\u00bb text_align=\u00bbleft\u00bb background_image_as_pattern=\u00bbwithout_pattern\u00bb el_class=\u00bbnoPadding\u00bb z_index=\u00bb\u00bb][vc_column offset=\u00bbvc_hidden-lg vc_hidden-md vc_hidden-sm vc_hidden-xs\u00bb][vc_raw_html]JTNDJTIxLS0lMjBGb3JtJTIwTW9kZSUyMCUzQSUyMHdoaXRlcGFwZXIlMjAtLSUzRSUwQSUzQ3NjcmlwdCUyMHR5cGUlM0QlMjJ0ZXh0JTJGamF2YXNjcmlwdCUyMiUzRSUwQSUwOXdpbmRvdy5zb2NUcmFjayUyMCUzRCUyMCU3QiUwQSUwOSUwOXNpdGVpZCUzQSUyMCUyMmJpb3NwcmluZ2VyLmNvbSUyMiUyQyUwQSUwOSUwOWZvcm1pZCUzQSUyMCUyMnNhbXBsZV9yZXF1ZXN0X3NwcmluZ2VyX3NpZ25hdHVyZSUyMiUyQyUwQSUwOSUwOWlzRm9ybVRyYWNraW5nRW5hYmxlZCUzQSUyMHRydWUlMkMlMEElMDklMDlpc0Zvcm1EYXRhU2VudCUzQSUyMHRydWUlMkMlMEElMDklMDl0cmFja2VkRm9ybXNTZWxlY3RvciUzQSUyMCUyMiUyM2Zvc3MtNjAzOGU3NmZkNTljYmMyODVmNmYxNTZmJTIyJTBBJTA5JTdEJTNCJTA5JTBBJTA5JTI4ZnVuY3Rpb24lMjhpJTJDJTIwcyUyQyUyMG8lMkMlMjBnJTI5JTIwJTdCJTBBJTA5JTIwJTIwJTIwJTIwJTIwdmFyJTIwYSUyMCUzRCUyMHMuY3JlYXRlRWxlbWVudCUyOG8lMjklM0IlMjBhLnNyYyUyMCUzRCUyMGclM0IlMjB2YXIlMjBtJTIwJTNEJTIwcy5nZXRFbGVtZW50c0J5VGFnTmFtZSUyOCUyMmhlYWQlMjIlMjklNUIwJTVEJTNCJTIwbS5hcHBlbmRDaGlsZCUyOGElMjklM0IlMEElMDklN0QlMjklMjh3aW5kb3clMkMlMjBkb2N1bWVudCUyQyUyMCUyMnNjcmlwdCUyMiUyQyUyMCUyMmh0dHBzJTNBJTJGJTJGY2RuLXB1YmxpYy5zb2NpYWJibGUuY29tJTJGYmxvYiUyRmpzJTJGbGVhZGdlbiUyRnRyYWNrLm1pbi5qcyUzRnYlM0QxJTIyJTI5JTNCJTBBJTNDJTJGc2NyaXB0JTNF[\/vc_raw_html][\/vc_column][\/vc_row]<\/p>\n<\/div>","protected":false},"excerpt":{"rendered":"<p>[vc_row row_type=\u00bbparallax\u00bb parallax_content_width=\u00bbfull_width\u00bb text_align=\u00bbcenter\u00bb full_screen_section_height=\u00bbno\u00bb][vc_column offset=\u00bbvc_col-lg-12 vc_col-md-12&#8243;][\/vc_column][\/vc_row][vc_row css_animation=\u00bb\u00bb row_type=\u00bbrow\u00bb use_row_as_full_screen_section=\u00bbno\u00bb type=\u00bbgrid\u00bb angled_section=\u00bbno\u00bb text_align=\u00bbcenter\u00bb background_image_as_pattern=\u00bbwithout_pattern\u00bb css=\u00bb.vc_custom_1764523558729{margin-top: 0px !important;border-top-width: 0px !important;padding-top: 0px !important;}\u00bb z_index=\u00bb\u00bb][vc_column width=\u00bb2\/3&#8243; css=\u00bb.vc_custom_1614160764373{padding-top: 50px !important;}\u00bb][vc_separator type=\u00bbtransparent\u00bb up=\u00bb5&#8243; down=\u00bb5&#8243;][vc_single_image image=\u00bb34246&#8243; img_size=\u00bbmedium\u00bb alignment=\u00bbcenter\u00bb qode_css_animation=\u00bb\u00bb][vc_separator type=\u00bbtransparent\u00bb][vc_row_inner row_type=\u00bbrow\u00bb type=\u00bbfull_width\u00bb text_align=\u00bbleft\u00bb css_animation=\u00bb\u00bb el_class=\u00bbnoPadding\u00bb][vc_column_inner css=\u00bb.vc_custom_1614160964533{padding-top: 10px !important;}\u00bb][vc_column_text]Los expertos en sabor&#8230;<\/p>\n","protected":false},"author":1,"featured_media":0,"parent":0,"menu_order":0,"comment_status":"closed","ping_status":"closed","template":"full_width.php","meta":{"_acf_changed":false,"rs_blank_template":"","rs_page_bg_color":"","slide_template_v7":"","inline_featured_image":false,"footnotes":""},"class_list":["post-52694","page","type-page","status-publish","hentry"],"acf":[],"yoast_head":"<!-- This site is optimized with the Yoast SEO Premium plugin v26.1 (Yoast SEO v27.5) - https:\/\/yoast.com\/product\/yoast-seo-premium-wordpress\/ -->\n<title>Springer\u00ae Signature, a\u00f1ada ese toque memorable - Biospringer<\/title>\n<meta name=\"description\" content=\"Le acompa\u00f1amos con nuestra gama Springer\u00ae Signature de notas arom\u00e1ticas espec\u00edficas a base de levadura para crear sabores memorables.\" \/>\n<meta name=\"robots\" content=\"index, follow, max-snippet:-1, max-image-preview:large, max-video-preview:-1\" \/>\n<link rel=\"canonical\" href=\"https:\/\/biospringer.com\/es\/springer-signature\/\" \/>\n<meta property=\"og:locale\" content=\"es_ES\" \/>\n<meta property=\"og:type\" content=\"article\" \/>\n<meta property=\"og:title\" content=\"Springer\u00ae Signature\" \/>\n<meta property=\"og:description\" content=\"Le acompa\u00f1amos con nuestra gama Springer\u00ae Signature de notas arom\u00e1ticas espec\u00edficas a base de levadura para crear sabores memorables.\" \/>\n<meta property=\"og:url\" content=\"https:\/\/biospringer.com\/es\/springer-signature\/\" \/>\n<meta property=\"og:site_name\" content=\"Biospringer\" \/>\n<meta property=\"article:modified_time\" content=\"2026-04-02T04:52:20+00:00\" \/>\n<meta name=\"twitter:card\" content=\"summary_large_image\" \/>\n<meta name=\"twitter:label1\" content=\"Tiempo de lectura\" \/>\n\t<meta name=\"twitter:data1\" content=\"5 minutos\" \/>\n<script type=\"application\/ld+json\" class=\"yoast-schema-graph\">{\"@context\":\"https:\\\/\\\/schema.org\",\"@graph\":[{\"@type\":\"WebPage\",\"@id\":\"https:\\\/\\\/biospringer.com\\\/es\\\/springer-signature\\\/\",\"url\":\"https:\\\/\\\/biospringer.com\\\/es\\\/springer-signature\\\/\",\"name\":\"Springer\u00ae Signature, a\u00f1ada ese toque memorable - Biospringer\",\"isPartOf\":{\"@id\":\"https:\\\/\\\/biospringer.com\\\/en\\\/#website\"},\"datePublished\":\"2026-03-27T20:08:13+00:00\",\"dateModified\":\"2026-04-02T04:52:20+00:00\",\"description\":\"Le acompa\u00f1amos con nuestra gama Springer\u00ae Signature de notas arom\u00e1ticas espec\u00edficas a base de levadura para crear sabores memorables.\",\"breadcrumb\":{\"@id\":\"https:\\\/\\\/biospringer.com\\\/es\\\/springer-signature\\\/#breadcrumb\"},\"inLanguage\":\"es\",\"potentialAction\":[{\"@type\":\"ReadAction\",\"target\":[\"https:\\\/\\\/biospringer.com\\\/es\\\/springer-signature\\\/\"]}]},{\"@type\":\"BreadcrumbList\",\"@id\":\"https:\\\/\\\/biospringer.com\\\/es\\\/springer-signature\\\/#breadcrumb\",\"itemListElement\":[{\"@type\":\"ListItem\",\"position\":1,\"name\":\"Accueil\",\"item\":\"https:\\\/\\\/biospringer.com\\\/es\\\/\"},{\"@type\":\"ListItem\",\"position\":2,\"name\":\"Springer\u00ae Signature\"}]},{\"@type\":\"WebSite\",\"@id\":\"https:\\\/\\\/biospringer.com\\\/en\\\/#website\",\"url\":\"https:\\\/\\\/biospringer.com\\\/en\\\/\",\"name\":\"Biospringer\",\"description\":\"Global yeast extract producer\",\"publisher\":{\"@id\":\"https:\\\/\\\/biospringer.com\\\/en\\\/#organization\"},\"potentialAction\":[{\"@type\":\"SearchAction\",\"target\":{\"@type\":\"EntryPoint\",\"urlTemplate\":\"https:\\\/\\\/biospringer.com\\\/en\\\/?s={search_term_string}\"},\"query-input\":{\"@type\":\"PropertyValueSpecification\",\"valueRequired\":true,\"valueName\":\"search_term_string\"}}],\"inLanguage\":\"es\"},{\"@type\":\"Organization\",\"@id\":\"https:\\\/\\\/biospringer.com\\\/en\\\/#organization\",\"name\":\"Biospringer by Lesaffre\",\"url\":\"https:\\\/\\\/biospringer.com\\\/en\\\/\",\"logo\":{\"@type\":\"ImageObject\",\"inLanguage\":\"es\",\"@id\":\"https:\\\/\\\/biospringer.com\\\/en\\\/#\\\/schema\\\/logo\\\/image\\\/\",\"url\":\"https:\\\/\\\/biospringer.com\\\/wp-content\\\/uploads\\\/2019\\\/06\\\/logo-Biospringer.png\",\"contentUrl\":\"https:\\\/\\\/biospringer.com\\\/wp-content\\\/uploads\\\/2019\\\/06\\\/logo-Biospringer.png\",\"width\":400,\"height\":100,\"caption\":\"Biospringer by Lesaffre\"},\"image\":{\"@id\":\"https:\\\/\\\/biospringer.com\\\/en\\\/#\\\/schema\\\/logo\\\/image\\\/\"},\"sameAs\":[\"https:\\\/\\\/fr.linkedin.com\\\/company\\\/biospringer\",\"https:\\\/\\\/www.youtube.com\\\/channel\\\/UCIwlo39VHSwHryOBeg3w-rw\"]}]}<\/script>\n<!-- \/ Yoast SEO Premium plugin. -->","yoast_head_json":{"title":"Springer\u00ae Signature, a\u00f1ada ese toque memorable - Biospringer","description":"Le acompa\u00f1amos con nuestra gama Springer\u00ae Signature de notas arom\u00e1ticas espec\u00edficas a base de levadura para crear sabores memorables.","robots":{"index":"index","follow":"follow","max-snippet":"max-snippet:-1","max-image-preview":"max-image-preview:large","max-video-preview":"max-video-preview:-1"},"canonical":"https:\/\/biospringer.com\/es\/springer-signature\/","og_locale":"es_ES","og_type":"article","og_title":"Springer\u00ae Signature","og_description":"Le acompa\u00f1amos con nuestra gama Springer\u00ae Signature de notas arom\u00e1ticas espec\u00edficas a base de levadura para crear sabores memorables.","og_url":"https:\/\/biospringer.com\/es\/springer-signature\/","og_site_name":"Biospringer","article_modified_time":"2026-04-02T04:52:20+00:00","twitter_card":"summary_large_image","twitter_misc":{"Tiempo de lectura":"5 minutos"},"schema":{"@context":"https:\/\/schema.org","@graph":[{"@type":"WebPage","@id":"https:\/\/biospringer.com\/es\/springer-signature\/","url":"https:\/\/biospringer.com\/es\/springer-signature\/","name":"Springer\u00ae Signature, a\u00f1ada ese toque memorable - Biospringer","isPartOf":{"@id":"https:\/\/biospringer.com\/en\/#website"},"datePublished":"2026-03-27T20:08:13+00:00","dateModified":"2026-04-02T04:52:20+00:00","description":"Le acompa\u00f1amos con nuestra gama Springer\u00ae Signature de notas arom\u00e1ticas espec\u00edficas a base de levadura para crear sabores memorables.","breadcrumb":{"@id":"https:\/\/biospringer.com\/es\/springer-signature\/#breadcrumb"},"inLanguage":"es","potentialAction":[{"@type":"ReadAction","target":["https:\/\/biospringer.com\/es\/springer-signature\/"]}]},{"@type":"BreadcrumbList","@id":"https:\/\/biospringer.com\/es\/springer-signature\/#breadcrumb","itemListElement":[{"@type":"ListItem","position":1,"name":"Accueil","item":"https:\/\/biospringer.com\/es\/"},{"@type":"ListItem","position":2,"name":"Springer\u00ae Signature"}]},{"@type":"WebSite","@id":"https:\/\/biospringer.com\/en\/#website","url":"https:\/\/biospringer.com\/en\/","name":"Biospringer","description":"Global yeast extract producer","publisher":{"@id":"https:\/\/biospringer.com\/en\/#organization"},"potentialAction":[{"@type":"SearchAction","target":{"@type":"EntryPoint","urlTemplate":"https:\/\/biospringer.com\/en\/?s={search_term_string}"},"query-input":{"@type":"PropertyValueSpecification","valueRequired":true,"valueName":"search_term_string"}}],"inLanguage":"es"},{"@type":"Organization","@id":"https:\/\/biospringer.com\/en\/#organization","name":"Biospringer by Lesaffre","url":"https:\/\/biospringer.com\/en\/","logo":{"@type":"ImageObject","inLanguage":"es","@id":"https:\/\/biospringer.com\/en\/#\/schema\/logo\/image\/","url":"https:\/\/biospringer.com\/wp-content\/uploads\/2019\/06\/logo-Biospringer.png","contentUrl":"https:\/\/biospringer.com\/wp-content\/uploads\/2019\/06\/logo-Biospringer.png","width":400,"height":100,"caption":"Biospringer by Lesaffre"},"image":{"@id":"https:\/\/biospringer.com\/en\/#\/schema\/logo\/image\/"},"sameAs":["https:\/\/fr.linkedin.com\/company\/biospringer","https:\/\/www.youtube.com\/channel\/UCIwlo39VHSwHryOBeg3w-rw"]}]}},"_links":{"self":[{"href":"https:\/\/biospringer.com\/es\/wp-json\/wp\/v2\/pages\/52694","targetHints":{"allow":["GET"]}}],"collection":[{"href":"https:\/\/biospringer.com\/es\/wp-json\/wp\/v2\/pages"}],"about":[{"href":"https:\/\/biospringer.com\/es\/wp-json\/wp\/v2\/types\/page"}],"author":[{"embeddable":true,"href":"https:\/\/biospringer.com\/es\/wp-json\/wp\/v2\/users\/1"}],"replies":[{"embeddable":true,"href":"https:\/\/biospringer.com\/es\/wp-json\/wp\/v2\/comments?post=52694"}],"version-history":[{"count":0,"href":"https:\/\/biospringer.com\/es\/wp-json\/wp\/v2\/pages\/52694\/revisions"}],"wp:attachment":[{"href":"https:\/\/biospringer.com\/es\/wp-json\/wp\/v2\/media?parent=52694"}],"curies":[{"name":"wp","href":"https:\/\/api.w.org\/{rel}","templated":true}]}}