{"id":44317,"date":"2026-02-20T06:18:17","date_gmt":"2026-02-20T11:18:17","guid":{"rendered":"https:\/\/biospringer.com\/?page_id=44317"},"modified":"2026-02-20T06:18:17","modified_gmt":"2026-02-20T11:18:17","slug":"descubre-el-extracto-de-levadura-2","status":"publish","type":"page","link":"https:\/\/biospringer.com\/es\/descubre-el-extracto-de-levadura-2\/","title":{"rendered":"Descubre el extracto de levadura"},"content":{"rendered":"<div class=\"wpb-content-wrapper\"><p>[vc_row css_animation=\u00bb\u00bb row_type=\u00bbrow\u00bb use_row_as_full_screen_section=\u00bbno\u00bb type=\u00bbgrid\u00bb angled_section=\u00bbno\u00bb text_align=\u00bbcenter\u00bb background_image_as_pattern=\u00bbwithout_pattern\u00bb z_index=\u00bb\u00bb][vc_column css=\u00bb.vc_custom_1462809083421{padding-top: 87px !important; padding-bottom: 56px !important;}\u00bb][vc_column_text]<\/p>\n<h2 style=\"text-align: center;\">\u00bfQu\u00e9 es el extracto de levadura?<\/h2>\n<p style=\"text-align: center;\">[vc_separator type=&#8217;transparent&#8217; position=&#8217;center&#8217; color=\u00bb thickness=\u00bb up=&#8217;15&#8217; down=&#8217;15&#8217;]<br \/>\nEl extracto de levadura es un ingrediente de origen natural derivado de la levadura fresca. La levadura es un microorganismo unicelular de la familia de los hongos, que ha existido desde hace millones de a\u00f1os en la naturaleza. Esta misma levadura se utiliza para producir pan, vino y cerveza.<br \/>\nEl inter\u00e9s de la levadura como ingrediente saborizante para mejorar el gusto surgi\u00f3 a principios del siglo XX y se introdujo en el mercado en los a\u00f1os 1950.<br \/>\nLas empresas de productos alimentarios y los restaurantes usan el extracto de levadura, al igual que las hierbas y especias, es decir como ingrediente arom\u00e1tico. Crean recetas de platos y bebidas m\u00e1s sabrosas, con el extracto de levadura: <a href=\"https:\/\/biospringer.com\/es\/aplicaciones-alimentarias\/#sopas\">sopas<\/a> y <a href=\"https:\/\/biospringer.com\/es\/aplicaciones-alimentarias\/#salsas\">salsas<\/a>, <a href=\"https:\/\/biospringer.com\/es\/aplicaciones-alimentarias\/#refrigerios\">aderezos y aperitivos<\/a>, pero tambi\u00e9n platos precocinados, carnes, etc&#8230;<\/p>\n<p>[\/vc_column_text][vc_separator type=\u00bbsmall\u00bb position=\u00bbcenter\u00bb up=\u00bb15&#8243;][\/vc_column][\/vc_row][vc_row css_animation=\u00bbelement_from_left\u00bb row_type=\u00bbrow\u00bb use_row_as_full_screen_section=\u00bbyes\u00bb type=\u00bbgrid\u00bb angled_section=\u00bbno\u00bb text_align=\u00bbleft\u00bb background_image_as_pattern=\u00bbwithout_pattern\u00bb el_class=\u00bbpaddingOn\u00bb z_index=\u00bb\u00bb][vc_column][vc_column_text]<\/p>\n<h3 style=\"text-align: center;\">\u00bfCu\u00e1les son las caracter\u00edsticas del extracto de levadura?<\/h3>\n<p>[\/vc_column_text][vc_separator type=\u00bbtransparent\u00bb up=\u00bb20&#8243;][\/vc_column][vc_column width=\u00bb2\/3&#8243;][vc_column_text]Al tener una gran diversidad de propiedades gustativas, el extracto de levadura tiene como principal ventaja la mejora del sabor en aplicaciones de alimentos y bebidas. Algunos extractos de levadura redondean el sabor de los alimentos, mientras otros aportan sabores notas m\u00e1s o menos espec\u00edficas: sabor umami, carne o pollo, sabores tostados o asados, etc.<br \/>\nM\u00e1s all\u00e1 de sus propiedades gustativas, el extracto de levadura tiene la ventaja de serun ingrediente arom\u00e1tico natural adecuado para la gran mayor\u00eda de aplicaciones de alimentos y bebidas, y sus respectivas caracter\u00edsticas.<\/p>\n<ul>\n<li>El extracto de levadura se puede usar en todo tipo de aplicaci\u00f3n culinaria o industrial, desde el horneado hasta el proceso de envasado, y es resistente a la acidez, al calor y la congelaci\u00f3n.<\/li>\n<li>Se puede usar en preparaciones de origen no animal, y es adecuado para productos veganos y vegetarianos<\/li>\n<li>Es un ingrediente no modificado gen\u00e9ticamente, ya que las cepas seleccionadas para desarrollar la levadura son organismos sin modificaciones gen\u00e9ticas<\/li>\n<li>El extracto de levadura es un ingrediente certificado Halal y Kosher<\/li>\n<li>No contiene gluten*, ya que no se emplean derivados del gluten durante el proceso de fabricaci\u00f3n del extracto de levadura de panader\u00eda<\/li>\n<\/ul>\n<p><em>*Uso y etiquetado por validar,conforme a la normativa local<\/em>[\/vc_column_text][\/vc_column][vc_column width=\u00bb1\/3&#8243;][vc_separator type=\u00bbtransparent\u00bb up=\u00bb10&#8243;][vc_single_image image=\u00bb25047&#8243; img_size=\u00bbfull\u00bb qode_css_animation=\u00bb\u00bb][\/vc_column][\/vc_row][vc_row css_animation=\u00bb\u00bb row_type=\u00bbrow\u00bb use_row_as_full_screen_section=\u00bbyes\u00bb type=\u00bbgrid\u00bb angled_section=\u00bbno\u00bb text_align=\u00bbleft\u00bb background_image_as_pattern=\u00bbwithout_pattern\u00bb css=\u00bb.vc_custom_1478370302063{background-color: #8f2746 !important;}\u00bb el_class=\u00bbpaddingOn\u00bb][vc_column][vc_column_text]<\/p>\n<h3 style=\"color: #ffffff; text-align: center;\">\u00bfC\u00f3mo se produce el extracto de levadura?<\/h3>\n<p>[\/vc_column_text][vc_separator type=\u00bbtransparent\u00bb up=\u00bb20&#8243;][\/vc_column][vc_column width=\u00bb1\/3&#8243;][vc_single_image image=\u00bb29053&#8243; img_size=\u00bbmedium\u00bb onclick=\u00bblink_image\u00bb qode_css_animation=\u00bb\u00bb qode_hover_animation=\u00bbzoom_in\u00bb][\/vc_column][vc_column width=\u00bb2\/3&#8243;][vc_separator type=\u00bbtransparent\u00bb up=\u00bb20&#8243;][vc_column_text]<span style=\"color: #ffffff;\">La producci\u00f3n de extracto de levadura comienza con levadura fresca y consta con 3 etapas: fermentaci\u00f3n, ruptura de la pared celular\u00a0 y separaci\u00f3n. A trav\u00e9s de un mecanismo natural, las enzimas de la levadura dividir\u00e1n los componentes de la levadura en elementos que brindan sabor.<\/span>[\/vc_column_text][vc_separator type=\u00bbtransparent\u00bb up=\u00bb20&#8243;]<a  itemprop=\"url\" href=\"\/es\/el-extracto-de-levadura\/proceso-de-produccion\/\" target=\"_self\" data-hover-background-color=#d3d3d3  class=\"qbutton  white default\" style=\"\">Aprende m\u00e1s<\/a>[\/vc_column][\/vc_row][vc_row css_animation=\u00bb\u00bb row_type=\u00bbrow\u00bb use_row_as_full_screen_section=\u00bbno\u00bb type=\u00bbgrid\u00bb angled_section=\u00bbno\u00bb text_align=\u00bbleft\u00bb background_image_as_pattern=\u00bbwithout_pattern\u00bb css=\u00bb.vc_custom_1771586295206{padding-top: 40px !important;padding-bottom: 40px !important;}\u00bb z_index=\u00bb\u00bb][vc_column][vc_column_text]<\/p>\n<h4 style=\"text-align: center;\">\u00bfC\u00f3mo se compone el extracto de levadura?<\/h4>\n<p>[vc_separator type=&#8217;transparent&#8217; position=&#8217;center&#8217; color=\u00bb thickness=\u00bb up=&#8217;15&#8217; down=&#8217;15&#8217;]<\/p>\n<p style=\"text-align: left;\">El proceso de producci\u00f3n de extracto de levadura consiste en la acci\u00f3n de las enzimas de la c\u00e9lula de levadura, que rompen por si mismas el contenido de las c\u00e9lulas, eliminando as\u00ed la pared de la c\u00e9lula de levadura. El extracto de levadura es compuesto aproximadamente de 60% de una mezcla de prote\u00ednas y amino\u00e1cidos, la cual aporta notas espec\u00edficas y\/o sabores como el umami en aplicaciones alimentarias.<br \/>\nLa experiencia de Biospringer consiste en obtener los componentes de sabor adecuados, en la proporci\u00f3n correcta, permitiendo tener una gama de productos con una amplia diversidad de perfiles gustativos.<\/p>\n<p>[\/vc_column_text][vc_separator type=\u00bbsmall\u00bb position=\u00bbcenter\u00bb up=\u00bb15&#8243;][vc_column_text]<\/p>\n<h4 style=\"text-align: center;\"><strong>\u00bfCu\u00e1les son las ventajas del extracto de levadura en la formulaci\u00f3n de comidas y bebidas?<\/strong><\/h4>\n<p>[vc_separator type=&#8217;transparent&#8217; position=&#8217;center&#8217; color=\u00bb thickness=\u00bb up=&#8217;15&#8217; down=&#8217;15&#8217;]<\/p>\n<p>La diversidad de sabores e intensidades del extracto de levadura nos permite responder a las numerosas necesidades de formulaci\u00f3n de los fabricantes de productos alimentarios. As\u00ed mismo el extracto de levadura tiene la ventaja de:<\/p>\n<ul>\n<li>\u00a0<strong>Mejorar el sabor:\u00a0<\/strong>el extracto de levadura puede intensificar la base arom\u00e1tica de una receta y tambi\u00e9n aportar notas arom\u00e1ticas espec\u00edficas.\u00a0<a href=\"https:\/\/biospringer.com\/es\/nuestras-soluciones-naturales\/#sabor\">Aprende m\u00e1s&#8230;<\/a><\/li>\n<li>\u00a0<strong>Equilibrar el perfil nutricional:<\/strong> \u00a0el sabor umami del extracto de levadura es largo y persistente, y permite compensar reducciones de sal, de az\u00facar y de grasa. \u00a0<a href=\"https:\/\/biospringer.com\/es\/nuestras-soluciones-naturales\/#grasa\">Aprende m\u00e1s&#8230;<\/a><\/li>\n<li>\u00a0<strong>Ocultar sabores desagradables:<\/strong> el extracto de levadura permite cubrir sabores desagradables, como los que producen las prote\u00ednas vegetales o los edulcorantes y sus alternativas. \u00a0<a href=\"https:\/\/biospringer.com\/es\/nuestras-soluciones-naturales\/#enmascarar\">Aprende m\u00e1s&#8230;<\/a><\/li>\n<\/ul>\n<p>[\/vc_column_text][vc_row_inner row_type=\u00bbrow\u00bb type=\u00bbfull_width\u00bb text_align=\u00bbleft\u00bb css_animation=\u00bb\u00bb css=\u00bb.vc_custom_1528785934661{padding-top: 5px !important;padding-bottom: 10px !important;}\u00bb][vc_column_inner][vc_column_text]<\/p>\n<h4 style=\"text-align: left;\">\u00bfEn qu\u00e9 aplicaciones de alimentos y bebidas se puede utilizar el extracto de levadura?<\/h4>\n<p>[\/vc_column_text][\/vc_column_inner][vc_column_inner width=\u00bb1\/2&#8243;][vc_column_text]<\/p>\n<ul>\n<li><a href=\"https:\/\/biospringer.com\/es\/aplicaciones-alimentarias\/#sopas\">Sopas y caldos<\/a><\/li>\n<li><a href=\"https:\/\/biospringer.com\/es\/aplicaciones-alimentarias\/#salsas\">Salsas y aderezos<\/a><\/li>\n<li><a href=\"https:\/\/biospringer.com\/es\/aplicaciones-alimentarias\/#refrigerios\">Aperitivos y condimentos<\/a><\/li>\n<li><a href=\"https:\/\/biospringer.com\/es\/aplicaciones-alimentarias\/#pescado\">Carne, pescado y sustitutos<\/a><\/li>\n<\/ul>\n<p>[\/vc_column_text][\/vc_column_inner][vc_column_inner width=\u00bb1\/2&#8243;][vc_column_text]<\/p>\n<ul>\n<li><a href=\"https:\/\/biospringer.com\/es\/aplicaciones-alimentarias\/#lacteos\/\">Productos l\u00e1cteos<\/a><\/li>\n<li><a href=\"https:\/\/biospringer.com\/es\/aplicaciones-alimentarias\/#dulces\/\">Productos dulces<\/a><\/li>\n<li><a href=\"https:\/\/biospringer.com\/es\/aplicaciones-alimentarias\/#feculentos\/\">Productos con almid\u00f3n<\/a><\/li>\n<li><a href=\"https:\/\/biospringer.com\/es\/aplicaciones-alimentarias\/#bebidas\/\">Bebidas<\/a><\/li>\n<\/ul>\n<p>[\/vc_column_text][\/vc_column_inner][\/vc_row_inner][\/vc_column][\/vc_row][vc_row css_animation=\u00bb\u00bb row_type=\u00bbrow\u00bb use_row_as_full_screen_section=\u00bbno\u00bb type=\u00bbfull_width\u00bb angled_section=\u00bbno\u00bb text_align=\u00bbleft\u00bb background_image_as_pattern=\u00bbwithout_pattern\u00bb z_index=\u00bb\u00bb][vc_column][vc_row_inner row_type=\u00bbrow\u00bb type=\u00bbgrid\u00bb text_align=\u00bbcenter\u00bb css_animation=\u00bbelement_from_fade\u00bb][vc_column_inner][vc_column_text]<\/p>\n<h4 style=\"text-align: center;\">\u00bfQuieres saber m\u00e1s sobre nuestra experiencia en extracto de levadura?<\/h4>\n<p>[\/vc_column_text][vc_separator type=\u00bbtransparent\u00bb up=\u00bb10&#8243; down=\u00bb10&#8243;]<a  itemprop=\"url\" href=\"\/es\/contacto\/\" target=\"_self\" data-hover-background-color=#ffffff data-hover-border-color=#000000 data-hover-color=#000000 class=\"qbutton  center default\" style=\"color: #ffffff; border-color: #164189; margin: auto 0px auto 0px; border-radius: 0px;-moz-border-radius: 0px;-webkit-border-radius: 0px; background-color: #164189;\">Cont\u00e1ctanos<\/a>[\/vc_column_inner][\/vc_row_inner][\/vc_column][\/vc_row]<\/p>\n<\/div>","protected":false},"excerpt":{"rendered":"<p>[vc_row css_animation=\u00bb\u00bb row_type=\u00bbrow\u00bb use_row_as_full_screen_section=\u00bbno\u00bb type=\u00bbgrid\u00bb angled_section=\u00bbno\u00bb text_align=\u00bbcenter\u00bb background_image_as_pattern=\u00bbwithout_pattern\u00bb z_index=\u00bb\u00bb][vc_column css=\u00bb.vc_custom_1462809083421{padding-top: 87px !important; padding-bottom: 56px !important;}\u00bb][vc_column_text] \u00bfQu\u00e9 es el extracto de levadura? [vc_separator type=&#8217;transparent&#8217; position=&#8217;center&#8217; color=\u00bb thickness=\u00bb up=&#8217;15&#8217; down=&#8217;15&#8217;] El extracto de levadura es un ingrediente de origen natural derivado de la levadura fresca. La levadura&#8230;<\/p>\n","protected":false},"author":1,"featured_media":44474,"parent":0,"menu_order":0,"comment_status":"closed","ping_status":"closed","template":"full_width.php","meta":{"_acf_changed":false,"inline_featured_image":false,"footnotes":""},"class_list":["post-44317","page","type-page","status-publish","has-post-thumbnail","hentry"],"acf":[],"yoast_head":"<!-- This site is optimized with the Yoast SEO Premium plugin v26.1 (Yoast SEO v27.3) - https:\/\/yoast.com\/product\/yoast-seo-premium-wordpress\/ -->\n<title>Descubre el extracto de levadura | Biospringer<\/title>\n<meta name=\"description\" content=\"El extracto de levadura es un ingrediente de origen natural derivado de la levadura fresca. La levadura es un microorganismo unicelular de la familia de los hongos, que ha existido desde hace millones de a\u00f1os en la naturaleza. Esta misma levadura se utiliza para producir pan, vino y cerveza.\" \/>\n<meta name=\"robots\" content=\"index, follow, max-snippet:-1, max-image-preview:large, max-video-preview:-1\" \/>\n<link rel=\"canonical\" href=\"https:\/\/biospringer.com\/es\/descubre-el-extracto-de-levadura-2\/\" \/>\n<meta property=\"og:locale\" content=\"es_ES\" \/>\n<meta property=\"og:type\" content=\"article\" \/>\n<meta property=\"og:title\" content=\"Descubre el extracto de levadura\" \/>\n<meta property=\"og:description\" content=\"El extracto de levadura es un ingrediente de origen natural derivado de la levadura fresca. La levadura es un microorganismo unicelular de la familia de los hongos, que ha existido desde hace millones de a\u00f1os en la naturaleza. Esta misma levadura se utiliza para producir pan, vino y cerveza.\" \/>\n<meta property=\"og:url\" content=\"https:\/\/biospringer.com\/es\/descubre-el-extracto-de-levadura-2\/\" \/>\n<meta property=\"og:site_name\" content=\"Biospringer\" \/>\n<meta property=\"og:image\" content=\"https:\/\/biospringer.com\/wp-content\/uploads\/2024\/09\/Consumers-are-concerned-about-reducing-salt-in-food.png\" \/>\n\t<meta property=\"og:image:width\" content=\"919\" \/>\n\t<meta property=\"og:image:height\" content=\"913\" \/>\n\t<meta property=\"og:image:type\" content=\"image\/png\" \/>\n<meta name=\"twitter:card\" content=\"summary_large_image\" \/>\n<meta name=\"twitter:label1\" content=\"Tiempo de lectura\" \/>\n\t<meta name=\"twitter:data1\" content=\"5 minutos\" \/>\n<script type=\"application\/ld+json\" class=\"yoast-schema-graph\">{\"@context\":\"https:\\\/\\\/schema.org\",\"@graph\":[{\"@type\":\"WebPage\",\"@id\":\"https:\\\/\\\/biospringer.com\\\/es\\\/descubre-el-extracto-de-levadura-2\\\/\",\"url\":\"https:\\\/\\\/biospringer.com\\\/es\\\/descubre-el-extracto-de-levadura-2\\\/\",\"name\":\"Descubre el extracto de levadura | Biospringer\",\"isPartOf\":{\"@id\":\"https:\\\/\\\/biospringer.com\\\/en\\\/#website\"},\"primaryImageOfPage\":{\"@id\":\"https:\\\/\\\/biospringer.com\\\/es\\\/descubre-el-extracto-de-levadura-2\\\/#primaryimage\"},\"image\":{\"@id\":\"https:\\\/\\\/biospringer.com\\\/es\\\/descubre-el-extracto-de-levadura-2\\\/#primaryimage\"},\"thumbnailUrl\":\"https:\\\/\\\/biospringer.com\\\/wp-content\\\/uploads\\\/2024\\\/09\\\/Consumers-are-concerned-about-reducing-salt-in-food.png\",\"datePublished\":\"2026-02-20T11:18:17+00:00\",\"description\":\"El extracto de levadura es un ingrediente de origen natural derivado de la levadura fresca. La levadura es un microorganismo unicelular de la familia de los hongos, que ha existido desde hace millones de a\u00f1os en la naturaleza. Esta misma levadura se utiliza para producir pan, vino y cerveza.\",\"breadcrumb\":{\"@id\":\"https:\\\/\\\/biospringer.com\\\/es\\\/descubre-el-extracto-de-levadura-2\\\/#breadcrumb\"},\"inLanguage\":\"es\",\"potentialAction\":[{\"@type\":\"ReadAction\",\"target\":[\"https:\\\/\\\/biospringer.com\\\/es\\\/descubre-el-extracto-de-levadura-2\\\/\"]}]},{\"@type\":\"ImageObject\",\"inLanguage\":\"es\",\"@id\":\"https:\\\/\\\/biospringer.com\\\/es\\\/descubre-el-extracto-de-levadura-2\\\/#primaryimage\",\"url\":\"https:\\\/\\\/biospringer.com\\\/wp-content\\\/uploads\\\/2024\\\/09\\\/Consumers-are-concerned-about-reducing-salt-in-food.png\",\"contentUrl\":\"https:\\\/\\\/biospringer.com\\\/wp-content\\\/uploads\\\/2024\\\/09\\\/Consumers-are-concerned-about-reducing-salt-in-food.png\",\"width\":919,\"height\":913,\"caption\":\"Yeast extract for salt reduction in food products\"},{\"@type\":\"BreadcrumbList\",\"@id\":\"https:\\\/\\\/biospringer.com\\\/es\\\/descubre-el-extracto-de-levadura-2\\\/#breadcrumb\",\"itemListElement\":[{\"@type\":\"ListItem\",\"position\":1,\"name\":\"Accueil\",\"item\":\"https:\\\/\\\/biospringer.com\\\/es\\\/\"},{\"@type\":\"ListItem\",\"position\":2,\"name\":\"Descubre el extracto de levadura\"}]},{\"@type\":\"WebSite\",\"@id\":\"https:\\\/\\\/biospringer.com\\\/en\\\/#website\",\"url\":\"https:\\\/\\\/biospringer.com\\\/en\\\/\",\"name\":\"Biospringer\",\"description\":\"Global yeast extract producer\",\"publisher\":{\"@id\":\"https:\\\/\\\/biospringer.com\\\/en\\\/#organization\"},\"potentialAction\":[{\"@type\":\"SearchAction\",\"target\":{\"@type\":\"EntryPoint\",\"urlTemplate\":\"https:\\\/\\\/biospringer.com\\\/en\\\/?s={search_term_string}\"},\"query-input\":{\"@type\":\"PropertyValueSpecification\",\"valueRequired\":true,\"valueName\":\"search_term_string\"}}],\"inLanguage\":\"es\"},{\"@type\":\"Organization\",\"@id\":\"https:\\\/\\\/biospringer.com\\\/en\\\/#organization\",\"name\":\"Biospringer by Lesaffre\",\"url\":\"https:\\\/\\\/biospringer.com\\\/en\\\/\",\"logo\":{\"@type\":\"ImageObject\",\"inLanguage\":\"es\",\"@id\":\"https:\\\/\\\/biospringer.com\\\/en\\\/#\\\/schema\\\/logo\\\/image\\\/\",\"url\":\"https:\\\/\\\/biospringer.com\\\/wp-content\\\/uploads\\\/2019\\\/06\\\/logo-Biospringer.png\",\"contentUrl\":\"https:\\\/\\\/biospringer.com\\\/wp-content\\\/uploads\\\/2019\\\/06\\\/logo-Biospringer.png\",\"width\":400,\"height\":100,\"caption\":\"Biospringer by Lesaffre\"},\"image\":{\"@id\":\"https:\\\/\\\/biospringer.com\\\/en\\\/#\\\/schema\\\/logo\\\/image\\\/\"},\"sameAs\":[\"https:\\\/\\\/fr.linkedin.com\\\/company\\\/biospringer\",\"https:\\\/\\\/www.youtube.com\\\/channel\\\/UCIwlo39VHSwHryOBeg3w-rw\"]}]}<\/script>\n<!-- \/ Yoast SEO Premium plugin. -->","yoast_head_json":{"title":"Descubre el extracto de levadura | Biospringer","description":"El extracto de levadura es un ingrediente de origen natural derivado de la levadura fresca. La levadura es un microorganismo unicelular de la familia de los hongos, que ha existido desde hace millones de a\u00f1os en la naturaleza. Esta misma levadura se utiliza para producir pan, vino y cerveza.","robots":{"index":"index","follow":"follow","max-snippet":"max-snippet:-1","max-image-preview":"max-image-preview:large","max-video-preview":"max-video-preview:-1"},"canonical":"https:\/\/biospringer.com\/es\/descubre-el-extracto-de-levadura-2\/","og_locale":"es_ES","og_type":"article","og_title":"Descubre el extracto de levadura","og_description":"El extracto de levadura es un ingrediente de origen natural derivado de la levadura fresca. La levadura es un microorganismo unicelular de la familia de los hongos, que ha existido desde hace millones de a\u00f1os en la naturaleza. Esta misma levadura se utiliza para producir pan, vino y cerveza.","og_url":"https:\/\/biospringer.com\/es\/descubre-el-extracto-de-levadura-2\/","og_site_name":"Biospringer","og_image":[{"width":919,"height":913,"url":"https:\/\/biospringer.com\/wp-content\/uploads\/2024\/09\/Consumers-are-concerned-about-reducing-salt-in-food.png","type":"image\/png"}],"twitter_card":"summary_large_image","twitter_misc":{"Tiempo de lectura":"5 minutos"},"schema":{"@context":"https:\/\/schema.org","@graph":[{"@type":"WebPage","@id":"https:\/\/biospringer.com\/es\/descubre-el-extracto-de-levadura-2\/","url":"https:\/\/biospringer.com\/es\/descubre-el-extracto-de-levadura-2\/","name":"Descubre el extracto de levadura | Biospringer","isPartOf":{"@id":"https:\/\/biospringer.com\/en\/#website"},"primaryImageOfPage":{"@id":"https:\/\/biospringer.com\/es\/descubre-el-extracto-de-levadura-2\/#primaryimage"},"image":{"@id":"https:\/\/biospringer.com\/es\/descubre-el-extracto-de-levadura-2\/#primaryimage"},"thumbnailUrl":"https:\/\/biospringer.com\/wp-content\/uploads\/2024\/09\/Consumers-are-concerned-about-reducing-salt-in-food.png","datePublished":"2026-02-20T11:18:17+00:00","description":"El extracto de levadura es un ingrediente de origen natural derivado de la levadura fresca. La levadura es un microorganismo unicelular de la familia de los hongos, que ha existido desde hace millones de a\u00f1os en la naturaleza. Esta misma levadura se utiliza para producir pan, vino y cerveza.","breadcrumb":{"@id":"https:\/\/biospringer.com\/es\/descubre-el-extracto-de-levadura-2\/#breadcrumb"},"inLanguage":"es","potentialAction":[{"@type":"ReadAction","target":["https:\/\/biospringer.com\/es\/descubre-el-extracto-de-levadura-2\/"]}]},{"@type":"ImageObject","inLanguage":"es","@id":"https:\/\/biospringer.com\/es\/descubre-el-extracto-de-levadura-2\/#primaryimage","url":"https:\/\/biospringer.com\/wp-content\/uploads\/2024\/09\/Consumers-are-concerned-about-reducing-salt-in-food.png","contentUrl":"https:\/\/biospringer.com\/wp-content\/uploads\/2024\/09\/Consumers-are-concerned-about-reducing-salt-in-food.png","width":919,"height":913,"caption":"Yeast extract for salt reduction in food products"},{"@type":"BreadcrumbList","@id":"https:\/\/biospringer.com\/es\/descubre-el-extracto-de-levadura-2\/#breadcrumb","itemListElement":[{"@type":"ListItem","position":1,"name":"Accueil","item":"https:\/\/biospringer.com\/es\/"},{"@type":"ListItem","position":2,"name":"Descubre el extracto de levadura"}]},{"@type":"WebSite","@id":"https:\/\/biospringer.com\/en\/#website","url":"https:\/\/biospringer.com\/en\/","name":"Biospringer","description":"Global yeast extract producer","publisher":{"@id":"https:\/\/biospringer.com\/en\/#organization"},"potentialAction":[{"@type":"SearchAction","target":{"@type":"EntryPoint","urlTemplate":"https:\/\/biospringer.com\/en\/?s={search_term_string}"},"query-input":{"@type":"PropertyValueSpecification","valueRequired":true,"valueName":"search_term_string"}}],"inLanguage":"es"},{"@type":"Organization","@id":"https:\/\/biospringer.com\/en\/#organization","name":"Biospringer by Lesaffre","url":"https:\/\/biospringer.com\/en\/","logo":{"@type":"ImageObject","inLanguage":"es","@id":"https:\/\/biospringer.com\/en\/#\/schema\/logo\/image\/","url":"https:\/\/biospringer.com\/wp-content\/uploads\/2019\/06\/logo-Biospringer.png","contentUrl":"https:\/\/biospringer.com\/wp-content\/uploads\/2019\/06\/logo-Biospringer.png","width":400,"height":100,"caption":"Biospringer by Lesaffre"},"image":{"@id":"https:\/\/biospringer.com\/en\/#\/schema\/logo\/image\/"},"sameAs":["https:\/\/fr.linkedin.com\/company\/biospringer","https:\/\/www.youtube.com\/channel\/UCIwlo39VHSwHryOBeg3w-rw"]}]}},"_links":{"self":[{"href":"https:\/\/biospringer.com\/es\/wp-json\/wp\/v2\/pages\/44317","targetHints":{"allow":["GET"]}}],"collection":[{"href":"https:\/\/biospringer.com\/es\/wp-json\/wp\/v2\/pages"}],"about":[{"href":"https:\/\/biospringer.com\/es\/wp-json\/wp\/v2\/types\/page"}],"author":[{"embeddable":true,"href":"https:\/\/biospringer.com\/es\/wp-json\/wp\/v2\/users\/1"}],"replies":[{"embeddable":true,"href":"https:\/\/biospringer.com\/es\/wp-json\/wp\/v2\/comments?post=44317"}],"version-history":[{"count":0,"href":"https:\/\/biospringer.com\/es\/wp-json\/wp\/v2\/pages\/44317\/revisions"}],"wp:featuredmedia":[{"embeddable":true,"href":"https:\/\/biospringer.com\/es\/wp-json\/wp\/v2\/media\/44474"}],"wp:attachment":[{"href":"https:\/\/biospringer.com\/es\/wp-json\/wp\/v2\/media?parent=44317"}],"curies":[{"name":"wp","href":"https:\/\/api.w.org\/{rel}","templated":true}]}}