{"id":38054,"date":"2024-02-07T13:20:12","date_gmt":"2024-02-07T18:20:12","guid":{"rendered":"https:\/\/biospringer.com\/?page_id=38054"},"modified":"2024-02-07T13:20:12","modified_gmt":"2024-02-07T18:20:12","slug":"otra-solicitud","status":"publish","type":"page","link":"https:\/\/biospringer.com\/es\/contact\/otra-solicitud\/","title":{"rendered":"Otra solicitud"},"content":{"rendered":"<div class=\"wpb-content-wrapper\"><p>[vc_row css_animation=\u00bb\u00bb row_type=\u00bbrow\u00bb use_row_as_full_screen_section=\u00bbyes\u00bb type=\u00bbgrid\u00bb angled_section=\u00bbno\u00bb text_align=\u00bbleft\u00bb background_image_as_pattern=\u00bbwithout_pattern\u00bb padding_top=\u00bb60&#8243; padding_bottom=\u00bb60&#8243; css=\u00bb.vc_custom_1606138303611{padding-top: 35px !important;padding-bottom: 15px !important;}\u00bb z_index=\u00bb\u00bb][vc_column][vc_column_text]Si su solicitud no est\u00e1 relacionada con las ventas, ya sea un medio de comunicaci\u00f3n, un socio, un candidato, un proveedor u otro, cont\u00e1ctenos con el siguiente formulario.[\/vc_column_text][vc_raw_html]JTNDZm9ybSUyMGlkJTNEJTIyZm9zcy01ZjExN2ZkOWQ1OWNiYzIxMGQzYzcwNWMlMjIlM0UlM0MlMkZmb3JtJTNFJTNDc2NyaXB0JTIwYXN5bmMlMjBzcmMlM0QlMjdodHRwcyUzQSUyRiUyRmFwaS5wbGV6aS5jbyUyRmFwaSUyRnYxJTJGd2ViX2Zvcm1zJTJGc2NyaXB0cyUzRnRlbmFudF9pZCUzRDVlMjFkZjc0ZTMxN2E3NDViMmFhZjc5NCUyNmZvcm1faWQlM0Q1ZTIxZGY3N2UzMTdhNzQ1YjJhYWY4MzklMjZmb3JtX3ZlcnNpb24lM0QzJTI2Y29udGVudF93ZWJfZm9ybV9pZCUzRDVmMTE3ZmQ5ZDU5Y2JjMjEwZDNjNzA1YyUyNnBsel9sYW5nJTNEZXMlMjclM0UlM0MlMkZzY3JpcHQlM0U=[\/vc_raw_html][\/vc_column][\/vc_row][vc_row css_animation=\u00bb\u00bb row_type=\u00bbrow\u00bb use_row_as_full_screen_section=\u00bbno\u00bb type=\u00bbfull_width\u00bb angled_section=\u00bbno\u00bb text_align=\u00bbleft\u00bb background_image_as_pattern=\u00bbwithout_pattern\u00bb][vc_column][vc_raw_html]JTNDJTIxLS0lMjBGb3JtJTIwTW9kZSUyMCUzQSUyMGNvbnRhY3QlMjAtLSUzRSUwQSUzQ3NjcmlwdCUyMHR5cGUlM0QlMjJ0ZXh0JTJGamF2YXNjcmlwdCUyMiUzRSUwQSUwOXdpbmRvdy5zb2NUcmFjayUyMCUzRCUyMCU3QiUwQSUwOSUwOXNpdGVpZCUzQSUyMCUyMmJpb3NwcmluZ2VyLmNvbSUyMiUyQyUwQSUwOSUwOWZvcm1pZCUzQSUyMCUyMmNvbnRhY3RfZm9ybSUyMiUyQyUwQSUwOSUwOWlzRm9ybVRyYWNraW5nRW5hYmxlZCUzQSUyMHRydWUlMkMlMEElMDklMDlpc0Zvcm1EYXRhU2VudCUzQSUyMHRydWUlMkMlMEElMDklMDl0cmFja2VkRm9ybXNTZWxlY3RvciUzQSUyMCUyMiUyM2Zvc3MtNWVhODRkNmFkNTljYmM0MzFlNDVjYzJmJTIyJTBBJTA5JTdEJTNCJTA5JTBBJTA5JTI4ZnVuY3Rpb24lMjhpJTJDJTIwcyUyQyUyMG8lMkMlMjBnJTI5JTIwJTdCJTBBJTA5JTIwJTIwJTIwJTIwJTIwdmFyJTIwYSUyMCUzRCUyMHMuY3JlYXRlRWxlbWVudCUyOG8lMjklM0IlMjBhLnNyYyUyMCUzRCUyMGclM0IlMjB2YXIlMjBtJTIwJTNEJTIwcy5nZXRFbGVtZW50c0J5VGFnTmFtZSUyOCUyMmhlYWQlMjIlMjklNUIwJTVEJTNCJTIwbS5hcHBlbmRDaGlsZCUyOGElMjklM0IlMEElMDklN0QlMjklMjh3aW5kb3clMkMlMjBkb2N1bWVudCUyQyUyMCUyMnNjcmlwdCUyMiUyQyUyMCUyMmh0dHBzJTNBJTJGJTJGY2RuLXB1YmxpYy5zb2NpYWJibGUuY29tJTJGYmxvYiUyRmpzJTJGbGVhZGdlbiUyRnRyYWNrLm1pbi5qcyUzRnYlM0QxJTIyJTI5JTNCJTBBJTNDJTJGc2NyaXB0JTNF[\/vc_raw_html][\/vc_column][\/vc_row]<\/p>\n<\/div>","protected":false},"excerpt":{"rendered":"<p>[vc_row css_animation=\u00bb\u00bb row_type=\u00bbrow\u00bb use_row_as_full_screen_section=\u00bbyes\u00bb type=\u00bbgrid\u00bb angled_section=\u00bbno\u00bb text_align=\u00bbleft\u00bb background_image_as_pattern=\u00bbwithout_pattern\u00bb padding_top=\u00bb60&#8243; padding_bottom=\u00bb60&#8243; css=\u00bb.vc_custom_1606138303611{padding-top: 35px !important;padding-bottom: 15px !important;}\u00bb z_index=\u00bb\u00bb][vc_column][vc_column_text]Si su solicitud no est\u00e1 relacionada con las ventas, ya sea un medio de comunicaci\u00f3n, un socio, un candidato, un proveedor u otro, cont\u00e1ctenos con el siguiente formulario.[\/vc_column_text][vc_raw_html]JTNDZm9ybSUyMGlkJTNEJTIyZm9zcy01ZjExN2ZkOWQ1OWNiYzIxMGQzYzcwNWMlMjIlM0UlM0MlMkZmb3JtJTNFJTNDc2NyaXB0JTIwYXN5bmMlMjBzcmMlM0QlMjdodHRwcyUzQSUyRiUyRmFwaS5wbGV6aS5jbyUyRmFwaSUyRnYxJTJGd2ViX2Zvcm1zJTJGc2NyaXB0cyUzRnRlbmFudF9pZCUzRDVlMjFkZjc0ZTMxN2E3NDViMmFhZjc5NCUyNmZvcm1faWQlM0Q1ZTIxZGY3N2UzMTdhNzQ1YjJhYWY4MzklMjZmb3JtX3ZlcnNpb24lM0QzJTI2Y29udGVudF93ZWJfZm9ybV9pZCUzRDVmMTE3ZmQ5ZDU5Y2JjMjEwZDNjNzA1YyUyNnBsel9sYW5nJTNEZXMlMjclM0UlM0MlMkZzY3JpcHQlM0U=[\/vc_raw_html][\/vc_column][\/vc_row][vc_row css_animation=\u00bb\u00bb row_type=\u00bbrow\u00bb&#8230;<\/p>\n","protected":false},"author":1,"featured_media":0,"parent":27736,"menu_order":0,"comment_status":"closed","ping_status":"closed","template":"full_width.php","meta":{"_acf_changed":false,"inline_featured_image":false,"footnotes":""},"class_list":["post-38054","page","type-page","status-publish","hentry"],"acf":[],"yoast_head":"<!-- This site is optimized with the Yoast SEO Premium plugin v26.1 (Yoast SEO v27.4) - https:\/\/yoast.com\/product\/yoast-seo-premium-wordpress\/ -->\n<title>Otra solicitud - Biospringer by Lesaffre<\/title>\n<meta name=\"description\" content=\"Si su solicitud no est\u00e1 relacionada con las ventas, ya sea un medio de comunicaci\u00f3n, un socio, un candidato, un proveedor u otro, cont\u00e1ctenos con el siguiente formulario.\" \/>\n<meta name=\"robots\" content=\"index, follow, max-snippet:-1, max-image-preview:large, max-video-preview:-1\" \/>\n<link rel=\"canonical\" href=\"https:\/\/biospringer.com\/es\/contact\/otra-solicitud\/\" \/>\n<meta property=\"og:locale\" content=\"es_ES\" \/>\n<meta property=\"og:type\" content=\"article\" \/>\n<meta property=\"og:title\" content=\"Otra solicitud\" \/>\n<meta property=\"og:description\" content=\"Si su solicitud no est\u00e1 relacionada con las ventas, ya sea un medio de comunicaci\u00f3n, un socio, un candidato, un proveedor u otro, cont\u00e1ctenos con el siguiente formulario.\" \/>\n<meta property=\"og:url\" content=\"https:\/\/biospringer.com\/es\/contact\/otra-solicitud\/\" \/>\n<meta property=\"og:site_name\" content=\"Biospringer\" \/>\n<meta name=\"twitter:card\" content=\"summary_large_image\" \/>\n<meta name=\"twitter:label1\" content=\"Tiempo de lectura\" \/>\n\t<meta name=\"twitter:data1\" content=\"1 minuto\" \/>\n<script type=\"application\/ld+json\" class=\"yoast-schema-graph\">{\"@context\":\"https:\\\/\\\/schema.org\",\"@graph\":[{\"@type\":\"WebPage\",\"@id\":\"https:\\\/\\\/biospringer.com\\\/es\\\/contact\\\/otra-solicitud\\\/\",\"url\":\"https:\\\/\\\/biospringer.com\\\/es\\\/contact\\\/otra-solicitud\\\/\",\"name\":\"Otra solicitud - Biospringer by Lesaffre\",\"isPartOf\":{\"@id\":\"https:\\\/\\\/biospringer.com\\\/en\\\/#website\"},\"datePublished\":\"2024-02-07T18:20:12+00:00\",\"description\":\"Si su solicitud no est\u00e1 relacionada con las ventas, ya sea un medio de comunicaci\u00f3n, un socio, un candidato, un proveedor u otro, cont\u00e1ctenos con el siguiente formulario.\",\"breadcrumb\":{\"@id\":\"https:\\\/\\\/biospringer.com\\\/es\\\/contact\\\/otra-solicitud\\\/#breadcrumb\"},\"inLanguage\":\"es\",\"potentialAction\":[{\"@type\":\"ReadAction\",\"target\":[\"https:\\\/\\\/biospringer.com\\\/es\\\/contact\\\/otra-solicitud\\\/\"]}]},{\"@type\":\"BreadcrumbList\",\"@id\":\"https:\\\/\\\/biospringer.com\\\/es\\\/contact\\\/otra-solicitud\\\/#breadcrumb\",\"itemListElement\":[{\"@type\":\"ListItem\",\"position\":1,\"name\":\"Accueil\",\"item\":\"https:\\\/\\\/biospringer.com\\\/es\\\/\"},{\"@type\":\"ListItem\",\"position\":2,\"name\":\"Contact\",\"item\":\"https:\\\/\\\/biospringer.com\\\/es\\\/contact\\\/\"},{\"@type\":\"ListItem\",\"position\":3,\"name\":\"Otra solicitud\"}]},{\"@type\":\"WebSite\",\"@id\":\"https:\\\/\\\/biospringer.com\\\/en\\\/#website\",\"url\":\"https:\\\/\\\/biospringer.com\\\/en\\\/\",\"name\":\"Biospringer\",\"description\":\"Global yeast extract producer\",\"publisher\":{\"@id\":\"https:\\\/\\\/biospringer.com\\\/en\\\/#organization\"},\"potentialAction\":[{\"@type\":\"SearchAction\",\"target\":{\"@type\":\"EntryPoint\",\"urlTemplate\":\"https:\\\/\\\/biospringer.com\\\/en\\\/?s={search_term_string}\"},\"query-input\":{\"@type\":\"PropertyValueSpecification\",\"valueRequired\":true,\"valueName\":\"search_term_string\"}}],\"inLanguage\":\"es\"},{\"@type\":\"Organization\",\"@id\":\"https:\\\/\\\/biospringer.com\\\/en\\\/#organization\",\"name\":\"Biospringer by Lesaffre\",\"url\":\"https:\\\/\\\/biospringer.com\\\/en\\\/\",\"logo\":{\"@type\":\"ImageObject\",\"inLanguage\":\"es\",\"@id\":\"https:\\\/\\\/biospringer.com\\\/en\\\/#\\\/schema\\\/logo\\\/image\\\/\",\"url\":\"https:\\\/\\\/biospringer.com\\\/wp-content\\\/uploads\\\/2019\\\/06\\\/logo-Biospringer.png\",\"contentUrl\":\"https:\\\/\\\/biospringer.com\\\/wp-content\\\/uploads\\\/2019\\\/06\\\/logo-Biospringer.png\",\"width\":400,\"height\":100,\"caption\":\"Biospringer by Lesaffre\"},\"image\":{\"@id\":\"https:\\\/\\\/biospringer.com\\\/en\\\/#\\\/schema\\\/logo\\\/image\\\/\"},\"sameAs\":[\"https:\\\/\\\/fr.linkedin.com\\\/company\\\/biospringer\",\"https:\\\/\\\/www.youtube.com\\\/channel\\\/UCIwlo39VHSwHryOBeg3w-rw\"]}]}<\/script>\n<!-- \/ Yoast SEO Premium plugin. -->","yoast_head_json":{"title":"Otra solicitud - Biospringer by Lesaffre","description":"Si su solicitud no est\u00e1 relacionada con las ventas, ya sea un medio de comunicaci\u00f3n, un socio, un candidato, un proveedor u otro, cont\u00e1ctenos con el siguiente formulario.","robots":{"index":"index","follow":"follow","max-snippet":"max-snippet:-1","max-image-preview":"max-image-preview:large","max-video-preview":"max-video-preview:-1"},"canonical":"https:\/\/biospringer.com\/es\/contact\/otra-solicitud\/","og_locale":"es_ES","og_type":"article","og_title":"Otra solicitud","og_description":"Si su solicitud no est\u00e1 relacionada con las ventas, ya sea un medio de comunicaci\u00f3n, un socio, un candidato, un proveedor u otro, cont\u00e1ctenos con el siguiente formulario.","og_url":"https:\/\/biospringer.com\/es\/contact\/otra-solicitud\/","og_site_name":"Biospringer","twitter_card":"summary_large_image","twitter_misc":{"Tiempo de lectura":"1 minuto"},"schema":{"@context":"https:\/\/schema.org","@graph":[{"@type":"WebPage","@id":"https:\/\/biospringer.com\/es\/contact\/otra-solicitud\/","url":"https:\/\/biospringer.com\/es\/contact\/otra-solicitud\/","name":"Otra solicitud - Biospringer by Lesaffre","isPartOf":{"@id":"https:\/\/biospringer.com\/en\/#website"},"datePublished":"2024-02-07T18:20:12+00:00","description":"Si su solicitud no est\u00e1 relacionada con las ventas, ya sea un medio de comunicaci\u00f3n, un socio, un candidato, un proveedor u otro, cont\u00e1ctenos con el siguiente formulario.","breadcrumb":{"@id":"https:\/\/biospringer.com\/es\/contact\/otra-solicitud\/#breadcrumb"},"inLanguage":"es","potentialAction":[{"@type":"ReadAction","target":["https:\/\/biospringer.com\/es\/contact\/otra-solicitud\/"]}]},{"@type":"BreadcrumbList","@id":"https:\/\/biospringer.com\/es\/contact\/otra-solicitud\/#breadcrumb","itemListElement":[{"@type":"ListItem","position":1,"name":"Accueil","item":"https:\/\/biospringer.com\/es\/"},{"@type":"ListItem","position":2,"name":"Contact","item":"https:\/\/biospringer.com\/es\/contact\/"},{"@type":"ListItem","position":3,"name":"Otra solicitud"}]},{"@type":"WebSite","@id":"https:\/\/biospringer.com\/en\/#website","url":"https:\/\/biospringer.com\/en\/","name":"Biospringer","description":"Global yeast extract producer","publisher":{"@id":"https:\/\/biospringer.com\/en\/#organization"},"potentialAction":[{"@type":"SearchAction","target":{"@type":"EntryPoint","urlTemplate":"https:\/\/biospringer.com\/en\/?s={search_term_string}"},"query-input":{"@type":"PropertyValueSpecification","valueRequired":true,"valueName":"search_term_string"}}],"inLanguage":"es"},{"@type":"Organization","@id":"https:\/\/biospringer.com\/en\/#organization","name":"Biospringer by Lesaffre","url":"https:\/\/biospringer.com\/en\/","logo":{"@type":"ImageObject","inLanguage":"es","@id":"https:\/\/biospringer.com\/en\/#\/schema\/logo\/image\/","url":"https:\/\/biospringer.com\/wp-content\/uploads\/2019\/06\/logo-Biospringer.png","contentUrl":"https:\/\/biospringer.com\/wp-content\/uploads\/2019\/06\/logo-Biospringer.png","width":400,"height":100,"caption":"Biospringer by Lesaffre"},"image":{"@id":"https:\/\/biospringer.com\/en\/#\/schema\/logo\/image\/"},"sameAs":["https:\/\/fr.linkedin.com\/company\/biospringer","https:\/\/www.youtube.com\/channel\/UCIwlo39VHSwHryOBeg3w-rw"]}]}},"_links":{"self":[{"href":"https:\/\/biospringer.com\/es\/wp-json\/wp\/v2\/pages\/38054","targetHints":{"allow":["GET"]}}],"collection":[{"href":"https:\/\/biospringer.com\/es\/wp-json\/wp\/v2\/pages"}],"about":[{"href":"https:\/\/biospringer.com\/es\/wp-json\/wp\/v2\/types\/page"}],"author":[{"embeddable":true,"href":"https:\/\/biospringer.com\/es\/wp-json\/wp\/v2\/users\/1"}],"replies":[{"embeddable":true,"href":"https:\/\/biospringer.com\/es\/wp-json\/wp\/v2\/comments?post=38054"}],"version-history":[{"count":0,"href":"https:\/\/biospringer.com\/es\/wp-json\/wp\/v2\/pages\/38054\/revisions"}],"up":[{"embeddable":true,"href":"https:\/\/biospringer.com\/es\/wp-json\/wp\/v2\/pages\/27736"}],"wp:attachment":[{"href":"https:\/\/biospringer.com\/es\/wp-json\/wp\/v2\/media?parent=38054"}],"curies":[{"name":"wp","href":"https:\/\/api.w.org\/{rel}","templated":true}]}}