{"id":27736,"date":"2013-10-16T12:05:38","date_gmt":"2013-10-16T12:05:38","guid":{"rendered":"http:\/\/biospringer.kinsta.cloud\/contact\/"},"modified":"2025-11-10T08:27:40","modified_gmt":"2025-11-10T13:27:40","slug":"contact","status":"publish","type":"page","link":"https:\/\/biospringer.com\/es\/contact\/","title":{"rendered":"Contact"},"content":{"rendered":"<div class=\"wpb-content-wrapper\"><p>[vc_row css_animation=\u00bb\u00bb row_type=\u00bbrow\u00bb use_row_as_full_screen_section=\u00bbyes\u00bb type=\u00bbgrid\u00bb angled_section=\u00bbno\u00bb text_align=\u00bbleft\u00bb background_image_as_pattern=\u00bbwithout_pattern\u00bb padding_top=\u00bb60&#8243; padding_bottom=\u00bb60&#8243; css=\u00bb.vc_custom_1662544682339{padding-top: 35px !important;padding-bottom: 15px !important;}\u00bb z_index=\u00bb\u00bb el_class=\u00bbnoPadding\u00bb][vc_column][vc_column_text css=\u00bb\u00bb]<\/p>\n<h2 style=\"text-align: center;\"><span style=\"color: #720000;\">Cont\u00e1ctenos<\/span><\/h2>\n<p>[\/vc_column_text][vc_separator type=\u00bbtransparent\u00bb up=\u00bb15&#8243; down=\u00bb15&#8243;][vc_column_text]<\/p>\n<p style=\"text-align: center;\">Somos un productor mundial de extractos de levadura que trabaja junto a sus clientes para crear ingredientes innovadores y naturales a partir de la fermentaci\u00f3n de la levadura. Estos ingredientes hacen que los alimentos sean m\u00e1s sabrosos y saludables. Somos una unidad de negocio de <a href=\"https:\/\/www.lesaffre.com\/\" target=\"_blank\" rel=\"noopener\">Lesaffre<\/a>.<\/p>\n<p>&nbsp;<\/p>\n<p style=\"text-align: center;\">Si usted es una empresa de biotecnolog\u00eda que busca una l\u00ednea de nutrientes de fermentaci\u00f3n y desea mejorar el crecimiento bacteriano y la productividad de las c\u00e9lulas de microorganismos y animales, haga clic aqu\u00ed para ponerse en contacto con <a href=\"https:\/\/procelys.com\/procelys-contact\/\" target=\"_blank\" rel=\"noopener\">Procelys by Lesaffre.<\/a><\/p>\n<p>[\/vc_column_text][\/vc_column][\/vc_row][vc_row css_animation=\u00bb\u00bb row_type=\u00bbrow\u00bb use_row_as_full_screen_section=\u00bbyes\u00bb type=\u00bbgrid\u00bb angled_section=\u00bbno\u00bb text_align=\u00bbcenter\u00bb background_image_as_pattern=\u00bbwithout_pattern\u00bb z_index=\u00bb\u00bb el_class=\u00bbnoPadding\u00bb css=\u00bb.vc_custom_1762706622372{padding-bottom: 3% !important;}\u00bb][vc_column width=\u00bb1\/3&#8243; css=\u00bb.vc_custom_1762707712906{padding-top: 20px !important;padding-right: 15px !important;padding-bottom: 20px !important;padding-left: 15px !important;}\u00bb el_class=\u00bbnoPadding\u00bb][vc_row_inner row_type=\u00bbrow\u00bb type=\u00bbfull_width\u00bb text_align=\u00bbcenter\u00bb side_padding=\u00bbnopadding\u00bb css_animation=\u00bb\u00bb css=\u00bb.vc_custom_1762705742654{padding-right: 20px !important;padding-left: 20px !important;}\u00bb el_class=\u00bbbloc_border\u00bb][vc_column_inner el_class=\u00bbbloc_border\u00bb css=\u00bb.vc_custom_1762764641981{padding-top: 0px !important;padding-right: 0px !important;padding-left: 0px !important;background-color: #FF9A00 !important;}\u00bb][vc_single_image image=\u00bb50575&#8243; img_size=\u00bb75&#215;75&#8243; alignment=\u00bbcenter\u00bb css=\u00bb\u00bb qode_css_animation=\u00bb\u00bb][vc_column_text css=\u00bb.vc_custom_1762780817167{padding-top: 5% !important;padding-right: 5% !important;padding-bottom: 15% !important;padding-left: 5% !important;}\u00bb]<\/p>\n<h3 style=\"text-align: center;\"><span style=\"color: #720000;\"><strong>\u00bfDesea ponerse en contacto con nuestro equipo de ventas?<\/strong><\/span><\/h3>\n<p>&nbsp;<\/p>\n<p style=\"text-align: center;\"><span style=\"color: #720000;\">Nuestros equipos de ventas en todo el mundo est\u00e1n a su servicio para responder a cualquier pregunta que pueda tener sobre nuestros productos y servicios de formulaci\u00f3n.<\/span><\/p>\n<p>[\/vc_column_text][vc_raw_html css=\u00bb\u00bb]JTNDZGl2JTIwY2xhc3MlM0QlMjJsb3ZlcnMtYnRuLXdyYXAlMjIlM0UlMEElMjAlMjAlM0NhJTIwaHJlZiUzRCUyMiUyRmVzJTJGY29udGFjdCUyRnNvbGljaXR1ZC1kZS12ZW50YSUyRiUyMiUyMGNsYXNzJTNEJTIybG92ZXJzLWJ0bi1jaG9jbyUyMiUzRSUwQSUyMCUyMCUyMCUyMENPTlRBQ1RPJTBBJTIwJTIwJTNDJTJGYSUzRSUwQSUzQyUyRmRpdiUzRSUwQQ==[\/vc_raw_html][vc_separator type=\u00bbtransparent\u00bb][\/vc_column_inner][\/vc_row_inner][\/vc_column][vc_column width=\u00bb1\/3&#8243; css=\u00bb.vc_custom_1762707591393{padding-top: 20px !important;padding-right: 15px !important;padding-bottom: 20px !important;padding-left: 15px !important;}\u00bb el_class=\u00bbnoPadding bloc_border\u00bb][vc_row_inner row_type=\u00bbrow\u00bb type=\u00bbfull_width\u00bb text_align=\u00bbcenter\u00bb side_padding=\u00bbnopadding\u00bb css_animation=\u00bb\u00bb css=\u00bb.vc_custom_1762707741996{padding-right: 20px !important;padding-left: 20px !important;}\u00bb][vc_column_inner el_class=\u00bbbloc_border\u00bb css=\u00bb.vc_custom_1762764646338{padding-top: 0px !important;padding-right: 0px !important;padding-left: 0px !important;background-color: #EFB586 !important;}\u00bb][vc_single_image image=\u00bb50581&#8243; img_size=\u00bb75&#215;75&#8243; alignment=\u00bbcenter\u00bb css=\u00bb\u00bb qode_css_animation=\u00bb\u00bb][vc_column_text css=\u00bb.vc_custom_1762780848786{padding-top: 5% !important;padding-right: 5% !important;padding-bottom: 10% !important;padding-left: 5% !important;}\u00bb]<\/p>\n<h3 style=\"text-align: center;\"><span style=\"color: #720000;\"><strong>\u00bfQuieres unirte a nosotros?<\/strong><\/span><\/h3>\n<p>&nbsp;<\/p>\n<p style=\"text-align: center;\"><span style=\"color: #720000;\">Biospringer by Lesaffre es una empresa con grandes oportunidades de crecimiento profesional y personal. Consulte nuestras oportunidades actuales o env\u00edenos su curr\u00edculum. Estudiaremos detenidamente tu candidatura.<\/span><\/p>\n<p>[\/vc_column_text][vc_separator type=\u00bbtransparent\u00bb][vc_raw_html css=\u00bb\u00bb]JTNDZGl2JTIwY2xhc3MlM0QlMjJsb3ZlcnMtYnRuLXdyYXAlMjIlM0UlMEElMjAlMjAlM0NhJTIwaHJlZiUzRCUyMiUyRmVzJTJGY2FycmVyYS1wcm9mZXNpb25hbCUyRiUyMiUyMGNsYXNzJTNEJTIybG92ZXJzLWJ0bi1jaG9jbyUyMiUzRSUwQSUyMCUyMCUyMCUyMCVDMyU5QU5FVEUlMjBBJTIwTk9TT1RST1MlMEElMjAlMjAlM0MlMkZhJTNFJTBBJTNDJTJGZGl2JTNFJTBB[\/vc_raw_html][vc_separator type=\u00bbtransparent\u00bb][\/vc_column_inner][\/vc_row_inner][\/vc_column][vc_column width=\u00bb1\/3&#8243; css=\u00bb.vc_custom_1762707747543{padding-top: 20px !important;padding-right: 15px !important;padding-bottom: 20px !important;padding-left: 15px !important;}\u00bb el_class=\u00bbnoPadding\u00bb][vc_row_inner row_type=\u00bbrow\u00bb type=\u00bbfull_width\u00bb text_align=\u00bbcenter\u00bb side_padding=\u00bbnopadding\u00bb css_animation=\u00bb\u00bb css=\u00bb.vc_custom_1762705857269{padding-right: 20px !important;padding-left: 20px !important;}\u00bb el_class=\u00bbbloc_border\u00bb][vc_column_inner el_class=\u00bbbloc_border\u00bb css=\u00bb.vc_custom_1762764650827{padding-top: 0px !important;padding-right: 0px !important;padding-left: 0px !important;background-color: #FFE7AC !important;}\u00bb][vc_single_image image=\u00bb50587&#8243; img_size=\u00bb75&#215;75&#8243; alignment=\u00bbcenter\u00bb css=\u00bb\u00bb qode_css_animation=\u00bb\u00bb][vc_column_text css=\u00bb.vc_custom_1762780865928{padding-top: 5% !important;padding-right: 5% !important;padding-bottom: 15% !important;padding-left: 5% !important;}\u00bb]<\/p>\n<h3 style=\"text-align: center;\"><span style=\"color: #720000;\"><strong>\u00bfTiene una pregunta espec\u00edfica?<\/strong><\/span><\/h3>\n<p>&nbsp;<\/p>\n<p style=\"text-align: center;\"><span style=\"color: #720000;\">Utilice nuestro formulario general si su consulta no est\u00e1 relacionada con una empresa o solicitud de empleo. Estaremos encantados de dirigirle al departamento adecuado en la regi\u00f3n adecuada.<\/span><\/p>\n<p>[\/vc_column_text][vc_separator type=\u00bbtransparent\u00bb][vc_raw_html css=\u00bb\u00bb]JTNDZGl2JTIwY2xhc3MlM0QlMjJsb3ZlcnMtYnRuLXdyYXAlMjIlM0UlMEElMjAlMjAlM0NhJTIwaHJlZiUzRCUyMiUyRmVzJTJGY29udGFjdCUyRm90cmEtc29saWNpdHVkJTJGJTIyJTIwY2xhc3MlM0QlMjJsb3ZlcnMtYnRuLWNob2NvJTIyJTNFJTBBJTIwJTIwJTIwJTIwQ09OVEFDVE8lMEElMjAlMjAlM0MlMkZhJTNFJTBBJTNDJTJGZGl2JTNFJTBB[\/vc_raw_html][vc_separator type=\u00bbtransparent\u00bb down=\u00bb20&#8243;][\/vc_column_inner][\/vc_row_inner][\/vc_column][\/vc_row]<\/p>\n<\/div>","protected":false},"excerpt":{"rendered":"<p>[vc_row css_animation=\u00bb\u00bb row_type=\u00bbrow\u00bb use_row_as_full_screen_section=\u00bbyes\u00bb type=\u00bbgrid\u00bb angled_section=\u00bbno\u00bb text_align=\u00bbleft\u00bb background_image_as_pattern=\u00bbwithout_pattern\u00bb padding_top=\u00bb60&#8243; padding_bottom=\u00bb60&#8243; css=\u00bb.vc_custom_1662544682339{padding-top: 35px !important;padding-bottom: 15px !important;}\u00bb z_index=\u00bb\u00bb el_class=\u00bbnoPadding\u00bb][vc_column][vc_column_text css=\u00bb\u00bb] Cont\u00e1ctenos [\/vc_column_text][vc_separator type=\u00bbtransparent\u00bb up=\u00bb15&#8243; down=\u00bb15&#8243;][vc_column_text] Somos un productor mundial de extractos de levadura que trabaja junto a sus clientes para crear ingredientes innovadores y naturales a partir&#8230;<\/p>\n","protected":false},"author":1,"featured_media":0,"parent":0,"menu_order":0,"comment_status":"closed","ping_status":"closed","template":"full_width.php","meta":{"_acf_changed":false,"inline_featured_image":false,"footnotes":""},"class_list":["post-27736","page","type-page","status-publish","hentry"],"acf":[],"yoast_head":"<!-- This site is optimized with the Yoast SEO Premium plugin v26.1 (Yoast SEO v27.4) - https:\/\/yoast.com\/product\/yoast-seo-premium-wordpress\/ -->\n<title>Contact Biospringer&#039;s teams<\/title>\n<meta name=\"description\" content=\"Contact Biospringer&#039;s teams, we will answer to your request as soon as possible.\" \/>\n<meta name=\"robots\" content=\"index, follow, max-snippet:-1, max-image-preview:large, max-video-preview:-1\" \/>\n<link rel=\"canonical\" href=\"https:\/\/biospringer.com\/es\/contact\/\" \/>\n<meta property=\"og:locale\" content=\"es_ES\" \/>\n<meta property=\"og:type\" content=\"article\" \/>\n<meta property=\"og:title\" content=\"Contact\" \/>\n<meta property=\"og:description\" content=\"Contact Biospringer&#039;s teams, we will answer to your request as soon as possible.\" \/>\n<meta property=\"og:url\" content=\"https:\/\/biospringer.com\/es\/contact\/\" \/>\n<meta property=\"og:site_name\" content=\"Biospringer\" \/>\n<meta property=\"article:modified_time\" content=\"2025-11-10T13:27:40+00:00\" \/>\n<meta name=\"twitter:card\" content=\"summary_large_image\" \/>\n<meta name=\"twitter:label1\" content=\"Tiempo de lectura\" \/>\n\t<meta name=\"twitter:data1\" content=\"3 minutos\" \/>\n<script type=\"application\/ld+json\" class=\"yoast-schema-graph\">{\"@context\":\"https:\\\/\\\/schema.org\",\"@graph\":[{\"@type\":\"WebPage\",\"@id\":\"https:\\\/\\\/biospringer.com\\\/es\\\/contact\\\/\",\"url\":\"https:\\\/\\\/biospringer.com\\\/es\\\/contact\\\/\",\"name\":\"Contact Biospringer's teams\",\"isPartOf\":{\"@id\":\"https:\\\/\\\/biospringer.com\\\/en\\\/#website\"},\"datePublished\":\"2013-10-16T12:05:38+00:00\",\"dateModified\":\"2025-11-10T13:27:40+00:00\",\"description\":\"Contact Biospringer's teams, we will answer to your request as soon as possible.\",\"breadcrumb\":{\"@id\":\"https:\\\/\\\/biospringer.com\\\/es\\\/contact\\\/#breadcrumb\"},\"inLanguage\":\"es\",\"potentialAction\":[{\"@type\":\"ReadAction\",\"target\":[\"https:\\\/\\\/biospringer.com\\\/es\\\/contact\\\/\"]}]},{\"@type\":\"BreadcrumbList\",\"@id\":\"https:\\\/\\\/biospringer.com\\\/es\\\/contact\\\/#breadcrumb\",\"itemListElement\":[{\"@type\":\"ListItem\",\"position\":1,\"name\":\"Accueil\",\"item\":\"https:\\\/\\\/biospringer.com\\\/es\\\/\"},{\"@type\":\"ListItem\",\"position\":2,\"name\":\"Contact\"}]},{\"@type\":\"WebSite\",\"@id\":\"https:\\\/\\\/biospringer.com\\\/en\\\/#website\",\"url\":\"https:\\\/\\\/biospringer.com\\\/en\\\/\",\"name\":\"Biospringer\",\"description\":\"Global yeast extract producer\",\"publisher\":{\"@id\":\"https:\\\/\\\/biospringer.com\\\/en\\\/#organization\"},\"potentialAction\":[{\"@type\":\"SearchAction\",\"target\":{\"@type\":\"EntryPoint\",\"urlTemplate\":\"https:\\\/\\\/biospringer.com\\\/en\\\/?s={search_term_string}\"},\"query-input\":{\"@type\":\"PropertyValueSpecification\",\"valueRequired\":true,\"valueName\":\"search_term_string\"}}],\"inLanguage\":\"es\"},{\"@type\":\"Organization\",\"@id\":\"https:\\\/\\\/biospringer.com\\\/en\\\/#organization\",\"name\":\"Biospringer by Lesaffre\",\"url\":\"https:\\\/\\\/biospringer.com\\\/en\\\/\",\"logo\":{\"@type\":\"ImageObject\",\"inLanguage\":\"es\",\"@id\":\"https:\\\/\\\/biospringer.com\\\/en\\\/#\\\/schema\\\/logo\\\/image\\\/\",\"url\":\"https:\\\/\\\/biospringer.com\\\/wp-content\\\/uploads\\\/2019\\\/06\\\/logo-Biospringer.png\",\"contentUrl\":\"https:\\\/\\\/biospringer.com\\\/wp-content\\\/uploads\\\/2019\\\/06\\\/logo-Biospringer.png\",\"width\":400,\"height\":100,\"caption\":\"Biospringer by Lesaffre\"},\"image\":{\"@id\":\"https:\\\/\\\/biospringer.com\\\/en\\\/#\\\/schema\\\/logo\\\/image\\\/\"},\"sameAs\":[\"https:\\\/\\\/fr.linkedin.com\\\/company\\\/biospringer\",\"https:\\\/\\\/www.youtube.com\\\/channel\\\/UCIwlo39VHSwHryOBeg3w-rw\"]}]}<\/script>\n<!-- \/ Yoast SEO Premium plugin. -->","yoast_head_json":{"title":"Contact Biospringer's teams","description":"Contact Biospringer's teams, we will answer to your request as soon as possible.","robots":{"index":"index","follow":"follow","max-snippet":"max-snippet:-1","max-image-preview":"max-image-preview:large","max-video-preview":"max-video-preview:-1"},"canonical":"https:\/\/biospringer.com\/es\/contact\/","og_locale":"es_ES","og_type":"article","og_title":"Contact","og_description":"Contact Biospringer's teams, we will answer to your request as soon as possible.","og_url":"https:\/\/biospringer.com\/es\/contact\/","og_site_name":"Biospringer","article_modified_time":"2025-11-10T13:27:40+00:00","twitter_card":"summary_large_image","twitter_misc":{"Tiempo de lectura":"3 minutos"},"schema":{"@context":"https:\/\/schema.org","@graph":[{"@type":"WebPage","@id":"https:\/\/biospringer.com\/es\/contact\/","url":"https:\/\/biospringer.com\/es\/contact\/","name":"Contact Biospringer's teams","isPartOf":{"@id":"https:\/\/biospringer.com\/en\/#website"},"datePublished":"2013-10-16T12:05:38+00:00","dateModified":"2025-11-10T13:27:40+00:00","description":"Contact Biospringer's teams, we will answer to your request as soon as possible.","breadcrumb":{"@id":"https:\/\/biospringer.com\/es\/contact\/#breadcrumb"},"inLanguage":"es","potentialAction":[{"@type":"ReadAction","target":["https:\/\/biospringer.com\/es\/contact\/"]}]},{"@type":"BreadcrumbList","@id":"https:\/\/biospringer.com\/es\/contact\/#breadcrumb","itemListElement":[{"@type":"ListItem","position":1,"name":"Accueil","item":"https:\/\/biospringer.com\/es\/"},{"@type":"ListItem","position":2,"name":"Contact"}]},{"@type":"WebSite","@id":"https:\/\/biospringer.com\/en\/#website","url":"https:\/\/biospringer.com\/en\/","name":"Biospringer","description":"Global yeast extract producer","publisher":{"@id":"https:\/\/biospringer.com\/en\/#organization"},"potentialAction":[{"@type":"SearchAction","target":{"@type":"EntryPoint","urlTemplate":"https:\/\/biospringer.com\/en\/?s={search_term_string}"},"query-input":{"@type":"PropertyValueSpecification","valueRequired":true,"valueName":"search_term_string"}}],"inLanguage":"es"},{"@type":"Organization","@id":"https:\/\/biospringer.com\/en\/#organization","name":"Biospringer by Lesaffre","url":"https:\/\/biospringer.com\/en\/","logo":{"@type":"ImageObject","inLanguage":"es","@id":"https:\/\/biospringer.com\/en\/#\/schema\/logo\/image\/","url":"https:\/\/biospringer.com\/wp-content\/uploads\/2019\/06\/logo-Biospringer.png","contentUrl":"https:\/\/biospringer.com\/wp-content\/uploads\/2019\/06\/logo-Biospringer.png","width":400,"height":100,"caption":"Biospringer by Lesaffre"},"image":{"@id":"https:\/\/biospringer.com\/en\/#\/schema\/logo\/image\/"},"sameAs":["https:\/\/fr.linkedin.com\/company\/biospringer","https:\/\/www.youtube.com\/channel\/UCIwlo39VHSwHryOBeg3w-rw"]}]}},"_links":{"self":[{"href":"https:\/\/biospringer.com\/es\/wp-json\/wp\/v2\/pages\/27736","targetHints":{"allow":["GET"]}}],"collection":[{"href":"https:\/\/biospringer.com\/es\/wp-json\/wp\/v2\/pages"}],"about":[{"href":"https:\/\/biospringer.com\/es\/wp-json\/wp\/v2\/types\/page"}],"author":[{"embeddable":true,"href":"https:\/\/biospringer.com\/es\/wp-json\/wp\/v2\/users\/1"}],"replies":[{"embeddable":true,"href":"https:\/\/biospringer.com\/es\/wp-json\/wp\/v2\/comments?post=27736"}],"version-history":[{"count":0,"href":"https:\/\/biospringer.com\/es\/wp-json\/wp\/v2\/pages\/27736\/revisions"}],"wp:attachment":[{"href":"https:\/\/biospringer.com\/es\/wp-json\/wp\/v2\/media?parent=27736"}],"curies":[{"name":"wp","href":"https:\/\/api.w.org\/{rel}","templated":true}]}}