{"id":26392,"date":"2018-06-12T02:59:14","date_gmt":"2018-06-12T06:59:14","guid":{"rendered":"http:\/\/biospringer.kinsta.cloud\/yeast-extract\/production-process\/"},"modified":"2026-02-20T04:03:29","modified_gmt":"2026-02-20T09:03:29","slug":"proceso-de-produccion","status":"publish","type":"page","link":"https:\/\/biospringer.com\/es\/proceso-de-produccion\/","title":{"rendered":"Proceso de producci\u00f3n"},"content":{"rendered":"<div class=\"wpb-content-wrapper\"><p>[vc_row css_animation=\u00bb\u00bb row_type=\u00bbrow\u00bb use_row_as_full_screen_section=\u00bbno\u00bb type=\u00bbgrid\u00bb angled_section=\u00bbno\u00bb text_align=\u00bbcenter\u00bb background_image_as_pattern=\u00bbwithout_pattern\u00bb z_index=\u00bb\u00bb][vc_column css=\u00bb.vc_custom_1462809083421{padding-top: 87px !important; padding-bottom: 56px !important;}\u00bb][vc_column_text]<\/p>\n<h2 style=\"text-align: center;\">La experiencia de Biospringer al servicio del sabor<\/h2>\n<p>[vc_separator type=&#8217;transparent&#8217; position=&#8217;center&#8217; color=\u00bb thickness=\u00bb up=&#8217;15&#8217; down=&#8217;15&#8217;]<\/p>\n<p style=\"text-align: center;\">Con los a\u00f1os Biospringer ha utilizado su amplio conocimiento en la selecci\u00f3n de cepas, los procesos y la experiencia del sabor, para desarrollar una extensa oferta de perfiles arom\u00e1ticos que seduzcan a los consumidores.<\/p>\n<p>&nbsp;<\/p>\n<p style=\"text-align: center;\">Biospringer se compromete en enfocarse fuertemente en la innovaci\u00f3n, por lo cual utiliza una tecnolog\u00eda de vanguardia. Biospringer ofrece soluciones y servicios para ayudarle a desarrollar alimentos m\u00e1s arom\u00e1ticos, m\u00e1s saludables y m\u00e1s equilibrados.<\/p>\n<p>[\/vc_column_text][vc_separator type=\u00bbsmall\u00bb position=\u00bbcenter\u00bb up=\u00bb15&#8243;][\/vc_column][\/vc_row][vc_row css_animation=\u00bbelement_from_left\u00bb row_type=\u00bbrow\u00bb use_row_as_full_screen_section=\u00bbyes\u00bb type=\u00bbgrid\u00bb angled_section=\u00bbno\u00bb text_align=\u00bbleft\u00bb background_image_as_pattern=\u00bbwithout_pattern\u00bb el_class=\u00bbpaddingOn\u00bb z_index=\u00bb\u00bb css=\u00bb.vc_custom_1528787403016{background-color: #e2e2e2 !important;}\u00bb][vc_column][vc_column_text]<\/p>\n<h3 style=\"text-align: center;\">\u00bfC\u00f3mo se hace el extracto de levadura?<\/h3>\n<p>[\/vc_column_text][vc_separator type=\u00bbtransparent\u00bb up=\u00bb20&#8243;][vc_column_text]La levadura es un hongo unicelular microsc\u00f3pico que ha vivido en la tierra desde hace millones de a\u00f1os. Al igual que cualquier otra c\u00e9lula, la levadura est\u00e1 compuesta de prote\u00ednas, amino\u00e1cidos, vitaminas y minerales agrupados dentro de las paredes celulares. El extracto de levadura es el contenido de la levadura sin la pared celular, de modo que es un ingrediente de origen natural. Su producci\u00f3n consta con las etapas siguientes:<\/p>\n<ol>\n<li>La fermentaci\u00f3n<\/li>\n<li>La ruptura<\/li>\n<li>La separaci\u00f3n<\/li>\n<li>El empaque<\/li>\n<\/ol>\n<p>[\/vc_column_text][\/vc_column][\/vc_row][vc_row css_animation=\u00bb\u00bb row_type=\u00bbrow\u00bb use_row_as_full_screen_section=\u00bbyes\u00bb type=\u00bbgrid\u00bb angled_section=\u00bbno\u00bb text_align=\u00bbleft\u00bb background_image_as_pattern=\u00bbwithout_pattern\u00bb el_class=\u00bbpaddingOn\u00bb z_index=\u00bb\u00bb][vc_column]<div class=\"qode-workflow  qode-workflow-animate\">\n    <span class=\"main-line\" style=\"background-color:#dd9933;\"><\/span>\n    <div class=\"qode-workflow-item\">\n    <span class=\"line\" style=\"background-color:#dd9933;\"><\/span>\n    <div class=\"qode-workflow-item-inner reverse\">\n        <div class=\"qode-workflow-image left\">\n            <img loading=\"lazy\" decoding=\"async\" width=\"800\" height=\"672\" src=\"https:\/\/biospringer.com\/wp-content\/uploads\/2018\/09\/Fermentation-e1552050995817.jpg\" class=\"attachment-full size-full\" alt=\"Yeast fermentation process\" srcset=\"https:\/\/biospringer.com\/wp-content\/uploads\/2018\/09\/Fermentation-e1552050995817.jpg 800w, https:\/\/biospringer.com\/wp-content\/uploads\/2018\/09\/Fermentation-e1552050995817-300x252.jpg 300w, https:\/\/biospringer.com\/wp-content\/uploads\/2018\/09\/Fermentation-e1552050995817-768x645.jpg 768w, https:\/\/biospringer.com\/wp-content\/uploads\/2018\/09\/Fermentation-e1552050995817-700x588.jpg 700w\" sizes=\"auto, (max-width: 800px) 100vw, 800px\" \/>        <\/div>\n        <div class=\"qode-workflow-text\">\n            <span class=\"circle\" style=\"border-color:#dd9933;background-color:#dd9933;\"><\/span>\n                            <h3>La fermentaci\u00f3n<\/h3>\n                                        <h6 class=\"qode-workflow-subtitle\">Etapa 1<\/h6>\n                                        <p class=\"text\">En primer lugar, se selecciona la cepa de la levadura adaptada al uso final del cliente. Esta cepa crece, siendo alimentada por una fuente de az\u00facar. Para optimizar la velocidad de crecimiento de la levadura, se siguen de cerca los niveles de ox\u00edgeno y la temperatura. El resultado de la fermentaci\u00f3n se denomina \u201ccrema de levadura\u201d.<\/p>\n                    <\/div>\n    <\/div>\n<\/div><div class=\"qode-workflow-item\">\n    <span class=\"line\" style=\"background-color:#dd9933;\"><\/span>\n    <div class=\"qode-workflow-item-inner \">\n        <div class=\"qode-workflow-image right\">\n            <img loading=\"lazy\" decoding=\"async\" width=\"800\" height=\"668\" src=\"https:\/\/biospringer.com\/wp-content\/uploads\/2018\/09\/Autolysis-e1552050236445.jpg\" class=\"attachment-full size-full\" alt=\"Yeast separation\" srcset=\"https:\/\/biospringer.com\/wp-content\/uploads\/2018\/09\/Autolysis-e1552050236445.jpg 800w, https:\/\/biospringer.com\/wp-content\/uploads\/2018\/09\/Autolysis-e1552050236445-300x251.jpg 300w, https:\/\/biospringer.com\/wp-content\/uploads\/2018\/09\/Autolysis-e1552050236445-768x641.jpg 768w, https:\/\/biospringer.com\/wp-content\/uploads\/2018\/09\/Autolysis-e1552050236445-700x585.jpg 700w\" sizes=\"auto, (max-width: 800px) 100vw, 800px\" \/>        <\/div>\n        <div class=\"qode-workflow-text\">\n            <span class=\"circle\" style=\"border-color:#dd9933;background-color:#dd9933;\"><\/span>\n                            <h3>La ruptura<\/h3>\n                                        <h6 class=\"qode-workflow-subtitle\">Etapa 2<\/h6>\n                                        <p class=\"text\">El objetivo de la etapa de ruptura es solubilizar el contenido de las c\u00e9lulas de levadura. Para esto, primero se enfr\u00eda la crema de levadura, para detener la multiplicaci\u00f3n de la poblaci\u00f3n de levaduras. Luego se introduce en unos grandes tanques a una temperatura de 45 a 55\u00b0C. Durante este proceso t\u00e9rmico, las enzimas presentes en la levadura de manera natural, rompen las paredes de las c\u00e9lulas. Despu\u00e9s, las macromol\u00e9culas de la c\u00e9lula se dividen en mol\u00e9culas m\u00e1s peque\u00f1as, obteniendo los siguientes componentes \u00absabrosos\u00bb: partes de prote\u00ednas: p\u00e9ptidos, amino\u00e1cidos libres2 tales como \u00e1cido glut\u00e1mico, \u00c1cido nucleico: \u00e1cido ribonucleico (ARN), oligonucle\u00f3tidos, nucle\u00f3tidos (IMP-GMP...), Polisac\u00e1ridos: az\u00facares, m\u00e1nanos y glucanos. Es necesario supervisar el corte que es \u00abla lisis\u00bb para obtener estos \u00absabrosos\u00bb componentes en una proporci\u00f3n adecuada. Cada par\u00e1metro de esta etapa (temperatura, y tambi\u00e9n pH) es crucial e influye en las propiedades finales del extracto de levadura.<\/p>\n                    <\/div>\n    <\/div>\n<\/div><div class=\"qode-workflow-item\">\n    <span class=\"line\" style=\"background-color:#dd9933;\"><\/span>\n    <div class=\"qode-workflow-item-inner reverse\">\n        <div class=\"qode-workflow-image left\">\n            <img loading=\"lazy\" decoding=\"async\" width=\"708\" height=\"670\" src=\"https:\/\/biospringer.com\/wp-content\/uploads\/2018\/09\/sepration-e1552052274108.jpg\" class=\"attachment-full size-full\" alt=\"\" srcset=\"https:\/\/biospringer.com\/wp-content\/uploads\/2018\/09\/sepration-e1552052274108.jpg 708w, https:\/\/biospringer.com\/wp-content\/uploads\/2018\/09\/sepration-e1552052274108-300x284.jpg 300w, https:\/\/biospringer.com\/wp-content\/uploads\/2018\/09\/sepration-e1552052274108-700x662.jpg 700w\" sizes=\"auto, (max-width: 708px) 100vw, 708px\" \/>        <\/div>\n        <div class=\"qode-workflow-text\">\n            <span class=\"circle\" style=\"border-color:#dd9933;background-color:#dd9933;\"><\/span>\n                            <h3>La separaci\u00f3n<\/h3>\n                                        <h6 class=\"qode-workflow-subtitle\">Etapa 3<\/h6>\n                                        <p class=\"text\">Luego, los componentes \u00absabrosos\u00bb se separan de las paredes de las c\u00e9lulas mediante un proceso de centrifugado y lavado. Desde este instante, la crema de levadura se convierte en extracto de levadura y preserva la mayor parte de los nutrientes iniciales de la levadura. Siguiendo esto, el extracto de levadura se concentra mediante una ligera evaporaci\u00f3n, para obtener un extracto de levadura soluble y l\u00edquido. Seg\u00fan las necesidades de los clientes, Biospringer ha desarrollado tecnolog\u00edas avanzadas para ofrecer distintas formas de extracto de levadura, preservando todos sus beneficios y propiedades organol\u00e9pticas. Los extractos de levadura Biospringer pueden adquirirse en tres formas que son l\u00edquido, pasta y polvo.<\/p>\n                    <\/div>\n    <\/div>\n<\/div><div class=\"qode-workflow-item\">\n    <span class=\"line\" style=\"background-color:#dd9933;\"><\/span>\n    <div class=\"qode-workflow-item-inner \">\n        <div class=\"qode-workflow-image right\">\n            <img loading=\"lazy\" decoding=\"async\" width=\"800\" height=\"672\" src=\"https:\/\/biospringer.com\/wp-content\/uploads\/2018\/09\/Process-e1552051112174.jpg\" class=\"attachment-full size-full\" alt=\"\" srcset=\"https:\/\/biospringer.com\/wp-content\/uploads\/2018\/09\/Process-e1552051112174.jpg 800w, https:\/\/biospringer.com\/wp-content\/uploads\/2018\/09\/Process-e1552051112174-300x252.jpg 300w, https:\/\/biospringer.com\/wp-content\/uploads\/2018\/09\/Process-e1552051112174-768x645.jpg 768w, https:\/\/biospringer.com\/wp-content\/uploads\/2018\/09\/Process-e1552051112174-700x588.jpg 700w\" sizes=\"auto, (max-width: 800px) 100vw, 800px\" \/>        <\/div>\n        <div class=\"qode-workflow-text\">\n            <span class=\"circle\" style=\"border-color:#dd9933;background-color:#dd9933;\"><\/span>\n                            <h3>El empaque<\/h3>\n                                        <h6 class=\"qode-workflow-subtitle\">Etapa 4<\/h6>\n                                        <p class=\"text\">Bas\u00e1ndose en las necesidades del cliente, Biospringer ha desarrollado tecnolog\u00edas avanzadas para ofrecer diferentes formas de extracto de levadura a la vez que conserva todas sus propiedades y beneficios organol\u00e9pticos. Los extractos de levadura de Biospringer se pueden comprar en tres formas: l\u00edquido, pasta, polvo. La evaporaci\u00f3n, la concentraci\u00f3n y el secado por aspersi\u00f3n son pasos adicionales para preparar las formas comerciales de extracto de levadura solicitadas.<\/p>\n                    <\/div>\n    <\/div>\n<\/div><\/div>[\/vc_column][\/vc_row][vc_row css_animation=\u00bb\u00bb row_type=\u00bbrow\u00bb use_row_as_full_screen_section=\u00bbno\u00bb type=\u00bbfull_width\u00bb angled_section=\u00bbno\u00bb text_align=\u00bbleft\u00bb background_image_as_pattern=\u00bbwithout_pattern\u00bb z_index=\u00bb\u00bb][vc_column][vc_row_inner row_type=\u00bbrow\u00bb type=\u00bbgrid\u00bb text_align=\u00bbcenter\u00bb css_animation=\u00bbelement_from_fade\u00bb][vc_column_inner][vc_column_text]<\/p>\n<h4 style=\"text-align: center;\">\u00bfQuieres saber m\u00e1s sobre nuestra experiencia en extracto de levadura?<\/h4>\n<p>[\/vc_column_text][vc_separator type=\u00bbtransparent\u00bb up=\u00bb10&#8243; down=\u00bb10&#8243;][vc_raw_html css=\u00bb\u00bb]JTNDZGl2JTIwY2xhc3MlM0QlMjJsb3ZlcnMtYnRuLXdyYXAlMjIlM0UlMEElMjAlMjAlM0NhJTIwaHJlZiUzRCUyMiUyRmVzJTJGY29udGFjdG8lMkYlMjIlMjBjbGFzcyUzRCUyMmxvdmVycy1idG4lMjIlM0UlMEElMjAlMjAlMjAlMjBDb250JUMzJUExY3Rhbm9zJTBBJTIwJTIwJTNDJTJGYSUzRSUwQSUzQyUyRmRpdiUzRQ==[\/vc_raw_html][\/vc_column_inner][\/vc_row_inner][\/vc_column][\/vc_row]<\/p>\n<\/div>","protected":false},"excerpt":{"rendered":"<p>[vc_row css_animation=\u00bb\u00bb row_type=\u00bbrow\u00bb use_row_as_full_screen_section=\u00bbno\u00bb type=\u00bbgrid\u00bb angled_section=\u00bbno\u00bb text_align=\u00bbcenter\u00bb background_image_as_pattern=\u00bbwithout_pattern\u00bb z_index=\u00bb\u00bb][vc_column css=\u00bb.vc_custom_1462809083421{padding-top: 87px !important; padding-bottom: 56px !important;}\u00bb][vc_column_text] La experiencia de Biospringer al servicio del sabor [vc_separator type=&#8217;transparent&#8217; position=&#8217;center&#8217; color=\u00bb thickness=\u00bb up=&#8217;15&#8217; down=&#8217;15&#8217;] Con los a\u00f1os Biospringer ha utilizado su amplio conocimiento en la selecci\u00f3n de cepas, los&#8230;<\/p>\n","protected":false},"author":1,"featured_media":0,"parent":0,"menu_order":0,"comment_status":"closed","ping_status":"closed","template":"full_width.php","meta":{"_acf_changed":false,"inline_featured_image":false,"footnotes":""},"class_list":["post-26392","page","type-page","status-publish","hentry"],"acf":[],"yoast_head":"<!-- This site is optimized with the Yoast SEO Premium plugin v26.1 (Yoast SEO v27.3) - https:\/\/yoast.com\/product\/yoast-seo-premium-wordpress\/ -->\n<title>\u00bfC\u00f3mo se hace el extracto de levadura? | Biospringer<\/title>\n<meta name=\"description\" content=\"La levadura es un hongo unicelular microsc\u00f3pico que ha vivido en la tierra desde hace millones de a\u00f1os. Al igual que cualquier otra c\u00e9lula, la levadura est\u00e1 compuesta de prote\u00ednas, amino\u00e1cidos, vitaminas y minerales agrupados dentro de las paredes celulares.\" \/>\n<meta name=\"robots\" content=\"index, follow, max-snippet:-1, max-image-preview:large, max-video-preview:-1\" \/>\n<link rel=\"canonical\" href=\"https:\/\/biospringer.com\/es\/proceso-de-produccion\/\" \/>\n<meta property=\"og:locale\" content=\"es_ES\" \/>\n<meta property=\"og:type\" content=\"article\" \/>\n<meta property=\"og:title\" content=\"Proceso de producci\u00f3n\" \/>\n<meta property=\"og:description\" content=\"La levadura es un hongo unicelular microsc\u00f3pico que ha vivido en la tierra desde hace millones de a\u00f1os. Al igual que cualquier otra c\u00e9lula, la levadura est\u00e1 compuesta de prote\u00ednas, amino\u00e1cidos, vitaminas y minerales agrupados dentro de las paredes celulares.\" \/>\n<meta property=\"og:url\" content=\"https:\/\/biospringer.com\/es\/proceso-de-produccion\/\" \/>\n<meta property=\"og:site_name\" content=\"Biospringer\" \/>\n<meta property=\"article:modified_time\" content=\"2026-02-20T09:03:29+00:00\" \/>\n<meta name=\"twitter:card\" content=\"summary_large_image\" \/>\n<meta name=\"twitter:label1\" content=\"Tiempo de lectura\" \/>\n\t<meta name=\"twitter:data1\" content=\"4 minutos\" \/>\n<script type=\"application\/ld+json\" class=\"yoast-schema-graph\">{\"@context\":\"https:\\\/\\\/schema.org\",\"@graph\":[{\"@type\":\"WebPage\",\"@id\":\"https:\\\/\\\/biospringer.com\\\/es\\\/proceso-de-produccion\\\/\",\"url\":\"https:\\\/\\\/biospringer.com\\\/es\\\/proceso-de-produccion\\\/\",\"name\":\"\u00bfC\u00f3mo se hace el extracto de levadura? | Biospringer\",\"isPartOf\":{\"@id\":\"https:\\\/\\\/biospringer.com\\\/en\\\/#website\"},\"datePublished\":\"2018-06-12T06:59:14+00:00\",\"dateModified\":\"2026-02-20T09:03:29+00:00\",\"description\":\"La levadura es un hongo unicelular microsc\u00f3pico que ha vivido en la tierra desde hace millones de a\u00f1os. Al igual que cualquier otra c\u00e9lula, la levadura est\u00e1 compuesta de prote\u00ednas, amino\u00e1cidos, vitaminas y minerales agrupados dentro de las paredes celulares.\",\"breadcrumb\":{\"@id\":\"https:\\\/\\\/biospringer.com\\\/es\\\/proceso-de-produccion\\\/#breadcrumb\"},\"inLanguage\":\"es\",\"potentialAction\":[{\"@type\":\"ReadAction\",\"target\":[\"https:\\\/\\\/biospringer.com\\\/es\\\/proceso-de-produccion\\\/\"]}]},{\"@type\":\"BreadcrumbList\",\"@id\":\"https:\\\/\\\/biospringer.com\\\/es\\\/proceso-de-produccion\\\/#breadcrumb\",\"itemListElement\":[{\"@type\":\"ListItem\",\"position\":1,\"name\":\"Accueil\",\"item\":\"https:\\\/\\\/biospringer.com\\\/es\\\/\"},{\"@type\":\"ListItem\",\"position\":2,\"name\":\"Proceso de producci\u00f3n\"}]},{\"@type\":\"WebSite\",\"@id\":\"https:\\\/\\\/biospringer.com\\\/en\\\/#website\",\"url\":\"https:\\\/\\\/biospringer.com\\\/en\\\/\",\"name\":\"Biospringer\",\"description\":\"Global yeast extract producer\",\"publisher\":{\"@id\":\"https:\\\/\\\/biospringer.com\\\/en\\\/#organization\"},\"potentialAction\":[{\"@type\":\"SearchAction\",\"target\":{\"@type\":\"EntryPoint\",\"urlTemplate\":\"https:\\\/\\\/biospringer.com\\\/en\\\/?s={search_term_string}\"},\"query-input\":{\"@type\":\"PropertyValueSpecification\",\"valueRequired\":true,\"valueName\":\"search_term_string\"}}],\"inLanguage\":\"es\"},{\"@type\":\"Organization\",\"@id\":\"https:\\\/\\\/biospringer.com\\\/en\\\/#organization\",\"name\":\"Biospringer by Lesaffre\",\"url\":\"https:\\\/\\\/biospringer.com\\\/en\\\/\",\"logo\":{\"@type\":\"ImageObject\",\"inLanguage\":\"es\",\"@id\":\"https:\\\/\\\/biospringer.com\\\/en\\\/#\\\/schema\\\/logo\\\/image\\\/\",\"url\":\"https:\\\/\\\/biospringer.com\\\/wp-content\\\/uploads\\\/2019\\\/06\\\/logo-Biospringer.png\",\"contentUrl\":\"https:\\\/\\\/biospringer.com\\\/wp-content\\\/uploads\\\/2019\\\/06\\\/logo-Biospringer.png\",\"width\":400,\"height\":100,\"caption\":\"Biospringer by Lesaffre\"},\"image\":{\"@id\":\"https:\\\/\\\/biospringer.com\\\/en\\\/#\\\/schema\\\/logo\\\/image\\\/\"},\"sameAs\":[\"https:\\\/\\\/fr.linkedin.com\\\/company\\\/biospringer\",\"https:\\\/\\\/www.youtube.com\\\/channel\\\/UCIwlo39VHSwHryOBeg3w-rw\"]}]}<\/script>\n<!-- \/ Yoast SEO Premium plugin. -->","yoast_head_json":{"title":"\u00bfC\u00f3mo se hace el extracto de levadura? | Biospringer","description":"La levadura es un hongo unicelular microsc\u00f3pico que ha vivido en la tierra desde hace millones de a\u00f1os. Al igual que cualquier otra c\u00e9lula, la levadura est\u00e1 compuesta de prote\u00ednas, amino\u00e1cidos, vitaminas y minerales agrupados dentro de las paredes celulares.","robots":{"index":"index","follow":"follow","max-snippet":"max-snippet:-1","max-image-preview":"max-image-preview:large","max-video-preview":"max-video-preview:-1"},"canonical":"https:\/\/biospringer.com\/es\/proceso-de-produccion\/","og_locale":"es_ES","og_type":"article","og_title":"Proceso de producci\u00f3n","og_description":"La levadura es un hongo unicelular microsc\u00f3pico que ha vivido en la tierra desde hace millones de a\u00f1os. Al igual que cualquier otra c\u00e9lula, la levadura est\u00e1 compuesta de prote\u00ednas, amino\u00e1cidos, vitaminas y minerales agrupados dentro de las paredes celulares.","og_url":"https:\/\/biospringer.com\/es\/proceso-de-produccion\/","og_site_name":"Biospringer","article_modified_time":"2026-02-20T09:03:29+00:00","twitter_card":"summary_large_image","twitter_misc":{"Tiempo de lectura":"4 minutos"},"schema":{"@context":"https:\/\/schema.org","@graph":[{"@type":"WebPage","@id":"https:\/\/biospringer.com\/es\/proceso-de-produccion\/","url":"https:\/\/biospringer.com\/es\/proceso-de-produccion\/","name":"\u00bfC\u00f3mo se hace el extracto de levadura? | Biospringer","isPartOf":{"@id":"https:\/\/biospringer.com\/en\/#website"},"datePublished":"2018-06-12T06:59:14+00:00","dateModified":"2026-02-20T09:03:29+00:00","description":"La levadura es un hongo unicelular microsc\u00f3pico que ha vivido en la tierra desde hace millones de a\u00f1os. Al igual que cualquier otra c\u00e9lula, la levadura est\u00e1 compuesta de prote\u00ednas, amino\u00e1cidos, vitaminas y minerales agrupados dentro de las paredes celulares.","breadcrumb":{"@id":"https:\/\/biospringer.com\/es\/proceso-de-produccion\/#breadcrumb"},"inLanguage":"es","potentialAction":[{"@type":"ReadAction","target":["https:\/\/biospringer.com\/es\/proceso-de-produccion\/"]}]},{"@type":"BreadcrumbList","@id":"https:\/\/biospringer.com\/es\/proceso-de-produccion\/#breadcrumb","itemListElement":[{"@type":"ListItem","position":1,"name":"Accueil","item":"https:\/\/biospringer.com\/es\/"},{"@type":"ListItem","position":2,"name":"Proceso de producci\u00f3n"}]},{"@type":"WebSite","@id":"https:\/\/biospringer.com\/en\/#website","url":"https:\/\/biospringer.com\/en\/","name":"Biospringer","description":"Global yeast extract producer","publisher":{"@id":"https:\/\/biospringer.com\/en\/#organization"},"potentialAction":[{"@type":"SearchAction","target":{"@type":"EntryPoint","urlTemplate":"https:\/\/biospringer.com\/en\/?s={search_term_string}"},"query-input":{"@type":"PropertyValueSpecification","valueRequired":true,"valueName":"search_term_string"}}],"inLanguage":"es"},{"@type":"Organization","@id":"https:\/\/biospringer.com\/en\/#organization","name":"Biospringer by Lesaffre","url":"https:\/\/biospringer.com\/en\/","logo":{"@type":"ImageObject","inLanguage":"es","@id":"https:\/\/biospringer.com\/en\/#\/schema\/logo\/image\/","url":"https:\/\/biospringer.com\/wp-content\/uploads\/2019\/06\/logo-Biospringer.png","contentUrl":"https:\/\/biospringer.com\/wp-content\/uploads\/2019\/06\/logo-Biospringer.png","width":400,"height":100,"caption":"Biospringer by Lesaffre"},"image":{"@id":"https:\/\/biospringer.com\/en\/#\/schema\/logo\/image\/"},"sameAs":["https:\/\/fr.linkedin.com\/company\/biospringer","https:\/\/www.youtube.com\/channel\/UCIwlo39VHSwHryOBeg3w-rw"]}]}},"_links":{"self":[{"href":"https:\/\/biospringer.com\/es\/wp-json\/wp\/v2\/pages\/26392","targetHints":{"allow":["GET"]}}],"collection":[{"href":"https:\/\/biospringer.com\/es\/wp-json\/wp\/v2\/pages"}],"about":[{"href":"https:\/\/biospringer.com\/es\/wp-json\/wp\/v2\/types\/page"}],"author":[{"embeddable":true,"href":"https:\/\/biospringer.com\/es\/wp-json\/wp\/v2\/users\/1"}],"replies":[{"embeddable":true,"href":"https:\/\/biospringer.com\/es\/wp-json\/wp\/v2\/comments?post=26392"}],"version-history":[{"count":0,"href":"https:\/\/biospringer.com\/es\/wp-json\/wp\/v2\/pages\/26392\/revisions"}],"wp:attachment":[{"href":"https:\/\/biospringer.com\/es\/wp-json\/wp\/v2\/media?parent=26392"}],"curies":[{"name":"wp","href":"https:\/\/api.w.org\/{rel}","templated":true}]}}