{"id":26388,"date":"2018-06-12T03:45:01","date_gmt":"2018-06-12T07:45:01","guid":{"rendered":"http:\/\/biospringer.kinsta.cloud\/yeast-extract\/benefits-of-yeast-extract\/"},"modified":"2026-02-20T04:02:48","modified_gmt":"2026-02-20T09:02:48","slug":"ventajas-del-extracto-de-levadura","status":"publish","type":"page","link":"https:\/\/biospringer.com\/es\/ventajas-del-extracto-de-levadura\/","title":{"rendered":"Ventajas del extracto de levadura"},"content":{"rendered":"<div class=\"wpb-content-wrapper\"><p>[vc_row css_animation=\u00bb\u00bb row_type=\u00bbrow\u00bb use_row_as_full_screen_section=\u00bbno\u00bb type=\u00bbgrid\u00bb angled_section=\u00bbno\u00bb text_align=\u00bbcenter\u00bb background_image_as_pattern=\u00bbwithout_pattern\u00bb z_index=\u00bb\u00bb][vc_column css=\u00bb.vc_custom_1462809083421{padding-top: 87px !important; padding-bottom: 56px !important;}\u00bb][vc_column_text]<\/p>\n<h2 style=\"text-align: center;\">Mejora del sabor<\/h2>\n<p>[vc_separator type=&#8217;transparent&#8217; position=&#8217;center&#8217; color=\u00bb thickness=\u00bb up=&#8217;15&#8217; down=&#8217;15&#8217;]<\/p>\n<p style=\"text-align: center;\">El aporte principal del extracto de levadura es la mejora del sabor. De hecho, el extracto de levadura brinda notas gustativas muy distintas y numerosas, desde notas vegetales y c\u00e1rnicas, hasta notas tostadas, asadas y muchas m\u00e1s.<\/p>\n<p>&nbsp;<\/p>\n<p style=\"text-align: center;\">Estos diversos perfiles arom\u00e1ticos ofrecen posibilidades infinitas en muchas aplicaciones alimentarias, saladas o dulces. Los consumidores tambi\u00e9nusan el extracto de levadura,sobre todo en Gran Breta\u00f1a y Australia donde se aplica en aderezos o para untar sobre pan tostado.<\/p>\n<p>&nbsp;<\/p>\n<p style=\"text-align: center;\">La levadura esparticularmente rica en prote\u00ednas, amino\u00e1cidos y nucle\u00f3tidos, lo que explica la diversidad de sabores e intensidades del extracto de levadura. Esta diversidad de sabores que propone el extracto de levaduraes una de las razones por las cuales los fabricantes de productos alimentarios valoran este ingrediente en sus aplicaciones de productos y bebidas m\u00e1s sabrosos. Mas precisamente, el extracto de levadura permite:<\/p>\n<p style=\"text-align: center;\">\u2022 Realzar el sabor, proporcionando notas de base para conseguir perfiles gustativos sutiles y ricos, ideales para realzar los sabores y aromas de una receta<\/p>\n<p style=\"text-align: center;\">\u2022 Aportar intensidad, gracias al sabor umami, que aumenta el impacto gustativo y crea un efecto duradero. Tambi\u00e9n se vuelve \u00fatil para otros fines, como la reducci\u00f3n de sal y de grasa o el enmascaramiento de sabores desagradables.<\/p>\n<p style=\"text-align: center;\">\u2022 Crear una nota \u00fanica, proporcionando notas de sabor espec\u00edficas con diversos perfiles arom\u00e1ticos, desde notas de carne o pollo hasta matices de queso.<\/p>\n<p>[\/vc_column_text][\/vc_column][\/vc_row][vc_row css_animation=\u00bbelement_from_left\u00bb row_type=\u00bbrow\u00bb use_row_as_full_screen_section=\u00bbyes\u00bb type=\u00bbgrid\u00bb angled_section=\u00bbno\u00bb text_align=\u00bbleft\u00bb background_image_as_pattern=\u00bbwithout_pattern\u00bb el_class=\u00bbpaddingOn\u00bb z_index=\u00bb\u00bb css=\u00bb.vc_custom_1528787403016{background-color: #e2e2e2 !important;}\u00bb][vc_column][vc_column_text]<\/p>\n<h3 style=\"text-align: center;\">Formulaci\u00f3n m\u00e1s saludable<\/h3>\n<p>[\/vc_column_text][vc_separator type=\u00bbtransparent\u00bb up=\u00bb20&#8243;][vc_column_text]Los consumidores son cada vez m\u00e1s conscientes de la obvia relaci\u00f3n entre salud y alimentaci\u00f3n, y buscan comprar productos nutritivos y equilibrados. En este contexto, las reducciones de sal, az\u00facar y grasa se han convertido en verdaderos retos para los productores alimentarios.[\/vc_column_text][\/vc_column][vc_column width=\u00bb1\/3&#8243; css=\u00bb.vc_custom_1528790115420{padding-top: 15px !important;padding-bottom: 15px !important;}\u00bb][vc_column_text]<\/p>\n<h4 style=\"text-align: center;\">Reducci\u00f3n de sal<\/h4>\n<p>[vc_separator type=&#8217;small&#8217; position=&#8217;center&#8217; color=\u00bb thickness=\u00bb up=&#8217;10&#8217; down=&#8217;10&#8217;]<br \/>\nGracias a su fuerte aroma natural, el extracto de levadura permite a los fabricantes de alimentos reducir el contenido de sodio de hasta un 30%, sin afectar el sabor final del producto. Su fuerte sabor umami tambi\u00e9n intensifica la percepci\u00f3n salada y aporta matices arom\u00e1ticos espec\u00edficos a cada receta, haci\u00e9ndola as\u00ed m\u00e1s sabrosa.Por ende, el perfil gustativo de la receta final es reforzado, y su formulaci\u00f3n usa menos sal. <a href=\"https:\/\/biospringer.com\/es\/nuestras-soluciones-naturales\/#sal\">Aprende m\u00e1s&#8230;<\/a>[\/vc_column_text][\/vc_column][vc_column width=\u00bb1\/3&#8243; css=\u00bb.vc_custom_1528790120324{padding-top: 15px !important;padding-bottom: 15px !important;}\u00bb][vc_column_text]<\/p>\n<h4 style=\"text-align: center;\">Reducci\u00f3n de az\u00facar<\/h4>\n<p>[vc_separator type=&#8217;small&#8217; position=&#8217;center&#8217; color=\u00bb thickness=\u00bb up=&#8217;10&#8217; down=&#8217;10&#8217;]<br \/>\nEl extracto de levadura aporta unefectolargo en boca, e intensifica algunas notas de aromas como los de caramelo, chocolate, vainilla o caf\u00e9, aumentandola percepci\u00f3n de dulce. Tambi\u00e9n permite ocultar sabores desagradables brindados por edulcorantes utilizados en las formulaciones de algunos productos. En fin, el uso de extracto de levadura permite reducir el az\u00facar hasta un 30% sin comprometer la sensaci\u00f3n de dulzura. \u00a0<a href=\"https:\/\/biospringer.com\/es\/nuestras-soluciones-naturales\/#azucar\">Aprende m\u00e1s&#8230;<\/a>[\/vc_column_text][\/vc_column][vc_column width=\u00bb1\/3&#8243; css=\u00bb.vc_custom_1528790125817{padding-top: 15px !important;padding-bottom: 15px !important;}\u00bb][vc_column_text]<\/p>\n<h4 style=\"text-align: center;\">Reducci\u00f3n de grasa<\/h4>\n<p>[vc_separator type=&#8217;small&#8217; position=&#8217;center&#8217; color=\u00bb thickness=\u00bb up=&#8217;10&#8217; down=&#8217;10&#8217;]<br \/>\nLa grasa da sabor, prolonga las percepciones y le da textura a una receta. El alto contenido en p\u00e9ptidos de algunos extractos de levadura tambi\u00e9n aporta sensaciones de suavidad e intensidad, y permite reducir el contenido de grasa hasta un 30%, sin afectar las propiedades organol\u00e9pticas. \u00a0<a href=\"https:\/\/biospringer.com\/es\/nuestras-soluciones-naturales\/#grasa\">Aprende m\u00e1s&#8230;<\/a>[\/vc_column_text][\/vc_column][\/vc_row][vc_row css_animation=\u00bb\u00bb row_type=\u00bbrow\u00bb use_row_as_full_screen_section=\u00bbno\u00bb type=\u00bbgrid\u00bb angled_section=\u00bbno\u00bb text_align=\u00bbcenter\u00bb background_image_as_pattern=\u00bbwithout_pattern\u00bb z_index=\u00bb\u00bb el_class=\u00bbpaddingOn\u00bb][vc_column width=\u00bb1\/3&#8243;][vc_column_text]<\/p>\n<h4 style=\"text-align: center;\">Etiqueta limpia<\/h4>\n<p>[vc_separator type=&#8217;small&#8217; position=&#8217;center&#8217; color=\u00bb thickness=\u00bb up=&#8217;5&#8242; down=&#8217;5&#8242;]<br \/>\nAl igual que las hierbas y especias, el extracto de levadura es un ingrediente aromatizante natural. El extracto de levadura viene de la levadura fresca (de panader\u00eda o de cerveza), que se usa desde hace siglos para elaborar pan, cerveza o vino. La intensidad y las propiedades gustativas del extracto de levadura permiten utilizarlo enbaja dosis, es decir menos de un 1% en una receta. El extracto de levadura no es un aditivo y puede etiquetarse como \u00abextracto de levadura\u00bb o \u00absabor natural\u00bb en Europa (regulation 1334\/2008\/EC). <a href=\"https:\/\/biospringer.com\/es\/nuestras-soluciones-naturales\/#limpia\"><strong>Aprende m\u00e1s&#8230;<\/strong><\/a>[\/vc_column_text][\/vc_column][vc_column width=\u00bb1\/3&#8243;][vc_column_text]<\/p>\n<h4 style=\"text-align: center;\">Ingrediente no procedente de animales<\/h4>\n<p>[vc_separator type=&#8217;small&#8217; position=&#8217;center&#8217; color=\u00bb thickness=\u00bb up=&#8217;5&#8242; down=&#8217;5&#8242;]<br \/>\nEl extracto de levadura es un ingrediente que no procede de animales, lo que resulta \u00fatil para la formulaci\u00f3n de productos veganos y vegetarianos. El extracto de levadura sirve para reforzar la base arom\u00e1tica de una receta, as\u00ed como para aportarle una nota de sabor \u00fanica o varias notas espec\u00edficas. \u00a0<a href=\"https:\/\/biospringer.com\/es\/nuestras-soluciones-naturales\/#veganas\"><strong>Aprende m\u00e1s&#8230;<\/strong><\/a>[\/vc_column_text][\/vc_column][vc_column width=\u00bb1\/3&#8243;][vc_column_text]<\/p>\n<h4 style=\"text-align: center;\">Extracto de levadura y gluten<\/h4>\n<p>[vc_separator type=&#8217;small&#8217; position=&#8217;center&#8217; color=\u00bb thickness=\u00bb up=&#8217;5&#8242; down=&#8217;5&#8242;]<br \/>\nBiospringer produce 2 tipos de extracto de levadura, el de panader\u00eda y el de cerveza. El primero no suele contener gluten, ya que no usamos derivados del gluten durante el proceso de fabricaci\u00f3n. Sin embargo, el secundo proviene de la cerveza, que puede contener gluten residual, ya que usa cereales como la cebada en el proceso de fabricaci\u00f3n. En cualquier caso, la declaraci\u00f3n de gluten y la condici\u00f3n \u00absin gluten\u00bb dependen de la normativa local, que hay que consultar.[\/vc_column_text][\/vc_column][\/vc_row][vc_row css_animation=\u00bb\u00bb row_type=\u00bbrow\u00bb use_row_as_full_screen_section=\u00bbno\u00bb type=\u00bbfull_width\u00bb angled_section=\u00bbno\u00bb text_align=\u00bbleft\u00bb background_image_as_pattern=\u00bbwithout_pattern\u00bb z_index=\u00bb\u00bb][vc_column][vc_row_inner row_type=\u00bbrow\u00bb type=\u00bbgrid\u00bb text_align=\u00bbcenter\u00bb css_animation=\u00bbelement_from_fade\u00bb][vc_column_inner][vc_column_text]<\/p>\n<h4 style=\"text-align: center;\">\u00bfQuieres saber m\u00e1s sobre nuestra experiencia en extracto de levadura?<\/h4>\n<p>[\/vc_column_text][vc_separator type=\u00bbtransparent\u00bb up=\u00bb10&#8243; down=\u00bb10&#8243;][vc_raw_html css=\u00bb\u00bb]JTNDZGl2JTIwY2xhc3MlM0QlMjJsb3ZlcnMtYnRuLXdyYXAlMjIlM0UlMEElMjAlMjAlM0NhJTIwaHJlZiUzRCUyMiUyRmVzJTJGY29udGFjdG8lMkYlMjIlMjBjbGFzcyUzRCUyMmxvdmVycy1idG4lMjIlM0UlMEElMjAlMjAlMjAlMjBDb250JUMzJUExY3Rhbm9zJTBBJTIwJTIwJTNDJTJGYSUzRSUwQSUzQyUyRmRpdiUzRQ==[\/vc_raw_html][\/vc_column_inner][\/vc_row_inner][\/vc_column][\/vc_row]<\/p>\n<\/div>","protected":false},"excerpt":{"rendered":"<p>[vc_row css_animation=\u00bb\u00bb row_type=\u00bbrow\u00bb use_row_as_full_screen_section=\u00bbno\u00bb type=\u00bbgrid\u00bb angled_section=\u00bbno\u00bb text_align=\u00bbcenter\u00bb background_image_as_pattern=\u00bbwithout_pattern\u00bb z_index=\u00bb\u00bb][vc_column css=\u00bb.vc_custom_1462809083421{padding-top: 87px !important; padding-bottom: 56px !important;}\u00bb][vc_column_text] Mejora del sabor [vc_separator type=&#8217;transparent&#8217; position=&#8217;center&#8217; color=\u00bb thickness=\u00bb up=&#8217;15&#8217; down=&#8217;15&#8217;] El aporte principal del extracto de levadura es la mejora del sabor. De hecho, el extracto de levadura brinda notas&#8230;<\/p>\n","protected":false},"author":1,"featured_media":0,"parent":0,"menu_order":0,"comment_status":"closed","ping_status":"closed","template":"full_width.php","meta":{"_acf_changed":false,"rs_blank_template":"","rs_page_bg_color":"","slide_template_v7":"","inline_featured_image":false,"footnotes":""},"class_list":["post-26388","page","type-page","status-publish","hentry"],"acf":[],"yoast_head":"<!-- This site is optimized with the Yoast SEO Premium plugin v26.1 (Yoast SEO v27.4) - https:\/\/yoast.com\/product\/yoast-seo-premium-wordpress\/ -->\n<title>Ventajas del extracto de levadura | Biospringer<\/title>\n<meta name=\"description\" content=\"El aporte principal del extracto de levadura es la mejora del sabor. De hecho, el extracto de levadura brinda notas gustativas muy distintas y numerosas, desde notas vegetales y c\u00e1rnicas, hasta notas tostadas, asadas y muchas m\u00e1s.\" \/>\n<meta name=\"robots\" content=\"index, follow, max-snippet:-1, max-image-preview:large, max-video-preview:-1\" \/>\n<link rel=\"canonical\" href=\"https:\/\/biospringer.com\/es\/ventajas-del-extracto-de-levadura\/\" \/>\n<meta property=\"og:locale\" content=\"es_ES\" \/>\n<meta property=\"og:type\" content=\"article\" \/>\n<meta property=\"og:title\" content=\"Ventajas del extracto de levadura\" \/>\n<meta property=\"og:description\" content=\"El aporte principal del extracto de levadura es la mejora del sabor. De hecho, el extracto de levadura brinda notas gustativas muy distintas y numerosas, desde notas vegetales y c\u00e1rnicas, hasta notas tostadas, asadas y muchas m\u00e1s.\" \/>\n<meta property=\"og:url\" content=\"https:\/\/biospringer.com\/es\/ventajas-del-extracto-de-levadura\/\" \/>\n<meta property=\"og:site_name\" content=\"Biospringer\" \/>\n<meta property=\"article:modified_time\" content=\"2026-02-20T09:02:48+00:00\" \/>\n<meta name=\"twitter:card\" content=\"summary_large_image\" \/>\n<meta name=\"twitter:label1\" content=\"Tiempo de lectura\" \/>\n\t<meta name=\"twitter:data1\" content=\"4 minutos\" \/>\n<script type=\"application\/ld+json\" class=\"yoast-schema-graph\">{\"@context\":\"https:\\\/\\\/schema.org\",\"@graph\":[{\"@type\":\"WebPage\",\"@id\":\"https:\\\/\\\/biospringer.com\\\/es\\\/ventajas-del-extracto-de-levadura\\\/\",\"url\":\"https:\\\/\\\/biospringer.com\\\/es\\\/ventajas-del-extracto-de-levadura\\\/\",\"name\":\"Ventajas del extracto de levadura | Biospringer\",\"isPartOf\":{\"@id\":\"https:\\\/\\\/biospringer.com\\\/en\\\/#website\"},\"datePublished\":\"2018-06-12T07:45:01+00:00\",\"dateModified\":\"2026-02-20T09:02:48+00:00\",\"description\":\"El aporte principal del extracto de levadura es la mejora del sabor. De hecho, el extracto de levadura brinda notas gustativas muy distintas y numerosas, desde notas vegetales y c\u00e1rnicas, hasta notas tostadas, asadas y muchas m\u00e1s.\",\"breadcrumb\":{\"@id\":\"https:\\\/\\\/biospringer.com\\\/es\\\/ventajas-del-extracto-de-levadura\\\/#breadcrumb\"},\"inLanguage\":\"es\",\"potentialAction\":[{\"@type\":\"ReadAction\",\"target\":[\"https:\\\/\\\/biospringer.com\\\/es\\\/ventajas-del-extracto-de-levadura\\\/\"]}]},{\"@type\":\"BreadcrumbList\",\"@id\":\"https:\\\/\\\/biospringer.com\\\/es\\\/ventajas-del-extracto-de-levadura\\\/#breadcrumb\",\"itemListElement\":[{\"@type\":\"ListItem\",\"position\":1,\"name\":\"Accueil\",\"item\":\"https:\\\/\\\/biospringer.com\\\/es\\\/\"},{\"@type\":\"ListItem\",\"position\":2,\"name\":\"Ventajas del extracto de levadura\"}]},{\"@type\":\"WebSite\",\"@id\":\"https:\\\/\\\/biospringer.com\\\/en\\\/#website\",\"url\":\"https:\\\/\\\/biospringer.com\\\/en\\\/\",\"name\":\"Biospringer\",\"description\":\"Global yeast extract producer\",\"publisher\":{\"@id\":\"https:\\\/\\\/biospringer.com\\\/en\\\/#organization\"},\"potentialAction\":[{\"@type\":\"SearchAction\",\"target\":{\"@type\":\"EntryPoint\",\"urlTemplate\":\"https:\\\/\\\/biospringer.com\\\/en\\\/?s={search_term_string}\"},\"query-input\":{\"@type\":\"PropertyValueSpecification\",\"valueRequired\":true,\"valueName\":\"search_term_string\"}}],\"inLanguage\":\"es\"},{\"@type\":\"Organization\",\"@id\":\"https:\\\/\\\/biospringer.com\\\/en\\\/#organization\",\"name\":\"Biospringer by Lesaffre\",\"url\":\"https:\\\/\\\/biospringer.com\\\/en\\\/\",\"logo\":{\"@type\":\"ImageObject\",\"inLanguage\":\"es\",\"@id\":\"https:\\\/\\\/biospringer.com\\\/en\\\/#\\\/schema\\\/logo\\\/image\\\/\",\"url\":\"https:\\\/\\\/biospringer.com\\\/wp-content\\\/uploads\\\/2019\\\/06\\\/logo-Biospringer.png\",\"contentUrl\":\"https:\\\/\\\/biospringer.com\\\/wp-content\\\/uploads\\\/2019\\\/06\\\/logo-Biospringer.png\",\"width\":400,\"height\":100,\"caption\":\"Biospringer by Lesaffre\"},\"image\":{\"@id\":\"https:\\\/\\\/biospringer.com\\\/en\\\/#\\\/schema\\\/logo\\\/image\\\/\"},\"sameAs\":[\"https:\\\/\\\/fr.linkedin.com\\\/company\\\/biospringer\",\"https:\\\/\\\/www.youtube.com\\\/channel\\\/UCIwlo39VHSwHryOBeg3w-rw\"]}]}<\/script>\n<!-- \/ Yoast SEO Premium plugin. -->","yoast_head_json":{"title":"Ventajas del extracto de levadura | Biospringer","description":"El aporte principal del extracto de levadura es la mejora del sabor. De hecho, el extracto de levadura brinda notas gustativas muy distintas y numerosas, desde notas vegetales y c\u00e1rnicas, hasta notas tostadas, asadas y muchas m\u00e1s.","robots":{"index":"index","follow":"follow","max-snippet":"max-snippet:-1","max-image-preview":"max-image-preview:large","max-video-preview":"max-video-preview:-1"},"canonical":"https:\/\/biospringer.com\/es\/ventajas-del-extracto-de-levadura\/","og_locale":"es_ES","og_type":"article","og_title":"Ventajas del extracto de levadura","og_description":"El aporte principal del extracto de levadura es la mejora del sabor. De hecho, el extracto de levadura brinda notas gustativas muy distintas y numerosas, desde notas vegetales y c\u00e1rnicas, hasta notas tostadas, asadas y muchas m\u00e1s.","og_url":"https:\/\/biospringer.com\/es\/ventajas-del-extracto-de-levadura\/","og_site_name":"Biospringer","article_modified_time":"2026-02-20T09:02:48+00:00","twitter_card":"summary_large_image","twitter_misc":{"Tiempo de lectura":"4 minutos"},"schema":{"@context":"https:\/\/schema.org","@graph":[{"@type":"WebPage","@id":"https:\/\/biospringer.com\/es\/ventajas-del-extracto-de-levadura\/","url":"https:\/\/biospringer.com\/es\/ventajas-del-extracto-de-levadura\/","name":"Ventajas del extracto de levadura | Biospringer","isPartOf":{"@id":"https:\/\/biospringer.com\/en\/#website"},"datePublished":"2018-06-12T07:45:01+00:00","dateModified":"2026-02-20T09:02:48+00:00","description":"El aporte principal del extracto de levadura es la mejora del sabor. De hecho, el extracto de levadura brinda notas gustativas muy distintas y numerosas, desde notas vegetales y c\u00e1rnicas, hasta notas tostadas, asadas y muchas m\u00e1s.","breadcrumb":{"@id":"https:\/\/biospringer.com\/es\/ventajas-del-extracto-de-levadura\/#breadcrumb"},"inLanguage":"es","potentialAction":[{"@type":"ReadAction","target":["https:\/\/biospringer.com\/es\/ventajas-del-extracto-de-levadura\/"]}]},{"@type":"BreadcrumbList","@id":"https:\/\/biospringer.com\/es\/ventajas-del-extracto-de-levadura\/#breadcrumb","itemListElement":[{"@type":"ListItem","position":1,"name":"Accueil","item":"https:\/\/biospringer.com\/es\/"},{"@type":"ListItem","position":2,"name":"Ventajas del extracto de levadura"}]},{"@type":"WebSite","@id":"https:\/\/biospringer.com\/en\/#website","url":"https:\/\/biospringer.com\/en\/","name":"Biospringer","description":"Global yeast extract producer","publisher":{"@id":"https:\/\/biospringer.com\/en\/#organization"},"potentialAction":[{"@type":"SearchAction","target":{"@type":"EntryPoint","urlTemplate":"https:\/\/biospringer.com\/en\/?s={search_term_string}"},"query-input":{"@type":"PropertyValueSpecification","valueRequired":true,"valueName":"search_term_string"}}],"inLanguage":"es"},{"@type":"Organization","@id":"https:\/\/biospringer.com\/en\/#organization","name":"Biospringer by Lesaffre","url":"https:\/\/biospringer.com\/en\/","logo":{"@type":"ImageObject","inLanguage":"es","@id":"https:\/\/biospringer.com\/en\/#\/schema\/logo\/image\/","url":"https:\/\/biospringer.com\/wp-content\/uploads\/2019\/06\/logo-Biospringer.png","contentUrl":"https:\/\/biospringer.com\/wp-content\/uploads\/2019\/06\/logo-Biospringer.png","width":400,"height":100,"caption":"Biospringer by Lesaffre"},"image":{"@id":"https:\/\/biospringer.com\/en\/#\/schema\/logo\/image\/"},"sameAs":["https:\/\/fr.linkedin.com\/company\/biospringer","https:\/\/www.youtube.com\/channel\/UCIwlo39VHSwHryOBeg3w-rw"]}]}},"_links":{"self":[{"href":"https:\/\/biospringer.com\/es\/wp-json\/wp\/v2\/pages\/26388","targetHints":{"allow":["GET"]}}],"collection":[{"href":"https:\/\/biospringer.com\/es\/wp-json\/wp\/v2\/pages"}],"about":[{"href":"https:\/\/biospringer.com\/es\/wp-json\/wp\/v2\/types\/page"}],"author":[{"embeddable":true,"href":"https:\/\/biospringer.com\/es\/wp-json\/wp\/v2\/users\/1"}],"replies":[{"embeddable":true,"href":"https:\/\/biospringer.com\/es\/wp-json\/wp\/v2\/comments?post=26388"}],"version-history":[{"count":0,"href":"https:\/\/biospringer.com\/es\/wp-json\/wp\/v2\/pages\/26388\/revisions"}],"wp:attachment":[{"href":"https:\/\/biospringer.com\/es\/wp-json\/wp\/v2\/media?parent=26388"}],"curies":[{"name":"wp","href":"https:\/\/api.w.org\/{rel}","templated":true}]}}